{"id":18234,"date":"2022-05-25T18:05:39","date_gmt":"2022-05-25T16:05:39","guid":{"rendered":"https:\/\/www.v-label.com\/worlds-leading-vegan-vegetarian-trademark\/"},"modified":"2024-07-09T15:13:03","modified_gmt":"2024-07-09T13:13:03","slug":"worlds-leading-vegan-vegetarian-trademark","status":"publish","type":"page","link":"https:\/\/www.v-label.com\/cl\/","title":{"rendered":"Home Page"},"content":{"rendered":"\n<div style=\"height:1px\" aria-hidden=\"true\" class=\"wp-block-spacer\"><\/div>\n\n\n\n<h2 class=\"wp-block-heading has-text-align-center has-large-font-size\" style=\"font-style:normal;font-weight:700;text-transform:uppercase\"><strong>L\u00edder mundial como distintivo vegano y vegetariano<\/strong><\/h2>\n\n\n\n<div class=\"wp-block-media-text alignwide has-media-on-the-right is-stacked-on-mobile is-vertically-aligned-top is-image-fill\"><div class=\"wp-block-media-text__content\">\n<div style=\"height:10px\" aria-hidden=\"true\" class=\"wp-block-spacer\"><\/div>\n\n\n\n<p>En todo el mundo, m\u00e1s de <strong>70.000 productos<\/strong> de m\u00e1s de <strong>4.800 empresas<\/strong> llevan ya la V-Label.<\/p>\n\n\n\n<p>V-Label es un sello registrado reconocido internacionalmente para etiquetar los productos y servicios veganos y vegetarianos establecido en Suiza en 1996. Es una fiable gu\u00eda de compras ideal para los consumidores.<\/p>\n\n\n\n<div class=\"wp-block-buttons is-layout-flex wp-block-buttons-is-layout-flex\">\n<div class=\"wp-block-button\"><a class=\"wp-block-button__link has-greendark-background-color has-background wp-element-button\" href=\"https:\/\/www.v-label.com\/arg\/get-certified\/\">Certifique con V-Label<\/a><\/div>\n<\/div>\n<\/div><figure class=\"wp-block-media-text__media\" style=\"background-image:url(https:\/\/www.v-label.com\/wp-content\/uploads\/2022\/12\/v-label-new-home-page-2-1024x732.jpg);background-position:50% 50%\"><img decoding=\"async\" width=\"1024\" height=\"732\" src=\"https:\/\/www.v-label.com\/wp-content\/uploads\/2022\/12\/v-label-new-home-page-2-1024x732.jpg\" alt=\"\" class=\"wp-image-40341 size-full\" srcset=\"https:\/\/www.v-label.com\/wp-content\/uploads\/2022\/12\/v-label-new-home-page-2-1024x732.jpg 1024w, https:\/\/www.v-label.com\/wp-content\/uploads\/2022\/12\/v-label-new-home-page-2-300x214.jpg 300w, https:\/\/www.v-label.com\/wp-content\/uploads\/2022\/12\/v-label-new-home-page-2-500x357.jpg 500w, https:\/\/www.v-label.com\/wp-content\/uploads\/2022\/12\/v-label-new-home-page-2-768x549.jpg 768w, https:\/\/www.v-label.com\/wp-content\/uploads\/2022\/12\/v-label-new-home-page-2-1536x1098.jpg 1536w, https:\/\/www.v-label.com\/wp-content\/uploads\/2022\/12\/v-label-new-home-page-2.jpg 1920w\" sizes=\"(max-width: 1024px) 100vw, 1024px\" \/><\/figure><\/div>\n\n\n\n<div style=\"height:70px\" aria-hidden=\"true\" class=\"wp-block-spacer\"><\/div>\n\n\n\n<div class=\"wp-block-media-text alignwide is-stacked-on-mobile is-image-fill\"><figure class=\"wp-block-media-text__media\" style=\"background-image:url(https:\/\/www.v-label.com\/wp-content\/uploads\/2022\/09\/home-producers-and-consumers-trust-1024x683.jpeg);background-position:50% 50%\"><img decoding=\"async\" width=\"1024\" height=\"683\" src=\"https:\/\/www.v-label.com\/wp-content\/uploads\/2022\/09\/home-producers-and-consumers-trust-1024x683.jpeg\" alt=\"\" class=\"wp-image-710 size-full\" srcset=\"https:\/\/www.v-label.com\/wp-content\/uploads\/2022\/09\/home-producers-and-consumers-trust-1024x683.jpeg 1024w, https:\/\/www.v-label.com\/wp-content\/uploads\/2022\/09\/home-producers-and-consumers-trust-300x200.jpeg 300w, https:\/\/www.v-label.com\/wp-content\/uploads\/2022\/09\/home-producers-and-consumers-trust-500x334.jpeg 500w, https:\/\/www.v-label.com\/wp-content\/uploads\/2022\/09\/home-producers-and-consumers-trust-768x512.jpeg 768w, https:\/\/www.v-label.com\/wp-content\/uploads\/2022\/09\/home-producers-and-consumers-trust-1536x1025.jpeg 1536w, https:\/\/www.v-label.com\/wp-content\/uploads\/2022\/09\/home-producers-and-consumers-trust.jpeg 1920w\" sizes=\"(max-width: 1024px) 100vw, 1024px\" \/><\/figure><div class=\"wp-block-media-text__content\">\n<h2 class=\"wp-block-heading has-text-align-left\">Productores y consumidores conf\u00edan en V-Label<\/h2>\n\n\n\n<p class=\"has-text-align-left\">Con m\u00e1s de <strong>25 a\u00f1os de experiencia<\/strong> etiquetando productos y trabajando con expertos en gesti\u00f3n de calidad, tecnolog\u00eda de alimentos, qu\u00edmica, cosmetolog\u00eda y marketing, somos l\u00edderes de un movimiento global. Como tales, cooperamos con empresas, minoristas, consumidores y activistas. <\/p>\n\n\n\n<div class=\"wp-block-buttons is-content-justification-left is-layout-flex wp-container-core-buttons-is-layout-fdcfc74e wp-block-buttons-is-layout-flex\">\n<div class=\"wp-block-button is-style-default\"><a class=\"wp-block-button__link has-greendark-background-color has-background wp-element-button\" href=\"https:\/\/www.v-label.com\/cl\/about-us\/\">Descubra m\u00e1s sobre V-Label<\/a><\/div>\n<\/div>\n<\/div><\/div>\n\n\n\n<div style=\"height:70px\" aria-hidden=\"true\" class=\"wp-block-spacer\"><\/div>\n\n\n\n<div class=\"wp-block-media-text alignwide has-media-on-the-right is-stacked-on-mobile is-image-fill\"><div class=\"wp-block-media-text__content\">\n<div style=\"height:30px\" aria-hidden=\"true\" class=\"wp-block-spacer\"><\/div>\n\n\n\n<h2 class=\"wp-block-heading has-text-align-left\">Comunidad global, apoyo local<\/h2>\n\n\n\n<p class=\"has-text-align-left\">Tenemos organizaciones asociadas en m\u00e1s de <strong>50 pa\u00edses<\/strong> que hablan m\u00e1s de <strong>30 idiomas<\/strong>, otorg\u00e1ndonos una posici\u00f3n excepcional para <strong>apoyar sus productos<\/strong> tanto local como internacionalmente.<\/p>\n\n\n\n<div class=\"wp-block-buttons is-content-justification-left is-layout-flex wp-container-core-buttons-is-layout-fdcfc74e wp-block-buttons-is-layout-flex\">\n<div class=\"wp-block-button is-style-default\"><a class=\"wp-block-button__link has-greendark-background-color has-background wp-element-button\" href=\"https:\/\/www.v-label.com\/cl\/info-for-producers\/benefits\/\">Descubra m\u00e1s beneficios<\/a><\/div>\n<\/div>\n\n\n\n<div style=\"height:30px\" aria-hidden=\"true\" class=\"wp-block-spacer\"><\/div>\n<\/div><figure class=\"wp-block-media-text__media\" style=\"background-image:url(https:\/\/www.v-label.com\/wp-content\/uploads\/2022\/12\/v-label-global-community-local-support.jpg);background-position:50% 50%\"><img decoding=\"async\" width=\"1280\" height=\"837\" src=\"https:\/\/www.v-label.com\/wp-content\/uploads\/2022\/12\/v-label-global-community-local-support.jpg\" alt=\"\" class=\"wp-image-16861 size-full\" srcset=\"https:\/\/www.v-label.com\/wp-content\/uploads\/2022\/12\/v-label-global-community-local-support.jpg 1280w, https:\/\/www.v-label.com\/wp-content\/uploads\/2022\/12\/v-label-global-community-local-support-300x196.jpg 300w, https:\/\/www.v-label.com\/wp-content\/uploads\/2022\/12\/v-label-global-community-local-support-1024x670.jpg 1024w, https:\/\/www.v-label.com\/wp-content\/uploads\/2022\/12\/v-label-global-community-local-support-500x327.jpg 500w, https:\/\/www.v-label.com\/wp-content\/uploads\/2022\/12\/v-label-global-community-local-support-768x502.jpg 768w\" sizes=\"(max-width: 1280px) 100vw, 1280px\" \/><\/figure><\/div>\n\n\n\n<h2 class=\"wp-block-heading has-text-align-center\">\u00bfListo para unirse?<\/h2>\n\n\n\n<p class=\"has-text-align-center\">\u00bfA\u00fan se lo est\u00e1 <strong>pensando<\/strong>? Si es usted un productor, aqu\u00ed puede encontrar <a href=\"https:\/\/www.v-label.com\/wp-content\/uploads\/2024\/12\/int-v-label-criteria-v0202-es.pdf\" data-type=\"URL\" data-id=\"https:\/\/www.v-label.com\/wp-content\/uploads\/2024\/12\/int-v-label-criteria-v0202-es.pdf\">detalles sobre los criterios y el proceso de certificaci\u00f3n.<\/a>  \u00bfEs usted un <strong>consumidor<\/strong>? Vea una selecci\u00f3n de <a href=\"https:\/\/www.v-label.com\/arg\/general-information\/certified-products\/\" data-type=\"URL\" data-id=\"https:\/\/www.v-label.com\/arg\/general-information\/certified-products\/\">productos vegetarianos y veganos que hemos certificado.<\/a> <\/p>\n","protected":false},"excerpt":{"rendered":"<p>En todo el mundo, m\u00e1s de 70.000 productos de m\u00e1s de 4.800 empresas llevan ya la V-Label. <\/p>\n<p>V-Label es un sello registrado reconocido internacionalmente para etiquetar los productos y servicios veganos y vegetarianos establecido en Suiza en 1996. Es una fiable gu\u00eda de compras ideal para los consumidores. <\/p>\n","protected":false},"author":5,"featured_media":40402,"parent":0,"menu_order":0,"comment_status":"closed","ping_status":"closed","template":"","meta":{"_acf_changed":false,"_editorskit_title_hidden":false,"_editorskit_reading_time":0,"_editorskit_is_block_options_detached":false,"_editorskit_block_options_position":"{}","inline_featured_image":false,"_uag_custom_page_level_css":"","footnotes":""},"categories":[],"tags":[],"class_list":["post-18234","page","type-page","status-publish","has-post-thumbnail","hentry"],"acf":[],"uagb_featured_image_src":{"full":["https:\/\/www.v-label.com\/wp-content\/uploads\/2022\/12\/header-test.jpg",2000,1000,false],"thumbnail":["https:\/\/www.v-label.com\/wp-content\/uploads\/2022\/12\/header-test-500x250.jpg",500,250,true],"medium":["https:\/\/www.v-label.com\/wp-content\/uploads\/2022\/12\/header-test-300x150.jpg",300,150,true],"medium_large":["https:\/\/www.v-label.com\/wp-content\/uploads\/2022\/12\/header-test-768x384.jpg",768,384,true],"large":["https:\/\/www.v-label.com\/wp-content\/uploads\/2022\/12\/header-test-1024x512.jpg",1024,512,true],"1536x1536":["https:\/\/www.v-label.com\/wp-content\/uploads\/2022\/12\/header-test-1536x768.jpg",1536,768,true],"2048x2048":["https:\/\/www.v-label.com\/wp-content\/uploads\/2022\/12\/header-test.jpg",2000,1000,false],"preview":["https:\/\/www.v-label.com\/wp-content\/uploads\/2022\/12\/header-test-904x720.jpg",904,720,true],"header":["https:\/\/www.v-label.com\/wp-content\/uploads\/2022\/12\/header-test-2000x720.jpg",2000,720,true],"gform-image-choice-sm":["https:\/\/www.v-label.com\/wp-content\/uploads\/2022\/12\/header-test.jpg",300,150,false],"gform-image-choice-md":["https:\/\/www.v-label.com\/wp-content\/uploads\/2022\/12\/header-test.jpg",400,200,false],"gform-image-choice-lg":["https:\/\/www.v-label.com\/wp-content\/uploads\/2022\/12\/header-test.jpg",600,300,false]},"uagb_author_info":{"display_name":"Can Aslan","author_link":"https:\/\/www.v-label.com\/cl"},"uagb_comment_info":0,"uagb_excerpt":"En todo el mundo, m\u00e1s de 70.000 productos de m\u00e1s de 4.800 empresas llevan ya la V-Label. V-Label es un sello registrado reconocido internacionalmente para etiquetar los productos y servicios veganos y vegetarianos establecido en Suiza en 1996. Es una fiable gu\u00eda de compras ideal para los consumidores.","_links":{"self":[{"href":"https:\/\/www.v-label.com\/cl\/wp-json\/wp\/v2\/pages\/18234","targetHints":{"allow":["GET"]}}],"collection":[{"href":"https:\/\/www.v-label.com\/cl\/wp-json\/wp\/v2\/pages"}],"about":[{"href":"https:\/\/www.v-label.com\/cl\/wp-json\/wp\/v2\/types\/page"}],"author":[{"embeddable":true,"href":"https:\/\/www.v-label.com\/cl\/wp-json\/wp\/v2\/users\/5"}],"replies":[{"embeddable":true,"href":"https:\/\/www.v-label.com\/cl\/wp-json\/wp\/v2\/comments?post=18234"}],"version-history":[{"count":9,"href":"https:\/\/www.v-label.com\/cl\/wp-json\/wp\/v2\/pages\/18234\/revisions"}],"predecessor-version":[{"id":83886,"href":"https:\/\/www.v-label.com\/cl\/wp-json\/wp\/v2\/pages\/18234\/revisions\/83886"}],"wp:featuredmedia":[{"embeddable":true,"href":"https:\/\/www.v-label.com\/cl\/wp-json\/wp\/v2\/media\/40402"}],"wp:attachment":[{"href":"https:\/\/www.v-label.com\/cl\/wp-json\/wp\/v2\/media?parent=18234"}],"wp:term":[{"taxonomy":"category","embeddable":true,"href":"https:\/\/www.v-label.com\/cl\/wp-json\/wp\/v2\/categories?post=18234"},{"taxonomy":"post_tag","embeddable":true,"href":"https:\/\/www.v-label.com\/cl\/wp-json\/wp\/v2\/tags?post=18234"}],"curies":[{"name":"wp","href":"https:\/\/api.w.org\/{rel}","templated":true}]}}