{"id":18607,"date":"2022-05-30T16:15:52","date_gmt":"2022-05-30T14:15:52","guid":{"rendered":"https:\/\/www.v-label.com\/branches\/non-food\/"},"modified":"2022-12-25T10:17:23","modified_gmt":"2022-12-25T09:17:23","slug":"non-food","status":"publish","type":"page","link":"https:\/\/www.v-label.com\/cl\/informacion-general\/non-food\/","title":{"rendered":"No Alimentos"},"content":{"rendered":"\n<p>Una industria en auge durante los pr\u00f3ximos a\u00f1os, la moda vegana y libre de crueldad ya se considera genial y lujosa. El mercado mundial de la moda femenina vegana se valor\u00f3 en 396.300 millones de d\u00f3lares en 2019 y se espera que crezca a un ritmo del 13,6% hacia 2027, seg\u00fan Statista.com. El mercado del cuero vegano es la fuerza impulsora de la industria, principalmente debido a los avances tecnol\u00f3gicos que perfeccionan los nuevos materiales y aumentan la vida \u00fatil del cuero vegano. En lugar de cuero a base de pl\u00e1stico, estamos viendo cada vez m\u00e1s tejidos naturales m\u00e1s sostenibles de fuentes tan diversas como hojas de pi\u00f1a, levadura fermentada, subproductos de la industria del vino y setas. Tambi\u00e9n se est\u00e1n desarrollando alternativas a la lana y la seda, hechas de fibras de celulosa, as\u00ed como varios materiales reciclados que se actualizan en ropa deportiva vegana cada vez m\u00e1s popular.<\/p>\n\n\n\n<p>Por \u00faltimo, pero no menos importante, no se trata solo de ropa, bolsos y zapatos. Otras industrias no alimentarias tambi\u00e9n se ven desafiadas e inspiradas para crear productos veganos y libres de crueldad (libros, joyas o velas). Ser etiquetado como vegano y vegetariano se considera un reclamo comercial adicional y un factor diferenciador. Tambi\u00e9n ayuda a los consumidores a evitar lo superfluo y encontrar ropa segura y sostenible en sitios de comercio electr\u00f3nico o en tiendas minoristas.<\/p>\n\n\n\n<div class=\"wp-block-buttons is-content-justification-center is-layout-flex wp-container-core-buttons-is-layout-16018d1d wp-block-buttons-is-layout-flex\">\n<div class=\"wp-block-button\"><a class=\"wp-block-button__link wp-element-button\" href=\"https:\/\/www.v-label.com\/cl\/for-business\/get-certified\/\">Obtenga su certificaci\u00f3n V-Label<\/a><\/div>\n<\/div>\n","protected":false},"excerpt":{"rendered":"<p>Una industria en auge durante los pr\u00f3ximos a\u00f1os, la moda vegana y libre de crueldad ya se considera genial y lujosa. El mercado mundial de la moda femenina vegana se valor\u00f3 en 396.300 millones de d\u00f3lares en 2019 y se espera que crezca a un ritmo del 13,6% hacia 2027, seg\u00fan Statista.com. El mercado del [&hellip;]<\/p>\n","protected":false},"author":5,"featured_media":18609,"parent":18508,"menu_order":0,"comment_status":"closed","ping_status":"closed","template":"","meta":{"_acf_changed":false,"_editorskit_title_hidden":false,"_editorskit_reading_time":0,"_editorskit_is_block_options_detached":false,"_editorskit_block_options_position":"{}","inline_featured_image":false,"_uag_custom_page_level_css":"","footnotes":""},"categories":[],"tags":[],"class_list":["post-18607","page","type-page","status-publish","has-post-thumbnail","hentry"],"acf":[],"uagb_featured_image_src":{"full":["https:\/\/www.v-label.com\/wp-content\/uploads\/2022\/12\/v-label-non-food-sectors.jpg",1280,692,false],"thumbnail":["https:\/\/www.v-label.com\/wp-content\/uploads\/2022\/12\/v-label-non-food-sectors-500x270.jpg",500,270,true],"medium":["https:\/\/www.v-label.com\/wp-content\/uploads\/2022\/12\/v-label-non-food-sectors-300x162.jpg",300,162,true],"medium_large":["https:\/\/www.v-label.com\/wp-content\/uploads\/2022\/12\/v-label-non-food-sectors-768x415.jpg",768,415,true],"large":["https:\/\/www.v-label.com\/wp-content\/uploads\/2022\/12\/v-label-non-food-sectors-1024x554.jpg",1024,554,true],"1536x1536":["https:\/\/www.v-label.com\/wp-content\/uploads\/2022\/12\/v-label-non-food-sectors.jpg",1280,692,false],"2048x2048":["https:\/\/www.v-label.com\/wp-content\/uploads\/2022\/12\/v-label-non-food-sectors.jpg",1280,692,false],"preview":["https:\/\/www.v-label.com\/wp-content\/uploads\/2022\/12\/v-label-non-food-sectors-904x692.jpg",904,692,true],"header":["https:\/\/www.v-label.com\/wp-content\/uploads\/2022\/12\/v-label-non-food-sectors.jpg",1280,692,false],"gform-image-choice-sm":["https:\/\/www.v-label.com\/wp-content\/uploads\/2022\/12\/v-label-non-food-sectors.jpg",300,162,false],"gform-image-choice-md":["https:\/\/www.v-label.com\/wp-content\/uploads\/2022\/12\/v-label-non-food-sectors.jpg",400,216,false],"gform-image-choice-lg":["https:\/\/www.v-label.com\/wp-content\/uploads\/2022\/12\/v-label-non-food-sectors.jpg",600,324,false]},"uagb_author_info":{"display_name":"Can Aslan","author_link":"https:\/\/www.v-label.com\/cl"},"uagb_comment_info":0,"uagb_excerpt":"Una industria en auge durante los pr\u00f3ximos a\u00f1os, la moda vegana y libre de crueldad ya se considera genial y lujosa. El mercado mundial de la moda femenina vegana se valor\u00f3 en 396.300 millones de d\u00f3lares en 2019 y se espera que crezca a un ritmo del 13,6% hacia 2027, seg\u00fan Statista.com. El mercado del&hellip;","_links":{"self":[{"href":"https:\/\/www.v-label.com\/cl\/wp-json\/wp\/v2\/pages\/18607","targetHints":{"allow":["GET"]}}],"collection":[{"href":"https:\/\/www.v-label.com\/cl\/wp-json\/wp\/v2\/pages"}],"about":[{"href":"https:\/\/www.v-label.com\/cl\/wp-json\/wp\/v2\/types\/page"}],"author":[{"embeddable":true,"href":"https:\/\/www.v-label.com\/cl\/wp-json\/wp\/v2\/users\/5"}],"replies":[{"embeddable":true,"href":"https:\/\/www.v-label.com\/cl\/wp-json\/wp\/v2\/comments?post=18607"}],"version-history":[{"count":1,"href":"https:\/\/www.v-label.com\/cl\/wp-json\/wp\/v2\/pages\/18607\/revisions"}],"predecessor-version":[{"id":35010,"href":"https:\/\/www.v-label.com\/cl\/wp-json\/wp\/v2\/pages\/18607\/revisions\/35010"}],"up":[{"embeddable":true,"href":"https:\/\/www.v-label.com\/cl\/wp-json\/wp\/v2\/pages\/18508"}],"wp:featuredmedia":[{"embeddable":true,"href":"https:\/\/www.v-label.com\/cl\/wp-json\/wp\/v2\/media\/18609"}],"wp:attachment":[{"href":"https:\/\/www.v-label.com\/cl\/wp-json\/wp\/v2\/media?parent=18607"}],"wp:term":[{"taxonomy":"category","embeddable":true,"href":"https:\/\/www.v-label.com\/cl\/wp-json\/wp\/v2\/categories?post=18607"},{"taxonomy":"post_tag","embeddable":true,"href":"https:\/\/www.v-label.com\/cl\/wp-json\/wp\/v2\/tags?post=18607"}],"curies":[{"name":"wp","href":"https:\/\/api.w.org\/{rel}","templated":true}]}}