{"id":18628,"date":"2022-05-30T16:15:29","date_gmt":"2022-05-30T14:15:29","guid":{"rendered":"https:\/\/www.v-label.com\/branches\/cosmetics\/"},"modified":"2022-12-25T10:05:11","modified_gmt":"2022-12-25T09:05:11","slug":"cosmetics","status":"publish","type":"page","link":"https:\/\/www.v-label.com\/cl\/informacion-general\/cosmetics\/","title":{"rendered":"Cosm\u00e9ticos y productos de limpieza"},"content":{"rendered":"\n<p>Comodidad, cuidar la propia salud, y una demanda de productos libres de crueldad. Esas son las tres razones principales por las que el mercado global de cosm\u00e9tica vegana se espera que alcance los 20.800 millones de d\u00f3lares en 2025, creciendo a un ritmo del 6,3%, seg\u00fan el informe de 2018 Vegan Cosmetics Market Size, Share &amp; Trends Analysis Report.<\/p>\n\n\n\n<p>Europa representa una porci\u00f3n importante del mercado, atestiguando un aumento vertiginoso de la demanda de productos que no han sido testados en animales. Desde productos para el cuidado de la piel hasta desodorantes y champ\u00fas, cada vez m\u00e1s segmentos de consumidores buscan palabras clave como vegano al comprar.<\/p>\n\n\n\n<p>Dado que los cosm\u00e9ticos veganos siguen siendo todav\u00eda una novedad, los consumidores son muy receptivos a las etiquetas y otros signos que demuestran que su elecci\u00f3n es vegana o vegetariana. \u00bfSab\u00eda que el 19% de las personas comprueban si sus art\u00edculos de tocador se testan en animales, seg\u00fan The Vegan Society? Haga visible esta caracter\u00edstica de su producto mediante V-Label y convi\u00e9rtase en su opci\u00f3n preferida.<\/p>\n\n\n\n<p>Aparentemente, no es solo el cuidado personal lo que est\u00e1 presenciando el aumento de las alternativas veganas y vegetarianas, \u00a1tambi\u00e9n es el hogar! Haga que sus productos de limpieza se destaquen con la llamativa V-Label.<\/p>\n\n\n\n<div class=\"wp-block-buttons is-content-justification-center is-layout-flex wp-container-core-buttons-is-layout-16018d1d wp-block-buttons-is-layout-flex\">\n<div class=\"wp-block-button\"><a class=\"wp-block-button__link wp-element-button\" href=\"https:\/\/www.v-label.com\/cl\/for-business\/get-certified\/\">Obtenga su certificaci\u00f3n V-Label<\/a><\/div>\n<\/div>\n","protected":false},"excerpt":{"rendered":"<p>Comodidad, cuidar la propia salud, y una demanda de productos libres de crueldad. Esas son las tres razones principales por las que el mercado global de cosm\u00e9tica vegana se espera que alcance los 20.800 millones de d\u00f3lares en 2025, creciendo a un ritmo del 6,3%, seg\u00fan el informe de 2018 Vegan Cosmetics Market Size, Share [&hellip;]<\/p>\n","protected":false},"author":5,"featured_media":18630,"parent":18508,"menu_order":0,"comment_status":"closed","ping_status":"closed","template":"","meta":{"_acf_changed":false,"_editorskit_title_hidden":false,"_editorskit_reading_time":0,"_editorskit_is_block_options_detached":false,"_editorskit_block_options_position":"{}","inline_featured_image":false,"_uag_custom_page_level_css":"","footnotes":""},"categories":[],"tags":[],"class_list":["post-18628","page","type-page","status-publish","has-post-thumbnail","hentry"],"acf":[],"uagb_featured_image_src":{"full":["https:\/\/www.v-label.com\/wp-content\/uploads\/2022\/12\/cosmetics-1280.jpg",1280,868,false],"thumbnail":["https:\/\/www.v-label.com\/wp-content\/uploads\/2022\/12\/cosmetics-1280-500x339.jpg",500,339,true],"medium":["https:\/\/www.v-label.com\/wp-content\/uploads\/2022\/12\/cosmetics-1280-300x203.jpg",300,203,true],"medium_large":["https:\/\/www.v-label.com\/wp-content\/uploads\/2022\/12\/cosmetics-1280-768x521.jpg",768,521,true],"large":["https:\/\/www.v-label.com\/wp-content\/uploads\/2022\/12\/cosmetics-1280-1024x694.jpg",1024,694,true],"1536x1536":["https:\/\/www.v-label.com\/wp-content\/uploads\/2022\/12\/cosmetics-1280.jpg",1280,868,false],"2048x2048":["https:\/\/www.v-label.com\/wp-content\/uploads\/2022\/12\/cosmetics-1280.jpg",1280,868,false],"preview":["https:\/\/www.v-label.com\/wp-content\/uploads\/2022\/12\/cosmetics-1280-904x720.jpg",904,720,true],"header":["https:\/\/www.v-label.com\/wp-content\/uploads\/2022\/12\/cosmetics-1280-1280x720.jpg",1280,720,true],"gform-image-choice-sm":["https:\/\/www.v-label.com\/wp-content\/uploads\/2022\/12\/cosmetics-1280.jpg",300,203,false],"gform-image-choice-md":["https:\/\/www.v-label.com\/wp-content\/uploads\/2022\/12\/cosmetics-1280.jpg",400,271,false],"gform-image-choice-lg":["https:\/\/www.v-label.com\/wp-content\/uploads\/2022\/12\/cosmetics-1280.jpg",600,407,false]},"uagb_author_info":{"display_name":"Can Aslan","author_link":"https:\/\/www.v-label.com\/cl"},"uagb_comment_info":0,"uagb_excerpt":"Comodidad, cuidar la propia salud, y una demanda de productos libres de crueldad. Esas son las tres razones principales por las que el mercado global de cosm\u00e9tica vegana se espera que alcance los 20.800 millones de d\u00f3lares en 2025, creciendo a un ritmo del 6,3%, seg\u00fan el informe de 2018 Vegan Cosmetics Market Size, Share&hellip;","_links":{"self":[{"href":"https:\/\/www.v-label.com\/cl\/wp-json\/wp\/v2\/pages\/18628","targetHints":{"allow":["GET"]}}],"collection":[{"href":"https:\/\/www.v-label.com\/cl\/wp-json\/wp\/v2\/pages"}],"about":[{"href":"https:\/\/www.v-label.com\/cl\/wp-json\/wp\/v2\/types\/page"}],"author":[{"embeddable":true,"href":"https:\/\/www.v-label.com\/cl\/wp-json\/wp\/v2\/users\/5"}],"replies":[{"embeddable":true,"href":"https:\/\/www.v-label.com\/cl\/wp-json\/wp\/v2\/comments?post=18628"}],"version-history":[{"count":1,"href":"https:\/\/www.v-label.com\/cl\/wp-json\/wp\/v2\/pages\/18628\/revisions"}],"predecessor-version":[{"id":34981,"href":"https:\/\/www.v-label.com\/cl\/wp-json\/wp\/v2\/pages\/18628\/revisions\/34981"}],"up":[{"embeddable":true,"href":"https:\/\/www.v-label.com\/cl\/wp-json\/wp\/v2\/pages\/18508"}],"wp:featuredmedia":[{"embeddable":true,"href":"https:\/\/www.v-label.com\/cl\/wp-json\/wp\/v2\/media\/18630"}],"wp:attachment":[{"href":"https:\/\/www.v-label.com\/cl\/wp-json\/wp\/v2\/media?parent=18628"}],"wp:term":[{"taxonomy":"category","embeddable":true,"href":"https:\/\/www.v-label.com\/cl\/wp-json\/wp\/v2\/categories?post=18628"},{"taxonomy":"post_tag","embeddable":true,"href":"https:\/\/www.v-label.com\/cl\/wp-json\/wp\/v2\/tags?post=18628"}],"curies":[{"name":"wp","href":"https:\/\/api.w.org\/{rel}","templated":true}]}}