{"id":39511,"date":"2022-05-24T16:39:56","date_gmt":"2022-05-24T14:39:56","guid":{"rendered":"https:\/\/www.v-label.com\/?page_id=39511"},"modified":"2022-12-27T18:07:07","modified_gmt":"2022-12-27T17:07:07","slug":"data-privacy","status":"publish","type":"page","link":"https:\/\/www.v-label.com\/cl\/data-privacy\/","title":{"rendered":"Privacidad de Datos"},"content":{"rendered":"\n<p>Este sitio web puede utilizarse en cualquier momento sin necesidad de que los usuarios proporcionen datos personales. En la medida en que se recopilen datos personales en este sitio web, \u00e9stos ser\u00e1n proporcionados voluntariamente por el usuario. Los datos personales no ser\u00e1n revelados a terceros si el usuario no ha dado su consentimiento expreso.<\/p>\n\n\n\n<p>Cualquier dato personal que sea recopilado en este sitio web, ser\u00e1 tratado siempre seg\u00fan las disposiciones de la ley suiza de protecci\u00f3n de datos. En la medida en que se recogen datos personales, esta declaraci\u00f3n de privacidad de datos proporciona informaci\u00f3n sobre la naturaleza, el alcance y el prop\u00f3sito de recopilar y utilizar datos personales.<\/p>\n\n\n\n<p>A pesar de tener el m\u00e1ximo cuidado para proteger sus datos, la transmisi\u00f3n de informaci\u00f3n a trav\u00e9s de Internet siempre conlleva riesgos debido a las brechas de seguridad. Por lo tanto, es imposible garantizar una protecci\u00f3n completa de los datos en todo momento.<\/p>\n\n\n\n<h2 class=\"has-text-align-center wp-block-heading\">Transferencia de datos (ficheros log del servidor)<\/h2>\n\n\n\n<p>Al acceder a nuestro sitio web, los datos se transfieren autom\u00e1ticamente de su navegador a nuestro servidor web. Estos datos incluyen datos de acceso an\u00f3nimo como fecha y hora, tipo de navegador, volumen \/ tipo de datos a los que se accede y su direcci\u00f3n IP. Estos datos se almacenan separados de cualquier otro dato recogido durante su visita a nuestro sitio web. Estos datos no permiten la identificaci\u00f3n de ninguna persona individual y se recogen \u00fanicamente para registrar el comportamiento del usuario y para fines estad\u00edsticos. Una vez que los datos han sido evaluados en consecuencia, se adoptan medidas para eliminar dichos datos.<\/p>\n\n\n\n<h2 class=\"has-text-align-center wp-block-heading\">Cookies<\/h2>\n\n\n\n<p>Utilizamos cookies en nuestro sitio web tanto para fines de garant\u00eda de calidad como para ampliar el alcance funcional de nuestra oferta en Internet. Las cookies son archivos de texto que se almacenan en su computadora y se utilizan para determinar el n\u00famero de visitas a la p\u00e1gina. Utilizamos esta informaci\u00f3n \u00fanicamente con el prop\u00f3sito de mejorar nuestro sitio web.<\/p>\n\n\n\n<h2 class=\"has-text-align-center wp-block-heading\">Datos personales<\/h2>\n\n\n\n<p>Utilizamos y recopilamos, en la medida necesaria, sus datos personales para establecer, crear el contenido o modificar una relaci\u00f3n contractual entre usted y nosotros.<\/p>\n\n\n\n<p>Estos datos generalmente no se transmiten a terceros, ni se comparte ninguna informaci\u00f3n relacionada con terceros. Por orden de las autoridades competentes, estamos obligados a proporcionar informaci\u00f3n sobre datos personales en la medida en que sea necesaria a efectos de acusaci\u00f3n o defensa penal o para el cumplimiento de otras tareas legales.<\/p>\n\n\n\n<h2 class=\"has-text-align-center wp-block-heading\">Uso de datos<\/h2>\n\n\n\n<p>Recopilamos y utilizamos sus \u201cdatos de uso\u201d en la medida en que sea necesario. Los datos de uso son datos que le permiten utilizar nuestra oferta de Internet y tambi\u00e9n se utilizan para prop\u00f3sitos de facturaci\u00f3n. Estos datos nos proporcionan informaci\u00f3n no s\u00f3lo sobre el tiempo y el alcance de su uso, sino tambi\u00e9n sobre sus caracter\u00edsticas de identificaci\u00f3n.<\/p>\n\n\n\n<p>Tenga en cuenta que se nos permite generar perfiles de uso, es decir, una colecci\u00f3n de datos que detallan el historial de visitas a nuestro sitio web, para fines promocionales, de investigaci\u00f3n de mercado o de optimizaci\u00f3n del sitio web. Estos perfiles de uso no contienen ninguna informaci\u00f3n personal y no se combinan con ning\u00fan otro dato recogido por nosotros, lo que significa que no se pueden identificar personas individuales a trav\u00e9s de la fusi\u00f3n de diferentes datos. Usted tiene el derecho de revocar en cualquier momento el consentimiento para que sus datos sean utilizados de esta manera.<\/p>\n\n\n\n<h2 class=\"has-text-align-center wp-block-heading\">Datos del bolet\u00edn<\/h2>\n\n\n\n<p>Cuando usted solicite el bolet\u00edn de noticias ofrecido en nuestro sitio web, le pediremos su direcci\u00f3n de correo electr\u00f3nico y almacenaremos su direcci\u00f3n IP. No se recogen m\u00e1s datos. Estos datos se utilizan exclusivamente para enviar la informaci\u00f3n solicitada y no se env\u00edan a terceros.<\/p>\n\n\n\n<p>Usted tiene el derecho de revocar en cualquier momento el consentimiento para que sus datos y correo electr\u00f3nico sean almacenados y sean utilizados para enviar el bolet\u00edn; puede hacerlo empleando, por ejemplo, el enlace de anulaci\u00f3n de suscripci\u00f3n que se proporciona en cada bolet\u00edn.<\/p>\n\n\n\n<h2 class=\"has-text-align-center wp-block-heading\">Derecho a la informaci\u00f3n<\/h2>\n\n\n\n<p>Tenga en cuenta que usted tiene el derecho de solicitarnos informaci\u00f3n con respecto a sus datos almacenados y, en el caso de que cualquier dato sea incorrecto, instarnos a que sea bloqueado, eliminado o corregido. Dicha informaci\u00f3n puede ser proporcionada por tel\u00e9fono o correo electr\u00f3nico.<\/p>\n\n\n\n<h2 class=\"has-text-align-center wp-block-heading\">Enmiendas a la declaraci\u00f3n de privacidad de datos<\/h2>\n\n\n\n<p>En el caso de futuras enmiendas a nuestra declaraci\u00f3n de privacidad de datos, las enmiendas siempre ser\u00e1n divulgadas en este sitio web.<\/p>\n\n\n\n<h2 class=\"has-text-align-center wp-block-heading\">Declaraci\u00f3n de privacidad de datos \u2013 Google Analytics<\/h2>\n\n\n\n<p>Nuestro sitio web utiliza los servicios proporcionados por Google Analytics, un servicio de an\u00e1lisis web de Google Inc. El an\u00e1lisis de su uso del sitio web se activa mediante \u201ccookies\u201d, que se almacenan en su computadora, generan informaci\u00f3n sobre su comportamiento de uso y env\u00edan los datos a Google Inc. En circunstancias normales, una versi\u00f3n abreviada de su direcci\u00f3n IP se env\u00eda a los servidores de Google, aunque en casos excepcionales tambi\u00e9n se puede enviar la direcci\u00f3n IP completa. Google utiliza esta informaci\u00f3n en nuestro nombre para crear un informe sobre el comportamiento de los usuarios en nuestro sitio web. La direcci\u00f3n IP identificada por Google Analytics no se combina con ning\u00fan otro dato de Google. Si no desea que se almacenen cookies en su computadora, puede cambiar la configuraci\u00f3n correspondiente en su navegador, aunque esto puede resultar en que no pueda beneficiarse del alcance completo de nuestro sitio web<\/p>\n\n\n\n<p>Si las direcciones IP no han sido anonimizadas de todos modos (enmascaramiento de IP) mediante la adici\u00f3n del c\u00f3digo \u201cgat._anonymizeIp ();\u201d, los datos recopilados se procesan de acuerdo con las disposiciones legales pertinentes establecidas en la Ley Federal de Protecci\u00f3n de Datos y los propios t\u00e9rminos de uso de Google, lo que significa que no se permite el env\u00edo de datos personales a Google.<\/p>\n\n\n\r\n<section id=\"cta-block_04012b9ae07ca2c704ff923e75072893\" class=\"wp-block-cta alignfull aligncenter\" style=\"background-image: url(https:\/\/www.v-label.com\/wp-content\/uploads\/2022\/09\/cta-kontakt2.jpeg);\">\r\n\t<div class=\"row\">\r\n\t\t<div class=\"medium-8 medium-centered column\">\r\n\t\t\t\t\t\t\t<h2>Contacto<\/h2>\r\n\t\t\t\t\t\t\t\t\t\t<p><p>P\u00f3ngase en contacto con uno de nuestros contactos para obtener respuestas a sus preguntas espec\u00edficas. Si desea informaci\u00f3n sobre la V-Label o tiene alguna otra pregunta, no dude en ponerse en contacto.<\/p>\n<\/p>\r\n\t\t\t\r\n\t\t\t<div class=\"wp-block-buttons\">\r\n\t\t\t\t\t\t\t\t\t\t<a href=\"https:\/\/www.v-label.com\/get-in-touch\/\" class=\"wp-block-button__link\">Contacto<\/a>\r\n\t\t\t\t\t\t\t\t\t\t\t\t<\/div>\r\n\r\n\t\t<\/div>\r\n\t<\/div>\r\n<\/section>","protected":false},"excerpt":{"rendered":"<p>Este sitio web puede utilizarse en cualquier momento sin necesidad de que los usuarios proporcionen datos personales. En la medida en que se recopilen datos personales en este sitio web, \u00e9stos ser\u00e1n proporcionados voluntariamente por el usuario. Los datos personales no ser\u00e1n revelados a terceros si el usuario no ha dado su consentimiento expreso. Cualquier [&hellip;]<\/p>\n","protected":false},"author":5,"featured_media":18424,"parent":0,"menu_order":0,"comment_status":"closed","ping_status":"closed","template":"","meta":{"_acf_changed":false,"_editorskit_title_hidden":false,"_editorskit_reading_time":0,"_editorskit_is_block_options_detached":false,"_editorskit_block_options_position":"{}","inline_featured_image":false,"_uag_custom_page_level_css":"","footnotes":""},"categories":[],"tags":[],"class_list":["post-39511","page","type-page","status-publish","has-post-thumbnail","hentry"],"acf":[],"uagb_featured_image_src":{"full":["https:\/\/www.v-label.com\/wp-content\/uploads\/2022\/12\/v-label-customer-area-1.jpg",1000,610,false],"thumbnail":["https:\/\/www.v-label.com\/wp-content\/uploads\/2022\/12\/adobestock-199227716-preview-500x305.jpeg",500,305,true],"medium":["https:\/\/www.v-label.com\/wp-content\/uploads\/2022\/12\/adobestock-199227716-preview-300x183.jpeg",300,183,true],"medium_large":["https:\/\/www.v-label.com\/wp-content\/uploads\/2022\/12\/adobestock-199227716-preview-768x468.jpeg",768,468,true],"large":["https:\/\/www.v-label.com\/wp-content\/uploads\/2022\/12\/v-label-customer-area-1.jpg",1000,610,false],"1536x1536":["https:\/\/www.v-label.com\/wp-content\/uploads\/2022\/12\/v-label-customer-area-1.jpg",1000,610,false],"2048x2048":["https:\/\/www.v-label.com\/wp-content\/uploads\/2022\/12\/v-label-customer-area-1.jpg",1000,610,false],"preview":["https:\/\/www.v-label.com\/wp-content\/uploads\/2022\/12\/adobestock-199227716-preview-904x610.jpeg",904,610,true],"header":["https:\/\/www.v-label.com\/wp-content\/uploads\/2022\/12\/v-label-customer-area-1.jpg",1000,610,false],"gform-image-choice-sm":["https:\/\/www.v-label.com\/wp-content\/uploads\/2022\/12\/v-label-customer-area-1.jpg",300,183,false],"gform-image-choice-md":["https:\/\/www.v-label.com\/wp-content\/uploads\/2022\/12\/v-label-customer-area-1.jpg",400,244,false],"gform-image-choice-lg":["https:\/\/www.v-label.com\/wp-content\/uploads\/2022\/12\/v-label-customer-area-1.jpg",600,366,false]},"uagb_author_info":{"display_name":"Can Aslan","author_link":"https:\/\/www.v-label.com\/cl"},"uagb_comment_info":0,"uagb_excerpt":"Este sitio web puede utilizarse en cualquier momento sin necesidad de que los usuarios proporcionen datos personales. En la medida en que se recopilen datos personales en este sitio web, \u00e9stos ser\u00e1n proporcionados voluntariamente por el usuario. Los datos personales no ser\u00e1n revelados a terceros si el usuario no ha dado su consentimiento expreso. Cualquier&hellip;","_links":{"self":[{"href":"https:\/\/www.v-label.com\/cl\/wp-json\/wp\/v2\/pages\/39511","targetHints":{"allow":["GET"]}}],"collection":[{"href":"https:\/\/www.v-label.com\/cl\/wp-json\/wp\/v2\/pages"}],"about":[{"href":"https:\/\/www.v-label.com\/cl\/wp-json\/wp\/v2\/types\/page"}],"author":[{"embeddable":true,"href":"https:\/\/www.v-label.com\/cl\/wp-json\/wp\/v2\/users\/5"}],"replies":[{"embeddable":true,"href":"https:\/\/www.v-label.com\/cl\/wp-json\/wp\/v2\/comments?post=39511"}],"version-history":[{"count":1,"href":"https:\/\/www.v-label.com\/cl\/wp-json\/wp\/v2\/pages\/39511\/revisions"}],"predecessor-version":[{"id":39562,"href":"https:\/\/www.v-label.com\/cl\/wp-json\/wp\/v2\/pages\/39511\/revisions\/39562"}],"wp:featuredmedia":[{"embeddable":true,"href":"https:\/\/www.v-label.com\/cl\/wp-json\/wp\/v2\/media\/18424"}],"wp:attachment":[{"href":"https:\/\/www.v-label.com\/cl\/wp-json\/wp\/v2\/media?parent=39511"}],"wp:term":[{"taxonomy":"category","embeddable":true,"href":"https:\/\/www.v-label.com\/cl\/wp-json\/wp\/v2\/categories?post=39511"},{"taxonomy":"post_tag","embeddable":true,"href":"https:\/\/www.v-label.com\/cl\/wp-json\/wp\/v2\/tags?post=39511"}],"curies":[{"name":"wp","href":"https:\/\/api.w.org\/{rel}","templated":true}]}}