{"id":11283,"date":"2022-09-13T11:05:29","date_gmt":"2022-09-13T09:05:29","guid":{"rendered":"https:\/\/www.v-label.com\/general-information\/certified-products\/dairy-alternatives\/"},"modified":"2022-12-12T13:14:10","modified_gmt":"2022-12-12T12:14:10","slug":"dairy-alternatives","status":"publish","type":"page","link":"https:\/\/www.v-label.com\/cs\/general-information\/certified-products\/dairy-alternatives\/","title":{"rendered":"Alternativy Ml\u00e9\u010dn\u00fdch Produkt\u016f"},"content":{"rendered":"\n<p>P\u0159echod od s\u00f3ji k ovesn\u00e9mu, mandlov\u00e9mu a kokosov\u00e9mu ml\u00e9ku byl jen za\u010d\u00e1tkem rostlinn\u00e9 revoluce v odv\u011btv\u00ed alternativ ml\u00e9ka. Dnes si u\u017e m\u016f\u017eete vybrat, co chcete: jogurty r\u016fzn\u00fdch druh\u016f od \u0159eck\u00fdch a\u017e po jogurtov\u00e9 n\u00e1poje, lahodn\u00e9 zmrzliny vyroben\u00e9 s ohledem k na\u0161\u00ed planet\u011b, m\u00e1sla a pomaz\u00e1nky k sn\u00eddani nebo t\u0159eba s\u00fdr!<\/p>\n\n\n\n<div class=\"wp-block-columns are-vertically-aligned-center is-layout-flex wp-container-core-columns-is-layout-9d6595d7 wp-block-columns-is-layout-flex\">\n<div class=\"wp-block-column is-vertically-aligned-center is-layout-flow wp-block-column-is-layout-flow\">\n<figure class=\"wp-block-image aligncenter size-medium\"><a href=\"https:\/\/www.panhrasek.cz\" target=\"_blank\" rel=\"noreferrer noopener\"><img decoding=\"async\" width=\"300\" height=\"200\" src=\"https:\/\/www.v-label.com\/wp-content\/uploads\/2022\/12\/pan-hrasek-300x200.jpg\" alt=\"\" class=\"wp-image-11943\" srcset=\"https:\/\/www.v-label.com\/wp-content\/uploads\/2022\/12\/pan-hrasek-300x200.jpg 300w, https:\/\/www.v-label.com\/wp-content\/uploads\/2022\/12\/pan-hrasek-500x333.jpg 500w, https:\/\/www.v-label.com\/wp-content\/uploads\/2022\/12\/pan-hrasek.jpg 600w\" sizes=\"(max-width: 300px) 100vw, 300px\" \/><\/a><\/figure>\n<\/div>\n\n\n\n<div class=\"wp-block-column is-vertically-aligned-center is-layout-flow wp-block-column-is-layout-flow\">\n<figure class=\"wp-block-image aligncenter size-medium\"><a href=\"https:\/\/soyka.bio\/cs\/#produkty\" target=\"_blank\" rel=\"noreferrer noopener\"><img decoding=\"async\" width=\"300\" height=\"300\" src=\"https:\/\/www.v-label.com\/wp-content\/uploads\/2022\/12\/soyka-300x300.png\" alt=\"\" class=\"wp-image-12005\" srcset=\"https:\/\/www.v-label.com\/wp-content\/uploads\/2022\/12\/soyka-300x300.png 300w, https:\/\/www.v-label.com\/wp-content\/uploads\/2022\/12\/soyka-500x500.png 500w, https:\/\/www.v-label.com\/wp-content\/uploads\/2022\/12\/soyka.png 600w\" sizes=\"(max-width: 300px) 100vw, 300px\" \/><\/a><\/figure>\n<\/div>\n\n\n\n<div class=\"wp-block-column is-vertically-aligned-center is-layout-flow wp-block-column-is-layout-flow\">\n<figure class=\"wp-block-image aligncenter size-medium\"><a href=\"https:\/\/ovsanek.cz\/\" target=\"_blank\" rel=\"noreferrer noopener\"><img decoding=\"async\" width=\"297\" height=\"300\" src=\"https:\/\/www.v-label.com\/wp-content\/uploads\/2022\/12\/semix-297x300.png\" alt=\"\" class=\"wp-image-11963\" srcset=\"https:\/\/www.v-label.com\/wp-content\/uploads\/2022\/12\/semix-297x300.png 297w, https:\/\/www.v-label.com\/wp-content\/uploads\/2022\/12\/semix-494x500.png 494w, https:\/\/www.v-label.com\/wp-content\/uploads\/2022\/12\/semix.png 600w\" sizes=\"(max-width: 297px) 100vw, 297px\" \/><\/a><\/figure>\n<\/div>\n\n\n\n<div class=\"wp-block-column is-vertically-aligned-center is-layout-flow wp-block-column-is-layout-flow\">\n<figure class=\"wp-block-image aligncenter size-medium\"><a href=\"http:\/\/vege4fun.com\/\" target=\"_blank\" rel=\"noreferrer noopener\"><img decoding=\"async\" width=\"300\" height=\"149\" src=\"https:\/\/www.v-label.com\/wp-content\/uploads\/2022\/12\/vege4fun-300x149.png\" alt=\"\" class=\"wp-image-12025\" srcset=\"https:\/\/www.v-label.com\/wp-content\/uploads\/2022\/12\/vege4fun-300x149.png 300w, https:\/\/www.v-label.com\/wp-content\/uploads\/2022\/12\/vege4fun-500x248.png 500w, https:\/\/www.v-label.com\/wp-content\/uploads\/2022\/12\/vege4fun.png 600w\" sizes=\"(max-width: 300px) 100vw, 300px\" \/><\/a><\/figure>\n<\/div>\n<\/div>\n","protected":false},"excerpt":{"rendered":"<p>P\u0159echod od s\u00f3ji k ovesn\u00e9mu, mandlov\u00e9mu a kokosov\u00e9mu ml\u00e9ku byl jen za\u010d\u00e1tkem rostlinn\u00e9 revoluce v odv\u011btv\u00ed alternativ ml\u00e9ka. Dnes si u\u017e m\u016f\u017eete vybrat, co chcete: jogurty r\u016fzn\u00fdch druh\u016f od \u0159eck\u00fdch a\u017e po jogurtov\u00e9 n\u00e1poje, lahodn\u00e9 zmrzliny vyroben\u00e9 s ohledem k na\u0161\u00ed planet\u011b, m\u00e1sla a pomaz\u00e1nky k sn\u00eddani nebo t\u0159eba s\u00fdr!<\/p>\n","protected":false},"author":5,"featured_media":17877,"parent":8513,"menu_order":0,"comment_status":"closed","ping_status":"closed","template":"","meta":{"_acf_changed":false,"_editorskit_title_hidden":false,"_editorskit_reading_time":0,"_editorskit_is_block_options_detached":false,"_editorskit_block_options_position":"{}","inline_featured_image":false,"_uag_custom_page_level_css":"","footnotes":""},"categories":[],"tags":[],"class_list":["post-11283","page","type-page","status-publish","has-post-thumbnail","hentry"],"acf":[],"uagb_featured_image_src":{"full":["https:\/\/www.v-label.com\/wp-content\/uploads\/2022\/12\/milk-alternatives-1280.jpg",1280,853,false],"thumbnail":["https:\/\/www.v-label.com\/wp-content\/uploads\/2022\/12\/milk-alternatives-1280-500x333.jpg",500,333,true],"medium":["https:\/\/www.v-label.com\/wp-content\/uploads\/2022\/12\/milk-alternatives-1280-300x200.jpg",300,200,true],"medium_large":["https:\/\/www.v-label.com\/wp-content\/uploads\/2022\/12\/milk-alternatives-1280-768x512.jpg",768,512,true],"large":["https:\/\/www.v-label.com\/wp-content\/uploads\/2022\/12\/milk-alternatives-1280-1024x682.jpg",1024,682,true],"1536x1536":["https:\/\/www.v-label.com\/wp-content\/uploads\/2022\/12\/milk-alternatives-1280.jpg",1280,853,false],"2048x2048":["https:\/\/www.v-label.com\/wp-content\/uploads\/2022\/12\/milk-alternatives-1280.jpg",1280,853,false],"preview":["https:\/\/www.v-label.com\/wp-content\/uploads\/2022\/12\/milk-alternatives-1280-904x720.jpg",904,720,true],"header":["https:\/\/www.v-label.com\/wp-content\/uploads\/2022\/12\/milk-alternatives-1280-1280x720.jpg",1280,720,true],"gform-image-choice-sm":["https:\/\/www.v-label.com\/wp-content\/uploads\/2022\/12\/milk-alternatives-1280.jpg",300,200,false],"gform-image-choice-md":["https:\/\/www.v-label.com\/wp-content\/uploads\/2022\/12\/milk-alternatives-1280.jpg",400,267,false],"gform-image-choice-lg":["https:\/\/www.v-label.com\/wp-content\/uploads\/2022\/12\/milk-alternatives-1280.jpg",600,400,false]},"uagb_author_info":{"display_name":"Can Aslan","author_link":"https:\/\/www.v-label.com\/cs"},"uagb_comment_info":0,"uagb_excerpt":"P\u0159echod od s\u00f3ji k ovesn\u00e9mu, mandlov\u00e9mu a kokosov\u00e9mu ml\u00e9ku byl jen za\u010d\u00e1tkem rostlinn\u00e9 revoluce v odv\u011btv\u00ed alternativ ml\u00e9ka. Dnes si u\u017e m\u016f\u017eete vybrat, co chcete: jogurty r\u016fzn\u00fdch druh\u016f od \u0159eck\u00fdch a\u017e po jogurtov\u00e9 n\u00e1poje, lahodn\u00e9 zmrzliny vyroben\u00e9 s ohledem k na\u0161\u00ed planet\u011b, m\u00e1sla a pomaz\u00e1nky k sn\u00eddani nebo t\u0159eba s\u00fdr!","_links":{"self":[{"href":"https:\/\/www.v-label.com\/cs\/wp-json\/wp\/v2\/pages\/11283","targetHints":{"allow":["GET"]}}],"collection":[{"href":"https:\/\/www.v-label.com\/cs\/wp-json\/wp\/v2\/pages"}],"about":[{"href":"https:\/\/www.v-label.com\/cs\/wp-json\/wp\/v2\/types\/page"}],"author":[{"embeddable":true,"href":"https:\/\/www.v-label.com\/cs\/wp-json\/wp\/v2\/users\/5"}],"replies":[{"embeddable":true,"href":"https:\/\/www.v-label.com\/cs\/wp-json\/wp\/v2\/comments?post=11283"}],"version-history":[{"count":1,"href":"https:\/\/www.v-label.com\/cs\/wp-json\/wp\/v2\/pages\/11283\/revisions"}],"predecessor-version":[{"id":12046,"href":"https:\/\/www.v-label.com\/cs\/wp-json\/wp\/v2\/pages\/11283\/revisions\/12046"}],"up":[{"embeddable":true,"href":"https:\/\/www.v-label.com\/cs\/wp-json\/wp\/v2\/pages\/8513"}],"wp:featuredmedia":[{"embeddable":true,"href":"https:\/\/www.v-label.com\/cs\/wp-json\/wp\/v2\/media\/17877"}],"wp:attachment":[{"href":"https:\/\/www.v-label.com\/cs\/wp-json\/wp\/v2\/media?parent=11283"}],"wp:term":[{"taxonomy":"category","embeddable":true,"href":"https:\/\/www.v-label.com\/cs\/wp-json\/wp\/v2\/categories?post=11283"},{"taxonomy":"post_tag","embeddable":true,"href":"https:\/\/www.v-label.com\/cs\/wp-json\/wp\/v2\/tags?post=11283"}],"curies":[{"name":"wp","href":"https:\/\/api.w.org\/{rel}","templated":true}]}}