{"id":11304,"date":"2022-09-13T11:04:54","date_gmt":"2022-09-13T09:04:54","guid":{"rendered":"https:\/\/www.v-label.com\/general-information\/certified-products\/fish-alternatives\/"},"modified":"2022-12-12T13:09:46","modified_gmt":"2022-12-12T12:09:46","slug":"fish-alternatives","status":"publish","type":"page","link":"https:\/\/www.v-label.com\/cs\/general-information\/certified-products\/fish-alternatives\/","title":{"rendered":"Alternativy Ryb"},"content":{"rendered":"\n<p>Rostlinn\u00e9 alternativy ryb a mo\u0159sk\u00fdch plod\u016f u\u017e nejsou pouze vegansk\u00e9 filety u v\u00e1no\u010dn\u00ed ve\u010de\u0159e. Tento trh nab\u00edz\u00ed \u0159adu pokrm\u016f bohat\u00fdch na b\u00edlkoviny, od ka\u017edodenn\u00edch a\u017e po ty slavnostn\u00ed.<\/p>\n\n\n\n<div class=\"wp-block-columns are-vertically-aligned-center is-layout-flex wp-container-core-columns-is-layout-9d6595d7 wp-block-columns-is-layout-flex\">\n<div class=\"wp-block-column is-vertically-aligned-center is-layout-flow wp-block-column-is-layout-flow\">\n<figure class=\"wp-block-image aligncenter size-medium\"><a href=\"https:\/\/www.forkys.store\/nofish\/\" target=\"_blank\" rel=\"noreferrer noopener\"><img decoding=\"async\" width=\"300\" height=\"300\" src=\"https:\/\/www.v-label.com\/wp-content\/uploads\/2022\/12\/logo-forkys-square-300x300.png\" alt=\"\" class=\"wp-image-11984\" srcset=\"https:\/\/www.v-label.com\/wp-content\/uploads\/2022\/12\/logo-forkys-square-300x300.png 300w, https:\/\/www.v-label.com\/wp-content\/uploads\/2022\/12\/logo-forkys-square-500x500.png 500w, https:\/\/www.v-label.com\/wp-content\/uploads\/2022\/12\/logo-forkys-square.png 600w\" sizes=\"(max-width: 300px) 100vw, 300px\" \/><\/a><\/figure>\n<\/div>\n<\/div>\n","protected":false},"excerpt":{"rendered":"<p>Rostlinn\u00e9 alternativy ryb a mo\u0159sk\u00fdch plod\u016f u\u017e nejsou pouze vegansk\u00e9 filety u v\u00e1no\u010dn\u00ed ve\u010de\u0159e. Tento trh nab\u00edz\u00ed \u0159adu pokrm\u016f bohat\u00fdch na b\u00edlkoviny, od ka\u017edodenn\u00edch a\u017e po ty slavnostn\u00ed.<\/p>\n","protected":false},"author":5,"featured_media":17374,"parent":8513,"menu_order":0,"comment_status":"closed","ping_status":"closed","template":"","meta":{"_acf_changed":false,"_editorskit_title_hidden":false,"_editorskit_reading_time":0,"_editorskit_is_block_options_detached":false,"_editorskit_block_options_position":"{}","inline_featured_image":false,"_uag_custom_page_level_css":"","footnotes":""},"categories":[],"tags":[],"class_list":["post-11304","page","type-page","status-publish","has-post-thumbnail","hentry"],"acf":[],"uagb_featured_image_src":{"full":["https:\/\/www.v-label.com\/wp-content\/uploads\/2022\/12\/fish-alternatives-1280.jpg",1280,853,false],"thumbnail":["https:\/\/www.v-label.com\/wp-content\/uploads\/2022\/12\/fish-alternatives-1280-500x333.jpg",500,333,true],"medium":["https:\/\/www.v-label.com\/wp-content\/uploads\/2022\/12\/fish-alternatives-1280-300x200.jpg",300,200,true],"medium_large":["https:\/\/www.v-label.com\/wp-content\/uploads\/2022\/12\/fish-alternatives-1280-768x512.jpg",768,512,true],"large":["https:\/\/www.v-label.com\/wp-content\/uploads\/2022\/12\/fish-alternatives-1280-1024x682.jpg",1024,682,true],"1536x1536":["https:\/\/www.v-label.com\/wp-content\/uploads\/2022\/12\/fish-alternatives-1280.jpg",1280,853,false],"2048x2048":["https:\/\/www.v-label.com\/wp-content\/uploads\/2022\/12\/fish-alternatives-1280.jpg",1280,853,false],"preview":["https:\/\/www.v-label.com\/wp-content\/uploads\/2022\/12\/fish-alternatives-1280-904x720.jpg",904,720,true],"header":["https:\/\/www.v-label.com\/wp-content\/uploads\/2022\/12\/fish-alternatives-1280-1280x720.jpg",1280,720,true],"gform-image-choice-sm":["https:\/\/www.v-label.com\/wp-content\/uploads\/2022\/12\/fish-alternatives-1280.jpg",300,200,false],"gform-image-choice-md":["https:\/\/www.v-label.com\/wp-content\/uploads\/2022\/12\/fish-alternatives-1280.jpg",400,267,false],"gform-image-choice-lg":["https:\/\/www.v-label.com\/wp-content\/uploads\/2022\/12\/fish-alternatives-1280.jpg",600,400,false]},"uagb_author_info":{"display_name":"Can Aslan","author_link":"https:\/\/www.v-label.com\/cs"},"uagb_comment_info":0,"uagb_excerpt":"Rostlinn\u00e9 alternativy ryb a mo\u0159sk\u00fdch plod\u016f u\u017e nejsou pouze vegansk\u00e9 filety u v\u00e1no\u010dn\u00ed ve\u010de\u0159e. Tento trh nab\u00edz\u00ed \u0159adu pokrm\u016f bohat\u00fdch na b\u00edlkoviny, od ka\u017edodenn\u00edch a\u017e po ty slavnostn\u00ed.","_links":{"self":[{"href":"https:\/\/www.v-label.com\/cs\/wp-json\/wp\/v2\/pages\/11304","targetHints":{"allow":["GET"]}}],"collection":[{"href":"https:\/\/www.v-label.com\/cs\/wp-json\/wp\/v2\/pages"}],"about":[{"href":"https:\/\/www.v-label.com\/cs\/wp-json\/wp\/v2\/types\/page"}],"author":[{"embeddable":true,"href":"https:\/\/www.v-label.com\/cs\/wp-json\/wp\/v2\/users\/5"}],"replies":[{"embeddable":true,"href":"https:\/\/www.v-label.com\/cs\/wp-json\/wp\/v2\/comments?post=11304"}],"version-history":[{"count":2,"href":"https:\/\/www.v-label.com\/cs\/wp-json\/wp\/v2\/pages\/11304\/revisions"}],"predecessor-version":[{"id":12004,"href":"https:\/\/www.v-label.com\/cs\/wp-json\/wp\/v2\/pages\/11304\/revisions\/12004"}],"up":[{"embeddable":true,"href":"https:\/\/www.v-label.com\/cs\/wp-json\/wp\/v2\/pages\/8513"}],"wp:featuredmedia":[{"embeddable":true,"href":"https:\/\/www.v-label.com\/cs\/wp-json\/wp\/v2\/media\/17374"}],"wp:attachment":[{"href":"https:\/\/www.v-label.com\/cs\/wp-json\/wp\/v2\/media?parent=11304"}],"wp:term":[{"taxonomy":"category","embeddable":true,"href":"https:\/\/www.v-label.com\/cs\/wp-json\/wp\/v2\/categories?post=11304"},{"taxonomy":"post_tag","embeddable":true,"href":"https:\/\/www.v-label.com\/cs\/wp-json\/wp\/v2\/tags?post=11304"}],"curies":[{"name":"wp","href":"https:\/\/api.w.org\/{rel}","templated":true}]}}