{"id":11409,"date":"2022-09-13T11:06:38","date_gmt":"2022-09-13T09:06:38","guid":{"rendered":"https:\/\/www.v-label.com\/general-information\/certified-products\/sweets\/"},"modified":"2022-12-17T12:20:30","modified_gmt":"2022-12-17T11:20:30","slug":"sweets","status":"publish","type":"page","link":"https:\/\/www.v-label.com\/cs\/general-information\/certified-products\/sweets\/","title":{"rendered":"Sladkosti"},"content":{"rendered":"\n<p>Zkontrolujte, zda je v\u00e1\u0161 obl\u00edben\u00fd snack opravdu vegetari\u00e1nsk\u00fd nebo vegansk\u00fd a z\u00e1sobte svou sp\u00ed\u017e rostlinnou \u010dokol\u00e1dou, su\u0161enkami, chipsy \u010di ty\u010dinkami!<\/p>\n\n\n\n<div class=\"wp-block-columns are-vertically-aligned-center is-layout-flex wp-container-core-columns-is-layout-9d6595d7 wp-block-columns-is-layout-flex\">\n<div class=\"wp-block-column is-vertically-aligned-center is-layout-flow wp-block-column-is-layout-flow\">\n<figure class=\"wp-block-image aligncenter size-medium\"><a href=\"https:\/\/emco.cz\/eshop\/kategorie\/produkty\/super-vyrobky\/\" target=\"_blank\" rel=\"noreferrer noopener\"><img decoding=\"async\" width=\"300\" height=\"183\" src=\"https:\/\/www.v-label.com\/wp-content\/uploads\/2022\/12\/emco-300x183.png\" alt=\"\" class=\"wp-image-12087\" srcset=\"https:\/\/www.v-label.com\/wp-content\/uploads\/2022\/12\/emco-300x183.png 300w, https:\/\/www.v-label.com\/wp-content\/uploads\/2022\/12\/emco-500x305.png 500w, https:\/\/www.v-label.com\/wp-content\/uploads\/2022\/12\/emco.png 600w\" sizes=\"(max-width: 300px) 100vw, 300px\" \/><\/a><\/figure>\n<\/div>\n\n\n\n<div class=\"wp-block-column is-vertically-aligned-center is-layout-flow wp-block-column-is-layout-flow\">\n<figure class=\"wp-block-image aligncenter size-medium\"><a href=\"https:\/\/bombusenergy.cz\/en\/catalog\/#fruit-gummies\" target=\"_blank\" rel=\"noreferrer noopener\"><img decoding=\"async\" width=\"300\" height=\"247\" src=\"https:\/\/www.v-label.com\/wp-content\/uploads\/2022\/12\/bombus-300x247.png\" alt=\"\" class=\"wp-image-12257\" srcset=\"https:\/\/www.v-label.com\/wp-content\/uploads\/2022\/12\/bombus-300x247.png 300w, https:\/\/www.v-label.com\/wp-content\/uploads\/2022\/12\/bombus-500x411.png 500w, https:\/\/www.v-label.com\/wp-content\/uploads\/2022\/12\/bombus.png 600w\" sizes=\"(max-width: 300px) 100vw, 300px\" \/><\/a><\/figure>\n<\/div>\n\n\n\n<div class=\"wp-block-column is-vertically-aligned-center is-layout-flow wp-block-column-is-layout-flow\">\n<figure class=\"wp-block-image aligncenter size-medium\"><a href=\"https:\/\/www.candyplus.cz\/en\/novinky\/pedro-owls\/\" target=\"_blank\" rel=\"noreferrer noopener\"><img decoding=\"async\" width=\"300\" height=\"197\" src=\"https:\/\/www.v-label.com\/wp-content\/uploads\/2022\/12\/candyplus-pedro-300x197.png\" alt=\"\" class=\"wp-image-12277\" srcset=\"https:\/\/www.v-label.com\/wp-content\/uploads\/2022\/12\/candyplus-pedro-300x197.png 300w, https:\/\/www.v-label.com\/wp-content\/uploads\/2022\/12\/candyplus-pedro-500x328.png 500w, https:\/\/www.v-label.com\/wp-content\/uploads\/2022\/12\/candyplus-pedro.png 600w\" sizes=\"(max-width: 300px) 100vw, 300px\" \/><\/a><\/figure>\n<\/div>\n\n\n\n<div class=\"wp-block-column is-vertically-aligned-center is-layout-flow wp-block-column-is-layout-flow\">\n<figure class=\"wp-block-image aligncenter size-medium\"><a href=\"https:\/\/www.oetker.cz\/\" target=\"_blank\" rel=\"noreferrer noopener\"><img decoding=\"async\" width=\"300\" height=\"191\" src=\"https:\/\/www.v-label.com\/wp-content\/uploads\/2022\/12\/dr-oetker-300x191.png\" alt=\"\" class=\"wp-image-12297\" srcset=\"https:\/\/www.v-label.com\/wp-content\/uploads\/2022\/12\/dr-oetker-300x191.png 300w, https:\/\/www.v-label.com\/wp-content\/uploads\/2022\/12\/dr-oetker-500x318.png 500w, https:\/\/www.v-label.com\/wp-content\/uploads\/2022\/12\/dr-oetker.png 600w\" sizes=\"(max-width: 300px) 100vw, 300px\" \/><\/a><\/figure>\n<\/div>\n<\/div>\n\n\n\n<div class=\"wp-block-columns are-vertically-aligned-center is-layout-flex wp-container-core-columns-is-layout-9d6595d7 wp-block-columns-is-layout-flex\">\n<div class=\"wp-block-column is-vertically-aligned-center is-layout-flow wp-block-column-is-layout-flow\">\n<figure class=\"wp-block-image aligncenter size-medium\"><a href=\"https:\/\/www.jordis.cz\/vegan\" target=\"_blank\" rel=\"noreferrer noopener\"><img decoding=\"async\" width=\"300\" height=\"56\" src=\"https:\/\/www.v-label.com\/wp-content\/uploads\/2022\/12\/jordis-300x56.png\" alt=\"\" class=\"wp-image-12317\" srcset=\"https:\/\/www.v-label.com\/wp-content\/uploads\/2022\/12\/jordis-300x56.png 300w, https:\/\/www.v-label.com\/wp-content\/uploads\/2022\/12\/jordis-500x93.png 500w, https:\/\/www.v-label.com\/wp-content\/uploads\/2022\/12\/jordis.png 600w\" sizes=\"(max-width: 300px) 100vw, 300px\" \/><\/a><\/figure>\n<\/div>\n\n\n\n<div class=\"wp-block-column is-vertically-aligned-center is-layout-flow wp-block-column-is-layout-flow\">\n<figure class=\"wp-block-image aligncenter size-medium\"><a href=\"https:\/\/www.tipafrost.cz\/cz\/sortiment\/zmrzlina_na_drivku\/\" target=\"_blank\" rel=\"noreferrer noopener\"><img decoding=\"async\" width=\"300\" height=\"300\" src=\"https:\/\/www.v-label.com\/wp-content\/uploads\/2022\/12\/miamo-300x300.jpg\" alt=\"\" class=\"wp-image-12337\" srcset=\"https:\/\/www.v-label.com\/wp-content\/uploads\/2022\/12\/miamo-300x300.jpg 300w, https:\/\/www.v-label.com\/wp-content\/uploads\/2022\/12\/miamo-500x500.jpg 500w, https:\/\/www.v-label.com\/wp-content\/uploads\/2022\/12\/miamo.jpg 600w\" sizes=\"(max-width: 300px) 100vw, 300px\" \/><\/a><\/figure>\n<\/div>\n\n\n\n<div class=\"wp-block-column is-vertically-aligned-center is-layout-flow wp-block-column-is-layout-flow\">\n<figure class=\"wp-block-image aligncenter size-medium\"><a href=\"https:\/\/www.timba.cz\/rum-cake\/\" target=\"_blank\" rel=\"noreferrer noopener\"><img decoding=\"async\" width=\"300\" height=\"300\" src=\"https:\/\/www.v-label.com\/wp-content\/uploads\/2022\/12\/timba-300x300.jpg\" alt=\"\" class=\"wp-image-12357\" srcset=\"https:\/\/www.v-label.com\/wp-content\/uploads\/2022\/12\/timba-300x300.jpg 300w, https:\/\/www.v-label.com\/wp-content\/uploads\/2022\/12\/timba-500x500.jpg 500w, https:\/\/www.v-label.com\/wp-content\/uploads\/2022\/12\/timba.jpg 600w\" sizes=\"(max-width: 300px) 100vw, 300px\" \/><\/a><\/figure>\n<\/div>\n<\/div>\n","protected":false},"excerpt":{"rendered":"<p>Zkontrolujte, zda je v\u00e1\u0161 obl\u00edben\u00fd snack opravdu vegetari\u00e1nsk\u00fd nebo vegansk\u00fd a z\u00e1sobte svou sp\u00ed\u017e rostlinnou \u010dokol\u00e1dou, su\u0161enkami, chipsy \u010di ty\u010dinkami!<\/p>\n","protected":false},"author":5,"featured_media":17314,"parent":8513,"menu_order":0,"comment_status":"closed","ping_status":"closed","template":"","meta":{"_acf_changed":false,"_editorskit_title_hidden":false,"_editorskit_reading_time":0,"_editorskit_is_block_options_detached":false,"_editorskit_block_options_position":"{}","inline_featured_image":false,"_uag_custom_page_level_css":"","footnotes":""},"categories":[],"tags":[],"class_list":["post-11409","page","type-page","status-publish","has-post-thumbnail","hentry"],"acf":[],"uagb_featured_image_src":{"full":["https:\/\/www.v-label.com\/wp-content\/uploads\/2022\/12\/sweets-1280.jpg",1280,853,false],"thumbnail":["https:\/\/www.v-label.com\/wp-content\/uploads\/2022\/12\/sweets-1280-500x333.jpg",500,333,true],"medium":["https:\/\/www.v-label.com\/wp-content\/uploads\/2022\/12\/sweets-1280-300x200.jpg",300,200,true],"medium_large":["https:\/\/www.v-label.com\/wp-content\/uploads\/2022\/12\/sweets-1280-768x512.jpg",768,512,true],"large":["https:\/\/www.v-label.com\/wp-content\/uploads\/2022\/12\/sweets-1280-1024x682.jpg",1024,682,true],"1536x1536":["https:\/\/www.v-label.com\/wp-content\/uploads\/2022\/12\/sweets-1280.jpg",1280,853,false],"2048x2048":["https:\/\/www.v-label.com\/wp-content\/uploads\/2022\/12\/sweets-1280.jpg",1280,853,false],"preview":["https:\/\/www.v-label.com\/wp-content\/uploads\/2022\/12\/sweets-1280-904x720.jpg",904,720,true],"header":["https:\/\/www.v-label.com\/wp-content\/uploads\/2022\/12\/sweets-1280-1280x720.jpg",1280,720,true],"gform-image-choice-sm":["https:\/\/www.v-label.com\/wp-content\/uploads\/2022\/12\/sweets-1280.jpg",300,200,false],"gform-image-choice-md":["https:\/\/www.v-label.com\/wp-content\/uploads\/2022\/12\/sweets-1280.jpg",400,267,false],"gform-image-choice-lg":["https:\/\/www.v-label.com\/wp-content\/uploads\/2022\/12\/sweets-1280.jpg",600,400,false]},"uagb_author_info":{"display_name":"Can Aslan","author_link":"https:\/\/www.v-label.com\/cs"},"uagb_comment_info":0,"uagb_excerpt":"Zkontrolujte, zda je v\u00e1\u0161 obl\u00edben\u00fd snack opravdu vegetari\u00e1nsk\u00fd nebo vegansk\u00fd a z\u00e1sobte svou sp\u00ed\u017e rostlinnou \u010dokol\u00e1dou, su\u0161enkami, chipsy \u010di ty\u010dinkami!","_links":{"self":[{"href":"https:\/\/www.v-label.com\/cs\/wp-json\/wp\/v2\/pages\/11409","targetHints":{"allow":["GET"]}}],"collection":[{"href":"https:\/\/www.v-label.com\/cs\/wp-json\/wp\/v2\/pages"}],"about":[{"href":"https:\/\/www.v-label.com\/cs\/wp-json\/wp\/v2\/types\/page"}],"author":[{"embeddable":true,"href":"https:\/\/www.v-label.com\/cs\/wp-json\/wp\/v2\/users\/5"}],"replies":[{"embeddable":true,"href":"https:\/\/www.v-label.com\/cs\/wp-json\/wp\/v2\/comments?post=11409"}],"version-history":[{"count":1,"href":"https:\/\/www.v-label.com\/cs\/wp-json\/wp\/v2\/pages\/11409\/revisions"}],"predecessor-version":[{"id":12377,"href":"https:\/\/www.v-label.com\/cs\/wp-json\/wp\/v2\/pages\/11409\/revisions\/12377"}],"up":[{"embeddable":true,"href":"https:\/\/www.v-label.com\/cs\/wp-json\/wp\/v2\/pages\/8513"}],"wp:featuredmedia":[{"embeddable":true,"href":"https:\/\/www.v-label.com\/cs\/wp-json\/wp\/v2\/media\/17314"}],"wp:attachment":[{"href":"https:\/\/www.v-label.com\/cs\/wp-json\/wp\/v2\/media?parent=11409"}],"wp:term":[{"taxonomy":"category","embeddable":true,"href":"https:\/\/www.v-label.com\/cs\/wp-json\/wp\/v2\/categories?post=11409"},{"taxonomy":"post_tag","embeddable":true,"href":"https:\/\/www.v-label.com\/cs\/wp-json\/wp\/v2\/tags?post=11409"}],"curies":[{"name":"wp","href":"https:\/\/api.w.org\/{rel}","templated":true}]}}