{"id":11798,"date":"2022-09-13T11:06:00","date_gmt":"2022-09-13T09:06:00","guid":{"rendered":"https:\/\/www.v-label.com\/general-information\/certified-products\/ready-made-meals\/"},"modified":"2022-12-12T15:02:19","modified_gmt":"2022-12-12T14:02:19","slug":"ready-made-meals","status":"publish","type":"page","link":"https:\/\/www.v-label.com\/cs\/general-information\/certified-products\/ready-made-meals\/","title":{"rendered":"Hotov\u00e1 J\u00eddla"},"content":{"rendered":"\n<p>Ob\u011bdy na cest\u00e1ch u\u017e nemus\u00ed b\u00fdt kompromisem. Zdrav\u00e9, chutn\u00e9 a veggie je motto v\u011bt\u0161iny hlavn\u00edch maloobchodn\u00edk\u016f, kte\u0159\u00ed nab\u00edzej\u00ed rostlinnou pizzu a \u0161irokou \u0161k\u00e1lu j\u00eddel, od hotov\u00fdch pol\u00e9vek a\u017e po chilli sin carne.<\/p>\n\n\n\n<div class=\"wp-block-columns are-vertically-aligned-center is-layout-flex wp-container-core-columns-is-layout-9d6595d7 wp-block-columns-is-layout-flex\">\n<div class=\"wp-block-column is-vertically-aligned-center is-layout-flow wp-block-column-is-layout-flow\">\n<figure class=\"wp-block-image aligncenter size-medium\"><a href=\"https:\/\/emco.cz\/eshop\/kategorie\/produkty\/super-vyrobky\/\" target=\"_blank\" rel=\"noreferrer noopener\"><img decoding=\"async\" width=\"300\" height=\"183\" src=\"https:\/\/www.v-label.com\/wp-content\/uploads\/2022\/12\/emco-300x183.png\" alt=\"\" class=\"wp-image-12087\" srcset=\"https:\/\/www.v-label.com\/wp-content\/uploads\/2022\/12\/emco-300x183.png 300w, https:\/\/www.v-label.com\/wp-content\/uploads\/2022\/12\/emco-500x305.png 500w, https:\/\/www.v-label.com\/wp-content\/uploads\/2022\/12\/emco.png 600w\" sizes=\"(max-width: 300px) 100vw, 300px\" \/><\/a><\/figure>\n<\/div>\n\n\n\n<div class=\"wp-block-column is-vertically-aligned-center is-layout-flow wp-block-column-is-layout-flow\">\n<figure class=\"wp-block-image aligncenter size-medium\"><a href=\"https:\/\/soyka.bio\/cs\/#produkty\" target=\"_blank\" rel=\"noreferrer noopener\"><img decoding=\"async\" width=\"300\" height=\"300\" src=\"https:\/\/www.v-label.com\/wp-content\/uploads\/2022\/12\/soyka-1-300x300.png\" alt=\"\" class=\"wp-image-12167\" srcset=\"https:\/\/www.v-label.com\/wp-content\/uploads\/2022\/12\/soyka-1-300x300.png 300w, https:\/\/www.v-label.com\/wp-content\/uploads\/2022\/12\/soyka-1-500x500.png 500w, https:\/\/www.v-label.com\/wp-content\/uploads\/2022\/12\/soyka-1.png 600w\" sizes=\"(max-width: 300px) 100vw, 300px\" \/><\/a><\/figure>\n<\/div>\n\n\n\n<div class=\"wp-block-column is-vertically-aligned-center is-layout-flow wp-block-column-is-layout-flow\">\n<figure class=\"wp-block-image aligncenter size-medium is-resized\"><a href=\"https:\/\/www.beavia.com\" target=\"_blank\" rel=\"noreferrer noopener\"><img decoding=\"async\" src=\"https:\/\/www.v-label.com\/wp-content\/uploads\/2022\/12\/beavia-300x106.png\" alt=\"\" class=\"wp-image-12067\" width=\"134\" height=\"47\" srcset=\"https:\/\/www.v-label.com\/wp-content\/uploads\/2022\/12\/beavia-300x106.png 300w, https:\/\/www.v-label.com\/wp-content\/uploads\/2022\/12\/beavia-500x176.png 500w, https:\/\/www.v-label.com\/wp-content\/uploads\/2022\/12\/beavia.png 600w\" sizes=\"(max-width: 134px) 100vw, 134px\" \/><\/a><\/figure>\n<\/div>\n\n\n\n<div class=\"wp-block-column is-vertically-aligned-center is-layout-flow wp-block-column-is-layout-flow\">\n<figure class=\"wp-block-image aligncenter size-full\"><a href=\"https:\/\/zarubafood.cz\/maloobchod\/zarubova-majoneza-vegan-350ml\/\" target=\"_blank\" rel=\"noreferrer noopener\"><img decoding=\"async\" width=\"600\" height=\"300\" src=\"https:\/\/www.v-label.com\/wp-content\/uploads\/2022\/12\/zarubova.png\" alt=\"\" class=\"wp-image-12187\" srcset=\"https:\/\/www.v-label.com\/wp-content\/uploads\/2022\/12\/zarubova.png 600w, https:\/\/www.v-label.com\/wp-content\/uploads\/2022\/12\/zarubova-300x150.png 300w, https:\/\/www.v-label.com\/wp-content\/uploads\/2022\/12\/zarubova-500x250.png 500w\" sizes=\"(max-width: 600px) 100vw, 600px\" \/><\/a><\/figure>\n<\/div>\n<\/div>\n\n\n\n<div class=\"wp-block-columns are-vertically-aligned-center is-layout-flex wp-container-core-columns-is-layout-9d6595d7 wp-block-columns-is-layout-flex\">\n<div class=\"wp-block-column is-vertically-aligned-center is-layout-flow wp-block-column-is-layout-flow\">\n<figure class=\"wp-block-image aligncenter size-medium\"><a href=\"https:\/\/www.greenfood.eu\/vegan-protein\" target=\"_blank\" rel=\"noreferrer noopener\"><img decoding=\"async\" width=\"300\" height=\"100\" src=\"https:\/\/www.v-label.com\/wp-content\/uploads\/2022\/12\/greenfood-300x100.png\" alt=\"\" class=\"wp-image-12107\" srcset=\"https:\/\/www.v-label.com\/wp-content\/uploads\/2022\/12\/greenfood-300x100.png 300w, https:\/\/www.v-label.com\/wp-content\/uploads\/2022\/12\/greenfood-500x166.png 500w, https:\/\/www.v-label.com\/wp-content\/uploads\/2022\/12\/greenfood.png 600w\" sizes=\"(max-width: 300px) 100vw, 300px\" \/><\/a><\/figure>\n<\/div>\n\n\n\n<div class=\"wp-block-column is-vertically-aligned-center is-layout-flow wp-block-column-is-layout-flow\">\n<figure class=\"wp-block-image aligncenter size-medium\"><a href=\"http:\/\/www.kompek.cz\/vicezrnne-krekry\" target=\"_blank\" rel=\"noreferrer noopener\"><img decoding=\"async\" width=\"300\" height=\"298\" src=\"https:\/\/www.v-label.com\/wp-content\/uploads\/2022\/12\/kompek-300x298.png\" alt=\"\" class=\"wp-image-12127\" srcset=\"https:\/\/www.v-label.com\/wp-content\/uploads\/2022\/12\/kompek-300x298.png 300w, https:\/\/www.v-label.com\/wp-content\/uploads\/2022\/12\/kompek-500x497.png 500w, https:\/\/www.v-label.com\/wp-content\/uploads\/2022\/12\/kompek.png 600w\" sizes=\"(max-width: 300px) 100vw, 300px\" \/><\/a><\/figure>\n<\/div>\n\n\n\n<div class=\"wp-block-column is-vertically-aligned-center is-layout-flow wp-block-column-is-layout-flow\">\n<figure class=\"wp-block-image aligncenter size-medium\"><a href=\"https:\/\/adfinedine.de\/en\/kategorie-produktu\/vegan-en\/\" target=\"_blank\" rel=\"noreferrer noopener\"><img decoding=\"async\" width=\"300\" height=\"106\" src=\"https:\/\/www.v-label.com\/wp-content\/uploads\/2022\/12\/ad-fine-dine-300x106.png\" alt=\"\" class=\"wp-image-12047\" srcset=\"https:\/\/www.v-label.com\/wp-content\/uploads\/2022\/12\/ad-fine-dine-300x106.png 300w, https:\/\/www.v-label.com\/wp-content\/uploads\/2022\/12\/ad-fine-dine-500x176.png 500w, https:\/\/www.v-label.com\/wp-content\/uploads\/2022\/12\/ad-fine-dine.png 600w\" sizes=\"(max-width: 300px) 100vw, 300px\" \/><\/a><\/figure>\n<\/div>\n\n\n\n<div class=\"wp-block-column is-vertically-aligned-center is-layout-flow wp-block-column-is-layout-flow\">\n<figure class=\"wp-block-image aligncenter size-medium\"><a href=\"https:\/\/www.simplymix.com\/\" target=\"_blank\" rel=\"noreferrer noopener\"><img decoding=\"async\" width=\"300\" height=\"112\" src=\"https:\/\/www.v-label.com\/wp-content\/uploads\/2022\/12\/simply-mix-300x112.png\" alt=\"\" class=\"wp-image-12147\" srcset=\"https:\/\/www.v-label.com\/wp-content\/uploads\/2022\/12\/simply-mix-300x112.png 300w, https:\/\/www.v-label.com\/wp-content\/uploads\/2022\/12\/simply-mix-500x187.png 500w, https:\/\/www.v-label.com\/wp-content\/uploads\/2022\/12\/simply-mix.png 600w\" sizes=\"(max-width: 300px) 100vw, 300px\" \/><\/a><\/figure>\n<\/div>\n<\/div>\n","protected":false},"excerpt":{"rendered":"<p>Ob\u011bdy na cest\u00e1ch u\u017e nemus\u00ed b\u00fdt kompromisem. Zdrav\u00e9, chutn\u00e9 a veggie je motto v\u011bt\u0161iny hlavn\u00edch maloobchodn\u00edk\u016f, kte\u0159\u00ed nab\u00edzej\u00ed rostlinnou pizzu a \u0161irokou \u0161k\u00e1lu j\u00eddel, od hotov\u00fdch pol\u00e9vek a\u017e po chilli sin carne.<\/p>\n","protected":false},"author":5,"featured_media":17214,"parent":8513,"menu_order":0,"comment_status":"closed","ping_status":"closed","template":"","meta":{"_acf_changed":false,"_editorskit_title_hidden":false,"_editorskit_reading_time":0,"_editorskit_is_block_options_detached":false,"_editorskit_block_options_position":"{}","inline_featured_image":false,"_uag_custom_page_level_css":"","footnotes":""},"categories":[],"tags":[],"class_list":["post-11798","page","type-page","status-publish","has-post-thumbnail","hentry"],"acf":[],"uagb_featured_image_src":{"full":["https:\/\/www.v-label.com\/wp-content\/uploads\/2022\/12\/ready-meals-1280.jpg",1280,852,false],"thumbnail":["https:\/\/www.v-label.com\/wp-content\/uploads\/2022\/12\/ready-meals-1280-500x333.jpg",500,333,true],"medium":["https:\/\/www.v-label.com\/wp-content\/uploads\/2022\/12\/ready-meals-1280-300x200.jpg",300,200,true],"medium_large":["https:\/\/www.v-label.com\/wp-content\/uploads\/2022\/12\/ready-meals-1280-768x511.jpg",768,511,true],"large":["https:\/\/www.v-label.com\/wp-content\/uploads\/2022\/12\/ready-meals-1280-1024x682.jpg",1024,682,true],"1536x1536":["https:\/\/www.v-label.com\/wp-content\/uploads\/2022\/12\/ready-meals-1280.jpg",1280,852,false],"2048x2048":["https:\/\/www.v-label.com\/wp-content\/uploads\/2022\/12\/ready-meals-1280.jpg",1280,852,false],"preview":["https:\/\/www.v-label.com\/wp-content\/uploads\/2022\/12\/ready-meals-1280-904x720.jpg",904,720,true],"header":["https:\/\/www.v-label.com\/wp-content\/uploads\/2022\/12\/ready-meals-1280-1280x720.jpg",1280,720,true],"gform-image-choice-sm":["https:\/\/www.v-label.com\/wp-content\/uploads\/2022\/12\/ready-meals-1280.jpg",300,200,false],"gform-image-choice-md":["https:\/\/www.v-label.com\/wp-content\/uploads\/2022\/12\/ready-meals-1280.jpg",400,266,false],"gform-image-choice-lg":["https:\/\/www.v-label.com\/wp-content\/uploads\/2022\/12\/ready-meals-1280.jpg",600,399,false]},"uagb_author_info":{"display_name":"Can Aslan","author_link":"https:\/\/www.v-label.com\/cs"},"uagb_comment_info":0,"uagb_excerpt":"Ob\u011bdy na cest\u00e1ch u\u017e nemus\u00ed b\u00fdt kompromisem. Zdrav\u00e9, chutn\u00e9 a veggie je motto v\u011bt\u0161iny hlavn\u00edch maloobchodn\u00edk\u016f, kte\u0159\u00ed nab\u00edzej\u00ed rostlinnou pizzu a \u0161irokou \u0161k\u00e1lu j\u00eddel, od hotov\u00fdch pol\u00e9vek a\u017e po chilli sin carne.","_links":{"self":[{"href":"https:\/\/www.v-label.com\/cs\/wp-json\/wp\/v2\/pages\/11798","targetHints":{"allow":["GET"]}}],"collection":[{"href":"https:\/\/www.v-label.com\/cs\/wp-json\/wp\/v2\/pages"}],"about":[{"href":"https:\/\/www.v-label.com\/cs\/wp-json\/wp\/v2\/types\/page"}],"author":[{"embeddable":true,"href":"https:\/\/www.v-label.com\/cs\/wp-json\/wp\/v2\/users\/5"}],"replies":[{"embeddable":true,"href":"https:\/\/www.v-label.com\/cs\/wp-json\/wp\/v2\/comments?post=11798"}],"version-history":[{"count":1,"href":"https:\/\/www.v-label.com\/cs\/wp-json\/wp\/v2\/pages\/11798\/revisions"}],"predecessor-version":[{"id":12208,"href":"https:\/\/www.v-label.com\/cs\/wp-json\/wp\/v2\/pages\/11798\/revisions\/12208"}],"up":[{"embeddable":true,"href":"https:\/\/www.v-label.com\/cs\/wp-json\/wp\/v2\/pages\/8513"}],"wp:featuredmedia":[{"embeddable":true,"href":"https:\/\/www.v-label.com\/cs\/wp-json\/wp\/v2\/media\/17214"}],"wp:attachment":[{"href":"https:\/\/www.v-label.com\/cs\/wp-json\/wp\/v2\/media?parent=11798"}],"wp:term":[{"taxonomy":"category","embeddable":true,"href":"https:\/\/www.v-label.com\/cs\/wp-json\/wp\/v2\/categories?post=11798"},{"taxonomy":"post_tag","embeddable":true,"href":"https:\/\/www.v-label.com\/cs\/wp-json\/wp\/v2\/tags?post=11798"}],"curies":[{"name":"wp","href":"https:\/\/api.w.org\/{rel}","templated":true}]}}