{"id":11820,"date":"2022-09-13T11:07:09","date_gmt":"2022-09-13T09:07:09","guid":{"rendered":"https:\/\/www.v-label.com\/general-information\/certified-products\/beverages\/"},"modified":"2022-12-17T12:30:02","modified_gmt":"2022-12-17T11:30:02","slug":"beverages","status":"publish","type":"page","link":"https:\/\/www.v-label.com\/cs\/general-information\/certified-products\/beverages\/","title":{"rendered":"N\u00e1poje"},"content":{"rendered":"\n<p>D\u00e1vejte pozor na skryt\u00e9 \u017eivo\u010di\u0161n\u00e9 slo\u017eky ve va\u0161em obl\u00edben\u00e9m n\u00e1poji! Zjist\u011bte, kter\u00e9 d\u017eusy neobsahuj\u00ed nevegansk\u00fd vitam\u00edn D3 a kter\u00e1 v\u00edna nejsou \u010di\u0159en\u00e1 \u017eivo\u010di\u0161n\u00fdmi b\u00edlkovinami.<\/p>\n\n\n\n<div class=\"wp-block-columns are-vertically-aligned-center is-layout-flex wp-container-core-columns-is-layout-9d6595d7 wp-block-columns-is-layout-flex\">\n<div class=\"wp-block-column is-vertically-aligned-center is-layout-flow wp-block-column-is-layout-flow\">\n<figure class=\"wp-block-image aligncenter size-medium\"><a href=\"https:\/\/www.coca-colahellenic.com\/en\/our-24-7-portfolio\/plant-based\/adez\" target=\"_blank\" rel=\"noreferrer noopener\"><img decoding=\"async\" width=\"300\" height=\"131\" src=\"https:\/\/www.v-label.com\/wp-content\/uploads\/2022\/12\/adez-300x131.png\" alt=\"\" class=\"wp-image-12379\" srcset=\"https:\/\/www.v-label.com\/wp-content\/uploads\/2022\/12\/adez-300x131.png 300w, https:\/\/www.v-label.com\/wp-content\/uploads\/2022\/12\/adez-500x218.png 500w, https:\/\/www.v-label.com\/wp-content\/uploads\/2022\/12\/adez.png 600w\" sizes=\"(max-width: 300px) 100vw, 300px\" \/><\/a><\/figure>\n<\/div>\n\n\n\n<div class=\"wp-block-column is-vertically-aligned-center is-layout-flow wp-block-column-is-layout-flow\">\n<figure class=\"wp-block-image aligncenter size-medium\"><a href=\"https:\/\/nekava.cz\/e-shop\/\" target=\"_blank\" rel=\"noreferrer noopener\"><img decoding=\"async\" width=\"300\" height=\"300\" src=\"https:\/\/www.v-label.com\/wp-content\/uploads\/2022\/12\/nekava-300x300.png\" alt=\"\" class=\"wp-image-12399\" srcset=\"https:\/\/www.v-label.com\/wp-content\/uploads\/2022\/12\/nekava-300x300.png 300w, https:\/\/www.v-label.com\/wp-content\/uploads\/2022\/12\/nekava-500x500.png 500w, https:\/\/www.v-label.com\/wp-content\/uploads\/2022\/12\/nekava.png 600w\" sizes=\"(max-width: 300px) 100vw, 300px\" \/><\/a><\/figure>\n<\/div>\n\n\n\n<div class=\"wp-block-column is-vertically-aligned-center is-layout-flow wp-block-column-is-layout-flow\">\n<figure class=\"wp-block-image aligncenter size-medium\"><a href=\"https:\/\/www.spiralps.cz\/\" target=\"_blank\" rel=\"noreferrer noopener\"><img decoding=\"async\" width=\"300\" height=\"86\" src=\"https:\/\/www.v-label.com\/wp-content\/uploads\/2022\/12\/spiralps-logo-175x49-1-300x86.png\" alt=\"\" class=\"wp-image-12419\" srcset=\"https:\/\/www.v-label.com\/wp-content\/uploads\/2022\/12\/spiralps-logo-175x49-1-300x86.png 300w, https:\/\/www.v-label.com\/wp-content\/uploads\/2022\/12\/spiralps-logo-175x49-1-500x143.png 500w, https:\/\/www.v-label.com\/wp-content\/uploads\/2022\/12\/spiralps-logo-175x49-1.png 600w\" sizes=\"(max-width: 300px) 100vw, 300px\" \/><\/a><\/figure>\n<\/div>\n<\/div>\n","protected":false},"excerpt":{"rendered":"<p>D\u00e1vejte pozor na skryt\u00e9 \u017eivo\u010di\u0161n\u00e9 slo\u017eky ve va\u0161em obl\u00edben\u00e9m n\u00e1poji! Zjist\u011bte, kter\u00e9 d\u017eusy neobsahuj\u00ed nevegansk\u00fd vitam\u00edn D3 a kter\u00e1 v\u00edna nejsou \u010di\u0159en\u00e1 \u017eivo\u010di\u0161n\u00fdmi b\u00edlkovinami.<\/p>\n","protected":false},"author":5,"featured_media":17294,"parent":8513,"menu_order":0,"comment_status":"closed","ping_status":"closed","template":"","meta":{"_acf_changed":false,"_editorskit_title_hidden":false,"_editorskit_reading_time":0,"_editorskit_is_block_options_detached":false,"_editorskit_block_options_position":"{}","inline_featured_image":false,"_uag_custom_page_level_css":"","footnotes":""},"categories":[],"tags":[],"class_list":["post-11820","page","type-page","status-publish","has-post-thumbnail","hentry"],"acf":[],"uagb_featured_image_src":{"full":["https:\/\/www.v-label.com\/wp-content\/uploads\/2022\/12\/beverages-1280.jpg",1280,853,false],"thumbnail":["https:\/\/www.v-label.com\/wp-content\/uploads\/2022\/12\/beverages-1280-500x333.jpg",500,333,true],"medium":["https:\/\/www.v-label.com\/wp-content\/uploads\/2022\/12\/beverages-1280-300x200.jpg",300,200,true],"medium_large":["https:\/\/www.v-label.com\/wp-content\/uploads\/2022\/12\/beverages-1280-768x512.jpg",768,512,true],"large":["https:\/\/www.v-label.com\/wp-content\/uploads\/2022\/12\/beverages-1280-1024x682.jpg",1024,682,true],"1536x1536":["https:\/\/www.v-label.com\/wp-content\/uploads\/2022\/12\/beverages-1280.jpg",1280,853,false],"2048x2048":["https:\/\/www.v-label.com\/wp-content\/uploads\/2022\/12\/beverages-1280.jpg",1280,853,false],"preview":["https:\/\/www.v-label.com\/wp-content\/uploads\/2022\/12\/beverages-1280-904x720.jpg",904,720,true],"header":["https:\/\/www.v-label.com\/wp-content\/uploads\/2022\/12\/beverages-1280-1280x720.jpg",1280,720,true],"gform-image-choice-sm":["https:\/\/www.v-label.com\/wp-content\/uploads\/2022\/12\/beverages-1280.jpg",300,200,false],"gform-image-choice-md":["https:\/\/www.v-label.com\/wp-content\/uploads\/2022\/12\/beverages-1280.jpg",400,267,false],"gform-image-choice-lg":["https:\/\/www.v-label.com\/wp-content\/uploads\/2022\/12\/beverages-1280.jpg",600,400,false]},"uagb_author_info":{"display_name":"Can Aslan","author_link":"https:\/\/www.v-label.com\/cs"},"uagb_comment_info":0,"uagb_excerpt":"D\u00e1vejte pozor na skryt\u00e9 \u017eivo\u010di\u0161n\u00e9 slo\u017eky ve va\u0161em obl\u00edben\u00e9m n\u00e1poji! Zjist\u011bte, kter\u00e9 d\u017eusy neobsahuj\u00ed nevegansk\u00fd vitam\u00edn D3 a kter\u00e1 v\u00edna nejsou \u010di\u0159en\u00e1 \u017eivo\u010di\u0161n\u00fdmi b\u00edlkovinami.","_links":{"self":[{"href":"https:\/\/www.v-label.com\/cs\/wp-json\/wp\/v2\/pages\/11820","targetHints":{"allow":["GET"]}}],"collection":[{"href":"https:\/\/www.v-label.com\/cs\/wp-json\/wp\/v2\/pages"}],"about":[{"href":"https:\/\/www.v-label.com\/cs\/wp-json\/wp\/v2\/types\/page"}],"author":[{"embeddable":true,"href":"https:\/\/www.v-label.com\/cs\/wp-json\/wp\/v2\/users\/5"}],"replies":[{"embeddable":true,"href":"https:\/\/www.v-label.com\/cs\/wp-json\/wp\/v2\/comments?post=11820"}],"version-history":[{"count":1,"href":"https:\/\/www.v-label.com\/cs\/wp-json\/wp\/v2\/pages\/11820\/revisions"}],"predecessor-version":[{"id":12439,"href":"https:\/\/www.v-label.com\/cs\/wp-json\/wp\/v2\/pages\/11820\/revisions\/12439"}],"up":[{"embeddable":true,"href":"https:\/\/www.v-label.com\/cs\/wp-json\/wp\/v2\/pages\/8513"}],"wp:featuredmedia":[{"embeddable":true,"href":"https:\/\/www.v-label.com\/cs\/wp-json\/wp\/v2\/media\/17294"}],"wp:attachment":[{"href":"https:\/\/www.v-label.com\/cs\/wp-json\/wp\/v2\/media?parent=11820"}],"wp:term":[{"taxonomy":"category","embeddable":true,"href":"https:\/\/www.v-label.com\/cs\/wp-json\/wp\/v2\/categories?post=11820"},{"taxonomy":"post_tag","embeddable":true,"href":"https:\/\/www.v-label.com\/cs\/wp-json\/wp\/v2\/tags?post=11820"}],"curies":[{"name":"wp","href":"https:\/\/api.w.org\/{rel}","templated":true}]}}