{"id":39513,"date":"2022-05-24T16:39:56","date_gmt":"2022-05-24T14:39:56","guid":{"rendered":"https:\/\/www.v-label.com\/?page_id=39513"},"modified":"2022-12-27T16:43:48","modified_gmt":"2022-12-27T15:43:48","slug":"data-privacy","status":"publish","type":"page","link":"https:\/\/www.v-label.com\/cs\/data-privacy\/","title":{"rendered":"Ochrana Osobn\u00edch \u00dadaj\u016f"},"content":{"rendered":"\n<p>Tato webov\u00e1 str\u00e1nka je neust\u00e1le v provozu a u\u017eivatel\u00e9 nemus\u00ed uv\u00e1d\u011bt \u017e\u00e1dn\u00e9 osobn\u00ed informace. Pokud jsou na t\u00e9to str\u00e1nce shroma\u017e\u010fov\u00e1ny n\u011bjak\u00e9 osobn\u00ed \u00fadaje, byly poskytnuty dobrovoln\u011b. Osobn\u00ed \u00fadaje nebudou zve\u0159ejn\u011bny t\u0159et\u00ed stran\u011b, pokud k tomu u\u017eivatel neposkytne vysloven\u00fd souhlas.<\/p>\n\n\n\n<p>Pokud jsou na t\u00e9to str\u00e1nce shroma\u017e\u010fov\u00e1ny osobn\u00ed \u00fadaje, v\u017edy spadaj\u00fa pod \u0161v\u00fdcarsk\u00fd z\u00e1kon na ochranu osobn\u00edch \u00fadaj\u016f. Pokud jsou shroma\u017e\u010fov\u00e1ny osobn\u00ed \u00fadaje, toto vyhl\u00e1\u0161en\u00ed o ochran\u011b osobn\u00edch \u00fadaj\u016f poskytne informace o povaze, rozsahu a \u00fa\u010delu shroma\u017e\u010fov\u00e1n\u00ed a pou\u017eit\u00ed osobn\u00edch \u00fadaj\u016f.<\/p>\n\n\n\n<p>Navzdory najvy\u0161\u0161\u00ed snaze o ochranu va\u0161ich \u00fadaj\u016f, p\u0159enos p\u0159es internet v\u017edy p\u0159edstavuje ur\u010dit\u00e9 riziko z d\u016fvodu bezpe\u010dnostn\u00edch mezer. Je proto nemo\u017en\u00e9 zabezpe\u010di\u0165 absolutn\u00ed a nepretr\u017eitou ochranu osobn\u00edch \u00fadaj\u016f.<\/p>\n\n\n\n<h2 class=\"has-text-align-center wp-block-heading\">P\u0159enos \u00fadaj\u016f (serverov\u00e9 z\u00e1znamy)<\/h2>\n\n\n\n<p>Jakmile vstoup\u00edte na na\u0161i str\u00e1nku, \u00fadaje jsou automaticky p\u0159esm\u011brov\u00e1ny z va\u0161eho prohl\u00ed\u017ee\u010de na n\u00e1\u0161 server. Tyto \u00fadaje zahrnuj\u00ed anonymn\u00ed p\u0159\u00edstupov\u00e9 \u00fadaje jako datum a \u010das, typ prohl\u00ed\u017ee\u010de, mno\u017estv\u00ed\/druh prohl\u00ed\u017een\u00fdch \u00fadaj\u016f a va\u0161i IP adresu. Tyto \u00fadaje jsou ukl\u00e1dan\u00fd odd\u011blen\u011b od ostatn\u00edch \u00fadaj\u016f shrom\u00e1\u017ed\u011bn\u00fdch po\u010das n\u00e1v\u0161t\u011bvy webov\u00e9 str\u00e1nky. Tyto \u00fadaje neumo\u017e\u0148uj\u00ed identifikaci konkr\u00e9tn\u00ed osoby, t\u00fdkaj\u00ed se v\u00fdlu\u010dn\u011b p\u0159ihl\u00e1\u0161en\u00fdch u\u017eivatel\u016f a jsou zpracov\u00e1v\u00e1ny ze \u0161tatistick\u00fdch d\u016fvod\u016f. Po jejich vyhodnocen\u00ed budou \u00fadaje vymaz\u00e1ny.<\/p>\n\n\n\n<h2 class=\"has-text-align-center wp-block-heading\">Cookies<\/h2>\n\n\n\n<p>Na na\u0161i webov\u00e9 str\u00e1nce pou\u017e\u00edv\u00e1me soubory cookies, abychom zabezpe\u010dili kvalitu a roz\u0161\u00ed\u0159ili funk\u010dn\u00ed obsah, kter\u00fd nab\u00edz\u00edme na internetu. Cookies jsou textov\u00e9 soubory, kter\u00e9 se ukl\u00e1daj\u00ed ve va\u0161em po\u010d\u00edta\u010di a pou\u017e\u00edvaj\u00ed se na zji\u0161t\u011bn\u00ed po\u010dtu n\u00e1v\u0161t\u011bv jednotliv\u00fdch str\u00e1nek. Tyto informace pou\u017e\u00edv\u00e1me v\u00fdlu\u010dn\u011b na zlep\u0161en\u00ed na\u0161i webov\u00e9 str\u00e1nky.<\/p>\n\n\n\n<h2 class=\"has-text-align-center wp-block-heading\">Osobn\u00ed \u00fadaje<\/h2>\n\n\n\n<p>V nevyhnutn\u00e9m rozsahu pou\u017e\u00edv\u00e1me a shroma\u017e\u010fujeme va\u0161i osobn\u00ed \u00fadaje za \u00fa\u010delem z\u0159\u00edzen\u00ed, tvo\u0159en\u00ed obsahu nebo \u00fapravy smluvn\u00edho vztahu mezi n\u00e1mi.<\/p>\n\n\n\n<p>Tyto \u00fadaje nejsou b\u011b\u017en\u011b sd\u00edlen\u00e9 s t\u0159et\u00edmi stranami, jako ani \u017e\u00e1dn\u00e9 jin\u00e9 souvisej\u00edc\u00ed informace. Na p\u0159\u00edkaz p\u0159\u00edslu\u0161n\u00fdch org\u00e1n\u016f jsme povinni poskytnout osobn\u00ed \u00fadaje v nezbytn\u00e9m rozsahu v p\u0159\u00edpad\u011b trestn\u00edho st\u00edh\u00e1n\u00ed nebo obhajoby nebo pln\u011bn\u00ed dal\u0161\u00edch \u00fakon\u016f vypl\u00fdvaj\u00edc\u00edch ze z\u00e1kona.<\/p>\n\n\n\n<h2 class=\"has-text-align-center wp-block-heading\">Pou\u017eit\u00ed \u00fadaj\u016f<\/h2>\n\n\n\n<p>Shroma\u017e\u010fujeme a pou\u017e\u00edv\u00e1me va\u0161e \u201e\u00fadaje o pou\u017e\u00edv\u00e1n\u00ed\u201c v nezbytn\u00e9m rozsahu. \u00dadaje o pou\u017e\u00edv\u00e1n\u00ed jsou \u00fadaje, kter\u00e9 v\u00e1m umo\u017e\u0148uj\u00ed vyu\u017e\u00edvat na\u0161i internetovou nab\u00eddku a t\u00e9\u017e se pou\u017e\u00edvaj\u00ed na \u00fa\u010dely fakturace. Tyto \u00fadaje n\u00e1m poskytuj\u00ed informace nejenom o \u010dasu a rozsahu va\u0161eho u\u017e\u00edv\u00e1n\u00ed, ale t\u00e9\u017e va\u0161i identifika\u010dn\u00ed \u00fadaje.<\/p>\n\n\n\n<p>Podot\u00fdk\u00e1me, \u017ee m\u00e1me povolen\u00ed tvo\u0159it u\u017eivatelsk\u00e9 profily \u2013 tj. shroma\u017e\u010fov\u00e1n\u00ed \u00fadaj\u016f o va\u0161ich minul\u00fdch n\u00e1v\u0161tev\u00e1ch na\u0161eho webu \u2013 z d\u016fvodu propagace, pr\u016fzkumu trhu a webov\u00e9 optimalizace. Tyto profily neobsahuj\u00ed \u017e\u00e1dnou osobn\u00ed identifikaci a nejsou prepojen\u00e9 s jin\u00fdmi \u00fadaji, kter\u00e9 shroma\u017e\u010fujeme. To znamen\u00e1, \u017ee spojen\u00edm r\u016fzn\u00fdch \u00fadaj\u016f nemohou b\u00fdt identifikov\u00e1ny konkr\u00e9tn\u00ed osoby. M\u00e1te pr\u00e1vo zru\u0161i\u0165 souhlas s t\u00edmto pou\u017eit\u00edm \u00fadaj\u016f.<\/p>\n\n\n\n<h2 class=\"has-text-align-center wp-block-heading\">Objedn\u00e1n\u00ed newsletteru<\/h2>\n\n\n\n<p>Pokud si objedn\u00e1te newsletter, kter\u00fd nab\u00edz\u00edme na na\u0161i str\u00e1nce, budeme od v\u00e1s po\u017eadovat va\u0161i e-mailovou adresu a ulo\u017e\u00edme va\u0161i IP adresu. \u017d\u00e1dn\u00e9 jin\u00e9 \u00fadaje neulo\u017e\u00edme. \u00dadaje budou pou\u017eity v\u00fdlu\u010dn\u011b za \u00fa\u010delem odesl\u00e1n\u00ed po\u017eadovan\u00fd informace a nebudou zp\u0159\u00edstupn\u011bny t\u0159et\u00edm stran\u00e1m.<\/p>\n\n\n\n<p>M\u00e1te pr\u00e1vo kdykoliv st\u00e1hnout souhlas s ukl\u00e1d\u00e1n\u00edm va\u0161ich \u00fadaj\u016f a e-mailov\u00e9 adresy jako i se zas\u00edl\u00e1n\u00edm newsletteru. M\u016f\u017eete tak u\u010dinit nap\u0159. prost\u0159ednictv\u00edm odkazu na odhl\u00e1\u0161en\u00ed, kter\u00fd je uveden v ka\u017ed\u00e9m newsletteru.<\/p>\n\n\n\n<h2 class=\"has-text-align-center wp-block-heading\">Pr\u00e1vo na informace<\/h2>\n\n\n\n<p>Nezapome\u0148te, \u017ee m\u00e1te pr\u00e1vo po\u017e\u00e1dat n\u00e1s o informace o povaze a zp\u016fsobu ulo\u017een\u00ed va\u0161ich \u00fadaj\u016f a v p\u0159\u00edpad\u011b, \u017ee jsou \u00fadaje nespr\u00e1vn\u00e9, m\u016f\u017eete \u017e\u00e1dat jejich uzamknut\u00ed, vymaz\u00e1n\u00ed nebo n\u00e1pravu. Takov\u00e9 informace jsou poskytov\u00e1ny po telefonu nebo e-mailem.<\/p>\n\n\n\n<h2 class=\"has-text-align-center wp-block-heading\">Dodatky k vyhl\u00e1\u0161en\u00ed o ochran\u011b osobn\u00edch \u00fadaj\u016f<\/h2>\n\n\n\n<p>V p\u0159\u00edpad\u011b, \u017ee vyhl\u00e1\u0161en\u00ed o ochran\u011b osobn\u00edch \u00fadaj\u016f bude v budoucnosti dopln\u011bno, dodatky budou zve\u0159ejn\u011bny na t\u00e9to webov\u00e9 str\u00e1nce.<\/p>\n\n\n\n<h2 class=\"has-text-align-center wp-block-heading\">Vyhl\u00e1\u0161en\u00ed o ochran\u011b osobn\u00edch \u00fadaj\u016f \u2013 Google Analytics<\/h2>\n\n\n\n<p>Na\u0161e str\u00e1nka vyu\u017e\u00edv\u00e1 slu\u017eby poskytov\u00e1ny Google Analytics, webovou slu\u017ebou spole\u010dnosti Google Inc. Anal\u00fdzu na\u0161i str\u00e1nky umo\u017e\u0148uj\u00ed sobory \u201ecookies\u201c, ukl\u00e1dan\u00fd ve va\u0161em po\u010d\u00edta\u010di, kter\u00e9 generuj\u00ed informace o va\u0161em chov\u00e1n\u00ed a pos\u00edlaj\u00ed \u00fadaje spolo\u010dnosti Google Inc. Za norm\u00e1ln\u00edch okolnost\u00ed je spolo\u010dnosti Google Inc. zas\u00edlan\u00e1 zkr\u00e1cen\u00e1 verze va\u0161i IP adresy, v d\u016fvodn\u00fdch p\u0159\u00edpadech pln\u00ed adresa. Google pou\u017e\u00edv\u00e1 tyto informace v na\u0161em jm\u00e9nu, aby vytvo\u0159il zpr\u00e1vu o chov\u00e1n\u00ed u\u017eivatel\u016f na na\u0161i str\u00e1nce. IP adresa identifikovan\u00e1 Google Analytic nen\u00ed propojena se \u017e\u00e1dn\u00fdmi jin\u00fdmi \u00fadaji spole\u010dnosti Google. Pokud nechcete ve va\u0161em po\u010d\u00edta\u010di ukl\u00e1dat soubory cookies, m\u016f\u017eete zm\u011bnit nastaven\u00ed va\u0161eho prohl\u00ed\u017ee\u010de, co v\u0161ak m\u016f\u017ee m\u00edt za n\u00e1sledek, \u017ee nebudete moci pln\u011b vyu\u017e\u00edvat na\u0161i str\u00e1nku.<\/p>\n\n\n\n<p>Pokud nebyla IP adresa anonymizov\u00e1na (IP maskov\u00e1n\u00ed) pomoci k\u00f3du \u201cgat._anonymizeIp ( ) ;\u201d, shroma\u017e\u010fov\u00e1n\u00ed \u00fadaj\u016f je vykon\u00e1v\u00e1no v souladu s platn\u00fdmi pr\u00e1vn\u00edmi predpisy uveden\u00fdmi v Spolkov\u00e9m z\u00e1kon\u016f o ochran\u011b \u00fadaj\u016f a podm\u00ednek pou\u017e\u00edv\u00e1n\u00ed spole\u010dnosti Google, co\u017e znamen\u00e1, \u017ee p\u0159epos\u00edl\u00e1n\u00ed osobn\u00edch \u00fadaj\u016f spole\u010dnosti Google nen\u00ed povoleno.<\/p>\n\n\n\r\n<section id=\"cta-block_b456ff778941fd046aac23f0a8b8c412\" class=\"wp-block-cta alignfull aligncenter\" style=\"background-image: url(https:\/\/www.v-label.com\/wp-content\/uploads\/2022\/09\/cta-kontakt2.jpeg);\">\r\n\t<div class=\"row\">\r\n\t\t<div class=\"medium-8 medium-centered column\">\r\n\t\t\t\t\t\t\t<h2>Spojte se s n\u00e1mi!<\/h2>\r\n\t\t\t\t\t\t\t\t\t\t<p><p>Spojte se s jedn\u00edm z na\u0161ich kontakt\u016f a z\u00edskejte odpov\u011bdi na va\u0161e ot\u00e1zky! Pokud chcete z\u00edskat v\u00edce informac\u00ed o V-Label nebo m\u00e1te n\u011bjak\u00e9 dal\u0161\u00ed dotazy, nev\u00e1hejte se na n\u00e1s obr\u00e1tit.<\/p>\n<\/p>\r\n\t\t\t\r\n\t\t\t<div class=\"wp-block-buttons\">\r\n\t\t\t\t\t\t\t\t\t\t<a href=\"https:\/\/www.v-label.com\/get-in-touch\/\" class=\"wp-block-button__link\">Spojte se s n\u00e1mi<\/a>\r\n\t\t\t\t\t\t\t\t\t\t\t\t<\/div>\r\n\r\n\t\t<\/div>\r\n\t<\/div>\r\n<\/section>","protected":false},"excerpt":{"rendered":"<p>Tato webov\u00e1 str\u00e1nka je neust\u00e1le v provozu a u\u017eivatel\u00e9 nemus\u00ed uv\u00e1d\u011bt \u017e\u00e1dn\u00e9 osobn\u00ed informace. Pokud jsou na t\u00e9to str\u00e1nce shroma\u017e\u010fov\u00e1ny n\u011bjak\u00e9 osobn\u00ed \u00fadaje, byly poskytnuty dobrovoln\u011b. Osobn\u00ed \u00fadaje nebudou zve\u0159ejn\u011bny t\u0159et\u00ed stran\u011b, pokud k tomu u\u017eivatel neposkytne vysloven\u00fd souhlas. Pokud jsou na t\u00e9to str\u00e1nce shroma\u017e\u010fov\u00e1ny osobn\u00ed \u00fadaje, v\u017edy spadaj\u00fa pod \u0161v\u00fdcarsk\u00fd z\u00e1kon na ochranu osobn\u00edch [&hellip;]<\/p>\n","protected":false},"author":5,"featured_media":17791,"parent":0,"menu_order":0,"comment_status":"closed","ping_status":"closed","template":"","meta":{"_acf_changed":false,"_editorskit_title_hidden":false,"_editorskit_reading_time":0,"_editorskit_is_block_options_detached":false,"_editorskit_block_options_position":"{}","inline_featured_image":false,"_uag_custom_page_level_css":"","footnotes":""},"categories":[],"tags":[],"class_list":["post-39513","page","type-page","status-publish","has-post-thumbnail","hentry"],"acf":[],"uagb_featured_image_src":{"full":["https:\/\/www.v-label.com\/wp-content\/uploads\/2022\/12\/v-label-customer-area-1.jpg",1000,610,false],"thumbnail":["https:\/\/www.v-label.com\/wp-content\/uploads\/2022\/12\/adobestock-199227716-preview-500x305.jpeg",500,305,true],"medium":["https:\/\/www.v-label.com\/wp-content\/uploads\/2022\/12\/adobestock-199227716-preview-300x183.jpeg",300,183,true],"medium_large":["https:\/\/www.v-label.com\/wp-content\/uploads\/2022\/12\/adobestock-199227716-preview-768x468.jpeg",768,468,true],"large":["https:\/\/www.v-label.com\/wp-content\/uploads\/2022\/12\/v-label-customer-area-1.jpg",1000,610,false],"1536x1536":["https:\/\/www.v-label.com\/wp-content\/uploads\/2022\/12\/v-label-customer-area-1.jpg",1000,610,false],"2048x2048":["https:\/\/www.v-label.com\/wp-content\/uploads\/2022\/12\/v-label-customer-area-1.jpg",1000,610,false],"preview":["https:\/\/www.v-label.com\/wp-content\/uploads\/2022\/12\/adobestock-199227716-preview-904x610.jpeg",904,610,true],"header":["https:\/\/www.v-label.com\/wp-content\/uploads\/2022\/12\/v-label-customer-area-1.jpg",1000,610,false],"gform-image-choice-sm":["https:\/\/www.v-label.com\/wp-content\/uploads\/2022\/12\/v-label-customer-area-1.jpg",300,183,false],"gform-image-choice-md":["https:\/\/www.v-label.com\/wp-content\/uploads\/2022\/12\/v-label-customer-area-1.jpg",400,244,false],"gform-image-choice-lg":["https:\/\/www.v-label.com\/wp-content\/uploads\/2022\/12\/v-label-customer-area-1.jpg",600,366,false]},"uagb_author_info":{"display_name":"Can Aslan","author_link":"https:\/\/www.v-label.com\/cs"},"uagb_comment_info":0,"uagb_excerpt":"Tato webov\u00e1 str\u00e1nka je neust\u00e1le v provozu a u\u017eivatel\u00e9 nemus\u00ed uv\u00e1d\u011bt \u017e\u00e1dn\u00e9 osobn\u00ed informace. Pokud jsou na t\u00e9to str\u00e1nce shroma\u017e\u010fov\u00e1ny n\u011bjak\u00e9 osobn\u00ed \u00fadaje, byly poskytnuty dobrovoln\u011b. Osobn\u00ed \u00fadaje nebudou zve\u0159ejn\u011bny t\u0159et\u00ed stran\u011b, pokud k tomu u\u017eivatel neposkytne vysloven\u00fd souhlas. Pokud jsou na t\u00e9to str\u00e1nce shroma\u017e\u010fov\u00e1ny osobn\u00ed \u00fadaje, v\u017edy spadaj\u00fa pod \u0161v\u00fdcarsk\u00fd z\u00e1kon na ochranu osobn\u00edch&hellip;","_links":{"self":[{"href":"https:\/\/www.v-label.com\/cs\/wp-json\/wp\/v2\/pages\/39513","targetHints":{"allow":["GET"]}}],"collection":[{"href":"https:\/\/www.v-label.com\/cs\/wp-json\/wp\/v2\/pages"}],"about":[{"href":"https:\/\/www.v-label.com\/cs\/wp-json\/wp\/v2\/types\/page"}],"author":[{"embeddable":true,"href":"https:\/\/www.v-label.com\/cs\/wp-json\/wp\/v2\/users\/5"}],"replies":[{"embeddable":true,"href":"https:\/\/www.v-label.com\/cs\/wp-json\/wp\/v2\/comments?post=39513"}],"version-history":[{"count":2,"href":"https:\/\/www.v-label.com\/cs\/wp-json\/wp\/v2\/pages\/39513\/revisions"}],"predecessor-version":[{"id":39545,"href":"https:\/\/www.v-label.com\/cs\/wp-json\/wp\/v2\/pages\/39513\/revisions\/39545"}],"wp:featuredmedia":[{"embeddable":true,"href":"https:\/\/www.v-label.com\/cs\/wp-json\/wp\/v2\/media\/17791"}],"wp:attachment":[{"href":"https:\/\/www.v-label.com\/cs\/wp-json\/wp\/v2\/media?parent=39513"}],"wp:term":[{"taxonomy":"category","embeddable":true,"href":"https:\/\/www.v-label.com\/cs\/wp-json\/wp\/v2\/categories?post=39513"},{"taxonomy":"post_tag","embeddable":true,"href":"https:\/\/www.v-label.com\/cs\/wp-json\/wp\/v2\/tags?post=39513"}],"curies":[{"name":"wp","href":"https:\/\/api.w.org\/{rel}","templated":true}]}}