{"id":7890,"date":"2022-05-30T16:16:14","date_gmt":"2022-05-30T14:16:14","guid":{"rendered":"https:\/\/www.v-label.com\/info-for-producers\/"},"modified":"2024-07-09T14:38:21","modified_gmt":"2024-07-09T12:38:21","slug":"info-for-producers","status":"publish","type":"page","link":"https:\/\/www.v-label.com\/cs\/info-for-producers\/","title":{"rendered":"Informace pro v\u00fdrobce"},"content":{"rendered":"\n<p>Zn\u00e1mku V-Label, kter\u00e1 je symbolem kvality pro vegansk\u00e9 a vegetari\u00e1nsk\u00e9 v\u00fdrobky a slu\u017eby, nese v\u00edce ne\u017e 70.000 produkt\u016f od v\u00edce ne\u017e 4.800 v\u00fdrobc\u016f. D\u00edky t\u00e9to mezin\u00e1rodn\u011b uzn\u00e1van\u00e9 zna\u010dce mohou z\u00e1kazn\u00edci po cel\u00e9m sv\u011bt\u011b identifikovat rostlinn\u00e9 v\u00fdrobky na prvn\u00ed pohled.<\/p>\n\n\n\n<h3 class=\"wp-block-heading has-text-align-center has-greenlightultra-background-color has-background\">Pokud jste v\u00fdrobce, zde jsou d\u016fvody, pro\u010d zv\u00e1\u017eit certifikaci va\u0161ich produkt\u016f:<\/h3>\n\n\n\n<p><strong>Z\u00edskejte nov\u00e9 trhy. <\/strong>Vzhledem k tomu, \u017ee v zem\u00edch jako je N\u011bmecko, \u0160pan\u011blsko \u010di Polsko se polovina populace pova\u017euje za flexitari\u00e1ny, existuje r\u016fznorod\u00e1 a rychle rostouc\u00ed z\u00e1kladna z\u00e1kazn\u00edk\u016f, kter\u00e1 vyhled\u00e1v\u00e1 vegansk\u00e9 a vegetari\u00e1nsk\u00e9 v\u00fdrobky z r\u016fzn\u00fdch d\u016fvod\u016f od zdravotn\u00edch a\u017e po etick\u00e9.<\/p>\n\n\n\n<p><strong>Zvy\u0161te svou viditelnost. <\/strong>Dosta\u0148te sv\u00e9 v\u00fdrobky p\u0159ed zraky lid\u00ed a usnadn\u011bte jim v\u00fdb\u011br p\u0159i nakupov\u00e1n\u00ed pomoc\u00ed d\u016fv\u011bryhodn\u00e9ho a uzn\u00e1van\u00e9ho symbolu.<\/p>\n\n\n\n<p><strong>Z\u00edskejte d\u016fv\u011bru. <\/strong>Nen\u00ed t\u0159eba dod\u00e1vat v\u00edce. V-Label to \u0159ekne za v\u00e1s. Jeho reputace a uzn\u00e1n\u00ed jako profesion\u00e1ln\u00ed, nez\u00e1visl\u00e9 zn\u00e1mky kvality a l\u00eddra na trhu prod\u00e1v\u00e1.<\/p>\n\n\n\n<div class=\"wp-block-buttons alignwide is-content-justification-center is-layout-flex wp-container-core-buttons-is-layout-16018d1d wp-block-buttons-is-layout-flex\">\n<div class=\"wp-block-button\"><a class=\"wp-block-button__link wp-element-button\" href=\"https:\/\/www.v-label.com\/cs\/for-business\/get-certified\/\" rel=\"noopener\">Z\u00edskejte certifikaci<\/a><\/div>\n\n\n\n<div class=\"wp-block-button\"><a class=\"wp-block-button__link wp-element-button\" href=\"https:\/\/www.v-label.com\/cs\/for-business\/benefits\/\">Objevte dal\u0161\u00ed v\u00fdhdy<\/a><\/div>\n<\/div>\n\n\n\n<div class=\"wp-block-columns are-vertically-aligned-center is-layout-flex wp-container-core-columns-is-layout-9d6595d7 wp-block-columns-is-layout-flex\">\n<div class=\"wp-block-column is-vertically-aligned-center is-layout-flow wp-block-column-is-layout-flow\">\n<figure class=\"wp-block-image size-full\"><img decoding=\"async\" width=\"720\" height=\"482\" src=\"https:\/\/www.v-label.com\/wp-content\/uploads\/2022\/09\/b2b-info-page-1.webp\" alt=\"\" class=\"wp-image-876\" srcset=\"https:\/\/www.v-label.com\/wp-content\/uploads\/2022\/09\/b2b-info-page-1.webp 720w, https:\/\/www.v-label.com\/wp-content\/uploads\/2022\/09\/b2b-info-page-1-300x201.webp 300w\" sizes=\"(max-width: 720px) 100vw, 720px\" \/><\/figure>\n<\/div>\n\n\n\n<div class=\"wp-block-column is-vertically-aligned-center is-layout-flow wp-block-column-is-layout-flow\">\n<figure class=\"wp-block-image size-full\"><img decoding=\"async\" width=\"720\" height=\"497\" src=\"https:\/\/www.v-label.com\/wp-content\/uploads\/2022\/09\/b2b-info-page-2.webp\" alt=\"\" class=\"wp-image-879\" srcset=\"https:\/\/www.v-label.com\/wp-content\/uploads\/2022\/09\/b2b-info-page-2.webp 720w, https:\/\/www.v-label.com\/wp-content\/uploads\/2022\/09\/b2b-info-page-2-300x207.webp 300w\" sizes=\"(max-width: 720px) 100vw, 720px\" \/><\/figure>\n<\/div>\n\n\n\n<div class=\"wp-block-column is-vertically-aligned-center is-layout-flow wp-block-column-is-layout-flow\">\n<figure class=\"wp-block-image size-full\"><img decoding=\"async\" width=\"720\" height=\"482\" src=\"https:\/\/www.v-label.com\/wp-content\/uploads\/2022\/09\/b2b-info-page-3.webp\" alt=\"\" class=\"wp-image-860\" srcset=\"https:\/\/www.v-label.com\/wp-content\/uploads\/2022\/09\/b2b-info-page-3.webp 720w, https:\/\/www.v-label.com\/wp-content\/uploads\/2022\/09\/b2b-info-page-3-300x201.webp 300w\" sizes=\"(max-width: 720px) 100vw, 720px\" \/><\/figure>\n<\/div>\n<\/div>\n\n\n\n<h3 class=\"wp-block-heading\"><strong>Z\u00edskejte certifikaci<\/strong><\/h3>\n\n\n\n<p><strong>Jste p\u0159ipraveni zv\u00fd\u0161it viditelnost va\u0161ich vegansk\u00fdch a vegetari\u00e1nsk\u00fdch produkt\u016f? <\/strong>D\u00edky V-Label z\u00e1kazn\u00edci snadno identifikuj\u00ed va\u0161e v\u00fdrobky jako vegansk\u00e9 nebo vegetari\u00e1nsk\u00e9 na prvn\u00ed pohled &#8211; a budou si je tak moci koupit bez v\u00e1h\u00e1n\u00ed a zpochyb\u0148ov\u00e1n\u00ed toho, zda je produkt skute\u010dn\u011b vegansk\u00fd \u010di vegetari\u00e1nsk\u00fd.<\/p>\n\n\n\n<p>Z obchodn\u00edho hlediska partnerstv\u00ed s l\u00eddrem na trhu, jako je V-Label, zvy\u0161uje va\u0161i d\u016fv\u011bryhodnost a transparentnost v oblasti ozna\u010dov\u00e1n\u00ed vegansk\u00fdch a vegetari\u00e1nsk\u00fdch produkt\u016f. Pro va\u0161e z\u00e1kazn\u00edky je V-Label jednoduch\u00fdm a spolehliv\u00fdm pr\u016fvodcem, kter\u00fd jim pom\u00e1h\u00e1 d\u011blat dobr\u00e1, udr\u017eiteln\u00e1 a konzistentn\u00ed rozhodnut\u00ed p\u0159i nakupov\u00e1n\u00ed.<\/p>\n\n\n\n<div class=\"wp-block-buttons alignwide is-content-justification-center is-layout-flex wp-container-core-buttons-is-layout-16018d1d wp-block-buttons-is-layout-flex\">\n<div class=\"wp-block-button\"><a class=\"wp-block-button__link wp-element-button\" href=\"https:\/\/www.v-label.com\/cs\/for-business\/get-certified\/\" rel=\"noopener\">Z\u00edskejte V-Label certifik\u00e1t<\/a><\/div>\n<\/div>\n\n\n\n<h3 class=\"wp-block-heading\"><strong>Krit\u00e9ria a \u010dasto kladen\u00e9 ot\u00e1zky<\/strong><\/h3>\n\n\n\n<p>Najd\u011bte odpov\u011bdi na n\u011bkter\u00e9 z ot\u00e1zek, kter\u00e9 by v\u00e1s mohly ohledn\u011b V-Label zaj\u00edmat.<\/p>\n\n\n\n<div class=\"wp-block-buttons alignwide is-content-justification-center is-layout-flex wp-container-core-buttons-is-layout-16018d1d wp-block-buttons-is-layout-flex\">\n<div class=\"wp-block-button\"><a class=\"wp-block-button__link wp-element-button\" href=\"https:\/\/www.v-label.com\/cs\/faqs\/\">Prozkoumejte \u010dasto kladen\u00e9 ot\u00e1zky<\/a><\/div>\n<\/div>\n","protected":false},"excerpt":{"rendered":"<p>Zn\u00e1mku V-Label, kter\u00e1 je symbolem kvality pro vegansk\u00e9 a vegetari\u00e1nsk\u00e9 v\u00fdrobky a slu\u017eby, nese v\u00edce ne\u017e 70.000 produkt\u016f od v\u00edce ne\u017e 4.800 v\u00fdrobc\u016f. D\u00edky t\u00e9to mezin\u00e1rodn\u011b uzn\u00e1van\u00e9 zna\u010dce mohou z\u00e1kazn\u00edci po cel\u00e9m sv\u011bt\u011b identifikovat rostlinn\u00e9 v\u00fdrobky na prvn\u00ed pohled. Pokud jste v\u00fdrobce, zde jsou d\u016fvody, pro\u010d zv\u00e1\u017eit certifikaci va\u0161ich produkt\u016f: Z\u00edskejte nov\u00e9 trhy. Vzhledem k [&hellip;]<\/p>\n","protected":false},"author":5,"featured_media":39753,"parent":0,"menu_order":0,"comment_status":"closed","ping_status":"closed","template":"","meta":{"_acf_changed":false,"_editorskit_title_hidden":false,"_editorskit_reading_time":0,"_editorskit_is_block_options_detached":false,"_editorskit_block_options_position":"{}","inline_featured_image":false,"_uag_custom_page_level_css":"","footnotes":""},"categories":[],"tags":[],"class_list":["post-7890","page","type-page","status-publish","has-post-thumbnail","hentry"],"acf":[],"uagb_featured_image_src":{"full":["https:\/\/www.v-label.com\/wp-content\/uploads\/2022\/12\/v-label-info-for-producers.jpg",1280,870,false],"thumbnail":["https:\/\/www.v-label.com\/wp-content\/uploads\/2022\/12\/v-label-info-for-producers-500x340.jpg",500,340,true],"medium":["https:\/\/www.v-label.com\/wp-content\/uploads\/2022\/12\/v-label-info-for-producers-300x204.jpg",300,204,true],"medium_large":["https:\/\/www.v-label.com\/wp-content\/uploads\/2022\/12\/v-label-info-for-producers-768x522.jpg",768,522,true],"large":["https:\/\/www.v-label.com\/wp-content\/uploads\/2022\/12\/v-label-info-for-producers-1024x696.jpg",1024,696,true],"1536x1536":["https:\/\/www.v-label.com\/wp-content\/uploads\/2022\/12\/v-label-info-for-producers.jpg",1280,870,false],"2048x2048":["https:\/\/www.v-label.com\/wp-content\/uploads\/2022\/12\/v-label-info-for-producers.jpg",1280,870,false],"preview":["https:\/\/www.v-label.com\/wp-content\/uploads\/2022\/12\/v-label-info-for-producers-904x720.jpg",904,720,true],"header":["https:\/\/www.v-label.com\/wp-content\/uploads\/2022\/12\/v-label-info-for-producers-1280x720.jpg",1280,720,true],"gform-image-choice-sm":["https:\/\/www.v-label.com\/wp-content\/uploads\/2022\/12\/v-label-info-for-producers.jpg",300,204,false],"gform-image-choice-md":["https:\/\/www.v-label.com\/wp-content\/uploads\/2022\/12\/v-label-info-for-producers.jpg",400,272,false],"gform-image-choice-lg":["https:\/\/www.v-label.com\/wp-content\/uploads\/2022\/12\/v-label-info-for-producers.jpg",600,408,false]},"uagb_author_info":{"display_name":"Can Aslan","author_link":"https:\/\/www.v-label.com\/cs"},"uagb_comment_info":0,"uagb_excerpt":"Zn\u00e1mku V-Label, kter\u00e1 je symbolem kvality pro vegansk\u00e9 a vegetari\u00e1nsk\u00e9 v\u00fdrobky a slu\u017eby, nese v\u00edce ne\u017e 70.000 produkt\u016f od v\u00edce ne\u017e 4.800 v\u00fdrobc\u016f. D\u00edky t\u00e9to mezin\u00e1rodn\u011b uzn\u00e1van\u00e9 zna\u010dce mohou z\u00e1kazn\u00edci po cel\u00e9m sv\u011bt\u011b identifikovat rostlinn\u00e9 v\u00fdrobky na prvn\u00ed pohled. Pokud jste v\u00fdrobce, zde jsou d\u016fvody, pro\u010d zv\u00e1\u017eit certifikaci va\u0161ich produkt\u016f: Z\u00edskejte nov\u00e9 trhy. Vzhledem k&hellip;","_links":{"self":[{"href":"https:\/\/www.v-label.com\/cs\/wp-json\/wp\/v2\/pages\/7890","targetHints":{"allow":["GET"]}}],"collection":[{"href":"https:\/\/www.v-label.com\/cs\/wp-json\/wp\/v2\/pages"}],"about":[{"href":"https:\/\/www.v-label.com\/cs\/wp-json\/wp\/v2\/types\/page"}],"author":[{"embeddable":true,"href":"https:\/\/www.v-label.com\/cs\/wp-json\/wp\/v2\/users\/5"}],"replies":[{"embeddable":true,"href":"https:\/\/www.v-label.com\/cs\/wp-json\/wp\/v2\/comments?post=7890"}],"version-history":[{"count":7,"href":"https:\/\/www.v-label.com\/cs\/wp-json\/wp\/v2\/pages\/7890\/revisions"}],"predecessor-version":[{"id":83840,"href":"https:\/\/www.v-label.com\/cs\/wp-json\/wp\/v2\/pages\/7890\/revisions\/83840"}],"wp:featuredmedia":[{"embeddable":true,"href":"https:\/\/www.v-label.com\/cs\/wp-json\/wp\/v2\/media\/39753"}],"wp:attachment":[{"href":"https:\/\/www.v-label.com\/cs\/wp-json\/wp\/v2\/media?parent=7890"}],"wp:term":[{"taxonomy":"category","embeddable":true,"href":"https:\/\/www.v-label.com\/cs\/wp-json\/wp\/v2\/categories?post=7890"},{"taxonomy":"post_tag","embeddable":true,"href":"https:\/\/www.v-label.com\/cs\/wp-json\/wp\/v2\/tags?post=7890"}],"curies":[{"name":"wp","href":"https:\/\/api.w.org\/{rel}","templated":true}]}}