{"id":7947,"date":"2022-05-30T16:16:29","date_gmt":"2022-05-30T14:16:29","guid":{"rendered":"https:\/\/www.v-label.com\/info-for-producers\/benefits\/"},"modified":"2024-07-09T14:38:43","modified_gmt":"2024-07-09T12:38:43","slug":"benefits","status":"publish","type":"page","link":"https:\/\/www.v-label.com\/cs\/info-for-producers\/benefits\/","title":{"rendered":"V\u00fdhody"},"content":{"rendered":"\n<p>Z\u00e1kazn\u00edci po cel\u00e9m sv\u011bt\u011b si st\u00e1le \u010dast\u011bji vyb\u00edraj\u00ed rostlinn\u00e9 produkty, a\u0165 u\u017e z d\u016fvod\u016f zdrav\u00ed, r\u016fzn\u00fdch intoleranc\u00ed, pozn\u00e1v\u00e1n\u00ed nov\u00fdch chut\u00ed nebo jednodu\u0161e proto, \u017ee chutnaj\u00ed jejich d\u011btem. Veganstv\u00ed jako rostouc\u00edho trendu si v\u0161\u00edmaj\u00ed i vl\u00e1dy a organizace. Je z\u0159ejm\u00e9, \u017ee c\u00edl\u016f Pa\u0159\u00ed\u017esk\u00e9 dohody o klimatu, k nim\u017e se zav\u00e1zaly t\u00e9m\u011b\u0159 v\u0161echny vl\u00e1dy, nebude mo\u017en\u00e9 dos\u00e1hnout bez sn\u00ed\u017een\u00ed spot\u0159eby \u017eivo\u010di\u0161n\u00fdch produkt\u016f. Tyto d\u016fvody poh\u00e1n\u00ed producenty, aby p\u0159ich\u00e1zeli s inovativn\u00edmi a udr\u017eiteln\u00fdmi alternativami. Z\u00edskejte pevnou pozici na tomto st\u00e1le se rozv\u00edjej\u00edc\u00edm trhu s V-Label.<\/p>\n\n\n\n<div class=\"wp-block-media-text is-stacked-on-mobile is-vertically-aligned-center is-image-fill\"><figure class=\"wp-block-media-text__media\" style=\"background-image:url(https:\/\/www.v-label.com\/wp-content\/uploads\/2022\/12\/v-label-consumers-favorite.jpg);background-position:62% 53%\"><img decoding=\"async\" src=\"https:\/\/www.v-label.com\/wp-content\/uploads\/2022\/12\/v-label-consumers-favorite.jpg\" alt=\"\" class=\"wp-image-39649 size-full\"\/><\/figure><div class=\"wp-block-media-text__content\">\n<h3 class=\"wp-block-heading\"><strong><strong><strong><strong><strong><strong><strong><strong>Obl\u00edben\u00fd u z\u00e1kazn\u00edk\u016f<\/strong><\/strong><\/strong><\/strong><\/strong><\/strong><\/strong><\/strong><\/h3>\n\n\n\n<p>V N\u011bmecku je podle renomovan\u00e9ho G\u00fctesiegel Monitor 2020 V-Label 8. nejzn\u00e1m\u011bj\u0161\u00ed a 3. nejd\u016fv\u011bryhodn\u011bj\u0161\u00ed zn\u00e1mkou kvality potravin. V Evropsk\u00e9 unii je V-Label nejzn\u00e1m\u011bj\u0161\u00ed zna\u010dkou pro vegetari\u00e1nsk\u00e9 a vegansk\u00e9 produkty. Zna\u010dkou V-Label je certifikov\u00e1no v\u00edce ne\u017e 70 000 produkt\u016f po cel\u00e9m sv\u011bt\u011b a m\u00e1 \u0161irokou podporu tak\u00e9 ve vegansk\u00e9 a vegetari\u00e1nsk\u00e9 komunit\u011b. Prost\u0159ednictv\u00edm snadno srozumiteln\u00e9 kategorizace produkt\u016f jako vegansk\u00fdch nebo vegetari\u00e1nsk\u00fdch je V-Label rychl\u00fd a spolehliv\u00fd zp\u016fsob, jak lidem p\u0159esn\u011b sd\u011blit, co nakupuj\u00ed.<\/p>\n<\/div><\/div>\n\n\n\n<div style=\"height:30px\" aria-hidden=\"true\" class=\"wp-block-spacer\"><\/div>\n\n\n\n<div class=\"wp-block-media-text is-stacked-on-mobile is-vertically-aligned-center is-image-fill\"><figure class=\"wp-block-media-text__media\" style=\"background-image:url(https:\/\/www.v-label.com\/wp-content\/uploads\/2022\/12\/v-label-global-recognition.jpg);background-position:50% 50%\"><img decoding=\"async\" width=\"1280\" height=\"959\" src=\"https:\/\/www.v-label.com\/wp-content\/uploads\/2022\/12\/v-label-global-recognition.jpg\" alt=\"\" class=\"wp-image-17595 size-full\" srcset=\"https:\/\/www.v-label.com\/wp-content\/uploads\/2022\/12\/v-label-global-recognition.jpg 1280w, https:\/\/www.v-label.com\/wp-content\/uploads\/2022\/12\/v-label-global-recognition-300x225.jpg 300w, https:\/\/www.v-label.com\/wp-content\/uploads\/2022\/12\/v-label-global-recognition-1024x767.jpg 1024w, https:\/\/www.v-label.com\/wp-content\/uploads\/2022\/12\/v-label-global-recognition-500x375.jpg 500w, https:\/\/www.v-label.com\/wp-content\/uploads\/2022\/12\/v-label-global-recognition-768x575.jpg 768w\" sizes=\"(max-width: 1280px) 100vw, 1280px\" \/><\/figure><div class=\"wp-block-media-text__content\">\n<h3 class=\"wp-block-heading\"><strong><strong><strong><strong><strong><strong><strong><strong>Celosv\u011btov\u011b uzn\u00e1van\u00fd<\/strong><\/strong><\/strong><\/strong><\/strong><\/strong><\/strong><\/strong><\/h3>\n\n\n\n<p>Spole\u010dnost V-Label, kter\u00e1 byla zalo\u017een\u00e1 p\u0159ed 25 lety ve \u0160v\u00fdcarsku, m\u00e1 p\u0159edn\u00ed m\u00edsto v potvrzov\u00e1n\u00ed kvality vegansk\u00fdch a vegetari\u00e1nsk\u00fdch produkt\u016f a slu\u017eeb. Zn\u00e1mka V-Label je certifikace, kter\u00e1 je vysoce uzn\u00e1van\u00e1 nap\u0159\u00ed\u010d trhy. Od Berl\u00edna po Buenos Aires oku spot\u0159ebitele ur\u010dit\u011b neunikne \u017elut\u00e9 logo mezi zelen\u00fdmi a zemit\u00fdmi barvami, kter\u00e9 se \u010dasto pou\u017e\u00edvaj\u00ed pro udr\u017eiteln\u00e9 obaly.<\/p>\n<\/div><\/div>\n\n\n\n<div style=\"height:30px\" aria-hidden=\"true\" class=\"wp-block-spacer\"><\/div>\n\n\n\n<div class=\"wp-block-media-text is-stacked-on-mobile is-vertically-aligned-center is-image-fill\"><figure class=\"wp-block-media-text__media\" style=\"background-image:url(https:\/\/www.v-label.com\/wp-content\/uploads\/2022\/12\/v-label-business-partnerships.jpg);background-position:50% 50%\"><img decoding=\"async\" width=\"1280\" height=\"853\" src=\"https:\/\/www.v-label.com\/wp-content\/uploads\/2022\/12\/v-label-business-partnerships.jpg\" alt=\"\" class=\"wp-image-17615 size-full\" srcset=\"https:\/\/www.v-label.com\/wp-content\/uploads\/2022\/12\/v-label-business-partnerships.jpg 1280w, https:\/\/www.v-label.com\/wp-content\/uploads\/2022\/12\/v-label-business-partnerships-300x200.jpg 300w, https:\/\/www.v-label.com\/wp-content\/uploads\/2022\/12\/v-label-business-partnerships-1024x682.jpg 1024w, https:\/\/www.v-label.com\/wp-content\/uploads\/2022\/12\/v-label-business-partnerships-500x333.jpg 500w, https:\/\/www.v-label.com\/wp-content\/uploads\/2022\/12\/v-label-business-partnerships-768x512.jpg 768w\" sizes=\"(max-width: 1280px) 100vw, 1280px\" \/><\/figure><div class=\"wp-block-media-text__content\">\n<h3 class=\"wp-block-heading\"><strong><strong><strong><strong><strong><strong><strong>Obchodn\u00ed partnerstv\u00ed<\/strong><\/strong><\/strong><\/strong><\/strong><\/strong><\/strong><\/h3>\n\n\n\n<p>Jako jedin\u00e1 celosv\u011btov\u00e1 certifikace s m\u00edstn\u00edmi z\u00e1stupci ve v\u00edce ne\u017e 50 zem\u00edch (a z\u00e1kaznick\u00fdm servisem ve v\u00edce ne\u017e 30 jazyc\u00edch) v\u00e1m V-Label nab\u00edz\u00ed mnohem v\u00edc ne\u017e jen z\u00edsk\u00e1n\u00ed certifik\u00e1tu. M\u016f\u017eeme v\u00e1m pomoci s p\u0159ehledem trhu, kvalitativn\u00ed anal\u00fdzou, konzultac\u00ed ohledn\u011b surovin \u010di s marketingem. Uv\u00e1d\u00edte na trh nov\u00fd produkt nebo vstupujete na vegansk\u00fd trh poprv\u00e9? R\u00e1di v\u00e1s propoj\u00edme s odborn\u00edky (specialisty na potravin\u00e1\u0159sk\u00e9 technologie, potravinov\u00e9 pr\u00e1vo, management kvality, kosmetologii, marketing, biotechnologii, v\u00fd\u017eivu \u010di pr\u016fzkum trhu) a experty z vegansk\u00e9ho pr\u016fmyslu a komunity.<\/p>\n<\/div><\/div>\n\n\n\n<div style=\"height:30px\" aria-hidden=\"true\" class=\"wp-block-spacer\"><\/div>\n\n\n\n<div class=\"wp-block-media-text is-stacked-on-mobile is-vertically-aligned-center is-image-fill\"><figure class=\"wp-block-media-text__media\" style=\"background-image:url(https:\/\/www.v-label.com\/wp-content\/uploads\/2022\/12\/v-label-inclusive-approach.jpg);background-position:12% 52%\"><img decoding=\"async\" width=\"1280\" height=\"854\" src=\"https:\/\/www.v-label.com\/wp-content\/uploads\/2022\/12\/v-label-inclusive-approach.jpg\" alt=\"\" class=\"wp-image-17635 size-full\" srcset=\"https:\/\/www.v-label.com\/wp-content\/uploads\/2022\/12\/v-label-inclusive-approach.jpg 1280w, https:\/\/www.v-label.com\/wp-content\/uploads\/2022\/12\/v-label-inclusive-approach-300x200.jpg 300w, https:\/\/www.v-label.com\/wp-content\/uploads\/2022\/12\/v-label-inclusive-approach-1024x683.jpg 1024w, https:\/\/www.v-label.com\/wp-content\/uploads\/2022\/12\/v-label-inclusive-approach-500x334.jpg 500w, https:\/\/www.v-label.com\/wp-content\/uploads\/2022\/12\/v-label-inclusive-approach-768x512.jpg 768w\" sizes=\"(max-width: 1280px) 100vw, 1280px\" \/><\/figure><div class=\"wp-block-media-text__content\">\n<h3 class=\"wp-block-heading\"><strong><strong><strong><strong><strong><strong><strong><strong>Inkluzivn\u00ed p\u0159\u00edstup<\/strong><\/strong><\/strong><\/strong><\/strong><\/strong><\/strong><\/strong><\/h3>\n\n\n\n<p>V-Label poskytuje producent\u016fm veganskou i vegetari\u00e1nskou certifikaci na z\u00e1klad\u011b d\u016fkladn\u00fdch kontrol a \u0159\u00edzen\u00ed kvality. Je ur\u010den pro jak\u00fdkoli typ podnik\u016f, od vegansk\u00fdch start-up\u016f a\u017e po mezin\u00e1rodn\u00ed spole\u010dnosti jako je Unilever, Nestl\u00e9 nebo Danone. Jde o jasnou volbu i pro spole\u010dnosti, kter\u00e9 nejsou orientov\u00e1ny p\u0159ev\u00e1\u017en\u011b na rostlinn\u00fd segment, ale cht\u011bj\u00ed oslovit rostouc\u00ed skupinu flexitari\u00e1n\u016f. Krom\u011b potravin je V-Label k dispozici v pr\u016fmyslov\u00fdch odv\u011btv\u00edch, jako je m\u00f3da, kosmetika, gastronomie, \u010distic\u00ed prost\u0159edky a dal\u0161\u00ed.<\/p>\n<\/div><\/div>\n","protected":false},"excerpt":{"rendered":"<p>Z\u00e1kazn\u00edci po cel\u00e9m sv\u011bt\u011b si st\u00e1le \u010dast\u011bji vyb\u00edraj\u00ed rostlinn\u00e9 produkty, a\u0165 u\u017e z d\u016fvod\u016f zdrav\u00ed, r\u016fzn\u00fdch intoleranc\u00ed, pozn\u00e1v\u00e1n\u00ed nov\u00fdch chut\u00ed nebo jednodu\u0161e proto, \u017ee chutnaj\u00ed jejich d\u011btem. Veganstv\u00ed jako rostouc\u00edho trendu si v\u0161\u00edmaj\u00ed i vl\u00e1dy a organizace. Je z\u0159ejm\u00e9, \u017ee c\u00edl\u016f Pa\u0159\u00ed\u017esk\u00e9 dohody o klimatu, k nim\u017e se zav\u00e1zaly t\u00e9m\u011b\u0159 v\u0161echny vl\u00e1dy, nebude mo\u017en\u00e9 dos\u00e1hnout [&hellip;]<\/p>\n","protected":false},"author":5,"featured_media":17549,"parent":7890,"menu_order":0,"comment_status":"closed","ping_status":"closed","template":"","meta":{"_acf_changed":false,"_editorskit_title_hidden":false,"_editorskit_reading_time":0,"_editorskit_is_block_options_detached":false,"_editorskit_block_options_position":"{}","inline_featured_image":false,"_uag_custom_page_level_css":"","footnotes":""},"categories":[],"tags":[],"class_list":["post-7947","page","type-page","status-publish","has-post-thumbnail","hentry"],"acf":[],"uagb_featured_image_src":{"full":["https:\/\/www.v-label.com\/wp-content\/uploads\/2022\/12\/v-label-benefits.jpg",1280,878,false],"thumbnail":["https:\/\/www.v-label.com\/wp-content\/uploads\/2022\/12\/v-label-benefits-500x343.jpg",500,343,true],"medium":["https:\/\/www.v-label.com\/wp-content\/uploads\/2022\/12\/v-label-benefits-300x206.jpg",300,206,true],"medium_large":["https:\/\/www.v-label.com\/wp-content\/uploads\/2022\/12\/v-label-benefits-768x527.jpg",768,527,true],"large":["https:\/\/www.v-label.com\/wp-content\/uploads\/2022\/12\/v-label-benefits-1024x702.jpg",1024,702,true],"1536x1536":["https:\/\/www.v-label.com\/wp-content\/uploads\/2022\/12\/v-label-benefits.jpg",1280,878,false],"2048x2048":["https:\/\/www.v-label.com\/wp-content\/uploads\/2022\/12\/v-label-benefits.jpg",1280,878,false],"preview":["https:\/\/www.v-label.com\/wp-content\/uploads\/2022\/12\/v-label-benefits-904x720.jpg",904,720,true],"header":["https:\/\/www.v-label.com\/wp-content\/uploads\/2022\/12\/v-label-benefits-1280x720.jpg",1280,720,true],"gform-image-choice-sm":["https:\/\/www.v-label.com\/wp-content\/uploads\/2022\/12\/v-label-benefits.jpg",300,206,false],"gform-image-choice-md":["https:\/\/www.v-label.com\/wp-content\/uploads\/2022\/12\/v-label-benefits.jpg",400,274,false],"gform-image-choice-lg":["https:\/\/www.v-label.com\/wp-content\/uploads\/2022\/12\/v-label-benefits.jpg",600,412,false]},"uagb_author_info":{"display_name":"Can Aslan","author_link":"https:\/\/www.v-label.com\/cs"},"uagb_comment_info":0,"uagb_excerpt":"Z\u00e1kazn\u00edci po cel\u00e9m sv\u011bt\u011b si st\u00e1le \u010dast\u011bji vyb\u00edraj\u00ed rostlinn\u00e9 produkty, a\u0165 u\u017e z d\u016fvod\u016f zdrav\u00ed, r\u016fzn\u00fdch intoleranc\u00ed, pozn\u00e1v\u00e1n\u00ed nov\u00fdch chut\u00ed nebo jednodu\u0161e proto, \u017ee chutnaj\u00ed jejich d\u011btem. Veganstv\u00ed jako rostouc\u00edho trendu si v\u0161\u00edmaj\u00ed i vl\u00e1dy a organizace. Je z\u0159ejm\u00e9, \u017ee c\u00edl\u016f Pa\u0159\u00ed\u017esk\u00e9 dohody o klimatu, k nim\u017e se zav\u00e1zaly t\u00e9m\u011b\u0159 v\u0161echny vl\u00e1dy, nebude mo\u017en\u00e9 dos\u00e1hnout&hellip;","_links":{"self":[{"href":"https:\/\/www.v-label.com\/cs\/wp-json\/wp\/v2\/pages\/7947","targetHints":{"allow":["GET"]}}],"collection":[{"href":"https:\/\/www.v-label.com\/cs\/wp-json\/wp\/v2\/pages"}],"about":[{"href":"https:\/\/www.v-label.com\/cs\/wp-json\/wp\/v2\/types\/page"}],"author":[{"embeddable":true,"href":"https:\/\/www.v-label.com\/cs\/wp-json\/wp\/v2\/users\/5"}],"replies":[{"embeddable":true,"href":"https:\/\/www.v-label.com\/cs\/wp-json\/wp\/v2\/comments?post=7947"}],"version-history":[{"count":5,"href":"https:\/\/www.v-label.com\/cs\/wp-json\/wp\/v2\/pages\/7947\/revisions"}],"predecessor-version":[{"id":83842,"href":"https:\/\/www.v-label.com\/cs\/wp-json\/wp\/v2\/pages\/7947\/revisions\/83842"}],"up":[{"embeddable":true,"href":"https:\/\/www.v-label.com\/cs\/wp-json\/wp\/v2\/pages\/7890"}],"wp:featuredmedia":[{"embeddable":true,"href":"https:\/\/www.v-label.com\/cs\/wp-json\/wp\/v2\/media\/17549"}],"wp:attachment":[{"href":"https:\/\/www.v-label.com\/cs\/wp-json\/wp\/v2\/media?parent=7947"}],"wp:term":[{"taxonomy":"category","embeddable":true,"href":"https:\/\/www.v-label.com\/cs\/wp-json\/wp\/v2\/categories?post=7947"},{"taxonomy":"post_tag","embeddable":true,"href":"https:\/\/www.v-label.com\/cs\/wp-json\/wp\/v2\/tags?post=7947"}],"curies":[{"name":"wp","href":"https:\/\/api.w.org\/{rel}","templated":true}]}}