{"id":8011,"date":"2022-05-30T16:14:53","date_gmt":"2022-05-30T14:14:53","guid":{"rendered":"https:\/\/www.v-label.com\/branches\/"},"modified":"2022-12-10T09:33:25","modified_gmt":"2022-12-10T08:33:25","slug":"branches","status":"publish","type":"page","link":"https:\/\/www.v-label.com\/cs\/branches\/","title":{"rendered":"Obecn\u00e9 Informace"},"content":{"rendered":"\n<p>Glob\u00e1ln\u00ed trh s rostlinn\u00fdmi potravinami se po mnoho let t\u011b\u0161\u00ed rekordn\u00edmu prodeji a o\u010dek\u00e1v\u00e1 se, \u017ee v obdob\u00ed 2019-2025 poroste ro\u010dn\u011b o 8,94 %. Zat\u00edmco v roce 2018 byly tr\u017eby v hodnot\u011b 10,66 miliard dolar\u016f, do roku 2027 se o\u010dek\u00e1v\u00e1, \u017ee dos\u00e1hnou a\u017e na 27,98 miliard.<\/p>\n\n\n\n<p>Spot\u0159ebitel\u00e9 na cel\u00e9m sv\u011bt\u011b st\u00e1le v\u00edce vyhled\u00e1vaj\u00ed zdrav\u00e9, etick\u00e9 a n\u00e1kladov\u011b efektivn\u00ed produkty s n\u00edzk\u00fdm dopadem na \u017eivotn\u00ed prost\u0159ed\u00ed, co\u017e zvy\u0161uje popt\u00e1vku po vegansk\u00fdch a vegetari\u00e1nsk\u00fdch alternativ\u00e1ch.<\/p>\n\n\n\n<p>Spot\u0159ebitel\u00e9 tak\u00e9 st\u00e1le v\u00edce volaj\u00ed po transparentnosti v ozna\u010dov\u00e1n\u00ed. Cht\u011bj\u00ed rozpoznat vegansk\u00e9 a vegetari\u00e1nsk\u00e9 produkty rychle a spolehliv\u011b. G\u00fctesiegel Monitor v roce 2020 za\u0159adil V-Label mezi t\u0159i nejd\u016fv\u011bryhodn\u011bj\u0161\u00ed ozna\u010den\u00ed v N\u011bmecku. Ozna\u010dov\u00e1n\u00ed nez\u00e1visl\u00fdmi organizacemi d\u00e1v\u00e1 spot\u0159ebitel\u016fm v\u011bt\u0161\u00ed d\u016fv\u011bru ne\u017e ozna\u010dov\u00e1n\u00ed p\u0159\u00edmo v\u00fdrobcem &#8211; v N\u011bmecku nap\u0159\u00edklad 60 % spot\u0159ebitel\u016f v\u011b\u0159\u00ed, \u017ee environment\u00e1ln\u00ed instituce prov\u00e1d\u00ed d\u016fsledn\u011bj\u0161\u00ed kontroly ne\u017e soukrom\u00e9 zna\u010dky.<\/p>\n\n\n\r\n<ul id=\"pagelinks-block_d0720383e6b6a5fea8e74e8261b6a5a7\" class=\"wp-block-pagelinks\">\r\n\t\t\t\t\t\t<li>\r\n\t\t\t\t<article>\r\n\t\t\t\t\t\t\t\t\t\t\t<a href=\"https:\/\/www.v-label.com\/cs\/branches\/cosmetics\/\" class=\"post_thumbnail\">\r\n\t\t\t\t\t\t\t<img decoding=\"async\" width=\"904\" height=\"720\" src=\"https:\/\/www.v-label.com\/wp-content\/uploads\/2022\/12\/cosmetics-1280-904x720.jpg\" class=\"attachment-preview size-preview wp-post-image\" alt=\"\" \/>\t\t\t\t\t\t<\/a>\r\n\t\t\t\t\t\t\t\t\t\t<div class=\"inner\">\r\n\t\t\t\t\t\t<div class=\"inner_top\">\r\n\t\t\t\t\t\t\t<header>\r\n\t\t\t\t\t\t\t\t<h3>\r\n\t\t\t\t\t\t\t\t\t<a href=\"https:\/\/www.v-label.com\/cs\/branches\/cosmetics\/\">Kosmetika &#038; \u010cist\u00edc\u00ed Prost\u0159edky<\/a>\r\n\t\t\t\t\t\t\t\t<\/h3>\r\n\t\t\t\t\t\t\t\t\t\t\t\t\t\t\t<\/header>\r\n\t\t\t\t\t\t\t\t\t\t\t\t\t\t\t<div class=\"excerpt\">\r\n\t\t\t\t\t\t\t\t\t<p>Komfort, p\u00e9\u010de o vlastn\u00ed zdrav\u00ed a st\u00e1le hlasit\u011bj\u0161\u00ed vol\u00e1n\u00ed po kr\u00e1se bez krutosti. To jsou t\u0159i hlavn\u00ed d\u016fvody, pro\u010d se na z\u00e1klad\u011b zpr\u00e1vy &#8222;Vegan Cosmetics Market Size, Share &amp; Trends Analysis&#8220; z roku 2018 odhaduje, \u017ee glob\u00e1ln\u00ed trh s veganskou kosmetikou dos\u00e1hne 20,8 miliard dolar\u016f do roku 2025, co\u017e by znamenalo n\u00e1r\u016fst o 6,3 %. [&hellip;]<\/p>\r\n\t\t\t\t\t\t\t\t<\/div>\r\n\t\t\t\t\t\t\t\t\t\t\t\t\t<\/div>\r\n\t\t\t\t\t\t<a href=\"https:\/\/www.v-label.com\/cs\/branches\/cosmetics\/\" class=\"read_more\">Read more<\/a>\r\n\t\t\t\t\t<\/div>\r\n\t\t\t\t<\/article>\r\n\t\t\t<\/li>\r\n\t\t\t\t\t<li>\r\n\t\t\t\t<article>\r\n\t\t\t\t\t\t\t\t\t\t\t<a href=\"https:\/\/www.v-label.com\/cs\/branches\/food\/\" class=\"post_thumbnail\">\r\n\t\t\t\t\t\t\t<img decoding=\"async\" width=\"904\" height=\"720\" src=\"https:\/\/www.v-label.com\/wp-content\/uploads\/2022\/12\/v-label-food-sector-904x720.jpg\" class=\"attachment-preview size-preview wp-post-image\" alt=\"\" \/>\t\t\t\t\t\t<\/a>\r\n\t\t\t\t\t\t\t\t\t\t<div class=\"inner\">\r\n\t\t\t\t\t\t<div class=\"inner_top\">\r\n\t\t\t\t\t\t\t<header>\r\n\t\t\t\t\t\t\t\t<h3>\r\n\t\t\t\t\t\t\t\t\t<a href=\"https:\/\/www.v-label.com\/cs\/branches\/food\/\">J\u00eddlo<\/a>\r\n\t\t\t\t\t\t\t\t<\/h3>\r\n\t\t\t\t\t\t\t\t\t\t\t\t\t\t\t<\/header>\r\n\t\t\t\t\t\t\t\t\t\t\t\t\t\t\t<div class=\"excerpt\">\r\n\t\t\t\t\t\t\t\t\t<p>V\u011bd\u011bli jste, \u017ee podle Euromonitor International se v z\u00e1padn\u00ed Evrop\u011b trh s rostlinn\u00fdmi produkty jen za posledn\u00ed desetilet\u00ed zdvojn\u00e1sobil a p\u0159edstavuje 38,5 % celkov\u00fdch glob\u00e1ln\u00edch p\u0159\u00edjm\u016f? Zat\u00edmco se o\u010dek\u00e1v\u00e1, \u017ee glob\u00e1ln\u00ed trh s rostlinn\u00fdmi potravinami poroste tempem 8,94 %, samotn\u00fd sektor protein\u016f akceleruje o 18 % a do roku 2025 by m\u011bl dos\u00e1hnout hodnoty 28 [&hellip;]<\/p>\r\n\t\t\t\t\t\t\t\t<\/div>\r\n\t\t\t\t\t\t\t\t\t\t\t\t\t<\/div>\r\n\t\t\t\t\t\t<a href=\"https:\/\/www.v-label.com\/cs\/branches\/food\/\" class=\"read_more\">Read more<\/a>\r\n\t\t\t\t\t<\/div>\r\n\t\t\t\t<\/article>\r\n\t\t\t<\/li>\r\n\t\t\t\t\t<li>\r\n\t\t\t\t<article>\r\n\t\t\t\t\t\t\t\t\t\t\t<a href=\"https:\/\/www.v-label.com\/cs\/branches\/non-food\/\" class=\"post_thumbnail\">\r\n\t\t\t\t\t\t\t<img decoding=\"async\" width=\"904\" height=\"692\" src=\"https:\/\/www.v-label.com\/wp-content\/uploads\/2022\/12\/v-label-non-food-sectors-904x692.jpg\" class=\"attachment-preview size-preview wp-post-image\" alt=\"\" \/>\t\t\t\t\t\t<\/a>\r\n\t\t\t\t\t\t\t\t\t\t<div class=\"inner\">\r\n\t\t\t\t\t\t<div class=\"inner_top\">\r\n\t\t\t\t\t\t\t<header>\r\n\t\t\t\t\t\t\t\t<h3>\r\n\t\t\t\t\t\t\t\t\t<a href=\"https:\/\/www.v-label.com\/cs\/branches\/non-food\/\">Nepotravin\u00e1\u0159sk\u00e9 produkty<\/a>\r\n\t\t\t\t\t\t\t\t<\/h3>\r\n\t\t\t\t\t\t\t\t\t\t\t\t\t\t\t<\/header>\r\n\t\t\t\t\t\t\t\t\t\t\t\t\t\t\t<div class=\"excerpt\">\r\n\t\t\t\t\t\t\t\t\t<p>R\u016fst zaznamen\u00e1v\u00e1 i odv\u011btv\u00ed vegansk\u00e9 m\u00f3dy bez krustosti, kter\u00e9 je pova\u017eov\u00e1no za luxusn\u00ed a trendy. Celosv\u011btov\u00fd trh vegansk\u00e9 d\u00e1msk\u00e9 m\u00f3dy m\u011bl v roce 2019 hodnotu 396,3 miliard dolar\u016f a podle Statista.com se o\u010dek\u00e1v\u00e1 r\u016fst do roku 2027 o 13,6 %. Trh s veganskou k\u016f\u017e\u00ed je hnac\u00ed silou tohoto odv\u011btv\u00ed, zejm\u00e9na d\u00edky technologick\u00e9mu pokroku, kter\u00fd zdokonaluje [&hellip;]<\/p>\r\n\t\t\t\t\t\t\t\t<\/div>\r\n\t\t\t\t\t\t\t\t\t\t\t\t\t<\/div>\r\n\t\t\t\t\t\t<a href=\"https:\/\/www.v-label.com\/cs\/branches\/non-food\/\" class=\"read_more\">Read more<\/a>\r\n\t\t\t\t\t<\/div>\r\n\t\t\t\t<\/article>\r\n\t\t\t<\/li>\r\n\t\t\t<\/ul>","protected":false},"excerpt":{"rendered":"<p>Glob\u00e1ln\u00ed trh s rostlinn\u00fdmi potravinami se po mnoho let t\u011b\u0161\u00ed rekordn\u00edmu prodeji a o\u010dek\u00e1v\u00e1 se, \u017ee v obdob\u00ed 2019-2025 poroste ro\u010dn\u011b o 8,94 %. Zat\u00edmco v roce 2018 byly tr\u017eby v hodnot\u011b 10,66 miliard dolar\u016f, do roku 2027 se o\u010dek\u00e1v\u00e1, \u017ee dos\u00e1hnou a\u017e na 27,98 miliard. Spot\u0159ebitel\u00e9 na cel\u00e9m sv\u011bt\u011b st\u00e1le v\u00edce vyhled\u00e1vaj\u00ed zdrav\u00e9, etick\u00e9 [&hellip;]<\/p>\n","protected":false},"author":5,"featured_media":16968,"parent":0,"menu_order":0,"comment_status":"closed","ping_status":"closed","template":"","meta":{"_acf_changed":false,"_editorskit_title_hidden":false,"_editorskit_reading_time":0,"_editorskit_is_block_options_detached":false,"_editorskit_block_options_position":"{}","inline_featured_image":false,"_uag_custom_page_level_css":"","footnotes":""},"categories":[],"tags":[],"class_list":["post-8011","page","type-page","status-publish","has-post-thumbnail","hentry"],"acf":[],"uagb_featured_image_src":{"full":["https:\/\/www.v-label.com\/wp-content\/uploads\/2022\/12\/v-label-general-info-sectors.jpg",1280,716,false],"thumbnail":["https:\/\/www.v-label.com\/wp-content\/uploads\/2022\/12\/v-label-general-info-sectors-500x280.jpg",500,280,true],"medium":["https:\/\/www.v-label.com\/wp-content\/uploads\/2022\/12\/v-label-general-info-sectors-300x168.jpg",300,168,true],"medium_large":["https:\/\/www.v-label.com\/wp-content\/uploads\/2022\/12\/v-label-general-info-sectors-768x430.jpg",768,430,true],"large":["https:\/\/www.v-label.com\/wp-content\/uploads\/2022\/12\/v-label-general-info-sectors-1024x573.jpg",1024,573,true],"1536x1536":["https:\/\/www.v-label.com\/wp-content\/uploads\/2022\/12\/v-label-general-info-sectors.jpg",1280,716,false],"2048x2048":["https:\/\/www.v-label.com\/wp-content\/uploads\/2022\/12\/v-label-general-info-sectors.jpg",1280,716,false],"preview":["https:\/\/www.v-label.com\/wp-content\/uploads\/2022\/12\/v-label-general-info-sectors-904x716.jpg",904,716,true],"header":["https:\/\/www.v-label.com\/wp-content\/uploads\/2022\/12\/v-label-general-info-sectors.jpg",1280,716,false],"gform-image-choice-sm":["https:\/\/www.v-label.com\/wp-content\/uploads\/2022\/12\/v-label-general-info-sectors.jpg",300,168,false],"gform-image-choice-md":["https:\/\/www.v-label.com\/wp-content\/uploads\/2022\/12\/v-label-general-info-sectors.jpg",400,224,false],"gform-image-choice-lg":["https:\/\/www.v-label.com\/wp-content\/uploads\/2022\/12\/v-label-general-info-sectors.jpg",600,336,false]},"uagb_author_info":{"display_name":"Can Aslan","author_link":"https:\/\/www.v-label.com\/cs"},"uagb_comment_info":0,"uagb_excerpt":"Glob\u00e1ln\u00ed trh s rostlinn\u00fdmi potravinami se po mnoho let t\u011b\u0161\u00ed rekordn\u00edmu prodeji a o\u010dek\u00e1v\u00e1 se, \u017ee v obdob\u00ed 2019-2025 poroste ro\u010dn\u011b o 8,94 %. Zat\u00edmco v roce 2018 byly tr\u017eby v hodnot\u011b 10,66 miliard dolar\u016f, do roku 2027 se o\u010dek\u00e1v\u00e1, \u017ee dos\u00e1hnou a\u017e na 27,98 miliard. Spot\u0159ebitel\u00e9 na cel\u00e9m sv\u011bt\u011b st\u00e1le v\u00edce vyhled\u00e1vaj\u00ed zdrav\u00e9, etick\u00e9&hellip;","_links":{"self":[{"href":"https:\/\/www.v-label.com\/cs\/wp-json\/wp\/v2\/pages\/8011","targetHints":{"allow":["GET"]}}],"collection":[{"href":"https:\/\/www.v-label.com\/cs\/wp-json\/wp\/v2\/pages"}],"about":[{"href":"https:\/\/www.v-label.com\/cs\/wp-json\/wp\/v2\/types\/page"}],"author":[{"embeddable":true,"href":"https:\/\/www.v-label.com\/cs\/wp-json\/wp\/v2\/users\/5"}],"replies":[{"embeddable":true,"href":"https:\/\/www.v-label.com\/cs\/wp-json\/wp\/v2\/comments?post=8011"}],"version-history":[{"count":6,"href":"https:\/\/www.v-label.com\/cs\/wp-json\/wp\/v2\/pages\/8011\/revisions"}],"predecessor-version":[{"id":10471,"href":"https:\/\/www.v-label.com\/cs\/wp-json\/wp\/v2\/pages\/8011\/revisions\/10471"}],"wp:featuredmedia":[{"embeddable":true,"href":"https:\/\/www.v-label.com\/cs\/wp-json\/wp\/v2\/media\/16968"}],"wp:attachment":[{"href":"https:\/\/www.v-label.com\/cs\/wp-json\/wp\/v2\/media?parent=8011"}],"wp:term":[{"taxonomy":"category","embeddable":true,"href":"https:\/\/www.v-label.com\/cs\/wp-json\/wp\/v2\/categories?post=8011"},{"taxonomy":"post_tag","embeddable":true,"href":"https:\/\/www.v-label.com\/cs\/wp-json\/wp\/v2\/tags?post=8011"}],"curies":[{"name":"wp","href":"https:\/\/api.w.org\/{rel}","templated":true}]}}