{"id":8050,"date":"2022-05-30T16:15:29","date_gmt":"2022-05-30T14:15:29","guid":{"rendered":"https:\/\/www.v-label.com\/branches\/cosmetics\/"},"modified":"2022-12-25T10:06:11","modified_gmt":"2022-12-25T09:06:11","slug":"cosmetics","status":"publish","type":"page","link":"https:\/\/www.v-label.com\/cs\/branches\/cosmetics\/","title":{"rendered":"Kosmetika &#038; \u010cist\u00edc\u00ed Prost\u0159edky"},"content":{"rendered":"\n<p>Komfort, p\u00e9\u010de o vlastn\u00ed zdrav\u00ed a st\u00e1le hlasit\u011bj\u0161\u00ed vol\u00e1n\u00ed po kr\u00e1se bez krutosti. To jsou t\u0159i hlavn\u00ed d\u016fvody, pro\u010d se na z\u00e1klad\u011b zpr\u00e1vy &#8222;Vegan Cosmetics Market Size, Share &amp; Trends Analysis&#8220; z roku 2018 odhaduje, \u017ee glob\u00e1ln\u00ed trh s veganskou kosmetikou dos\u00e1hne 20,8 miliard dolar\u016f do roku 2025, co\u017e by znamenalo n\u00e1r\u016fst o 6,3 %.<\/p>\n\n\n\n<p>Evropa m\u00e1 na trhu hlavn\u00ed pod\u00edl a je sv\u011bdkem raketov\u00e9 popt\u00e1vky po produktech, kter\u00e9 nebyly testov\u00e1ny na zv\u00ed\u0159atech. Od p\u00e9\u010de o ple\u0165 p\u0159es deodoranty a\u017e po \u0161ampony hled\u00e1 st\u00e1le v\u00edce z\u00e1kazn\u00edck\u00fdch segment\u016f p\u0159i n\u00e1kupu kl\u00ed\u010dov\u00e1 slova jako &#8222;vegan&#8220;.<\/p>\n\n\n\n<p>Vzhledem k tomu, \u017ee vegansk\u00e1 kosmetika je st\u00e1le v\u00edce m\u00e9n\u011b novinkou, jsou spot\u0159ebitel\u00e9 velmi vn\u00edmav\u00ed k ozna\u010dov\u00e1n\u00ed a dal\u0161\u00edm znak\u016fm, kter\u00e9 dokazuj\u00ed, \u017ee je dan\u00fd produkt vegansk\u00fd nebo vegetari\u00e1nsk\u00fd. V\u011bd\u011bli jste, \u017ee podle Britsk\u00e9 vegansk\u00e9 spole\u010dnosti 19 % lid\u00ed kontroluje, zda nen\u00ed jejich kosmetika testov\u00e1na na zv\u00ed\u0159atech? Zviditeln\u011bte tento atribut na va\u0161em produktu pomoc\u00ed V-Label ochrann\u00e9 zn\u00e1mky a sta\u0148te se jejich p\u0159irozenou volbou!<\/p>\n\n\n\n<p>Nejdn\u00e1 se pouze o kosmetiku &#8211; st\u00e1le v\u011bt\u0161\u00ed oblib\u011b se t\u011b\u0161\u00ed i vegansk\u00e9 prost\u0159edky pro \u00faklid dom\u00e1cnost\u00ed. Nechte sv\u00e9 \u010dist\u00edc\u00ed prost\u0159edky vyniknout poutav\u00fdm logem V-Label.<\/p>\n\n\n\n<div class=\"wp-block-buttons is-content-justification-center is-layout-flex wp-container-core-buttons-is-layout-16018d1d wp-block-buttons-is-layout-flex\">\n<div class=\"wp-block-button\"><a class=\"wp-block-button__link wp-element-button\" href=\"https:\/\/www.v-label.com\/cs\/for-business\/get-certified\/\">Z\u00edskejte V-Label certifik\u00e1t<\/a><\/div>\n<\/div>\n","protected":false},"excerpt":{"rendered":"<p>Komfort, p\u00e9\u010de o vlastn\u00ed zdrav\u00ed a st\u00e1le hlasit\u011bj\u0161\u00ed vol\u00e1n\u00ed po kr\u00e1se bez krutosti. To jsou t\u0159i hlavn\u00ed d\u016fvody, pro\u010d se na z\u00e1klad\u011b zpr\u00e1vy &#8222;Vegan Cosmetics Market Size, Share &amp; Trends Analysis&#8220; z roku 2018 odhaduje, \u017ee glob\u00e1ln\u00ed trh s veganskou kosmetikou dos\u00e1hne 20,8 miliard dolar\u016f do roku 2025, co\u017e by znamenalo n\u00e1r\u016fst o 6,3 %. [&hellip;]<\/p>\n","protected":false},"author":5,"featured_media":17274,"parent":8011,"menu_order":0,"comment_status":"closed","ping_status":"closed","template":"","meta":{"_acf_changed":false,"_editorskit_title_hidden":false,"_editorskit_reading_time":0,"_editorskit_is_block_options_detached":false,"_editorskit_block_options_position":"{}","inline_featured_image":false,"_uag_custom_page_level_css":"","footnotes":""},"categories":[],"tags":[],"class_list":["post-8050","page","type-page","status-publish","has-post-thumbnail","hentry"],"acf":[],"uagb_featured_image_src":{"full":["https:\/\/www.v-label.com\/wp-content\/uploads\/2022\/12\/cosmetics-1280.jpg",1280,868,false],"thumbnail":["https:\/\/www.v-label.com\/wp-content\/uploads\/2022\/12\/cosmetics-1280-500x339.jpg",500,339,true],"medium":["https:\/\/www.v-label.com\/wp-content\/uploads\/2022\/12\/cosmetics-1280-300x203.jpg",300,203,true],"medium_large":["https:\/\/www.v-label.com\/wp-content\/uploads\/2022\/12\/cosmetics-1280-768x521.jpg",768,521,true],"large":["https:\/\/www.v-label.com\/wp-content\/uploads\/2022\/12\/cosmetics-1280-1024x694.jpg",1024,694,true],"1536x1536":["https:\/\/www.v-label.com\/wp-content\/uploads\/2022\/12\/cosmetics-1280.jpg",1280,868,false],"2048x2048":["https:\/\/www.v-label.com\/wp-content\/uploads\/2022\/12\/cosmetics-1280.jpg",1280,868,false],"preview":["https:\/\/www.v-label.com\/wp-content\/uploads\/2022\/12\/cosmetics-1280-904x720.jpg",904,720,true],"header":["https:\/\/www.v-label.com\/wp-content\/uploads\/2022\/12\/cosmetics-1280-1280x720.jpg",1280,720,true],"gform-image-choice-sm":["https:\/\/www.v-label.com\/wp-content\/uploads\/2022\/12\/cosmetics-1280.jpg",300,203,false],"gform-image-choice-md":["https:\/\/www.v-label.com\/wp-content\/uploads\/2022\/12\/cosmetics-1280.jpg",400,271,false],"gform-image-choice-lg":["https:\/\/www.v-label.com\/wp-content\/uploads\/2022\/12\/cosmetics-1280.jpg",600,407,false]},"uagb_author_info":{"display_name":"Can Aslan","author_link":"https:\/\/www.v-label.com\/cs"},"uagb_comment_info":0,"uagb_excerpt":"Komfort, p\u00e9\u010de o vlastn\u00ed zdrav\u00ed a st\u00e1le hlasit\u011bj\u0161\u00ed vol\u00e1n\u00ed po kr\u00e1se bez krutosti. To jsou t\u0159i hlavn\u00ed d\u016fvody, pro\u010d se na z\u00e1klad\u011b zpr\u00e1vy &#8222;Vegan Cosmetics Market Size, Share &amp; Trends Analysis&#8220; z roku 2018 odhaduje, \u017ee glob\u00e1ln\u00ed trh s veganskou kosmetikou dos\u00e1hne 20,8 miliard dolar\u016f do roku 2025, co\u017e by znamenalo n\u00e1r\u016fst o 6,3 %.&hellip;","_links":{"self":[{"href":"https:\/\/www.v-label.com\/cs\/wp-json\/wp\/v2\/pages\/8050","targetHints":{"allow":["GET"]}}],"collection":[{"href":"https:\/\/www.v-label.com\/cs\/wp-json\/wp\/v2\/pages"}],"about":[{"href":"https:\/\/www.v-label.com\/cs\/wp-json\/wp\/v2\/types\/page"}],"author":[{"embeddable":true,"href":"https:\/\/www.v-label.com\/cs\/wp-json\/wp\/v2\/users\/5"}],"replies":[{"embeddable":true,"href":"https:\/\/www.v-label.com\/cs\/wp-json\/wp\/v2\/comments?post=8050"}],"version-history":[{"count":8,"href":"https:\/\/www.v-label.com\/cs\/wp-json\/wp\/v2\/pages\/8050\/revisions"}],"predecessor-version":[{"id":34983,"href":"https:\/\/www.v-label.com\/cs\/wp-json\/wp\/v2\/pages\/8050\/revisions\/34983"}],"up":[{"embeddable":true,"href":"https:\/\/www.v-label.com\/cs\/wp-json\/wp\/v2\/pages\/8011"}],"wp:featuredmedia":[{"embeddable":true,"href":"https:\/\/www.v-label.com\/cs\/wp-json\/wp\/v2\/media\/17274"}],"wp:attachment":[{"href":"https:\/\/www.v-label.com\/cs\/wp-json\/wp\/v2\/media?parent=8050"}],"wp:term":[{"taxonomy":"category","embeddable":true,"href":"https:\/\/www.v-label.com\/cs\/wp-json\/wp\/v2\/categories?post=8050"},{"taxonomy":"post_tag","embeddable":true,"href":"https:\/\/www.v-label.com\/cs\/wp-json\/wp\/v2\/tags?post=8050"}],"curies":[{"name":"wp","href":"https:\/\/api.w.org\/{rel}","templated":true}]}}