{"id":8084,"date":"2022-05-30T16:15:11","date_gmt":"2022-05-30T14:15:11","guid":{"rendered":"https:\/\/www.v-label.com\/branches\/food\/"},"modified":"2022-12-25T09:25:39","modified_gmt":"2022-12-25T08:25:39","slug":"food","status":"publish","type":"page","link":"https:\/\/www.v-label.com\/cs\/branches\/food\/","title":{"rendered":"J\u00eddlo"},"content":{"rendered":"\n<p>V\u011bd\u011bli jste, \u017ee podle Euromonitor International se v z\u00e1padn\u00ed Evrop\u011b trh s rostlinn\u00fdmi produkty jen za posledn\u00ed desetilet\u00ed zdvojn\u00e1sobil a p\u0159edstavuje 38,5 % celkov\u00fdch glob\u00e1ln\u00edch p\u0159\u00edjm\u016f?<\/p>\n\n\n\n<p>Zat\u00edmco se o\u010dek\u00e1v\u00e1, \u017ee glob\u00e1ln\u00ed trh s rostlinn\u00fdmi potravinami poroste tempem 8,94 %, samotn\u00fd sektor protein\u016f akceleruje o 18 % a do roku 2025 by m\u011bl dos\u00e1hnout hodnoty 28 miliard dolar\u016f. Spou\u0161t\u011bn\u00ed jednoho start-upu za druh\u00fdm podporuje tuto statistiku: jsou zam\u011b\u0159en\u00e9 na uspokojen\u00ed rostouc\u00ed popt\u00e1vky po vegansk\u00e9m hov\u011bz\u00edm masu, ryb\u00e1ch, s\u00fdrech, ml\u00e9ce, jogurtech, vejc\u00edch, pe\u010divu, vitam\u00ednech a dopl\u0148c\u00edch. Krom\u011b toho se tyto specializovan\u00e9 v\u00fdrobky dostaly do tradi\u010dn\u00edch obchodn\u00edch \u0159et\u011bzc\u016f a zaveden\u00ed v\u00fdrobci potravin p\u0159in\u00e1\u0161ej\u00ed vlastn\u00ed vegansk\u00e9 a vegetari\u00e1nsk\u00e9 \u0159ady.<\/p>\n\n\n\n<p>Tohle je v\u0161ak jen za\u010d\u00e1tek. Podle spole\u010dnosti ProVeg International rostouc\u00ed investice do technologick\u00fdch inovac\u00ed zaji\u0161\u0165uj\u00ed, \u017ee chu\u0165 i struktura se u t\u011bchto produkt\u016f bude nad\u00e1le zlep\u0161ovat pouze d\u00edky dal\u0161\u00edm pokrok\u016fm v oblasti surovin a zpracov\u00e1n\u00ed. Jako nejuzn\u00e1van\u011bj\u0161\u00ed vegansk\u00e1 a vegetari\u00e1nsk\u00e1 zna\u010dka v segmentu potravin v\u00e1m V-Label zaru\u010d\u00ed, \u017ee z tohoto bezprecedentn\u00edho r\u016fstu trhu budete m\u00edt prosp\u011bch.<\/p>\n\n\n\n<div class=\"wp-block-buttons is-content-justification-center is-layout-flex wp-container-core-buttons-is-layout-16018d1d wp-block-buttons-is-layout-flex\">\n<div class=\"wp-block-button\"><a class=\"wp-block-button__link wp-element-button\" href=\"https:\/\/www.v-label.com\/cs\/for-business\/get-certified\/\">Z\u00edskejte V-Label certifik\u00e1t<\/a><\/div>\n<\/div>\n","protected":false},"excerpt":{"rendered":"<p>V\u011bd\u011bli jste, \u017ee podle Euromonitor International se v z\u00e1padn\u00ed Evrop\u011b trh s rostlinn\u00fdmi produkty jen za posledn\u00ed desetilet\u00ed zdvojn\u00e1sobil a p\u0159edstavuje 38,5 % celkov\u00fdch glob\u00e1ln\u00edch p\u0159\u00edjm\u016f? Zat\u00edmco se o\u010dek\u00e1v\u00e1, \u017ee glob\u00e1ln\u00ed trh s rostlinn\u00fdmi potravinami poroste tempem 8,94 %, samotn\u00fd sektor protein\u016f akceleruje o 18 % a do roku 2025 by m\u011bl dos\u00e1hnout hodnoty 28 [&hellip;]<\/p>\n","protected":false},"author":5,"featured_media":16989,"parent":8011,"menu_order":0,"comment_status":"closed","ping_status":"closed","template":"","meta":{"_acf_changed":false,"_editorskit_title_hidden":false,"_editorskit_reading_time":0,"_editorskit_is_block_options_detached":false,"_editorskit_block_options_position":"{}","inline_featured_image":false,"_uag_custom_page_level_css":"","footnotes":""},"categories":[],"tags":[],"class_list":["post-8084","page","type-page","status-publish","has-post-thumbnail","hentry"],"acf":[],"uagb_featured_image_src":{"full":["https:\/\/www.v-label.com\/wp-content\/uploads\/2022\/12\/v-label-food-sector.jpg",1280,857,false],"thumbnail":["https:\/\/www.v-label.com\/wp-content\/uploads\/2022\/12\/v-label-food-sector-500x335.jpg",500,335,true],"medium":["https:\/\/www.v-label.com\/wp-content\/uploads\/2022\/12\/v-label-food-sector-300x201.jpg",300,201,true],"medium_large":["https:\/\/www.v-label.com\/wp-content\/uploads\/2022\/12\/v-label-food-sector-768x514.jpg",768,514,true],"large":["https:\/\/www.v-label.com\/wp-content\/uploads\/2022\/12\/v-label-food-sector-1024x686.jpg",1024,686,true],"1536x1536":["https:\/\/www.v-label.com\/wp-content\/uploads\/2022\/12\/v-label-food-sector.jpg",1280,857,false],"2048x2048":["https:\/\/www.v-label.com\/wp-content\/uploads\/2022\/12\/v-label-food-sector.jpg",1280,857,false],"preview":["https:\/\/www.v-label.com\/wp-content\/uploads\/2022\/12\/v-label-food-sector-904x720.jpg",904,720,true],"header":["https:\/\/www.v-label.com\/wp-content\/uploads\/2022\/12\/v-label-food-sector-1280x720.jpg",1280,720,true],"gform-image-choice-sm":["https:\/\/www.v-label.com\/wp-content\/uploads\/2022\/12\/v-label-food-sector.jpg",300,201,false],"gform-image-choice-md":["https:\/\/www.v-label.com\/wp-content\/uploads\/2022\/12\/v-label-food-sector.jpg",400,268,false],"gform-image-choice-lg":["https:\/\/www.v-label.com\/wp-content\/uploads\/2022\/12\/v-label-food-sector.jpg",600,402,false]},"uagb_author_info":{"display_name":"Can Aslan","author_link":"https:\/\/www.v-label.com\/cs"},"uagb_comment_info":0,"uagb_excerpt":"V\u011bd\u011bli jste, \u017ee podle Euromonitor International se v z\u00e1padn\u00ed Evrop\u011b trh s rostlinn\u00fdmi produkty jen za posledn\u00ed desetilet\u00ed zdvojn\u00e1sobil a p\u0159edstavuje 38,5 % celkov\u00fdch glob\u00e1ln\u00edch p\u0159\u00edjm\u016f? Zat\u00edmco se o\u010dek\u00e1v\u00e1, \u017ee glob\u00e1ln\u00ed trh s rostlinn\u00fdmi potravinami poroste tempem 8,94 %, samotn\u00fd sektor protein\u016f akceleruje o 18 % a do roku 2025 by m\u011bl dos\u00e1hnout hodnoty 28&hellip;","_links":{"self":[{"href":"https:\/\/www.v-label.com\/cs\/wp-json\/wp\/v2\/pages\/8084","targetHints":{"allow":["GET"]}}],"collection":[{"href":"https:\/\/www.v-label.com\/cs\/wp-json\/wp\/v2\/pages"}],"about":[{"href":"https:\/\/www.v-label.com\/cs\/wp-json\/wp\/v2\/types\/page"}],"author":[{"embeddable":true,"href":"https:\/\/www.v-label.com\/cs\/wp-json\/wp\/v2\/users\/5"}],"replies":[{"embeddable":true,"href":"https:\/\/www.v-label.com\/cs\/wp-json\/wp\/v2\/comments?post=8084"}],"version-history":[{"count":6,"href":"https:\/\/www.v-label.com\/cs\/wp-json\/wp\/v2\/pages\/8084\/revisions"}],"predecessor-version":[{"id":34943,"href":"https:\/\/www.v-label.com\/cs\/wp-json\/wp\/v2\/pages\/8084\/revisions\/34943"}],"up":[{"embeddable":true,"href":"https:\/\/www.v-label.com\/cs\/wp-json\/wp\/v2\/pages\/8011"}],"wp:featuredmedia":[{"embeddable":true,"href":"https:\/\/www.v-label.com\/cs\/wp-json\/wp\/v2\/media\/16989"}],"wp:attachment":[{"href":"https:\/\/www.v-label.com\/cs\/wp-json\/wp\/v2\/media?parent=8084"}],"wp:term":[{"taxonomy":"category","embeddable":true,"href":"https:\/\/www.v-label.com\/cs\/wp-json\/wp\/v2\/categories?post=8084"},{"taxonomy":"post_tag","embeddable":true,"href":"https:\/\/www.v-label.com\/cs\/wp-json\/wp\/v2\/tags?post=8084"}],"curies":[{"name":"wp","href":"https:\/\/api.w.org\/{rel}","templated":true}]}}