{"id":8152,"date":"2022-05-30T16:15:52","date_gmt":"2022-05-30T14:15:52","guid":{"rendered":"https:\/\/www.v-label.com\/branches\/non-food\/"},"modified":"2022-12-25T10:17:59","modified_gmt":"2022-12-25T09:17:59","slug":"non-food","status":"publish","type":"page","link":"https:\/\/www.v-label.com\/cs\/branches\/non-food\/","title":{"rendered":"Nepotravin\u00e1\u0159sk\u00e9 produkty"},"content":{"rendered":"\n<p>R\u016fst zaznamen\u00e1v\u00e1 i odv\u011btv\u00ed vegansk\u00e9 m\u00f3dy bez krustosti, kter\u00e9 je pova\u017eov\u00e1no za luxusn\u00ed a trendy. Celosv\u011btov\u00fd trh vegansk\u00e9 d\u00e1msk\u00e9 m\u00f3dy m\u011bl v roce 2019 hodnotu 396,3 miliard dolar\u016f a podle Statista.com se o\u010dek\u00e1v\u00e1 r\u016fst do roku 2027 o 13,6 %. Trh s veganskou k\u016f\u017e\u00ed je hnac\u00ed silou tohoto odv\u011btv\u00ed, zejm\u00e9na d\u00edky technologick\u00e9mu pokroku, kter\u00fd zdokonaluje nov\u00e9 materi\u00e1ly a zvy\u0161uje jejich \u017eivotnost. M\u00edsto k\u016f\u017ee na b\u00e1zi plastu st\u00e1le \u010dast\u011bji vid\u00edme udr\u017eiteln\u011bj\u0161\u00ed p\u0159\u00edrodn\u00ed tkaniny ze zaj\u00edmav\u00fdch zdroj\u016f, jako jsou listy ananasu, fermentovan\u00e9 kvasnice, vedlej\u0161\u00ed produkty vina\u0159sk\u00e9ho pr\u016fmyslu nebo houby. Rovn\u011b\u017e se vyv\u00edjej\u00ed alternativy k vln\u011b a hedv\u00e1b\u00ed vyroben\u00e9 z celul\u00f3zov\u00fdch vl\u00e1ken, stejn\u011b jako r\u016fzn\u00e9 upcyklovan\u00e9 materi\u00e1ly upgradovan\u00e9 na st\u00e1le popul\u00e1rn\u011bj\u0161\u00ed vegansk\u00e9 sportovn\u00ed od\u011bvy.<\/p>\n\n\n\n<p>V neposledn\u00ed \u0159ad\u011b nejde jen o oble\u010den\u00ed, kabelky a boty. Dal\u0161\u00ed nepotravin\u00e1\u0159sk\u00fd pr\u016fmysl je tak\u00e9 v\u00fdzvou k p\u0159edstaven\u00ed vegansk\u00fdch produkt\u016f bez krutosti (knihy, \u0161perky nebo sv\u00ed\u010dky). Ozna\u010den\u00ed jako vegansk\u00e9 a vegetari\u00e1nsk\u00e9 je pova\u017eov\u00e1no za p\u0159idanou prodejn\u00ed hodnotu a rozd\u00edl oproti konkurenci.<\/p>\n\n\n\n<div class=\"wp-block-buttons is-content-justification-center is-layout-flex wp-container-core-buttons-is-layout-16018d1d wp-block-buttons-is-layout-flex\">\n<div class=\"wp-block-button\"><a class=\"wp-block-button__link wp-element-button\" href=\"https:\/\/www.v-label.com\/cs\/for-business\/get-certified\/\">Z\u00edskejte V-Label certifik\u00e1t<\/a><\/div>\n<\/div>\n","protected":false},"excerpt":{"rendered":"<p>R\u016fst zaznamen\u00e1v\u00e1 i odv\u011btv\u00ed vegansk\u00e9 m\u00f3dy bez krustosti, kter\u00e9 je pova\u017eov\u00e1no za luxusn\u00ed a trendy. Celosv\u011btov\u00fd trh vegansk\u00e9 d\u00e1msk\u00e9 m\u00f3dy m\u011bl v roce 2019 hodnotu 396,3 miliard dolar\u016f a podle Statista.com se o\u010dek\u00e1v\u00e1 r\u016fst do roku 2027 o 13,6 %. Trh s veganskou k\u016f\u017e\u00ed je hnac\u00ed silou tohoto odv\u011btv\u00ed, zejm\u00e9na d\u00edky technologick\u00e9mu pokroku, kter\u00fd zdokonaluje [&hellip;]<\/p>\n","protected":false},"author":5,"featured_media":17111,"parent":8011,"menu_order":0,"comment_status":"closed","ping_status":"closed","template":"","meta":{"_acf_changed":false,"_editorskit_title_hidden":false,"_editorskit_reading_time":0,"_editorskit_is_block_options_detached":false,"_editorskit_block_options_position":"{}","inline_featured_image":false,"_uag_custom_page_level_css":"","footnotes":""},"categories":[],"tags":[],"class_list":["post-8152","page","type-page","status-publish","has-post-thumbnail","hentry"],"acf":[],"uagb_featured_image_src":{"full":["https:\/\/www.v-label.com\/wp-content\/uploads\/2022\/12\/v-label-non-food-sectors.jpg",1280,692,false],"thumbnail":["https:\/\/www.v-label.com\/wp-content\/uploads\/2022\/12\/v-label-non-food-sectors-500x270.jpg",500,270,true],"medium":["https:\/\/www.v-label.com\/wp-content\/uploads\/2022\/12\/v-label-non-food-sectors-300x162.jpg",300,162,true],"medium_large":["https:\/\/www.v-label.com\/wp-content\/uploads\/2022\/12\/v-label-non-food-sectors-768x415.jpg",768,415,true],"large":["https:\/\/www.v-label.com\/wp-content\/uploads\/2022\/12\/v-label-non-food-sectors-1024x554.jpg",1024,554,true],"1536x1536":["https:\/\/www.v-label.com\/wp-content\/uploads\/2022\/12\/v-label-non-food-sectors.jpg",1280,692,false],"2048x2048":["https:\/\/www.v-label.com\/wp-content\/uploads\/2022\/12\/v-label-non-food-sectors.jpg",1280,692,false],"preview":["https:\/\/www.v-label.com\/wp-content\/uploads\/2022\/12\/v-label-non-food-sectors-904x692.jpg",904,692,true],"header":["https:\/\/www.v-label.com\/wp-content\/uploads\/2022\/12\/v-label-non-food-sectors.jpg",1280,692,false],"gform-image-choice-sm":["https:\/\/www.v-label.com\/wp-content\/uploads\/2022\/12\/v-label-non-food-sectors.jpg",300,162,false],"gform-image-choice-md":["https:\/\/www.v-label.com\/wp-content\/uploads\/2022\/12\/v-label-non-food-sectors.jpg",400,216,false],"gform-image-choice-lg":["https:\/\/www.v-label.com\/wp-content\/uploads\/2022\/12\/v-label-non-food-sectors.jpg",600,324,false]},"uagb_author_info":{"display_name":"Can Aslan","author_link":"https:\/\/www.v-label.com\/cs"},"uagb_comment_info":0,"uagb_excerpt":"R\u016fst zaznamen\u00e1v\u00e1 i odv\u011btv\u00ed vegansk\u00e9 m\u00f3dy bez krustosti, kter\u00e9 je pova\u017eov\u00e1no za luxusn\u00ed a trendy. Celosv\u011btov\u00fd trh vegansk\u00e9 d\u00e1msk\u00e9 m\u00f3dy m\u011bl v roce 2019 hodnotu 396,3 miliard dolar\u016f a podle Statista.com se o\u010dek\u00e1v\u00e1 r\u016fst do roku 2027 o 13,6 %. Trh s veganskou k\u016f\u017e\u00ed je hnac\u00ed silou tohoto odv\u011btv\u00ed, zejm\u00e9na d\u00edky technologick\u00e9mu pokroku, kter\u00fd zdokonaluje&hellip;","_links":{"self":[{"href":"https:\/\/www.v-label.com\/cs\/wp-json\/wp\/v2\/pages\/8152","targetHints":{"allow":["GET"]}}],"collection":[{"href":"https:\/\/www.v-label.com\/cs\/wp-json\/wp\/v2\/pages"}],"about":[{"href":"https:\/\/www.v-label.com\/cs\/wp-json\/wp\/v2\/types\/page"}],"author":[{"embeddable":true,"href":"https:\/\/www.v-label.com\/cs\/wp-json\/wp\/v2\/users\/5"}],"replies":[{"embeddable":true,"href":"https:\/\/www.v-label.com\/cs\/wp-json\/wp\/v2\/comments?post=8152"}],"version-history":[{"count":4,"href":"https:\/\/www.v-label.com\/cs\/wp-json\/wp\/v2\/pages\/8152\/revisions"}],"predecessor-version":[{"id":35012,"href":"https:\/\/www.v-label.com\/cs\/wp-json\/wp\/v2\/pages\/8152\/revisions\/35012"}],"up":[{"embeddable":true,"href":"https:\/\/www.v-label.com\/cs\/wp-json\/wp\/v2\/pages\/8011"}],"wp:featuredmedia":[{"embeddable":true,"href":"https:\/\/www.v-label.com\/cs\/wp-json\/wp\/v2\/media\/17111"}],"wp:attachment":[{"href":"https:\/\/www.v-label.com\/cs\/wp-json\/wp\/v2\/media?parent=8152"}],"wp:term":[{"taxonomy":"category","embeddable":true,"href":"https:\/\/www.v-label.com\/cs\/wp-json\/wp\/v2\/categories?post=8152"},{"taxonomy":"post_tag","embeddable":true,"href":"https:\/\/www.v-label.com\/cs\/wp-json\/wp\/v2\/tags?post=8152"}],"curies":[{"name":"wp","href":"https:\/\/api.w.org\/{rel}","templated":true}]}}