{"id":8422,"date":"2022-05-30T16:16:01","date_gmt":"2022-05-30T14:16:01","guid":{"rendered":"https:\/\/www.v-label.com\/general-information\/"},"modified":"2022-10-28T15:02:41","modified_gmt":"2022-10-28T13:02:41","slug":"general-information","status":"publish","type":"page","link":"https:\/\/www.v-label.com\/cs\/general-information\/","title":{"rendered":"Obecn\u00e1 Informace"},"content":{"rendered":"\n<h2 class=\"has-text-align-center wp-block-heading\"><strong>Informace pro spot\u0159ebitele<\/strong><\/h2>\n\n\n\n<p>Jste vegan(ka), vegetari\u00e1n(ka), flexitari\u00e1n(ka), sni\u017eujete spot\u0159ebu \u017eivo\u010di\u0161n\u00fdch produkt\u016f nebo v\u00e1s prost\u011b \u017eene zv\u011bdavost? Vzhledem k tomu, \u017ee nav\u0161t\u011bvujete tento web, je pravd\u011bpodobn\u00e9, \u017ee chcete spravedliv\u00fd, udr\u017eiteln\u00fd (a chutn\u00fd!) sv\u011bt. V tom jsme za jedno a na\u0161\u00edm zp\u016fsobem, jak p\u0159isp\u011bt k t\u00e9to budoucnosti, je roz\u0161\u00ed\u0159it a p\u0159isp\u011bt k snadn\u00e9 rozpoznatelnosti vegansk\u00fdch a vegetari\u00e1nsk\u00fdch produkt\u016f.<\/p>\n\n\n\n<p>V-Label, mezin\u00e1rodn\u011b uzn\u00e1van\u00e1 ochrann\u00e1 zn\u00e1mka pro vegetari\u00e1nsk\u00e9 nebo vegansk\u00e9 produkty, kter\u00e9 pro\u0161ly d\u016fkladnou kontrolou, je va\u0161\u00edm spojencem v tom, aby byl v\u00e1\u0161 \u017eivot v\u00edce rostlinn\u00fd.<\/p>\n\n\n\n<p>Jednoduch\u00fd a snadno srozumiteln\u00fd ka\u017edodenn\u00ed pr\u016fvodce V-Label v\u00e1m u\u0161et\u0159\u00ed \u010das a \u00fanavu z rozhodov\u00e1n\u00ed. V\u0161imn\u011bte si poutav\u00e9ho \u017elut\u00e9ho loga p\u0159i p\u0159\u00ed\u0161t\u00edm nakupov\u00e1n\u00ed a na prvn\u00ed pohled budete v\u011bd\u011bt, kter\u00e9 produkty jsou schv\u00e1leny, a je proto bezpe\u010dn\u00e9 je koupit!<\/p>\n\n\n\n<p><strong>Spolehliv\u00fd a d\u016fv\u011bryhodn\u00fd. <\/strong>P\u0159i n\u00e1kupu produktu nebo slu\u017eby ozna\u010den\u00fdch zn\u00e1mkou V-Label se m\u016f\u017eete spolehnout na standardizovan\u00e1 krit\u00e9ria pro vegansk\u00e9 a vegetari\u00e1nsk\u00e9 produkty, kter\u00e1 plat\u00ed bez rozd\u00edlu a mezin\u00e1rodn\u011b. Nen\u00ed t\u0159eba se ob\u00e1vat, \u017ee spole\u010dnosti budou chybn\u011b ozna\u010dovat v\u00fdrobky na z\u00e1klad\u011b sv\u00fdch vlastn\u00edch n\u00e1hodn\u00fdch krit\u00e9ri\u00ed.<\/p>\n\n\n\n<div class=\"wp-block-buttons is-content-justification-center is-layout-flex wp-container-core-buttons-is-layout-16018d1d wp-block-buttons-is-layout-flex\">\n<div class=\"wp-block-button\"><a class=\"wp-block-button__link\" href=\"https:\/\/www.v-label.com\/cs\/general-information\/certified-products\/\"><strong>Certifikovan\u00e9 produkty<\/strong><\/a><\/div>\n\n\n\n<div class=\"wp-block-button\"><a class=\"wp-block-button__link\" href=\"https:\/\/www.v-label.com\/cs\/report-a-misuse\/\"><strong>Nahla\u0161te nespr\u00e1vn\u00e9 u\u017eit\u00ed<\/strong><\/a><\/div>\n<\/div>\n\n\n\n<h3 class=\"has-text-align-center wp-block-heading\"><strong><strong>Za \u010d\u00edm stoj\u00edme?<\/strong><\/strong><\/h3>\n\n\n\n<p>P\u0159i n\u00e1kupu produktu nebo slu\u017eby ozna\u010den\u00fdch ochrannou zn\u00e1mkou V-Label si m\u016f\u017eete b\u00fdt jisti, \u017ee:<\/p>\n\n\n\n<ul class=\"wp-block-list\"><li>V \u017e\u00e1dn\u00e9 f\u00e1zi v\u00fdroby nebyly pou\u017eity p\u0159\u00edsady \u017eivo\u010di\u0161n\u00e9ho p\u016fvodu, pokud je ozna\u010den\u00ed vegansk\u00e9. Zkontrolav\u00e1ny byly tak\u00e9 p\u0159\u00edsady a aromata. Kontroly neskon\u010dily u seznamu p\u0159\u00edsad, ale dokonce zahrnovaly l\u00e1tky, kter\u00e9 nemus\u00ed b\u00fdt uvedeny na obalu, jako jsou biotechnologick\u00e1 kultiva\u010dn\u00ed m\u00e9dia a pomocn\u00e9 l\u00e1tky. M\u016f\u017eete si tedy b\u00fdt jisti, \u017ee jable\u010dn\u00fd d\u017eus nebo v\u00edno nebyly \u010di\u0159eny \u017eelatinou, cukr nebyl o\u0161et\u0159en kostn\u00ed mou\u010dkou a chl\u00e9b neobsahuje cystein vyroben\u00fd z vep\u0159ov\u00fdch \u0161t\u011btin.<\/li><li>P\u0159i v\u00fdrob\u011b vegetari\u00e1nsk\u00fdch produkt\u016f je povoleno pouze ml\u00e9ko, mlezivo, vejce z bezklecov\u00e9ho chovu, med, v\u010del\u00ed vosk, propolis nebo tuk z vlny a v\u00fdrobky z t\u011bchto produkt\u016f.&nbsp;<\/li><li>V\u0161echny f\u00e1ze v\u00fdroby mus\u00ed b\u00fdt navr\u017eeny tak, aby se stopy nevegansk\u00fdch nebo nevegetari\u00e1nsk\u00fdch l\u00e1tek ve fin\u00e1ln\u00edm produktu sn\u00ed\u017eily na minimum.&nbsp;<\/li><li>Nebyl proveden jak\u00fdkoliv druh testov\u00e1n\u00ed na zv\u00ed\u0159atech (ani v minulosti). To plat\u00ed pro kone\u010dn\u00fd produkt, jednotliv\u00e9 p\u0159\u00edsady, pomocn\u00e9 l\u00e1tky a dal\u0161\u00ed l\u00e1tky pou\u017eit\u00e9 p\u0159i zpracov\u00e1n\u00ed, pokud jsou vyvinuty pro kone\u010dn\u00fd produkt.<\/li><\/ul>\n\n\n\n<p>V neposledn\u00ed \u0159ad\u011b je p\u0159\u00edjem z licen\u010dn\u00edch poplatk\u016f vyu\u017e\u00edv\u00e1n p\u0159edev\u0161\u00edm k financov\u00e1n\u00ed r\u016fzn\u00fdch vegansk\u00fdch a zv\u00ed\u0159ec\u00edch nevl\u00e1dn\u00edch organizac\u00ed a projekt\u016f.<\/p>\n\n\n\n<div class=\"wp-block-columns are-vertically-aligned-center is-layout-flex wp-container-core-columns-is-layout-9d6595d7 wp-block-columns-is-layout-flex\">\n<div class=\"wp-block-column is-vertically-aligned-center is-layout-flow wp-block-column-is-layout-flow\">\n<figure class=\"wp-block-image size-full\"><img decoding=\"async\" width=\"720\" height=\"497\" src=\"https:\/\/www.v-label.com\/wp-content\/uploads\/2022\/09\/b2b-info-page-2.webp\" alt=\"\" class=\"wp-image-879\" srcset=\"https:\/\/www.v-label.com\/wp-content\/uploads\/2022\/09\/b2b-info-page-2.webp 720w, https:\/\/www.v-label.com\/wp-content\/uploads\/2022\/09\/b2b-info-page-2-300x207.webp 300w\" sizes=\"(max-width: 720px) 100vw, 720px\" \/><\/figure>\n<\/div>\n\n\n\n<div class=\"wp-block-column is-vertically-aligned-center is-layout-flow wp-block-column-is-layout-flow\">\n<figure class=\"wp-block-image size-full\"><img decoding=\"async\" width=\"720\" height=\"482\" src=\"https:\/\/www.v-label.com\/wp-content\/uploads\/2022\/09\/b2b-info-page-1.webp\" alt=\"\" class=\"wp-image-876\" srcset=\"https:\/\/www.v-label.com\/wp-content\/uploads\/2022\/09\/b2b-info-page-1.webp 720w, https:\/\/www.v-label.com\/wp-content\/uploads\/2022\/09\/b2b-info-page-1-300x201.webp 300w\" sizes=\"(max-width: 720px) 100vw, 720px\" \/><\/figure>\n<\/div>\n\n\n\n<div class=\"wp-block-column is-vertically-aligned-center is-layout-flow wp-block-column-is-layout-flow\">\n<figure class=\"wp-block-image size-full\"><img decoding=\"async\" width=\"720\" height=\"482\" src=\"https:\/\/www.v-label.com\/wp-content\/uploads\/2022\/09\/b2b-info-page-3.webp\" alt=\"\" class=\"wp-image-860\" srcset=\"https:\/\/www.v-label.com\/wp-content\/uploads\/2022\/09\/b2b-info-page-3.webp 720w, https:\/\/www.v-label.com\/wp-content\/uploads\/2022\/09\/b2b-info-page-3-300x201.webp 300w\" sizes=\"(max-width: 720px) 100vw, 720px\" \/><\/figure>\n<\/div>\n<\/div>\n","protected":false},"excerpt":{"rendered":"<p>Informace pro spot\u0159ebitele Jste vegan(ka), vegetari\u00e1n(ka), flexitari\u00e1n(ka), sni\u017eujete spot\u0159ebu \u017eivo\u010di\u0161n\u00fdch produkt\u016f nebo v\u00e1s prost\u011b \u017eene zv\u011bdavost? Vzhledem k tomu, \u017ee nav\u0161t\u011bvujete tento web, je pravd\u011bpodobn\u00e9, \u017ee chcete spravedliv\u00fd, udr\u017eiteln\u00fd (a chutn\u00fd!) sv\u011bt. V tom jsme za jedno a na\u0161\u00edm zp\u016fsobem, jak p\u0159isp\u011bt k t\u00e9to budoucnosti, je roz\u0161\u00ed\u0159it a p\u0159isp\u011bt k snadn\u00e9 rozpoznatelnosti vegansk\u00fdch a vegetari\u00e1nsk\u00fdch [&hellip;]<\/p>\n","protected":false},"author":5,"featured_media":17173,"parent":0,"menu_order":0,"comment_status":"closed","ping_status":"closed","template":"","meta":{"_acf_changed":false,"_editorskit_title_hidden":false,"_editorskit_reading_time":0,"_editorskit_is_block_options_detached":false,"_editorskit_block_options_position":"{}","inline_featured_image":false,"_uag_custom_page_level_css":"","footnotes":""},"categories":[],"tags":[],"class_list":["post-8422","page","type-page","status-publish","has-post-thumbnail","hentry"],"acf":[],"uagb_featured_image_src":{"full":["https:\/\/www.v-label.com\/wp-content\/uploads\/2022\/12\/v-label-general-info-consumers.jpg",1280,738,false],"thumbnail":["https:\/\/www.v-label.com\/wp-content\/uploads\/2022\/12\/v-label-general-info-consumers-500x288.jpg",500,288,true],"medium":["https:\/\/www.v-label.com\/wp-content\/uploads\/2022\/12\/v-label-general-info-consumers-300x173.jpg",300,173,true],"medium_large":["https:\/\/www.v-label.com\/wp-content\/uploads\/2022\/12\/v-label-general-info-consumers-768x443.jpg",768,443,true],"large":["https:\/\/www.v-label.com\/wp-content\/uploads\/2022\/12\/v-label-general-info-consumers-1024x590.jpg",1024,590,true],"1536x1536":["https:\/\/www.v-label.com\/wp-content\/uploads\/2022\/12\/v-label-general-info-consumers.jpg",1280,738,false],"2048x2048":["https:\/\/www.v-label.com\/wp-content\/uploads\/2022\/12\/v-label-general-info-consumers.jpg",1280,738,false],"preview":["https:\/\/www.v-label.com\/wp-content\/uploads\/2022\/12\/v-label-general-info-consumers-904x720.jpg",904,720,true],"header":["https:\/\/www.v-label.com\/wp-content\/uploads\/2022\/12\/v-label-general-info-consumers-1280x720.jpg",1280,720,true],"gform-image-choice-sm":["https:\/\/www.v-label.com\/wp-content\/uploads\/2022\/12\/v-label-general-info-consumers.jpg",300,173,false],"gform-image-choice-md":["https:\/\/www.v-label.com\/wp-content\/uploads\/2022\/12\/v-label-general-info-consumers.jpg",400,231,false],"gform-image-choice-lg":["https:\/\/www.v-label.com\/wp-content\/uploads\/2022\/12\/v-label-general-info-consumers.jpg",600,346,false]},"uagb_author_info":{"display_name":"Can Aslan","author_link":"https:\/\/www.v-label.com\/cs"},"uagb_comment_info":0,"uagb_excerpt":"Informace pro spot\u0159ebitele Jste vegan(ka), vegetari\u00e1n(ka), flexitari\u00e1n(ka), sni\u017eujete spot\u0159ebu \u017eivo\u010di\u0161n\u00fdch produkt\u016f nebo v\u00e1s prost\u011b \u017eene zv\u011bdavost? Vzhledem k tomu, \u017ee nav\u0161t\u011bvujete tento web, je pravd\u011bpodobn\u00e9, \u017ee chcete spravedliv\u00fd, udr\u017eiteln\u00fd (a chutn\u00fd!) sv\u011bt. V tom jsme za jedno a na\u0161\u00edm zp\u016fsobem, jak p\u0159isp\u011bt k t\u00e9to budoucnosti, je roz\u0161\u00ed\u0159it a p\u0159isp\u011bt k snadn\u00e9 rozpoznatelnosti vegansk\u00fdch a vegetari\u00e1nsk\u00fdch&hellip;","_links":{"self":[{"href":"https:\/\/www.v-label.com\/cs\/wp-json\/wp\/v2\/pages\/8422","targetHints":{"allow":["GET"]}}],"collection":[{"href":"https:\/\/www.v-label.com\/cs\/wp-json\/wp\/v2\/pages"}],"about":[{"href":"https:\/\/www.v-label.com\/cs\/wp-json\/wp\/v2\/types\/page"}],"author":[{"embeddable":true,"href":"https:\/\/www.v-label.com\/cs\/wp-json\/wp\/v2\/users\/5"}],"replies":[{"embeddable":true,"href":"https:\/\/www.v-label.com\/cs\/wp-json\/wp\/v2\/comments?post=8422"}],"version-history":[{"count":4,"href":"https:\/\/www.v-label.com\/cs\/wp-json\/wp\/v2\/pages\/8422\/revisions"}],"predecessor-version":[{"id":9058,"href":"https:\/\/www.v-label.com\/cs\/wp-json\/wp\/v2\/pages\/8422\/revisions\/9058"}],"wp:featuredmedia":[{"embeddable":true,"href":"https:\/\/www.v-label.com\/cs\/wp-json\/wp\/v2\/media\/17173"}],"wp:attachment":[{"href":"https:\/\/www.v-label.com\/cs\/wp-json\/wp\/v2\/media?parent=8422"}],"wp:term":[{"taxonomy":"category","embeddable":true,"href":"https:\/\/www.v-label.com\/cs\/wp-json\/wp\/v2\/categories?post=8422"},{"taxonomy":"post_tag","embeddable":true,"href":"https:\/\/www.v-label.com\/cs\/wp-json\/wp\/v2\/tags?post=8422"}],"curies":[{"name":"wp","href":"https:\/\/api.w.org\/{rel}","templated":true}]}}