{"id":8513,"date":"2022-09-09T10:47:40","date_gmt":"2022-09-09T08:47:40","guid":{"rendered":"https:\/\/www.v-label.com\/general-information\/certified-products\/"},"modified":"2024-07-09T14:39:00","modified_gmt":"2024-07-09T12:39:00","slug":"certified-products","status":"publish","type":"page","link":"https:\/\/www.v-label.com\/cs\/general-information\/certified-products\/","title":{"rendered":"Certifikovan\u00e9 Produkty"},"content":{"rendered":"\n<p>V\u011bd\u011bli jste, \u017ee v\u00fdroba potravin je odpov\u011bdn\u00e1 za jednu \u010dtvrtinu sv\u011btov\u00fdch emis\u00ed sklen\u00edkov\u00fdch plyn\u016f a st\u00e1le v\u00edce lid\u00ed se zaj\u00edm\u00e1 o zm\u011bny klimatu? Ned\u00e1vn\u00e9 studie nazna\u010duj\u00ed, \u017ee pokud chcete sn\u00ed\u017eit osobn\u00ed emise sklen\u00edkov\u00fdch plyn\u016f, <strong>m\u011bli byste se zam\u011b\u0159it sp\u00ed\u0161e na to, co j\u00edte, ne\u017e na to, odkud va\u0161e j\u00eddlo poch\u00e1z\u00ed.<\/strong><a href=\"https:\/\/ourworldindata.org\/food-choice-vs-eating-local#licence\" target=\"_blank\" rel=\"noopener\"><sup>1<\/sup><\/a><\/p>\n\n\n\n<p>Abyste si mohli vychutnat rozmanit\u00e9 rostlinn\u00e9 produkty, m\u016f\u017eete se, ale tak\u00e9 nemus\u00edte, stravovat 100% vegansky. Vegansk\u00e1 a vegetari\u00e1nsk\u00e1 j\u00eddla jsou zdrav\u00e1, plnohodnotn\u00e1, lahodn\u00e1, zaj\u00edmav\u00e1 a jednoduch\u00e1 na p\u0159\u00edpravu. Krom\u011b toho, \u017ee je tato strava etickou a udr\u017eitelnou volbou, jde tak\u00e9 o vyj\u00e1d\u0159en\u00ed va\u0161\u00ed vlastn\u00ed identity.<\/p>\n\n\n\n<p>Logem V-Label je v sou\u010dasnosti ozna\u010deno v\u00edce ne\u017e 70.000 produkt\u016f. Zde naleznete n\u011bkolk certifikov\u00e1nych v\u00fdrobk\u016f, kter\u00e9 v\u00e1s mohou inspirovat p\u0159i dal\u0161\u00edm n\u00e1kupu.<\/p>\n\n\n\n<h3 class=\"wp-block-heading has-text-align-center\"><strong>Rozhodujte ka\u017ed\u00fdm sv\u00fdm n\u00e1kupem<\/strong><\/h3>\n\n\n\n<div class=\"wp-block-group alignwide is-content-justification-center is-nowrap is-layout-flex wp-container-core-group-is-layout-499140ed wp-block-group-is-layout-flex\">\n<figure class=\"wp-block-image size-thumbnail is-resized\"><img decoding=\"async\" width=\"500\" height=\"500\" src=\"https:\/\/www.v-label.com\/wp-content\/uploads\/2022\/07\/logo-vlabel-favicon-500x500.png\" alt=\"\" class=\"wp-image-331\" style=\"width:50px;height:50px\" srcset=\"https:\/\/www.v-label.com\/wp-content\/uploads\/2022\/07\/logo-vlabel-favicon-500x500.png 500w, https:\/\/www.v-label.com\/wp-content\/uploads\/2022\/07\/logo-vlabel-favicon-300x300.png 300w, https:\/\/www.v-label.com\/wp-content\/uploads\/2022\/07\/logo-vlabel-favicon-768x768.png 768w, https:\/\/www.v-label.com\/wp-content\/uploads\/2022\/07\/logo-vlabel-favicon.png 852w\" sizes=\"(max-width: 500px) 100vw, 500px\" \/><\/figure>\n<\/div>\n\n\n\n<div class=\"wp-block-columns is-layout-flex wp-container-core-columns-is-layout-9d6595d7 wp-block-columns-is-layout-flex\">\n<div class=\"wp-block-column is-layout-flow wp-block-column-is-layout-flow\">\n<figure class=\"wp-block-image size-medium\"><img decoding=\"async\" width=\"300\" height=\"200\" src=\"https:\/\/www.v-label.com\/wp-content\/uploads\/2022\/12\/meat-alternatives-1280-300x200.jpg\" alt=\"\" class=\"wp-image-17394\" srcset=\"https:\/\/www.v-label.com\/wp-content\/uploads\/2022\/12\/meat-alternatives-1280-300x200.jpg 300w, https:\/\/www.v-label.com\/wp-content\/uploads\/2022\/12\/meat-alternatives-1280-1024x682.jpg 1024w, https:\/\/www.v-label.com\/wp-content\/uploads\/2022\/12\/meat-alternatives-1280-500x333.jpg 500w, https:\/\/www.v-label.com\/wp-content\/uploads\/2022\/12\/meat-alternatives-1280-768x511.jpg 768w, https:\/\/www.v-label.com\/wp-content\/uploads\/2022\/12\/meat-alternatives-1280.jpg 1280w\" sizes=\"(max-width: 300px) 100vw, 300px\" \/><\/figure>\n\n\n\n<h2 class=\"wp-block-heading\"><a href=\"https:\/\/www.v-label.com\/cs\/general-information\/certified-products\/meat-alternatives\/\" data-type=\"page\" data-id=\"1016\"><strong>Alternativy masa<\/strong><\/a><\/h2>\n\n\n\n<p>Inovativn\u00ed ingredience, hlavn\u00ed oblast alternativ a nekone\u010dn\u00e9 mo\u017enosti. T\u0159i d\u016fvody, pro\u010d alternativy masa nejen exponenci\u00e1ln\u011b rostou, ale tak\u00e9 p\u0159ibli\u017euj\u00ed budoucnost toho, jak\u00e9 budeme konzumovat j\u00eddlo. Inspirujte se a uspokojte sv\u00e9 chut\u011b!<\/p>\n<\/div>\n\n\n\n<div class=\"wp-block-column is-layout-flow wp-block-column-is-layout-flow\">\n<figure class=\"wp-block-image size-medium\"><img decoding=\"async\" width=\"300\" height=\"200\" src=\"https:\/\/www.v-label.com\/wp-content\/uploads\/2022\/12\/fish-alternatives-1280-300x200.jpg\" alt=\"\" class=\"wp-image-17374\" srcset=\"https:\/\/www.v-label.com\/wp-content\/uploads\/2022\/12\/fish-alternatives-1280-300x200.jpg 300w, https:\/\/www.v-label.com\/wp-content\/uploads\/2022\/12\/fish-alternatives-1280-1024x682.jpg 1024w, https:\/\/www.v-label.com\/wp-content\/uploads\/2022\/12\/fish-alternatives-1280-500x333.jpg 500w, https:\/\/www.v-label.com\/wp-content\/uploads\/2022\/12\/fish-alternatives-1280-768x512.jpg 768w, https:\/\/www.v-label.com\/wp-content\/uploads\/2022\/12\/fish-alternatives-1280.jpg 1280w\" sizes=\"(max-width: 300px) 100vw, 300px\" \/><\/figure>\n\n\n\n<h2 class=\"wp-block-heading\"><a href=\"https:\/\/www.v-label.com\/cs\/general-information\/certified-products\/fish-alternatives\/\" data-type=\"page\" data-id=\"1323\"><strong>Alternativy ryb<\/strong><\/a><\/h2>\n\n\n\n<p>Rostlinn\u00e9 alternativy ryb a mo\u0159sk\u00fdch plod\u016f u\u017e nejsou pouze vegansk\u00e9 filety u v\u00e1no\u010dn\u00ed ve\u010de\u0159e. Tento trh nab\u00edz\u00ed \u0159adu pokrm\u016f bohat\u00fdch na b\u00edlkoviny, od ka\u017edodenn\u00edch a\u017e po ty slavnostn\u00ed.<\/p>\n<\/div>\n\n\n\n<div class=\"wp-block-column is-layout-flow wp-block-column-is-layout-flow\">\n<figure class=\"wp-block-image size-medium\"><img decoding=\"async\" width=\"300\" height=\"200\" src=\"https:\/\/www.v-label.com\/wp-content\/uploads\/2022\/12\/milk-alternatives-1280-300x200.jpg\" alt=\"\" class=\"wp-image-17877\" srcset=\"https:\/\/www.v-label.com\/wp-content\/uploads\/2022\/12\/milk-alternatives-1280-300x200.jpg 300w, https:\/\/www.v-label.com\/wp-content\/uploads\/2022\/12\/milk-alternatives-1280-1024x682.jpg 1024w, https:\/\/www.v-label.com\/wp-content\/uploads\/2022\/12\/milk-alternatives-1280-500x333.jpg 500w, https:\/\/www.v-label.com\/wp-content\/uploads\/2022\/12\/milk-alternatives-1280-768x512.jpg 768w, https:\/\/www.v-label.com\/wp-content\/uploads\/2022\/12\/milk-alternatives-1280.jpg 1280w\" sizes=\"(max-width: 300px) 100vw, 300px\" \/><\/figure>\n\n\n\n<h2 class=\"wp-block-heading\"><a href=\"https:\/\/www.v-label.com\/cs\/general-information\/certified-products\/dairy-alternatives\/\" data-type=\"page\" data-id=\"1325\"><strong>Alternativy ml\u00e9\u010dn\u00fdch produkt\u016f<\/strong><\/a><\/h2>\n\n\n\n<p>P\u0159echod od s\u00f3ji k ovesn\u00e9mu, mandlov\u00e9mu a kokosov\u00e9mu ml\u00e9ku byl jen za\u010d\u00e1tkem rostlinn\u00e9 revoluce v odv\u011btv\u00ed alternativ ml\u00e9ka. Dnes si u\u017e m\u016f\u017eete vybrat, co chcete: jogurty r\u016fzn\u00fdch druh\u016f od \u0159eck\u00fdch a\u017e po jogurtov\u00e9 n\u00e1poje, lahodn\u00e9 zmrzliny vyroben\u00e9 s ohledem k na\u0161\u00ed planet\u011b, m\u00e1sla a pomaz\u00e1nky k sn\u00eddani nebo t\u0159eba s\u00fdr!<\/p>\n<\/div>\n<\/div>\n\n\n\n<div class=\"wp-block-columns is-layout-flex wp-container-core-columns-is-layout-9d6595d7 wp-block-columns-is-layout-flex\">\n<div class=\"wp-block-column is-layout-flow wp-block-column-is-layout-flow\">\n<figure class=\"wp-block-image size-medium\"><img decoding=\"async\" width=\"300\" height=\"200\" src=\"https:\/\/www.v-label.com\/wp-content\/uploads\/2022\/12\/ready-meals-1280-300x200.jpg\" alt=\"\" class=\"wp-image-17214\" srcset=\"https:\/\/www.v-label.com\/wp-content\/uploads\/2022\/12\/ready-meals-1280-300x200.jpg 300w, https:\/\/www.v-label.com\/wp-content\/uploads\/2022\/12\/ready-meals-1280-1024x682.jpg 1024w, https:\/\/www.v-label.com\/wp-content\/uploads\/2022\/12\/ready-meals-1280-500x333.jpg 500w, https:\/\/www.v-label.com\/wp-content\/uploads\/2022\/12\/ready-meals-1280-768x511.jpg 768w, https:\/\/www.v-label.com\/wp-content\/uploads\/2022\/12\/ready-meals-1280.jpg 1280w\" sizes=\"(max-width: 300px) 100vw, 300px\" \/><\/figure>\n\n\n\n<h2 class=\"wp-block-heading\"><a href=\"https:\/\/www.v-label.com\/cs\/general-information\/certified-products\/ready-made-meals\/\" data-type=\"page\" data-id=\"1327\"><strong>Hotov\u00e1 j\u00eddla<\/strong><\/a><\/h2>\n\n\n\n<p>Ob\u011bdy na cest\u00e1ch u\u017e nemus\u00ed b\u00fdt kompromisem. Zdrav\u00e9, chutn\u00e9 a veggie je motto v\u011bt\u0161iny hlavn\u00edch maloobchodn\u00edk\u016f, kte\u0159\u00ed nab\u00edzej\u00ed rostlinnou pizzu a \u0161irokou \u0161k\u00e1lu j\u00eddel, od hotov\u00fdch pol\u00e9vek a\u017e po chilli sin carne.<\/p>\n<\/div>\n\n\n\n<div class=\"wp-block-column is-layout-flow wp-block-column-is-layout-flow\">\n<figure class=\"wp-block-image size-medium\"><img decoding=\"async\" width=\"300\" height=\"200\" src=\"https:\/\/www.v-label.com\/wp-content\/uploads\/2022\/12\/sweets-1280-300x200.jpg\" alt=\"\" class=\"wp-image-17314\" srcset=\"https:\/\/www.v-label.com\/wp-content\/uploads\/2022\/12\/sweets-1280-300x200.jpg 300w, https:\/\/www.v-label.com\/wp-content\/uploads\/2022\/12\/sweets-1280-1024x682.jpg 1024w, https:\/\/www.v-label.com\/wp-content\/uploads\/2022\/12\/sweets-1280-500x333.jpg 500w, https:\/\/www.v-label.com\/wp-content\/uploads\/2022\/12\/sweets-1280-768x512.jpg 768w, https:\/\/www.v-label.com\/wp-content\/uploads\/2022\/12\/sweets-1280.jpg 1280w\" sizes=\"(max-width: 300px) 100vw, 300px\" \/><\/figure>\n\n\n\n<h2 class=\"wp-block-heading\"><a href=\"https:\/\/www.v-label.com\/cs\/general-information\/certified-products\/sweets\/\" data-type=\"page\" data-id=\"1329\"><strong>Sladkosti<\/strong><\/a><\/h2>\n\n\n\n<p>Zkontrolujte, zda je v\u00e1\u0161 obl\u00edben\u00fd snack opravdu vegetari\u00e1nsk\u00fd nebo vegansk\u00fd a z\u00e1sobte svou sp\u00ed\u017e rostlinnou \u010dokol\u00e1dou, su\u0161enkami, chipsy \u010di ty\u010dinkami!<\/p>\n<\/div>\n\n\n\n<div class=\"wp-block-column is-layout-flow wp-block-column-is-layout-flow\">\n<figure class=\"wp-block-image size-medium\"><img decoding=\"async\" width=\"300\" height=\"200\" src=\"https:\/\/www.v-label.com\/wp-content\/uploads\/2022\/12\/beverages-1280-300x200.jpg\" alt=\"\" class=\"wp-image-17294\" srcset=\"https:\/\/www.v-label.com\/wp-content\/uploads\/2022\/12\/beverages-1280-300x200.jpg 300w, https:\/\/www.v-label.com\/wp-content\/uploads\/2022\/12\/beverages-1280-1024x682.jpg 1024w, https:\/\/www.v-label.com\/wp-content\/uploads\/2022\/12\/beverages-1280-500x333.jpg 500w, https:\/\/www.v-label.com\/wp-content\/uploads\/2022\/12\/beverages-1280-768x512.jpg 768w, https:\/\/www.v-label.com\/wp-content\/uploads\/2022\/12\/beverages-1280.jpg 1280w\" sizes=\"(max-width: 300px) 100vw, 300px\" \/><\/figure>\n\n\n\n<h2 class=\"wp-block-heading\"><a href=\"https:\/\/www.v-label.com\/cs\/general-information\/certified-products\/beverages\/\" data-type=\"page\" data-id=\"1331\"><strong>N\u00e1poje<\/strong><\/a><\/h2>\n\n\n\n<p>D\u00e1vejte pozor na skryt\u00e9 \u017eivo\u010di\u0161n\u00e9 slo\u017eky ve va\u0161em obl\u00edben\u00e9m n\u00e1poji! Zjist\u011bte, kter\u00e9 d\u017eusy neobsahuj\u00ed nevegansk\u00fd vitam\u00edn D3 a kter\u00e1 v\u00edna nejsou \u010di\u0159en\u00e1 \u017eivo\u010di\u0161n\u00fdmi b\u00edlkovinami.<\/p>\n<\/div>\n<\/div>\n","protected":false},"excerpt":{"rendered":"<p>V\u011bd\u011bli jste, \u017ee v\u00fdroba potravin je odpov\u011bdn\u00e1 za jednu \u010dtvrtinu sv\u011btov\u00fdch emis\u00ed sklen\u00edkov\u00fdch plyn\u016f a st\u00e1le v\u00edce lid\u00ed se zaj\u00edm\u00e1 o zm\u011bny klimatu? Ned\u00e1vn\u00e9 studie nazna\u010duj\u00ed, \u017ee pokud chcete sn\u00ed\u017eit osobn\u00ed emise sklen\u00edkov\u00fdch plyn\u016f, m\u011bli byste se zam\u011b\u0159it sp\u00ed\u0161e na to, co j\u00edte, ne\u017e na to, odkud va\u0161e j\u00eddlo poch\u00e1z\u00ed.1 Abyste si mohli vychutnat rozmanit\u00e9 [&hellip;]<\/p>\n","protected":false},"author":5,"featured_media":17194,"parent":8422,"menu_order":0,"comment_status":"closed","ping_status":"closed","template":"","meta":{"_acf_changed":false,"_editorskit_title_hidden":false,"_editorskit_reading_time":0,"_editorskit_is_block_options_detached":false,"_editorskit_block_options_position":"{}","inline_featured_image":false,"_uag_custom_page_level_css":"","footnotes":""},"categories":[],"tags":[],"class_list":["post-8513","page","type-page","status-publish","has-post-thumbnail","hentry"],"acf":[],"uagb_featured_image_src":{"full":["https:\/\/www.v-label.com\/wp-content\/uploads\/2022\/12\/v-label-cert-products.jpg",2000,1339,false],"thumbnail":["https:\/\/www.v-label.com\/wp-content\/uploads\/2022\/12\/v-label-cert-products-500x335.jpg",500,335,true],"medium":["https:\/\/www.v-label.com\/wp-content\/uploads\/2022\/12\/v-label-cert-products-300x201.jpg",300,201,true],"medium_large":["https:\/\/www.v-label.com\/wp-content\/uploads\/2022\/12\/v-label-cert-products-768x514.jpg",768,514,true],"large":["https:\/\/www.v-label.com\/wp-content\/uploads\/2022\/12\/v-label-cert-products-1024x686.jpg",1024,686,true],"1536x1536":["https:\/\/www.v-label.com\/wp-content\/uploads\/2022\/12\/v-label-cert-products-1536x1028.jpg",1536,1028,true],"2048x2048":["https:\/\/www.v-label.com\/wp-content\/uploads\/2022\/12\/v-label-cert-products.jpg",2000,1339,false],"preview":["https:\/\/www.v-label.com\/wp-content\/uploads\/2022\/12\/v-label-cert-products-904x720.jpg",904,720,true],"header":["https:\/\/www.v-label.com\/wp-content\/uploads\/2022\/12\/v-label-cert-products-2000x720.jpg",2000,720,true],"gform-image-choice-sm":["https:\/\/www.v-label.com\/wp-content\/uploads\/2022\/12\/v-label-cert-products.jpg",300,201,false],"gform-image-choice-md":["https:\/\/www.v-label.com\/wp-content\/uploads\/2022\/12\/v-label-cert-products.jpg",400,268,false],"gform-image-choice-lg":["https:\/\/www.v-label.com\/wp-content\/uploads\/2022\/12\/v-label-cert-products.jpg",600,402,false]},"uagb_author_info":{"display_name":"Can Aslan","author_link":"https:\/\/www.v-label.com\/cs"},"uagb_comment_info":0,"uagb_excerpt":"V\u011bd\u011bli jste, \u017ee v\u00fdroba potravin je odpov\u011bdn\u00e1 za jednu \u010dtvrtinu sv\u011btov\u00fdch emis\u00ed sklen\u00edkov\u00fdch plyn\u016f a st\u00e1le v\u00edce lid\u00ed se zaj\u00edm\u00e1 o zm\u011bny klimatu? Ned\u00e1vn\u00e9 studie nazna\u010duj\u00ed, \u017ee pokud chcete sn\u00ed\u017eit osobn\u00ed emise sklen\u00edkov\u00fdch plyn\u016f, m\u011bli byste se zam\u011b\u0159it sp\u00ed\u0161e na to, co j\u00edte, ne\u017e na to, odkud va\u0161e j\u00eddlo poch\u00e1z\u00ed.1 Abyste si mohli vychutnat rozmanit\u00e9&hellip;","_links":{"self":[{"href":"https:\/\/www.v-label.com\/cs\/wp-json\/wp\/v2\/pages\/8513","targetHints":{"allow":["GET"]}}],"collection":[{"href":"https:\/\/www.v-label.com\/cs\/wp-json\/wp\/v2\/pages"}],"about":[{"href":"https:\/\/www.v-label.com\/cs\/wp-json\/wp\/v2\/types\/page"}],"author":[{"embeddable":true,"href":"https:\/\/www.v-label.com\/cs\/wp-json\/wp\/v2\/users\/5"}],"replies":[{"embeddable":true,"href":"https:\/\/www.v-label.com\/cs\/wp-json\/wp\/v2\/comments?post=8513"}],"version-history":[{"count":6,"href":"https:\/\/www.v-label.com\/cs\/wp-json\/wp\/v2\/pages\/8513\/revisions"}],"predecessor-version":[{"id":83843,"href":"https:\/\/www.v-label.com\/cs\/wp-json\/wp\/v2\/pages\/8513\/revisions\/83843"}],"up":[{"embeddable":true,"href":"https:\/\/www.v-label.com\/cs\/wp-json\/wp\/v2\/pages\/8422"}],"wp:featuredmedia":[{"embeddable":true,"href":"https:\/\/www.v-label.com\/cs\/wp-json\/wp\/v2\/media\/17194"}],"wp:attachment":[{"href":"https:\/\/www.v-label.com\/cs\/wp-json\/wp\/v2\/media?parent=8513"}],"wp:term":[{"taxonomy":"category","embeddable":true,"href":"https:\/\/www.v-label.com\/cs\/wp-json\/wp\/v2\/categories?post=8513"},{"taxonomy":"post_tag","embeddable":true,"href":"https:\/\/www.v-label.com\/cs\/wp-json\/wp\/v2\/tags?post=8513"}],"curies":[{"name":"wp","href":"https:\/\/api.w.org\/{rel}","templated":true}]}}