{"id":8625,"date":"2022-05-30T16:16:08","date_gmt":"2022-05-30T14:16:08","guid":{"rendered":"https:\/\/www.v-label.com\/faqs\/"},"modified":"2022-12-10T16:04:52","modified_gmt":"2022-12-10T15:04:52","slug":"faqs","status":"publish","type":"page","link":"https:\/\/www.v-label.com\/cs\/faqs\/","title":{"rendered":"\u010cKD"},"content":{"rendered":"\n<h3 class=\"has-text-align-center wp-block-heading\">Najd\u011bte odpov\u011bdi na n\u011bkter\u00e9 z ot\u00e1zek, kter\u00e9 by v\u00e1s mohly ohledn\u011b V-Label zaj\u00edmat.<\/h3>\n\n\n\r\n<section id=\"accordion-block_1ff0f63a496db983869c5f99981ff949\" class=\"wp-block-accordion\">\r\n\t\t\t<button class=\"toggle_open\" id=\"button_toggle\">Expand all<\/button>\r\n\t\t<ul class=\"posts_list_accordion\">\r\n\t\t\t\t\t\t\t<li>\r\n\t\t\t\t\t\t\t\t\t\t\t\t\t\t\t\t\t<h4 id=\"\">Jak\u00e9 v\u00fdhody nab\u00edz\u00ed V-Label oproti jin\u00fdm vegansk\u00fdm zna\u010dk\u00e1m?<i class=\"icon-angle-down\"><\/i><\/h4>\r\n\t\t\t\t\t\t\t\t\t\t\t\t\t\t\t\t<div class=\"accordion_text\"><div class=\"accordion_text\">\n<div class=\"accordion_text\">\n<p>Mnoho spole\u010dnost\u00ed a v\u00fdrobc\u016f pou\u017e\u00edv\u00e1 pro sv\u00e9 produkty sv\u00e9 vlastn\u00ed zna\u010den\u00ed. P\u0159i vytv\u00e1\u0159en\u00ed t\u011bchto ozna\u010den\u00ed v\u0161ak definuj\u00ed vlastn\u00ed krit\u00e9ria pro vegansk\u00e9 a vegetari\u00e1nsk\u00e9 produkty, co\u017e vede k nesrovnalostem. Nedostate\u010dn\u00e9 poznatky o r\u016fzn\u00fdch slo\u017ek\u00e1ch a d\u016fle\u017eit\u00fdch v\u00fdrobn\u00edch krit\u00e9ri\u00edch mohou zp\u016fsobit nespr\u00e1vn\u00e9 zna\u010den\u00ed. Tato loga nepodl\u00e9haj\u00ed kontrol\u00e1m ze strany nez\u00e1visl\u00fdch subjekt\u016f, co\u017e znamen\u00e1, \u017ee nespr\u00e1vn\u00e9 ozna\u010den\u00ed si \u010dasto spot\u0159ebitel\u00e9 nev\u0161imnou. Z\u00e1kazn\u00edci st\u00e1le v\u00edce volaj\u00ed po transparentnosti, aby mohli rychle a spolehliv\u011b identifikovat vegansk\u00e9 a vegetari\u00e1nsk\u00e9 produkty.<\/p>\n<p>V sou\u010dasn\u00e9 dob\u011b to m\u016f\u017ee poskytnout pouze V-Label a to d\u00edky standardizovan\u00fdm krit\u00e9ri\u00edm. V-label znamen\u00e1, \u017ee spole\u010dnosti mohou vyu\u017e\u00edvat extern\u00ed\u00a0 odpov\u011bdnost za kontroly kvality jejich vegansk\u00fdch a vegetari\u00e1nsk\u00fdch produkt\u016f.<\/p>\n<p>V-Label je tak\u00e9 jedinou evropskou nez\u00e1vislou zna\u010dkou ve vegansk\u00e9 a vegetari\u00e1nsk\u00e9 kategorii.<\/p>\n<\/div>\n<\/div>\n<\/div>\r\n\t\t\t\t\t\t\t\t\t<\/li>\r\n\t\t\t\t\t\t\t<li>\r\n\t\t\t\t\t\t\t\t\t\t\t\t\t\t\t\t\t<h4 id=\"\">Pro\u010d nesta\u010d\u00ed \u010dten\u00ed seznamu ingredienc\u00ed na obalech?<i class=\"icon-angle-down\"><\/i><\/h4>\r\n\t\t\t\t\t\t\t\t\t\t\t\t\t\t\t\t<div class=\"accordion_text\"><div class=\"accordion_text\">\n<p>Oby\u010dejn\u00e9 \u010dten\u00ed seznamu slo\u017eek neposkytuje garanci zda je produkt skute\u010dn\u011b vegetari\u00e1nsk\u00fd nebo vegansk\u00fd. N\u011bkter\u00e9 p\u0159\u00edsady jsou uvedeny jako \u010d\u00edsla E, kter\u00e9 jsou pro mnoho spot\u0159ebitel\u016f nezn\u00e1m\u00e9, zat\u00edmco jin\u00e9 nejsou uvedeny v\u016fbec, proto\u017ee se uv\u00e1d\u011bt nemus\u00ed. Takt\u00e9\u017e ne v\u017edy je z\u0159ejm\u00e9, \u017ee jsou p\u0159\u00edsady rostlinn\u00e9ho nebo \u017eivo\u010di\u0161n\u00e9ho p\u016fvodu \u2013 nap\u0159. nen\u00ed b\u011b\u017en\u00fd uv\u00e1d\u011bt v\u00fdrobn\u00ed aditiva v seznamu p\u0159\u00edsad a mnoho z nich je \u017eivo\u010di\u0161n\u00e9ho p\u016fvodu.\u00a0Zm\u011bna receptury m\u016f\u017ee znamenat, \u017ee obl\u00edben\u00fd vegansk\u00fd nebo vegetari\u00e1nsk\u00fd produkt najednou obsahuje \u017eivo\u010di\u0161n\u00e9 slo\u017eky bez toho, aby o tom spot\u0159ebitel v\u011bd\u011bl. V p\u0159\u00edpad\u011b produkt\u016f s licenc\u00ed V-Label nen\u00ed kontrolovan\u00e9 jen slo\u017een\u00ed, ale sleduje se i ka\u017ed\u00fd krok v\u00fdroby. V-Label je proto rychl\u00fd a spolehliv\u00fd ukazatel, kter\u00fd u\u0161et\u0159\u00ed spot\u0159ebitel\u016fm \u010das str\u00e1ven\u00fd \u010dten\u00edm slo\u017een\u00ed.<\/p>\n<\/div>\n<\/div>\r\n\t\t\t\t\t\t\t\t\t<\/li>\r\n\t\t\t\t\t\t\t<li>\r\n\t\t\t\t\t\t\t\t\t\t\t\t\t\t\t\t\t<h4 id=\"\">Dle jak\u00fdch krit\u00e9ri\u00ed jsou v\u00fdrobky ozna\u010dovan\u00e9 jako vegansk\u00e9 a vegetari\u00e1nsk\u00e9?<i class=\"icon-angle-down\"><\/i><\/h4>\r\n\t\t\t\t\t\t\t\t\t\t\t\t\t\t\t\t<div class=\"accordion_text\"><div class=\"accordion_text\">\n<div class=\"accordion_text\">\n<p>Definice pojm\u016f &#8222;vegansk\u00e9&#8220; a &#8222;vegetari\u00e1nske&#8220;, kter\u00e9 pou\u017e\u00edv\u00e1 zna\u010dka V-Label je v souladu s doporu\u010denou definic\u00ed stanovenou b\u011bhem 12. konference ministr\u016f pro ochranu spot\u0159ebitel\u016f ze dne 22. dubna 2016.<\/p>\n<p><strong>Vegetari\u00e1nsk\u00e9<\/strong><\/p>\n<p>Potraviny a dal\u0161\u00ed produkty, kter\u00e9 neobsahuj\u00ed zv\u00ed\u0159ata a jejich \u010d\u00e1sti, jsou pova\u017eov\u00e1ny za vegetari\u00e1nsk\u00e9. Pat\u0159\u00ed sem tak\u00e9 v\u00fdroba a zpracov\u00e1n\u00ed. Potraviny a dal\u0161\u00ed produkty vytvo\u0159en\u00e9 za pomoc\u00ed \u017eiv\u00fdch zv\u00ed\u0159at a produkt\u016f z nich z\u00edskan\u00fdch jsou pova\u017eov\u00e1ny za vegetari\u00e1nsk\u00e9.<\/p>\n<p><strong>Vegansk\u00e9<\/strong><\/p>\n<p>J\u00eddlo a ostatn\u00ed produkty, kter\u00e9 neobsahuj\u00ed \u017eivo\u010dichy ani jejich \u010d\u00e1sti, se pova\u017euj\u00ed za vegansk\u00e9. Aby bylo j\u00eddlo nebo ostatn\u00ed v\u00fdrobky vegansk\u00e9, mus\u00ed b\u00fdt vyrobeno bez pomoci zv\u00ed\u0159at nebo slo\u017eek \u017eivo\u010di\u0161n\u00e9ho p\u016fvodu. To zahrnuje celou v\u00fdrobu a zpracovatelsk\u00e9 postupy.<\/p>\n<p><strong>Dal\u0161\u00ed krit\u00e9ri\u00e1 zn\u00e1mky V-Label<\/strong><\/p>\n<p>V-Label nen\u00ed nikdy ud\u011blovan\u00e1 v p\u0159\u00edpad\u011b, \u017ee:<\/p>\n<ul>\n<li>Produkty obsahuj\u00ed GMO slo\u017eky (geneticky modifikovan\u00e9 organismy)<\/li>\n<li>Produkty obsahuj\u00ed vejce z klecov\u00fdch chov\u016f (v\u010detn\u011b zdokonalen\u00fdch a skupinov\u00fdch klec\u00ed)<\/li>\n<\/ul>\n<p><strong>Balen\u00ed<\/strong><\/p>\n<p>Zna\u010dka V-Label nevylu\u010duje produkty, kter\u00fdch obal obsahuje \u017eivo\u010di\u0161n\u00e9 slo\u017eky.\u00a0Spole\u010dnosti jsou ale vyz\u00fdv\u00e1ny, aby se dobrovoln\u011b vyh\u00fdbali obal\u016fm, kter\u00e9 obsahuj\u00ed \u017eivo\u010di\u0161n\u00e9 slo\u017eky.<\/p>\n<p><strong>Hnojen\u00ed a p\u011bstov\u00e1n\u00ed<\/strong><\/p>\n<p>Proces licencov\u00e1n\u00ed V-Label pro produkty a slo\u017eky za\u010d\u00edn\u00e1 obdob\u00edm \u017eatvy. Hnojiv\u00e1 pou\u017e\u00edvan\u00e1 na p\u016fd\u016f, ve kter\u00e9 se p\u011bstuj\u00ed suroviny pro produkty ozna\u010den\u00e9 zn\u00e1mkou V-Label, nep\u0159edstavuj\u00ed relevantn\u00ed krit\u00e9rium. Av\u0161ak suroviny vyp\u011bstovan\u00e9 z vegansk\u00e9ho ekologick\u00e9ho zem\u011bd\u011blstv\u00ed by m\u011bly b\u00fdt up\u0159ednost\u0148ov\u00e1ny a podporujeme spole\u010dnosti v pou\u017e\u00edv\u00e1n\u00ed hnojiv bez l\u00e1tek \u017eivo\u010di\u0161n\u00e9ho p\u016fvodu..<\/p>\n<p><strong>P\u0159\u00edtomnost ne\u00famysln\u00fdch stop<\/strong><\/p>\n<p>Na ka\u017ed\u00e9 spole\u010dnosti z\u00e1le\u017e\u00ed, zda se na obalu rozhodne uv\u00e9st p\u0159\u00edtomnost stopov\u00e9 mno\u017estv\u00ed alergen\u016f nebo \u017eivo\u010di\u0161n\u00fdch slo\u017eek, kter\u00e9 by se mohly vyskytnout ve v\u00fdrobn\u00edm procesu. Uveden\u00edm potenci\u00e1ln\u00ed p\u0159\u00edtomnosti stopov\u00fdch prvk\u016f se firmy chr\u00e1n\u00ed p\u0159ed jak\u00fdmikoli pr\u00e1vn\u00edmi d\u016fsledky v p\u0159\u00edpad\u011b, \u017ee se u z\u00e1kazn\u00edk\u016f objev\u00ed alergick\u00e9 reakce. Pouze proto, \u017ee jsou tyto informace poskytov\u00e1ny, nemus\u00ed nutn\u011b znamenat, \u017ee kone\u010dn\u00fd produkt ve skute\u010dnosti obsahuje \u017eivo\u010di\u0161n\u00e9 produkty; informace pouze varuj\u00ed spot\u0159ebitele o mo\u017enosti minim\u00e1ln\u00ed kontaminace, ke kter\u00e9 doch\u00e1z\u00ed ve v\u00fdrobn\u00edm procesu.<\/p>\n<p>V\u00fdrobky, kter\u00e9 obsahuj\u00ed tuto informaci, spl\u0148uj\u00ed krit\u00e9ria V-Label pouze za p\u0159edpokladu, \u017ee \u017e\u00e1dn\u00e9 slo\u017eky \u017eivo\u010di\u0161n\u00e9ho p\u016fvodu nejsou z\u00e1m\u011brn\u011b p\u0159id\u00e1ny v nijak\u00e9 f\u00e1ze v\u00fdroby. Ve\u0161ker\u00e1 stadia v\u00fdroby, zpracov\u00e1n\u00ed a distribuce by m\u011bly b\u00fdt navr\u017eeny tak, aby nebyla nejl\u00e9pe \u017e\u00e1dn\u00e1 mo\u017enost nezam\u00fd\u0161len\u00e9 p\u0159\u00edtomnosti nevegansk\u00fdch nebo nevegetari\u00e1nsk\u00fdch l\u00e1tek. Obsah ne\u00famysln\u00fdch nevegansk\u00fdch nebo nevegetari\u00e1nsk\u00fdch slo\u017eek by m\u011bl b\u00fdt ve fin\u00e1ln\u00edm produktu ni\u017e\u0161\u00ed ne\u017e 0,1% (1g \/ kg). Pokud je p\u0159ekro\u010dena referen\u010dn\u00ed hodnota 0,1%, v\u00fdrobce je povinen zlep\u0161it v\u0161echny f\u00e1ze v\u00fdroby, zpracov\u00e1n\u00ed a distribuce. Pokud optimalizace nen\u00ed mo\u017en\u00e1, v\u00fdrobce mus\u00ed uv\u00e9st d\u016fvod. Za p\u0159edpokladu, \u017ee v\u00fdrobce u\u010dinil ve\u0161ker\u00e1 opat\u0159en\u00ed, aby se zabr\u00e1nilo kontaminaci nevegansk\u00fdmi nebo nevegetari\u00e1nsk\u00fdmi l\u00e1tkami, odchylka od referen\u010dn\u00ed hodnoty 0,1% automaticky nevede k odebr\u00e1n\u00ed &#8222;vegansk\u00e9ho&#8220; nebo &#8222;vegetari\u00e1nsk\u00e9ho&#8220; certifik\u00e1tu V-Label.<\/p>\n<p><strong>P\u0159\u00edklady<\/strong><\/p>\n<p>Zna\u010dka V-label nen\u00ed nikdy ud\u011blena licence pro n\u00e1sleduj\u00edc\u00ed produkty nebo produkty obsahuj\u00edc\u00ed n\u011bkterou z t\u011bchto slo\u017eek:<\/p>\n<ul>\n<li>Jate\u010dn\u00e9 produkty<\/li>\n<li>Ryb\u00ed tuk, \u010d\u00e1sti z ryb nebo jin\u00fdch mo\u0159sk\u00fdch \u017eivo\u010dich\u016f<\/li>\n<li>Dochucovadl\u00e1 \u017eivo\u010di\u0161n\u00e9ho p\u016fvodu (krom\u011b dochucovadel na ml\u00e9\u010dn\u00e9 b\u00e1zi)<\/li>\n<li>Jin\u00e1 vejce ne\u017e hydinov\u00e1 (nap\u0159. kavi\u00e1r)<\/li>\n<li>Ml\u00e9\u010dn\u00e9 produkty, ve kter\u00fdch je pou\u017eito \u017eivo\u010di\u0161n\u00e9 sy\u0159idlo<\/li>\n<li>Mate\u0159\u00ed ka\u0161i\u010dka<\/li>\n<li>Barviva \u017eivo\u010di\u0161n\u00e9ho p\u016fvodu (nap\u0159. ko\u0161enila)<\/li>\n<li>Cukry zpracovan\u00e9 za pomoci \u017eivo\u010di\u0161n\u00e9ho uhl\u00ed<\/li>\n<li>Nosn\u00e9 l\u00e1tky nebo p\u0159\u00edsady \u017eivo\u010di\u0161n\u00e9ho p\u016fvodu<\/li>\n<li>\u017divo\u010di\u0161n\u00e9 \u010di\u0159idla (nap\u0159. \u017eelatina, rosol)<\/li>\n<\/ul>\n<p>Produkty, kter\u00e9 nesou ozna\u010den\u00ed \u201cvegan\u201d jsou bez \u017eivo\u010di\u0161n\u00fdch slo\u017eek jako:<\/p>\n<ul>\n<li>Vejce<\/li>\n<li>Med<\/li>\n<li>Ml\u00e9\u010dn\u00e9 produkty<\/li>\n<li>\u017divo\u010di\u0161n\u00fd vosk<\/li>\n<li>Barviva \u017eivo\u010di\u0161n\u00e9ho p\u016fvodu<\/li>\n<li>Nosn\u00e9 l\u00e1tky nebo p\u0159\u00edsady \u017eivo\u010di\u0161n\u00e9ho p\u016fvodu<\/li>\n<li>\u017divo\u010di\u0161n\u00e9 \u010di\u0159idla (nap\u0159. vaje\u010dn\u00fd b\u00edlek)<\/li>\n<\/ul>\n<\/div>\n<\/div>\n<\/div>\r\n\t\t\t\t\t\t\t\t\t<\/li>\r\n\t\t\t\t\t\t\t<li>\r\n\t\t\t\t\t\t\t\t\t\t\t\t\t\t\t\t\t<h4 id=\"\">Na z\u00e1klad\u011b \u010deho jsou potraviny a dal\u0161\u00ed produkty ozna\u010dovan\u00e9 jako \u201cvegansk\u00e9\u201d nebo \u201cvegetari\u00e1nsk\u00e9\u201d?<i class=\"icon-angle-down\"><\/i><\/h4>\r\n\t\t\t\t\t\t\t\t\t\t\t\t\t\t\t\t<div class=\"accordion_text\"><p>Spole\u010dnosti, kter\u00e9 cht\u011bj\u00ed, aby jejich produkty nesly zn\u00e1mku V-Label, jsou povinny ozn\u00e1mit poskytovateli licence \u00fapln\u00e9 slo\u017een\u00ed t\u011bchto v\u00fdrobk\u016f a v\u0161ech p\u0159\u00edsad pou\u017eit\u00fdch b\u011bhem zpracov\u00e1n\u00ed. Na z\u00e1klad\u011b tohoto prohl\u00e1\u0161en\u00ed a n\u00e1sledn\u00e9 kontrole t\u00fdmu V-Label mohou b\u00fdt potraviny a dal\u0161\u00ed produkty klasifikov\u00e1ny jako \u201cvegansk\u00e9\u201d \u010di \u201cvegetari\u00e1nsk\u00e9\u201d.<\/p>\n<\/div>\r\n\t\t\t\t\t\t\t\t\t<\/li>\r\n\t\t\t\t\t\t\t<li>\r\n\t\t\t\t\t\t\t\t\t\t\t\t\t\t\t\t\t<h4 id=\"\">Jak\u00e1 opat\u0159en\u00ed jsou p\u0159ijata proto, aby spole\u010dnosti spl\u0148ovaly po\u017eadavky V-Label?<i class=\"icon-angle-down\"><\/i><\/h4>\r\n\t\t\t\t\t\t\t\t\t\t\t\t\t\t\t\t<div class=\"accordion_text\"><p>T\u00fdm V-Label si vyhrazuje pr\u00e1vo prov\u00e1d\u011bt opat\u0159en\u00ed zaji\u0161\u0165uj\u00edc\u00ed kvalitu, jejich\u017e c\u00edlem je zabezpe\u010dit d\u016fv\u011bryhodnost a v\u00fdhody zaru\u010den\u00e9 zna\u010dkou V-Label.<\/p>\n<p>Jak\u00e9koliv zm\u011bny receptur nebo zm\u011bny proces\u016f p\u0159i v\u00fdrob\u011b potravin a jin\u00fdch v\u00fdrobk\u016f nesouc\u00edch zn\u00e1mku V-Label, mus\u00ed b\u00fdt okam\u017eit\u011b a bez vyzv\u00e1n\u00ed hl\u00e1\u0161eny \u010dlen\u016fm V-Label t\u00fdmu, kte\u0159\u00ed jsou zodpov\u011bdn\u00ed za \u0159\u00edzen\u00ed kvality. Jakmile firma p\u0159\u00edslu\u0161n\u00e9 zm\u011bny ohl\u00e1s\u00ed, provede se nov\u00e1 kontrola.<\/p>\n<\/div>\r\n\t\t\t\t\t\t\t\t\t<\/li>\r\n\t\t\t\t\t\t\t<li>\r\n\t\t\t\t\t\t\t\t\t\t\t\t\t\t\t\t\t<h4 id=\"\">Existuj\u00ed situace, ve kter\u00fdch nem\u00e1 smysl, aby produkt nesl ozna\u010den\u00ed V-Label?<i class=\"icon-angle-down\"><\/i><\/h4>\r\n\t\t\t\t\t\t\t\t\t\t\t\t\t\t\t\t<div class=\"accordion_text\"><p>Nem\u00e1 smysl, aby byly certifikovan\u00e9 \u00fapln\u011b v\u0161echny v\u00fdrobky: Jednoslo\u017ekov\u00e9 produkty jako \u010daje, ko\u0159en\u00ed a miner\u00e1ln\u00ed vody a surov\u00e9 potraviny jako nezpracovan\u00e1 zelenina jsou v\u017edy rostlinn\u00e9 a nen\u00ed pot\u0159eba je certifikovat. I kdy\u017e v z\u00e1sad\u011b nen\u00ed na takov\u00e9m ozna\u010den\u00ed v\u00fdrobku nic \u0161patn\u00e9ho z reklamn\u00edch d\u016fvod\u016f, nedoporu\u010dujeme to.<\/p>\n<\/div>\r\n\t\t\t\t\t\t\t\t\t<\/li>\r\n\t\t\t\t\t\t\t<li>\r\n\t\t\t\t\t\t\t\t\t\t\t\t\t\t\t\t\t<h4 id=\"\">Jak\u00e9 n\u00e1klady mohou firmy o\u010dek\u00e1vat v souvislosti s ud\u011blen\u00edm licence V-Label?<i class=\"icon-angle-down\"><\/i><\/h4>\r\n\t\t\t\t\t\t\t\t\t\t\t\t\t\t\t\t<div class=\"accordion_text\"><p>Pou\u017e\u00edvan\u00ed zn\u00e1mky V-label podl\u00e9h\u00e1 ka\u017edoro\u010dn\u00edmu licen\u010dn\u00edmu poplatku a jednor\u00e1zov\u00e9mu poplatku za kontrolu.<\/p>\n<\/div>\r\n\t\t\t\t\t\t\t\t\t<\/li>\r\n\t\t\t\t\t\t\t<li>\r\n\t\t\t\t\t\t\t\t\t\t\t\t\t\t\t\t\t<h4 id=\"\">Jak dlouho trv\u00e1 licen\u010dn\u00ed proces?<i class=\"icon-angle-down\"><\/i><\/h4>\r\n\t\t\t\t\t\t\t\t\t\t\t\t\t\t\t\t<div class=\"accordion_text\"><p><b><\/b>Licen\u010dn\u00ed proces poz\u016fst\u00e1v\u00e1 z p\u011bti krok\u016f. Jakmile firma pod\u00e1 \u017e\u00e1dost, p\u0159iprav\u00edme ji na z\u00e1klad\u011b\u00a0 p\u0159edlo\u017een\u00fdch \u00fadaj\u016f nab\u00eddku a kdy\u017e ji spole\u010dnost potvrd\u00ed, uzav\u0159eme licen\u010dn\u00ed smlouvu. Pot\u00e9 ov\u011b\u0159\u00edme v\u0161echny podrobnosti o produktu a po d\u016fkladn\u00e9 kontrole vyd\u00e1me licenci V-Label. Nakonec schv\u00e1l\u00edme rozlo\u017een\u00ed obalu v\u00fdrobku.<\/p>\n<p>Standardn\u00ed licen\u010dn\u00ed proces trv\u00e1 2 a\u017e 8 t\u00fddn\u016f, ale nab\u00edz\u00edme i mo\u017enost expresn\u00edho vy\u0159\u00edzen\u00ed. V takov\u00e9m p\u0159\u00edpad\u011b je v\u011bnovan\u00e1 prioritn\u00ed pozornost \u0161et\u0159en\u00ed a nevyhnutn\u00e9 kontroly jsou prov\u00e1d\u011bny do deseti pracovn\u00edch dn\u016f od \u017e\u00e1dosti.<\/p>\n<\/div>\r\n\t\t\t\t\t\t\t\t\t<\/li>\r\n\t\t\t\t\t\t\t<li>\r\n\t\t\t\t\t\t\t\t\t\t\t\t\t\t\t\t\t<h4 id=\"\">Jak vypadaj\u00ed smlouvy uzav\u0159en\u00e9 se spole\u010dnostmi?<i class=\"icon-angle-down\"><\/i><\/h4>\r\n\t\t\t\t\t\t\t\t\t\t\t\t\t\t\t\t<div class=\"accordion_text\"><p><strong>Doba platnosti<\/strong><\/p>\n<p>Smluvn\u00ed vztah trv\u00e1 obvykle jeden rok. Pokud tr\u017eby kol\u00edsaj\u00ed nahoru nebo dol\u016f o v\u00edce ne\u017e 10 %, ro\u010dn\u00ed licen\u010dn\u00ed poplatek se odpov\u00eddaj\u00edc\u00edm zp\u016fsobem uprav\u00ed. Zah\u00e1jen\u00ed smlouvy je v n\u00ed uvedeno, p\u0159i\u010dem\u017e je mo\u017en\u00e9 zadat pozd\u011bj\u0161\u00ed datum, aby se zohlednilo nap\u0159\u00edklad budouc\u00ed uveden\u00ed produktu na trh. Pokud nen\u00ed smlouva ukon\u010dena p\u00edsemn\u011b t\u0159i m\u011bs\u00edce p\u0159ed uplynut\u00edm jej\u00ed splatnosti, automaticky se prodlu\u017euje.<\/p>\n<p><strong>Licen\u010dn\u00ed certifik\u00e1t<\/strong><\/p>\n<p>Jakmile je proces licencov\u00e1n\u00ed dokon\u010den, vyd\u00e1me pro dan\u00fd produkt v p\u0159\u00edslu\u0161n\u00e9 kategorii licen\u010dn\u00ed certifik\u00e1t.<\/p>\n<\/div>\r\n\t\t\t\t\t\t\t\t\t<\/li>\r\n\t\t\t\t\t<\/ul>\r\n\t<\/section>","protected":false},"excerpt":{"rendered":"<p>Najd\u011bte odpov\u011bdi na n\u011bkter\u00e9 z ot\u00e1zek, kter\u00e9 by v\u00e1s mohly ohledn\u011b V-Label zaj\u00edmat.<\/p>\n","protected":false},"author":5,"featured_media":17153,"parent":0,"menu_order":0,"comment_status":"closed","ping_status":"closed","template":"","meta":{"_acf_changed":false,"_editorskit_title_hidden":false,"_editorskit_reading_time":0,"_editorskit_is_block_options_detached":false,"_editorskit_block_options_position":"{}","inline_featured_image":false,"_uag_custom_page_level_css":"","footnotes":""},"categories":[],"tags":[],"class_list":["post-8625","page","type-page","status-publish","has-post-thumbnail","hentry"],"acf":[],"uagb_featured_image_src":{"full":["https:\/\/www.v-label.com\/wp-content\/uploads\/2022\/12\/v-label-faqs.jpg",1280,743,false],"thumbnail":["https:\/\/www.v-label.com\/wp-content\/uploads\/2022\/12\/v-label-faqs-500x290.jpg",500,290,true],"medium":["https:\/\/www.v-label.com\/wp-content\/uploads\/2022\/12\/v-label-faqs-300x174.jpg",300,174,true],"medium_large":["https:\/\/www.v-label.com\/wp-content\/uploads\/2022\/12\/v-label-faqs-768x446.jpg",768,446,true],"large":["https:\/\/www.v-label.com\/wp-content\/uploads\/2022\/12\/v-label-faqs-1024x594.jpg",1024,594,true],"1536x1536":["https:\/\/www.v-label.com\/wp-content\/uploads\/2022\/12\/v-label-faqs.jpg",1280,743,false],"2048x2048":["https:\/\/www.v-label.com\/wp-content\/uploads\/2022\/12\/v-label-faqs.jpg",1280,743,false],"preview":["https:\/\/www.v-label.com\/wp-content\/uploads\/2022\/12\/v-label-faqs-904x720.jpg",904,720,true],"header":["https:\/\/www.v-label.com\/wp-content\/uploads\/2022\/12\/v-label-faqs-1280x720.jpg",1280,720,true],"gform-image-choice-sm":["https:\/\/www.v-label.com\/wp-content\/uploads\/2022\/12\/v-label-faqs.jpg",300,174,false],"gform-image-choice-md":["https:\/\/www.v-label.com\/wp-content\/uploads\/2022\/12\/v-label-faqs.jpg",400,232,false],"gform-image-choice-lg":["https:\/\/www.v-label.com\/wp-content\/uploads\/2022\/12\/v-label-faqs.jpg",600,348,false]},"uagb_author_info":{"display_name":"Can Aslan","author_link":"https:\/\/www.v-label.com\/cs"},"uagb_comment_info":0,"uagb_excerpt":"Najd\u011bte odpov\u011bdi na n\u011bkter\u00e9 z ot\u00e1zek, kter\u00e9 by v\u00e1s mohly ohledn\u011b V-Label zaj\u00edmat.","_links":{"self":[{"href":"https:\/\/www.v-label.com\/cs\/wp-json\/wp\/v2\/pages\/8625","targetHints":{"allow":["GET"]}}],"collection":[{"href":"https:\/\/www.v-label.com\/cs\/wp-json\/wp\/v2\/pages"}],"about":[{"href":"https:\/\/www.v-label.com\/cs\/wp-json\/wp\/v2\/types\/page"}],"author":[{"embeddable":true,"href":"https:\/\/www.v-label.com\/cs\/wp-json\/wp\/v2\/users\/5"}],"replies":[{"embeddable":true,"href":"https:\/\/www.v-label.com\/cs\/wp-json\/wp\/v2\/comments?post=8625"}],"version-history":[{"count":4,"href":"https:\/\/www.v-label.com\/cs\/wp-json\/wp\/v2\/pages\/8625\/revisions"}],"predecessor-version":[{"id":10532,"href":"https:\/\/www.v-label.com\/cs\/wp-json\/wp\/v2\/pages\/8625\/revisions\/10532"}],"wp:featuredmedia":[{"embeddable":true,"href":"https:\/\/www.v-label.com\/cs\/wp-json\/wp\/v2\/media\/17153"}],"wp:attachment":[{"href":"https:\/\/www.v-label.com\/cs\/wp-json\/wp\/v2\/media?parent=8625"}],"wp:term":[{"taxonomy":"category","embeddable":true,"href":"https:\/\/www.v-label.com\/cs\/wp-json\/wp\/v2\/categories?post=8625"},{"taxonomy":"post_tag","embeddable":true,"href":"https:\/\/www.v-label.com\/cs\/wp-json\/wp\/v2\/tags?post=8625"}],"curies":[{"name":"wp","href":"https:\/\/api.w.org\/{rel}","templated":true}]}}