{"id":10967,"date":"2022-09-09T11:07:38","date_gmt":"2022-09-09T09:07:38","guid":{"rendered":"https:\/\/www.v-label.com\/general-information\/certified-products\/meat-alternatives\/"},"modified":"2022-12-17T12:36:19","modified_gmt":"2022-12-17T11:36:19","slug":"meat-alternatives","status":"publish","type":"page","link":"https:\/\/www.v-label.com\/da\/general-information\/certified-products\/meat-alternatives\/","title":{"rendered":"K\u00f8d Alternativer"},"content":{"rendered":"\n<p>Ingrediensgennembrud, mainstream anerkendelse og uendelige skaleringsmuligheder. Tre grunde til, at k\u00f8dalternativer ikke kun vokser eksponentielt, men ogs\u00e5 bringer fremtiden for, hvordan vi spiser meget t\u00e6ttere. Gennemse og tilfredsstil dine smagsl\u00f8g!<\/p>\n\n\n\n<div class=\"wp-block-columns are-vertically-aligned-center is-layout-flex wp-container-core-columns-is-layout-9d6595d7 wp-block-columns-is-layout-flex\">\n<div class=\"wp-block-column is-vertically-aligned-center is-layout-flow wp-block-column-is-layout-flow\">\n<figure class=\"wp-block-image aligncenter size-medium\"><img decoding=\"async\" width=\"300\" height=\"46\" src=\"https:\/\/www.v-label.com\/wp-content\/uploads\/2022\/12\/perfect-season-300x46.png\" alt=\"\" class=\"wp-image-12440\" srcset=\"https:\/\/www.v-label.com\/wp-content\/uploads\/2022\/12\/perfect-season-300x46.png 300w, https:\/\/www.v-label.com\/wp-content\/uploads\/2022\/12\/perfect-season-500x76.png 500w, https:\/\/www.v-label.com\/wp-content\/uploads\/2022\/12\/perfect-season.png 600w\" sizes=\"(max-width: 300px) 100vw, 300px\" \/><\/figure>\n<\/div>\n<\/div>\n","protected":false},"excerpt":{"rendered":"<p>Ingrediensgennembrud, mainstream anerkendelse og uendelige skaleringsmuligheder. Tre grunde til, at k\u00f8dalternativer ikke kun vokser eksponentielt, men ogs\u00e5 bringer fremtiden for, hvordan vi spiser meget t\u00e6ttere. Gennemse og tilfredsstil dine smagsl\u00f8g!<\/p>\n","protected":false},"author":5,"featured_media":17395,"parent":8514,"menu_order":0,"comment_status":"closed","ping_status":"closed","template":"","meta":{"_acf_changed":false,"_editorskit_title_hidden":false,"_editorskit_reading_time":0,"_editorskit_is_block_options_detached":false,"_editorskit_block_options_position":"{}","inline_featured_image":false,"_uag_custom_page_level_css":"","footnotes":""},"categories":[],"tags":[],"class_list":["post-10967","page","type-page","status-publish","has-post-thumbnail","hentry"],"acf":[],"uagb_featured_image_src":{"full":["https:\/\/www.v-label.com\/wp-content\/uploads\/2022\/12\/meat-alternatives-1280.jpg",1280,852,false],"thumbnail":["https:\/\/www.v-label.com\/wp-content\/uploads\/2022\/12\/meat-alternatives-1280-500x333.jpg",500,333,true],"medium":["https:\/\/www.v-label.com\/wp-content\/uploads\/2022\/12\/meat-alternatives-1280-300x200.jpg",300,200,true],"medium_large":["https:\/\/www.v-label.com\/wp-content\/uploads\/2022\/12\/meat-alternatives-1280-768x511.jpg",768,511,true],"large":["https:\/\/www.v-label.com\/wp-content\/uploads\/2022\/12\/meat-alternatives-1280-1024x682.jpg",1024,682,true],"1536x1536":["https:\/\/www.v-label.com\/wp-content\/uploads\/2022\/12\/meat-alternatives-1280.jpg",1280,852,false],"2048x2048":["https:\/\/www.v-label.com\/wp-content\/uploads\/2022\/12\/meat-alternatives-1280.jpg",1280,852,false],"preview":["https:\/\/www.v-label.com\/wp-content\/uploads\/2022\/12\/meat-alternatives-1280-904x720.jpg",904,720,true],"header":["https:\/\/www.v-label.com\/wp-content\/uploads\/2022\/12\/meat-alternatives-1280-1280x720.jpg",1280,720,true],"gform-image-choice-sm":["https:\/\/www.v-label.com\/wp-content\/uploads\/2022\/12\/meat-alternatives-1280.jpg",300,200,false],"gform-image-choice-md":["https:\/\/www.v-label.com\/wp-content\/uploads\/2022\/12\/meat-alternatives-1280.jpg",400,266,false],"gform-image-choice-lg":["https:\/\/www.v-label.com\/wp-content\/uploads\/2022\/12\/meat-alternatives-1280.jpg",600,399,false]},"uagb_author_info":{"display_name":"Can Aslan","author_link":"https:\/\/www.v-label.com\/da"},"uagb_comment_info":0,"uagb_excerpt":"Ingrediensgennembrud, mainstream anerkendelse og uendelige skaleringsmuligheder. Tre grunde til, at k\u00f8dalternativer ikke kun vokser eksponentielt, men ogs\u00e5 bringer fremtiden for, hvordan vi spiser meget t\u00e6ttere. Gennemse og tilfredsstil dine smagsl\u00f8g!","_links":{"self":[{"href":"https:\/\/www.v-label.com\/da\/wp-json\/wp\/v2\/pages\/10967","targetHints":{"allow":["GET"]}}],"collection":[{"href":"https:\/\/www.v-label.com\/da\/wp-json\/wp\/v2\/pages"}],"about":[{"href":"https:\/\/www.v-label.com\/da\/wp-json\/wp\/v2\/types\/page"}],"author":[{"embeddable":true,"href":"https:\/\/www.v-label.com\/da\/wp-json\/wp\/v2\/users\/5"}],"replies":[{"embeddable":true,"href":"https:\/\/www.v-label.com\/da\/wp-json\/wp\/v2\/comments?post=10967"}],"version-history":[{"count":1,"href":"https:\/\/www.v-label.com\/da\/wp-json\/wp\/v2\/pages\/10967\/revisions"}],"predecessor-version":[{"id":12461,"href":"https:\/\/www.v-label.com\/da\/wp-json\/wp\/v2\/pages\/10967\/revisions\/12461"}],"up":[{"embeddable":true,"href":"https:\/\/www.v-label.com\/da\/wp-json\/wp\/v2\/pages\/8514"}],"wp:featuredmedia":[{"embeddable":true,"href":"https:\/\/www.v-label.com\/da\/wp-json\/wp\/v2\/media\/17395"}],"wp:attachment":[{"href":"https:\/\/www.v-label.com\/da\/wp-json\/wp\/v2\/media?parent=10967"}],"wp:term":[{"taxonomy":"category","embeddable":true,"href":"https:\/\/www.v-label.com\/da\/wp-json\/wp\/v2\/categories?post=10967"},{"taxonomy":"post_tag","embeddable":true,"href":"https:\/\/www.v-label.com\/da\/wp-json\/wp\/v2\/tags?post=10967"}],"curies":[{"name":"wp","href":"https:\/\/api.w.org\/{rel}","templated":true}]}}