{"id":11148,"date":"2022-09-13T11:07:37","date_gmt":"2022-09-13T09:07:37","guid":{"rendered":"https:\/\/www.v-label.com\/general-information\/certified-products\/cosmetics\/"},"modified":"2022-12-17T12:56:09","modified_gmt":"2022-12-17T11:56:09","slug":"cosmetics","status":"publish","type":"page","link":"https:\/\/www.v-label.com\/da\/general-information\/certified-products\/cosmetics\/","title":{"rendered":"Kosmetik"},"content":{"rendered":"\n<p>Lav din sk\u00f8nhedsrutine med vores udvalg af vegansk h\u00e5r- og hudpleje. Fra fugtighedscreme til mascara, v\u00e6lg mellem m\u00e6rker, der bruger rent mineral- eller plantebaserede ingredienser.<\/p>\n\n\n\n<div class=\"wp-block-columns are-vertically-aligned-center is-layout-flex wp-container-core-columns-is-layout-9d6595d7 wp-block-columns-is-layout-flex\">\n<div class=\"wp-block-column is-vertically-aligned-center is-layout-flow wp-block-column-is-layout-flow\">\n<figure class=\"wp-block-image aligncenter size-medium\"><a href=\"https:\/\/naturesolution.dk\/do2-deodorant\/\" target=\"_blank\" rel=\"noreferrer noopener\"><img decoding=\"async\" width=\"300\" height=\"158\" src=\"https:\/\/www.v-label.com\/wp-content\/uploads\/2022\/12\/naturesolution-300x158.png\" alt=\"\" class=\"wp-image-12730\" srcset=\"https:\/\/www.v-label.com\/wp-content\/uploads\/2022\/12\/naturesolution-300x158.png 300w, https:\/\/www.v-label.com\/wp-content\/uploads\/2022\/12\/naturesolution-500x263.png 500w, https:\/\/www.v-label.com\/wp-content\/uploads\/2022\/12\/naturesolution.png 600w\" sizes=\"(max-width: 300px) 100vw, 300px\" \/><\/a><\/figure>\n<\/div>\n<\/div>\n","protected":false},"excerpt":{"rendered":"<p>Lav din sk\u00f8nhedsrutine med vores udvalg af vegansk h\u00e5r- og hudpleje. Fra fugtighedscreme til mascara, v\u00e6lg mellem m\u00e6rker, der bruger rent mineral- eller plantebaserede ingredienser.<\/p>\n","protected":false},"author":5,"featured_media":17968,"parent":8514,"menu_order":0,"comment_status":"closed","ping_status":"closed","template":"","meta":{"_acf_changed":false,"_editorskit_title_hidden":false,"_editorskit_reading_time":0,"_editorskit_is_block_options_detached":false,"_editorskit_block_options_position":"{}","inline_featured_image":false,"_uag_custom_page_level_css":"","footnotes":""},"categories":[],"tags":[],"class_list":["post-11148","page","type-page","status-publish","has-post-thumbnail","hentry"],"acf":[],"uagb_featured_image_src":{"full":["https:\/\/www.v-label.com\/wp-content\/uploads\/2022\/12\/cosmetics-1280-1.jpg",1280,868,false],"thumbnail":["https:\/\/www.v-label.com\/wp-content\/uploads\/2022\/12\/cosmetics-1280-1-500x339.jpg",500,339,true],"medium":["https:\/\/www.v-label.com\/wp-content\/uploads\/2022\/12\/cosmetics-1280-1-300x203.jpg",300,203,true],"medium_large":["https:\/\/www.v-label.com\/wp-content\/uploads\/2022\/12\/cosmetics-1280-1-768x521.jpg",768,521,true],"large":["https:\/\/www.v-label.com\/wp-content\/uploads\/2022\/12\/cosmetics-1280-1-1024x694.jpg",1024,694,true],"1536x1536":["https:\/\/www.v-label.com\/wp-content\/uploads\/2022\/12\/cosmetics-1280-1.jpg",1280,868,false],"2048x2048":["https:\/\/www.v-label.com\/wp-content\/uploads\/2022\/12\/cosmetics-1280-1.jpg",1280,868,false],"preview":["https:\/\/www.v-label.com\/wp-content\/uploads\/2022\/12\/cosmetics-1280-1-904x720.jpg",904,720,true],"header":["https:\/\/www.v-label.com\/wp-content\/uploads\/2022\/12\/cosmetics-1280-1-1280x720.jpg",1280,720,true],"gform-image-choice-sm":["https:\/\/www.v-label.com\/wp-content\/uploads\/2022\/12\/cosmetics-1280-1.jpg",300,203,false],"gform-image-choice-md":["https:\/\/www.v-label.com\/wp-content\/uploads\/2022\/12\/cosmetics-1280-1.jpg",400,271,false],"gform-image-choice-lg":["https:\/\/www.v-label.com\/wp-content\/uploads\/2022\/12\/cosmetics-1280-1.jpg",600,407,false]},"uagb_author_info":{"display_name":"Can Aslan","author_link":"https:\/\/www.v-label.com\/da"},"uagb_comment_info":0,"uagb_excerpt":"Lav din sk\u00f8nhedsrutine med vores udvalg af vegansk h\u00e5r- og hudpleje. Fra fugtighedscreme til mascara, v\u00e6lg mellem m\u00e6rker, der bruger rent mineral- eller plantebaserede ingredienser.","_links":{"self":[{"href":"https:\/\/www.v-label.com\/da\/wp-json\/wp\/v2\/pages\/11148","targetHints":{"allow":["GET"]}}],"collection":[{"href":"https:\/\/www.v-label.com\/da\/wp-json\/wp\/v2\/pages"}],"about":[{"href":"https:\/\/www.v-label.com\/da\/wp-json\/wp\/v2\/types\/page"}],"author":[{"embeddable":true,"href":"https:\/\/www.v-label.com\/da\/wp-json\/wp\/v2\/users\/5"}],"replies":[{"embeddable":true,"href":"https:\/\/www.v-label.com\/da\/wp-json\/wp\/v2\/comments?post=11148"}],"version-history":[{"count":1,"href":"https:\/\/www.v-label.com\/da\/wp-json\/wp\/v2\/pages\/11148\/revisions"}],"predecessor-version":[{"id":12751,"href":"https:\/\/www.v-label.com\/da\/wp-json\/wp\/v2\/pages\/11148\/revisions\/12751"}],"up":[{"embeddable":true,"href":"https:\/\/www.v-label.com\/da\/wp-json\/wp\/v2\/pages\/8514"}],"wp:featuredmedia":[{"embeddable":true,"href":"https:\/\/www.v-label.com\/da\/wp-json\/wp\/v2\/media\/17968"}],"wp:attachment":[{"href":"https:\/\/www.v-label.com\/da\/wp-json\/wp\/v2\/media?parent=11148"}],"wp:term":[{"taxonomy":"category","embeddable":true,"href":"https:\/\/www.v-label.com\/da\/wp-json\/wp\/v2\/categories?post=11148"},{"taxonomy":"post_tag","embeddable":true,"href":"https:\/\/www.v-label.com\/da\/wp-json\/wp\/v2\/tags?post=11148"}],"curies":[{"name":"wp","href":"https:\/\/api.w.org\/{rel}","templated":true}]}}