{"id":11284,"date":"2022-09-13T11:05:29","date_gmt":"2022-09-13T09:05:29","guid":{"rendered":"https:\/\/www.v-label.com\/general-information\/certified-products\/dairy-alternatives\/"},"modified":"2025-01-14T09:50:48","modified_gmt":"2025-01-14T08:50:48","slug":"dairy-alternatives","status":"publish","type":"page","link":"https:\/\/www.v-label.com\/da\/general-information\/certified-products\/dairy-alternatives\/","title":{"rendered":"Mejeri Alternativer"},"content":{"rendered":"\n<p>Et skift fra soja til havre, mandel og kokosm\u00e6lk var kun begyndelsen p\u00e5 den plantebaserede mejerirevolution. V\u00e6lg som du vil: yoghurt i et utal af varianter. L\u00e6kre og planetvenlige ost, margarine og spreads til din morgenmad og is til desserten!<\/p>\n\n\n\n<div class=\"wp-block-columns are-vertically-aligned-center is-layout-flex wp-container-core-columns-is-layout-9d6595d7 wp-block-columns-is-layout-flex\">\n<div class=\"wp-block-column is-vertically-aligned-center is-layout-flow wp-block-column-is-layout-flow\">\n<figure class=\"wp-block-image aligncenter size-medium\"><a href=\"https:\/\/jordplantbased.com\/en-gb\/\" target=\"_blank\" rel=\"noreferrer noopener\"><img decoding=\"async\" width=\"300\" height=\"116\" src=\"https:\/\/www.v-label.com\/wp-content\/uploads\/2022\/12\/jord-300x116.png\" alt=\"\" class=\"wp-image-12503\" srcset=\"https:\/\/www.v-label.com\/wp-content\/uploads\/2022\/12\/jord-300x116.png 300w, https:\/\/www.v-label.com\/wp-content\/uploads\/2022\/12\/jord-500x193.png 500w, https:\/\/www.v-label.com\/wp-content\/uploads\/2022\/12\/jord.png 600w\" sizes=\"(max-width: 300px) 100vw, 300px\" \/><\/a><\/figure>\n<\/div>\n\n\n\n<div class=\"wp-block-column is-vertically-aligned-center is-layout-flow wp-block-column-is-layout-flow\">\n<figure class=\"wp-block-image aligncenter size-medium\"><a href=\"https:\/\/starbuckschilled.com\/dk\/\" target=\"_blank\" rel=\"noreferrer noopener\"><img decoding=\"async\" width=\"296\" height=\"300\" src=\"https:\/\/www.v-label.com\/wp-content\/uploads\/2022\/12\/starbucks-296x300.png\" alt=\"\" class=\"wp-image-12523\" srcset=\"https:\/\/www.v-label.com\/wp-content\/uploads\/2022\/12\/starbucks-296x300.png 296w, https:\/\/www.v-label.com\/wp-content\/uploads\/2022\/12\/starbucks-493x500.png 493w, https:\/\/www.v-label.com\/wp-content\/uploads\/2022\/12\/starbucks.png 600w\" sizes=\"(max-width: 296px) 100vw, 296px\" \/><\/a><\/figure>\n<\/div>\n<\/div>\n\n\n\n<div class=\"wp-block-columns are-vertically-aligned-center is-layout-flex wp-container-core-columns-is-layout-9d6595d7 wp-block-columns-is-layout-flex\">\n<div class=\"wp-block-column is-vertically-aligned-center is-layout-flow wp-block-column-is-layout-flow\">\n<figure class=\"wp-block-image aligncenter size-medium\"><a href=\"https:\/\/www.gronvang.dk\/\" target=\"_blank\" rel=\"noreferrer noopener\"><img decoding=\"async\" width=\"300\" height=\"153\" src=\"https:\/\/www.v-label.com\/wp-content\/uploads\/2022\/12\/gronvang-300x153.png\" alt=\"\" class=\"wp-image-12483\" srcset=\"https:\/\/www.v-label.com\/wp-content\/uploads\/2022\/12\/gronvang-300x153.png 300w, https:\/\/www.v-label.com\/wp-content\/uploads\/2022\/12\/gronvang-500x254.png 500w, https:\/\/www.v-label.com\/wp-content\/uploads\/2022\/12\/gronvang.png 600w\" sizes=\"(max-width: 300px) 100vw, 300px\" \/><\/a><\/figure>\n<\/div>\n\n\n\n<div class=\"wp-block-column is-vertically-aligned-center is-layout-flow wp-block-column-is-layout-flow\">\n<figure class=\"wp-block-image aligncenter size-medium\"><a href=\"https:\/\/kastbergs.dk\/\" target=\"_blank\" rel=\"noreferrer noopener\"><img decoding=\"async\" width=\"300\" height=\"76\" src=\"https:\/\/www.v-label.com\/wp-content\/uploads\/2025\/01\/kastbergs-logo-primary-black-3-300x76.png\" alt=\"\" class=\"wp-image-91434\" srcset=\"https:\/\/www.v-label.com\/wp-content\/uploads\/2025\/01\/kastbergs-logo-primary-black-3-300x76.png 300w, https:\/\/www.v-label.com\/wp-content\/uploads\/2025\/01\/kastbergs-logo-primary-black-3-1024x258.png 1024w, https:\/\/www.v-label.com\/wp-content\/uploads\/2025\/01\/kastbergs-logo-primary-black-3-500x126.png 500w, https:\/\/www.v-label.com\/wp-content\/uploads\/2025\/01\/kastbergs-logo-primary-black-3-768x193.png 768w, https:\/\/www.v-label.com\/wp-content\/uploads\/2025\/01\/kastbergs-logo-primary-black-3.png 1032w\" sizes=\"(max-width: 300px) 100vw, 300px\" \/><\/a><\/figure>\n<\/div>\n\n\n\n<div class=\"wp-block-column is-vertically-aligned-center is-layout-flow wp-block-column-is-layout-flow\">\n<figure class=\"wp-block-image aligncenter size-medium\"><a href=\"https:\/\/www.falengreen.com\/\" target=\"_blank\" rel=\"noreferrer noopener\"><img decoding=\"async\" width=\"300\" height=\"103\" src=\"https:\/\/www.v-label.com\/wp-content\/uploads\/2022\/12\/falengreen-300x103.png\" alt=\"\" class=\"wp-image-12543\" srcset=\"https:\/\/www.v-label.com\/wp-content\/uploads\/2022\/12\/falengreen-300x103.png 300w, https:\/\/www.v-label.com\/wp-content\/uploads\/2022\/12\/falengreen-500x172.png 500w, https:\/\/www.v-label.com\/wp-content\/uploads\/2022\/12\/falengreen.png 600w\" sizes=\"(max-width: 300px) 100vw, 300px\" \/><\/a><\/figure>\n<\/div>\n<\/div>\n","protected":false},"excerpt":{"rendered":"<p>Et skift fra soja til havre, mandel og kokosm\u00e6lk var kun begyndelsen p\u00e5 den plantebaserede mejerirevolution. V\u00e6lg som du vil: yoghurt i et utal af varianter. L\u00e6kre og planetvenlige ost, margarine og spreads til din morgenmad og is til desserten!<\/p>\n","protected":false},"author":5,"featured_media":17878,"parent":8514,"menu_order":0,"comment_status":"closed","ping_status":"closed","template":"","meta":{"_acf_changed":false,"_editorskit_title_hidden":false,"_editorskit_reading_time":0,"_editorskit_is_block_options_detached":false,"_editorskit_block_options_position":"{}","inline_featured_image":false,"_uag_custom_page_level_css":"","footnotes":""},"categories":[],"tags":[],"class_list":["post-11284","page","type-page","status-publish","has-post-thumbnail","hentry"],"acf":[],"uagb_featured_image_src":{"full":["https:\/\/www.v-label.com\/wp-content\/uploads\/2022\/12\/milk-alternatives-1280.jpg",1280,853,false],"thumbnail":["https:\/\/www.v-label.com\/wp-content\/uploads\/2022\/12\/milk-alternatives-1280-500x333.jpg",500,333,true],"medium":["https:\/\/www.v-label.com\/wp-content\/uploads\/2022\/12\/milk-alternatives-1280-300x200.jpg",300,200,true],"medium_large":["https:\/\/www.v-label.com\/wp-content\/uploads\/2022\/12\/milk-alternatives-1280-768x512.jpg",768,512,true],"large":["https:\/\/www.v-label.com\/wp-content\/uploads\/2022\/12\/milk-alternatives-1280-1024x682.jpg",1024,682,true],"1536x1536":["https:\/\/www.v-label.com\/wp-content\/uploads\/2022\/12\/milk-alternatives-1280.jpg",1280,853,false],"2048x2048":["https:\/\/www.v-label.com\/wp-content\/uploads\/2022\/12\/milk-alternatives-1280.jpg",1280,853,false],"preview":["https:\/\/www.v-label.com\/wp-content\/uploads\/2022\/12\/milk-alternatives-1280-904x720.jpg",904,720,true],"header":["https:\/\/www.v-label.com\/wp-content\/uploads\/2022\/12\/milk-alternatives-1280-1280x720.jpg",1280,720,true],"gform-image-choice-sm":["https:\/\/www.v-label.com\/wp-content\/uploads\/2022\/12\/milk-alternatives-1280.jpg",300,200,false],"gform-image-choice-md":["https:\/\/www.v-label.com\/wp-content\/uploads\/2022\/12\/milk-alternatives-1280.jpg",400,267,false],"gform-image-choice-lg":["https:\/\/www.v-label.com\/wp-content\/uploads\/2022\/12\/milk-alternatives-1280.jpg",600,400,false]},"uagb_author_info":{"display_name":"Can Aslan","author_link":"https:\/\/www.v-label.com\/da"},"uagb_comment_info":0,"uagb_excerpt":"Et skift fra soja til havre, mandel og kokosm\u00e6lk var kun begyndelsen p\u00e5 den plantebaserede mejerirevolution. V\u00e6lg som du vil: yoghurt i et utal af varianter. L\u00e6kre og planetvenlige ost, margarine og spreads til din morgenmad og is til desserten!","_links":{"self":[{"href":"https:\/\/www.v-label.com\/da\/wp-json\/wp\/v2\/pages\/11284","targetHints":{"allow":["GET"]}}],"collection":[{"href":"https:\/\/www.v-label.com\/da\/wp-json\/wp\/v2\/pages"}],"about":[{"href":"https:\/\/www.v-label.com\/da\/wp-json\/wp\/v2\/types\/page"}],"author":[{"embeddable":true,"href":"https:\/\/www.v-label.com\/da\/wp-json\/wp\/v2\/users\/5"}],"replies":[{"embeddable":true,"href":"https:\/\/www.v-label.com\/da\/wp-json\/wp\/v2\/comments?post=11284"}],"version-history":[{"count":2,"href":"https:\/\/www.v-label.com\/da\/wp-json\/wp\/v2\/pages\/11284\/revisions"}],"predecessor-version":[{"id":91481,"href":"https:\/\/www.v-label.com\/da\/wp-json\/wp\/v2\/pages\/11284\/revisions\/91481"}],"up":[{"embeddable":true,"href":"https:\/\/www.v-label.com\/da\/wp-json\/wp\/v2\/pages\/8514"}],"wp:featuredmedia":[{"embeddable":true,"href":"https:\/\/www.v-label.com\/da\/wp-json\/wp\/v2\/media\/17878"}],"wp:attachment":[{"href":"https:\/\/www.v-label.com\/da\/wp-json\/wp\/v2\/media?parent=11284"}],"wp:term":[{"taxonomy":"category","embeddable":true,"href":"https:\/\/www.v-label.com\/da\/wp-json\/wp\/v2\/categories?post=11284"},{"taxonomy":"post_tag","embeddable":true,"href":"https:\/\/www.v-label.com\/da\/wp-json\/wp\/v2\/tags?post=11284"}],"curies":[{"name":"wp","href":"https:\/\/api.w.org\/{rel}","templated":true}]}}