{"id":11799,"date":"2022-09-13T11:06:00","date_gmt":"2022-09-13T09:06:00","guid":{"rendered":"https:\/\/www.v-label.com\/general-information\/certified-products\/ready-made-meals\/"},"modified":"2022-12-17T12:47:21","modified_gmt":"2022-12-17T11:47:21","slug":"ready-made-meals","status":"publish","type":"page","link":"https:\/\/www.v-label.com\/da\/general-information\/certified-products\/ready-made-meals\/","title":{"rendered":"F\u00e6rdigretter"},"content":{"rendered":"\n<p>Madpakker p\u00e5 farten beh\u00f8ver ikke l\u00e6ngere v\u00e6re et kompromis. Sund, velsmagende og gr\u00f8nt er mottoet for de fleste st\u00f8rre detailhandlere, der fylder frosne sektioner med plantebaserede pizzaer og tilbyder en bred vifte af kulnariske oplevelser, fra f\u00e6rdige dahl-supper til chili sin carne.<\/p>\n\n\n\n<div class=\"wp-block-columns are-vertically-aligned-center is-layout-flex wp-container-core-columns-is-layout-9d6595d7 wp-block-columns-is-layout-flex\">\n<div class=\"wp-block-column is-vertically-aligned-center is-layout-flow wp-block-column-is-layout-flow\">\n<figure class=\"wp-block-image aligncenter size-medium\"><a href=\"https:\/\/daloon.uk\/\" target=\"_blank\" rel=\"noreferrer noopener\"><img decoding=\"async\" width=\"300\" height=\"68\" src=\"https:\/\/www.v-label.com\/wp-content\/uploads\/2022\/12\/daloon-300x68.png\" alt=\"\" class=\"wp-image-12564\" srcset=\"https:\/\/www.v-label.com\/wp-content\/uploads\/2022\/12\/daloon-300x68.png 300w, https:\/\/www.v-label.com\/wp-content\/uploads\/2022\/12\/daloon-500x113.png 500w, https:\/\/www.v-label.com\/wp-content\/uploads\/2022\/12\/daloon.png 600w\" sizes=\"(max-width: 300px) 100vw, 300px\" \/><\/a><\/figure>\n<\/div>\n\n\n\n<div class=\"wp-block-column is-vertically-aligned-center is-layout-flow wp-block-column-is-layout-flow\">\n<figure class=\"wp-block-image aligncenter size-medium\"><a href=\"https:\/\/www.tasteful.me\/products\" target=\"_blank\" rel=\"noreferrer noopener\"><img decoding=\"async\" width=\"300\" height=\"106\" src=\"https:\/\/www.v-label.com\/wp-content\/uploads\/2022\/12\/tasteful-300x106.png\" alt=\"\" class=\"wp-image-12584\" srcset=\"https:\/\/www.v-label.com\/wp-content\/uploads\/2022\/12\/tasteful-300x106.png 300w, https:\/\/www.v-label.com\/wp-content\/uploads\/2022\/12\/tasteful-500x177.png 500w, https:\/\/www.v-label.com\/wp-content\/uploads\/2022\/12\/tasteful.png 600w\" sizes=\"(max-width: 300px) 100vw, 300px\" \/><\/a><\/figure>\n<\/div>\n<\/div>\n","protected":false},"excerpt":{"rendered":"<p>Madpakker p\u00e5 farten beh\u00f8ver ikke l\u00e6ngere v\u00e6re et kompromis. Sund, velsmagende og gr\u00f8nt er mottoet for de fleste st\u00f8rre detailhandlere, der fylder frosne sektioner med plantebaserede pizzaer og tilbyder en bred vifte af kulnariske oplevelser, fra f\u00e6rdige dahl-supper til chili sin carne.<\/p>\n","protected":false},"author":5,"featured_media":17215,"parent":8514,"menu_order":0,"comment_status":"closed","ping_status":"closed","template":"","meta":{"_acf_changed":false,"_editorskit_title_hidden":false,"_editorskit_reading_time":0,"_editorskit_is_block_options_detached":false,"_editorskit_block_options_position":"{}","inline_featured_image":false,"_uag_custom_page_level_css":"","footnotes":""},"categories":[],"tags":[],"class_list":["post-11799","page","type-page","status-publish","has-post-thumbnail","hentry"],"acf":[],"uagb_featured_image_src":{"full":["https:\/\/www.v-label.com\/wp-content\/uploads\/2022\/12\/ready-meals-1280.jpg",1280,852,false],"thumbnail":["https:\/\/www.v-label.com\/wp-content\/uploads\/2022\/12\/ready-meals-1280-500x333.jpg",500,333,true],"medium":["https:\/\/www.v-label.com\/wp-content\/uploads\/2022\/12\/ready-meals-1280-300x200.jpg",300,200,true],"medium_large":["https:\/\/www.v-label.com\/wp-content\/uploads\/2022\/12\/ready-meals-1280-768x511.jpg",768,511,true],"large":["https:\/\/www.v-label.com\/wp-content\/uploads\/2022\/12\/ready-meals-1280-1024x682.jpg",1024,682,true],"1536x1536":["https:\/\/www.v-label.com\/wp-content\/uploads\/2022\/12\/ready-meals-1280.jpg",1280,852,false],"2048x2048":["https:\/\/www.v-label.com\/wp-content\/uploads\/2022\/12\/ready-meals-1280.jpg",1280,852,false],"preview":["https:\/\/www.v-label.com\/wp-content\/uploads\/2022\/12\/ready-meals-1280-904x720.jpg",904,720,true],"header":["https:\/\/www.v-label.com\/wp-content\/uploads\/2022\/12\/ready-meals-1280-1280x720.jpg",1280,720,true],"gform-image-choice-sm":["https:\/\/www.v-label.com\/wp-content\/uploads\/2022\/12\/ready-meals-1280.jpg",300,200,false],"gform-image-choice-md":["https:\/\/www.v-label.com\/wp-content\/uploads\/2022\/12\/ready-meals-1280.jpg",400,266,false],"gform-image-choice-lg":["https:\/\/www.v-label.com\/wp-content\/uploads\/2022\/12\/ready-meals-1280.jpg",600,399,false]},"uagb_author_info":{"display_name":"Can Aslan","author_link":"https:\/\/www.v-label.com\/da"},"uagb_comment_info":0,"uagb_excerpt":"Madpakker p\u00e5 farten beh\u00f8ver ikke l\u00e6ngere v\u00e6re et kompromis. Sund, velsmagende og gr\u00f8nt er mottoet for de fleste st\u00f8rre detailhandlere, der fylder frosne sektioner med plantebaserede pizzaer og tilbyder en bred vifte af kulnariske oplevelser, fra f\u00e6rdige dahl-supper til chili sin carne.","_links":{"self":[{"href":"https:\/\/www.v-label.com\/da\/wp-json\/wp\/v2\/pages\/11799","targetHints":{"allow":["GET"]}}],"collection":[{"href":"https:\/\/www.v-label.com\/da\/wp-json\/wp\/v2\/pages"}],"about":[{"href":"https:\/\/www.v-label.com\/da\/wp-json\/wp\/v2\/types\/page"}],"author":[{"embeddable":true,"href":"https:\/\/www.v-label.com\/da\/wp-json\/wp\/v2\/users\/5"}],"replies":[{"embeddable":true,"href":"https:\/\/www.v-label.com\/da\/wp-json\/wp\/v2\/comments?post=11799"}],"version-history":[{"count":1,"href":"https:\/\/www.v-label.com\/da\/wp-json\/wp\/v2\/pages\/11799\/revisions"}],"predecessor-version":[{"id":12605,"href":"https:\/\/www.v-label.com\/da\/wp-json\/wp\/v2\/pages\/11799\/revisions\/12605"}],"up":[{"embeddable":true,"href":"https:\/\/www.v-label.com\/da\/wp-json\/wp\/v2\/pages\/8514"}],"wp:featuredmedia":[{"embeddable":true,"href":"https:\/\/www.v-label.com\/da\/wp-json\/wp\/v2\/media\/17215"}],"wp:attachment":[{"href":"https:\/\/www.v-label.com\/da\/wp-json\/wp\/v2\/media?parent=11799"}],"wp:term":[{"taxonomy":"category","embeddable":true,"href":"https:\/\/www.v-label.com\/da\/wp-json\/wp\/v2\/categories?post=11799"},{"taxonomy":"post_tag","embeddable":true,"href":"https:\/\/www.v-label.com\/da\/wp-json\/wp\/v2\/tags?post=11799"}],"curies":[{"name":"wp","href":"https:\/\/api.w.org\/{rel}","templated":true}]}}