{"id":39514,"date":"2022-05-24T16:39:56","date_gmt":"2022-05-24T14:39:56","guid":{"rendered":"https:\/\/www.v-label.com\/?page_id=39514"},"modified":"2022-12-27T17:53:13","modified_gmt":"2022-12-27T16:53:13","slug":"data-privacy","status":"publish","type":"page","link":"https:\/\/www.v-label.com\/da\/data-privacy\/","title":{"rendered":"Databeskyttelse"},"content":{"rendered":"\n<p>Denne hjemmeside kan til enhver tid bruges uden, at det er n\u00f8dvendigt for brugerne at levere personlige data. For s\u00e5 vidt som personoplysninger indsamles p\u00e5 denne hjemmeside, skal den leveres frivilligt af brugeren. Personlige data m\u00e5 ikke videregives til tredjeparter, hvis brugerne ikke har givet deres udtrykkelige samtykke.<\/p>\n\n\n\n<p>For s\u00e5 vidt som personoplysninger indsamles p\u00e5 denne hjemmeside, skal disse data altid indsamles i henhold til schweizisk databeskyttelseslovgivning. I det omfang personlige data indsamles, indeholder denne datasikkerhedserkl\u00e6ring oplysninger om arten, omfanget og form\u00e5let med indsamling og brug af personoplysninger.<\/p>\n\n\n\n<p>P\u00e5 trods af den store omhu, der er taget for at beskytte dine data, medf\u00f8rer dataoverf\u00f8rsel via internettet altid risici p\u00e5 grund af sikkerhedshuller. Det er derfor umuligt at sikre omfattende databeskyttelse til enhver tid.<\/p>\n\n\n\n<h2 class=\"has-text-align-center wp-block-heading\">Dataoverf\u00f8rsel (server logfiler)<\/h2>\n\n\n\n<p>Disse data indeholder anonyme adgangsdata som dato og klokkesl\u00e6t, browser type, m\u00e6ngde \/ type data, der er adgang til og din IP-adresse. Disse data opbevares adskilt fra andre data indsamlet under dit bes\u00f8g p\u00e5 vores hjemmeside. Disse data tillader ikke identifikation af en enkelt person og indsamles udelukkende til at logge brugeradf\u00e6rd og til statistiske form\u00e5l. N\u00e5r dataene er blevet evalueret i overensstemmelse hermed, er der foretaget ordninger for de data, der skal slettes.<\/p>\n\n\n\n<h2 class=\"has-text-align-center wp-block-heading\">Cookies<\/h2>\n\n\n\n<p>Vi bruger cookies p\u00e5 vores hjemmeside b\u00e5de til kvalitetssikring og for at udvide det funktionelle omfang af vores internetudbud. Cookies er tekstfiler, der er gemt p\u00e5 din computer og bruges til at bestemme antallet af sidebes\u00f8g. Vi anvender disse oplysninger udelukkende med det form\u00e5l at forbedre vores hjemmeside.<\/p>\n\n\n\n<h2 class=\"has-text-align-center wp-block-heading\">Person data<\/h2>\n\n\n\n<p>Vi bruger og indsamler, i det omfang det er n\u00f8dvendigt, dine personlige data til oprettelse, oprettelse af indhold eller \u00e6ndring af kontraktforhold mellem dig og os.<\/p>\n\n\n\n<p>Disse data overf\u00f8res normalt ikke til tredjeparter, og der er heller ikke nogen relateret information, der er delt med tredjeparter. If\u00f8lge myndighederne er vi forpligtet til at give oplysninger om personoplysninger, for s\u00e5 vidt dette er n\u00f8dvendigt med henblik p\u00e5 strafferetlig forf\u00f8lgning eller forsvar eller for opfyldelse af andre lovbestemte opgaver.<\/p>\n\n\n\n<h2 class=\"has-text-align-center wp-block-heading\">Brugerdata<\/h2>\n\n\n\n<p>Vi indsamler og bruger dine \u201cbrugerdata\u201d i det omfang det er n\u00f8dvendigt. Bruger data er data, der giver dig mulighed for at bruge vores internetudbud og ogs\u00e5 bruges til fakturering. Disse data giver os oplysninger om ikke blot den tid og omfanget af dit forbrug, men ogs\u00e5 din identifikation karakteristika.<\/p>\n\n\n\n<p>Bem\u00e6rk, at vi har lov til at generere brugerprofiler \u2013 det vil sige en indsamling af data, der detaljerer historien om bes\u00f8g p\u00e5 vores hjemmeside \u2013 til salgsfremmende, markedsunders\u00f8gelser eller websiteoptimeringsform\u00e5l. Disse brugerprofiler indeholder ikke personlige oplysninger og er ikke kombineret med andre data indsamlet af os, hvilket betyder, at enkeltpersoner ikke kan identificeres ved sammenl\u00e6gning af forskellige data. Du har ret til til enhver tid at tilbagekalde din accept af, at dine data bliver brugt p\u00e5 denne m\u00e5de.<\/p>\n\n\n\n<h2 class=\"has-text-align-center wp-block-heading\">Nyhedsbrev data<\/h2>\n\n\n\n<p>N\u00e5r du skriver dig op til nyhedsbrevet, der tilbydes p\u00e5 vores hjemmeside, vil vi bede om din e-mail og gemme din IP-adresse. Ingen yderligere oplysninger indsamles. Disse data bruges udelukkende til at sende de \u00f8nskede oplysninger og videresendes ikke til tredjepart.<\/p>\n\n\n\n<p>Du har ret til til enhver tid at tilbagekalde din accept af, at dine data og e-mail gemmes og bruges til at sende nyhedsbrevet; Det kan du g\u00f8re ved hj\u00e6lp af for eksempel den afmeldings link, der findes i hvert nyhedsbrev.<\/p>\n\n\n\n<h2 class=\"has-text-align-center wp-block-heading\">Ret til information<\/h2>\n\n\n\n<p>Bem\u00e6rk, at du har ret til at anmode om oplysninger fra os om dine lagrede data, og i tilf\u00e6lde af at data er forkerte, skal du s\u00f8rge for, at den bliver l\u00e5st, slettet eller rettet. S\u00e5danne oplysninger kan leveres via telefon eller e-mail.<\/p>\n\n\n\n<h2 class=\"has-text-align-center wp-block-heading\">\u00c6ndringer af personoplysningerne<\/h2>\n\n\n\n<p>I tilf\u00e6lde af fremtidige \u00e6ndringer af vores fortrolighedserkl\u00e6ring, vil \u00e6ndringerne altid blive offentliggjort p\u00e5 denne hjemmeside.<\/p>\n\n\n\n<h2 class=\"has-text-align-center wp-block-heading\">Datasikkerhedserkl\u00e6ring \u2013 Google Analytics<\/h2>\n\n\n\n<p>Vores hjemmeside bruger de tjenester, der leveres af Google Analytics, en webanalysetjeneste fra Google Inc. Analyse af din brug af hjemmesiden er aktiveret ved hj\u00e6lp af \u201ccookies\u201d, som er gemt p\u00e5 din computer, genererer oplysninger om din brugsadf\u00e6rd og sender dataene til Google Inc. Under normale omst\u00e6ndigheder sendes en forkortet version af din IP-adresse til Googles servere, men i undtagelsestilf\u00e6lde kan den fulde IP-adresse ogs\u00e5 sendes. Google bruger disse oplysninger p\u00e5 vores vegne til at oprette en rapport om brugeradf\u00e6rd p\u00e5 vores hjemmeside.IP-adressen, der er identificeret af Google Analytics, er ikke kombineret med andre Google-data. Hvis du ikke vil have nogen cookies gemt p\u00e5 din computer, kan du \u00e6ndre de relevante indstillinger i din browser, selvom dette kan resultere i, at du ikke kan udnytte hele vores hjemmeside.<\/p>\n\n\n\n<p>Hvis IP-adresserne i \u00f8vrigt ikke er blevet anonymiseret (IP-maskering) gennem tilf\u00f8jelsen af koden \u201cgat._anonymizeIp ();\u201d, behandles de indsamlede data i overensstemmelse med de relevante lovbestemmelser, der er fastlagt i lov om forbud mod databeskyttelse og Googles egen Vilk\u00e5r for brug, hvilket betyder, at videresendelse af personlige data til Google ikke er tilladt.<\/p>\n\n\n\r\n<section id=\"cta-block_b632ace06067ef01ecc940436506c9b4\" class=\"wp-block-cta alignfull aligncenter\" style=\"background-image: url(https:\/\/www.v-label.com\/wp-content\/uploads\/2022\/09\/cta-kontakt2.jpeg);\">\r\n\t<div class=\"row\">\r\n\t\t<div class=\"medium-8 medium-centered column\">\r\n\t\t\t\t\t\t\t<h2>Kontakt os!<\/h2>\r\n\t\t\t\t\t\t\t\t\t\t<p><p>Uanset om du er interesseret i et bestemt tilbud eller bare har nogle generelle sp\u00f8rgsm\u00e5l, s\u00e5 t\u00f8v ikke med at tage kontakt! Vi ser frem til at h\u00f8re fra dig.<\/p>\n<\/p>\r\n\t\t\t\r\n\t\t\t<div class=\"wp-block-buttons\">\r\n\t\t\t\t\t\t\t\t\t\t<a href=\"https:\/\/www.v-label.com\/get-in-touch\/\" class=\"wp-block-button__link\">Kontakt os<\/a>\r\n\t\t\t\t\t\t\t\t\t\t\t\t<\/div>\r\n\r\n\t\t<\/div>\r\n\t<\/div>\r\n<\/section>","protected":false},"excerpt":{"rendered":"<p>Denne hjemmeside kan til enhver tid bruges uden, at det er n\u00f8dvendigt for brugerne at levere personlige data. For s\u00e5 vidt som personoplysninger indsamles p\u00e5 denne hjemmeside, skal den leveres frivilligt af brugeren. Personlige data m\u00e5 ikke videregives til tredjeparter, hvis brugerne ikke har givet deres udtrykkelige samtykke. For s\u00e5 vidt som personoplysninger indsamles p\u00e5 [&hellip;]<\/p>\n","protected":false},"author":5,"featured_media":17792,"parent":0,"menu_order":0,"comment_status":"closed","ping_status":"closed","template":"","meta":{"_acf_changed":false,"_editorskit_title_hidden":false,"_editorskit_reading_time":0,"_editorskit_is_block_options_detached":false,"_editorskit_block_options_position":"{}","inline_featured_image":false,"_uag_custom_page_level_css":"","footnotes":""},"categories":[],"tags":[],"class_list":["post-39514","page","type-page","status-publish","has-post-thumbnail","hentry"],"acf":[],"uagb_featured_image_src":{"full":["https:\/\/www.v-label.com\/wp-content\/uploads\/2022\/12\/v-label-customer-area-1.jpg",1000,610,false],"thumbnail":["https:\/\/www.v-label.com\/wp-content\/uploads\/2022\/12\/adobestock-199227716-preview-500x305.jpeg",500,305,true],"medium":["https:\/\/www.v-label.com\/wp-content\/uploads\/2022\/12\/adobestock-199227716-preview-300x183.jpeg",300,183,true],"medium_large":["https:\/\/www.v-label.com\/wp-content\/uploads\/2022\/12\/adobestock-199227716-preview-768x468.jpeg",768,468,true],"large":["https:\/\/www.v-label.com\/wp-content\/uploads\/2022\/12\/v-label-customer-area-1.jpg",1000,610,false],"1536x1536":["https:\/\/www.v-label.com\/wp-content\/uploads\/2022\/12\/v-label-customer-area-1.jpg",1000,610,false],"2048x2048":["https:\/\/www.v-label.com\/wp-content\/uploads\/2022\/12\/v-label-customer-area-1.jpg",1000,610,false],"preview":["https:\/\/www.v-label.com\/wp-content\/uploads\/2022\/12\/adobestock-199227716-preview-904x610.jpeg",904,610,true],"header":["https:\/\/www.v-label.com\/wp-content\/uploads\/2022\/12\/v-label-customer-area-1.jpg",1000,610,false],"gform-image-choice-sm":["https:\/\/www.v-label.com\/wp-content\/uploads\/2022\/12\/v-label-customer-area-1.jpg",300,183,false],"gform-image-choice-md":["https:\/\/www.v-label.com\/wp-content\/uploads\/2022\/12\/v-label-customer-area-1.jpg",400,244,false],"gform-image-choice-lg":["https:\/\/www.v-label.com\/wp-content\/uploads\/2022\/12\/v-label-customer-area-1.jpg",600,366,false]},"uagb_author_info":{"display_name":"Can Aslan","author_link":"https:\/\/www.v-label.com\/da"},"uagb_comment_info":0,"uagb_excerpt":"Denne hjemmeside kan til enhver tid bruges uden, at det er n\u00f8dvendigt for brugerne at levere personlige data. For s\u00e5 vidt som personoplysninger indsamles p\u00e5 denne hjemmeside, skal den leveres frivilligt af brugeren. Personlige data m\u00e5 ikke videregives til tredjeparter, hvis brugerne ikke har givet deres udtrykkelige samtykke. For s\u00e5 vidt som personoplysninger indsamles p\u00e5&hellip;","_links":{"self":[{"href":"https:\/\/www.v-label.com\/da\/wp-json\/wp\/v2\/pages\/39514","targetHints":{"allow":["GET"]}}],"collection":[{"href":"https:\/\/www.v-label.com\/da\/wp-json\/wp\/v2\/pages"}],"about":[{"href":"https:\/\/www.v-label.com\/da\/wp-json\/wp\/v2\/types\/page"}],"author":[{"embeddable":true,"href":"https:\/\/www.v-label.com\/da\/wp-json\/wp\/v2\/users\/5"}],"replies":[{"embeddable":true,"href":"https:\/\/www.v-label.com\/da\/wp-json\/wp\/v2\/comments?post=39514"}],"version-history":[{"count":2,"href":"https:\/\/www.v-label.com\/da\/wp-json\/wp\/v2\/pages\/39514\/revisions"}],"predecessor-version":[{"id":39551,"href":"https:\/\/www.v-label.com\/da\/wp-json\/wp\/v2\/pages\/39514\/revisions\/39551"}],"wp:featuredmedia":[{"embeddable":true,"href":"https:\/\/www.v-label.com\/da\/wp-json\/wp\/v2\/media\/17792"}],"wp:attachment":[{"href":"https:\/\/www.v-label.com\/da\/wp-json\/wp\/v2\/media?parent=39514"}],"wp:term":[{"taxonomy":"category","embeddable":true,"href":"https:\/\/www.v-label.com\/da\/wp-json\/wp\/v2\/categories?post=39514"},{"taxonomy":"post_tag","embeddable":true,"href":"https:\/\/www.v-label.com\/da\/wp-json\/wp\/v2\/tags?post=39514"}],"curies":[{"name":"wp","href":"https:\/\/api.w.org\/{rel}","templated":true}]}}