{"id":47299,"date":"2023-02-07T17:56:14","date_gmt":"2023-02-07T16:56:14","guid":{"rendered":"https:\/\/www.v-label.com\/?page_id=47299"},"modified":"2026-02-18T09:37:03","modified_gmt":"2026-02-18T08:37:03","slug":"vegan-fashion-webinar","status":"publish","type":"page","link":"https:\/\/www.v-label.com\/da\/events\/vegan-fashion-webinar\/","title":{"rendered":"Free V-Label webinar: The rise of vegan fashion"},"content":{"rendered":"\n<div class=\"wp-block-columns are-vertically-aligned-center is-layout-flex wp-container-core-columns-is-layout-9d6595d7 wp-block-columns-is-layout-flex\">\n<div class=\"wp-block-column is-vertically-aligned-center is-layout-flow wp-block-column-is-layout-flow\" style=\"flex-basis:50%\">\n<p><strong>In March 2023, we celebrated V-Label&#8217;s Vegan Fashion Week<\/strong>.<\/p>\n\n\n\n<p>During the webinar, our speakers shared valuable insights about the differences between vegan, sustainable, and ethical fashion, some incredible &#8216;next-gen&#8217; materials, and the huge need for transparency in this industry, among other topics.<\/p>\n\n\n\n<p>Our guest speakers were:<\/p>\n\n\n\n<ul class=\"wp-block-list\">\n<li><strong>Ary Ohayon,<\/strong> Founder of the French accessory brand&nbsp;<a href=\"https:\/\/d15kpr04.na1.hubspotlinks.com\/Ctc\/DN+113\/d15kPR04\/VXcwCJ3zK1bYV3ggsK136DqNW4KxtYX4Y9w03N3Gk37B3lSbtV1-WJV7CgBZBW7pkHB85zy8yPW6hqQkK8Yb7z5W4pzZ-X5NdTSDW892Sfb4W95FNW3vNzbj5PJ9RGW4PYVBn3yFvJgV3rnnR30ldwSW1NDzs72fq-6lW79-qxx49yxvgW7JZS586N3YYwW8s_1jR6g6NnqN3SjT3bm8htWW82yFRh3JkSGFW6hF0QC6Sx6VtW3NWblR7J8xKQW5kcmpp4yMlM7W68Dc8l11y6m7W5ybY7j69sGtvW4TBLRP3s2rs2W8L0chy10FJ2q392G1\" target=\"_blank\" rel=\"noreferrer noopener\">Arsayo<\/a>&nbsp;and co-organizer of the<a href=\"https:\/\/d15kpr04.na1.hubspotlinks.com\/Ctc\/DN+113\/d15kPR04\/VXcwCJ3zK1bYV3ggsK136DqNW4KxtYX4Y9w03N3Gk37B3lSbtV1-WJV7CgGfqW58YcB23qhbGLV34Z5M14hdKWW1rNF2v52HW2mW51743L1YyMzpW7WcNTL3MdbX_W8KB0y38TcNDcVxfSb68zV7psW5rnbH94hYqCBN644kTk2RJjLVmhQG28cZV-RW81byQ08CB6JNW6W6tM45f3NpJW8GvhNs3jvj-nVQQN436mtGrxW8r1qPz5tnKMhW8zVksQ5h_PvwW45rkZG2KR2gRW4V5QS623wFGNW48Gdkr3qZqmZW6tBwhT9hYq9136S51\" target=\"_blank\" rel=\"noreferrer noopener\">&nbsp;F.A.K.E. Movement<\/a>&nbsp;for Vegan Fashion in Paris and Los Angeles&nbsp;<\/li>\n\n\n\n<li><strong>Rebecca Cappelli<\/strong>, Award-winning French filmmaker and animal rights activist based in Switzerland (her film, SLAY is available on&nbsp;<a href=\"https:\/\/d15kpr04.na1.hubspotlinks.com\/Ctc\/DN+113\/d15kPR04\/VXcwCJ3zK1bYV3ggsK136DqNW4KxtYX4Y9w03N3Gk37B3lSbtV1-WJV7CgMX6N8W4ctPVYm0-N4J1kM9fjpcmN8jcj8D2qBv_N3F_nxSJ-q4wW6fdNcC3ZYrK7W8xjYDc4-vfxlVcyjvC6cK8f1W8YPHRK1FhpG9W7ZLTWZ4v5XxhW3xBrDV889h43W6RW63P5l82kfV6nKyZ8h-SnfN8sLgHTSWYKCW7njb9x2zhn6gW4xldBf7CrM7VW9gCZnq3yWT8GW2BS-pX3M6kJQN3t-6gZnZbGcW6MzGrB5_1wmRW7gS9lw5hJ10J3nmw1\" target=\"_blank\" rel=\"noreferrer noopener\">Waterbear<\/a>)<\/li>\n\n\n\n<li><strong>E\u015fref Hilmi A\u00e7\u0131k<\/strong>, Co-Founder of the plant-based material manufacture\u00a0<a href=\"https:\/\/d15kpr04.na1.hubspotlinks.com\/Ctc\/DN+113\/d15kPR04\/VXcwCJ3zK1bYV3ggsK136DqNW4KxtYX4Y9w03N3Gk37B3lSbtV1-WJV7CgJhPW8YXybS69NpjzW623V5v5hjh8qW393QmB5byFBfW2G6xP-1DFxHBW5g45mV5HPJQ-W8wxxJg1mCD91W3nBZFH35Y6z1W8pp1cK5GgnsgW8Xpy7g3sXrl3W1NjyJQ2lzv4MW3bRJb93K9-54W114tBk88VTk8W91gtKf3HRvT8VTwpJ17RJldjV10YNh436HHnW6Jflkn8kdtHmVlq6-Y82mm9FW8xKVTz23j9t6W1WY24z6_v2RSW7LnZTx1r1FWr33ML1\" target=\"_blank\" rel=\"noreferrer noopener\">Oleatex<\/a>\u00a0<\/li>\n<\/ul>\n<\/div>\n\n\n\n<div class=\"wp-block-column is-vertically-aligned-center is-layout-flow wp-block-column-is-layout-flow\" style=\"flex-basis:50%\">\n<figure class=\"wp-block-image size-large\"><img decoding=\"async\" width=\"1024\" height=\"576\" src=\"https:\/\/www.v-label.com\/wp-content\/uploads\/2023\/02\/fashion-webinar-1-1024x576.jpg\" alt=\"\" class=\"wp-image-47355\" srcset=\"https:\/\/www.v-label.com\/wp-content\/uploads\/2023\/02\/fashion-webinar-1-1024x576.jpg 1024w, https:\/\/www.v-label.com\/wp-content\/uploads\/2023\/02\/fashion-webinar-1-300x169.jpg 300w, https:\/\/www.v-label.com\/wp-content\/uploads\/2023\/02\/fashion-webinar-1-500x281.jpg 500w, https:\/\/www.v-label.com\/wp-content\/uploads\/2023\/02\/fashion-webinar-1-768x432.jpg 768w, https:\/\/www.v-label.com\/wp-content\/uploads\/2023\/02\/fashion-webinar-1-1536x864.jpg 1536w, https:\/\/www.v-label.com\/wp-content\/uploads\/2023\/02\/fashion-webinar-1.jpg 1920w\" sizes=\"(max-width: 1024px) 100vw, 1024px\" \/><\/figure>\n<\/div>\n<\/div>\n\n\n\n<figure class=\"wp-block-embed is-type-video is-provider-youtube wp-block-embed-youtube wp-embed-aspect-16-9 wp-has-aspect-ratio\"><div class=\"wp-block-embed__wrapper\">\n <div class=\"brlbs-cmpnt-container brlbs-cmpnt-content-blocker brlbs-cmpnt-with-individual-styles\" data-borlabs-cookie-content-blocker-id=\"youtube-content-blocker\" data-borlabs-cookie-content=\"PGlmcmFtZSBjbGFzcz0ieW91dHViZS1wbGF5ZXIiIHR5cGU9InRleHQvaHRtbCIgIHRpdGxlPSJUaGUgUmlzZSBvZiBWZWdhbiBGYXNoaW9uIiB3aWR0aD0iNTAwIiBoZWlnaHQ9IjI4MSIgc3JjPSJodHRwczovL3d3dy55b3V0dWJlLW5vY29va2llLmNvbS9lbWJlZC9RTVZ4dnFSUEhwYz9mZWF0dXJlPW9lbWJlZCIgZnJhbWVib3JkZXI9IjAiIGFsbG93PSJhY2NlbGVyb21ldGVyOyBhdXRvcGxheTsgY2xpcGJvYXJkLXdyaXRlOyBlbmNyeXB0ZWQtbWVkaWE7IGd5cm9zY29wZTsgcGljdHVyZS1pbi1waWN0dXJlOyB3ZWItc2hhcmUiIHJlZmVycmVycG9saWN5PSJzdHJpY3Qtb3JpZ2luLXdoZW4tY3Jvc3Mtb3JpZ2luIiBhbGxvd2Z1bGxzY3JlZW4+PC9pZnJhbWU+\"><div class=\"brlbs-cmpnt-cb-preset-c brlbs-cmpnt-cb-youtube\"> <div class=\"brlbs-cmpnt-cb-thumbnail\" style=\"background-image: url('https:\/\/www.v-label.com\/wp-content\/uploads\/borlabs-cookie\/1\/yt_QMVxvqRPHpc_hqdefault.jpg')\"><\/div> <div class=\"brlbs-cmpnt-cb-main\"> <div class=\"brlbs-cmpnt-cb-play-button\"><\/div> <div class=\"brlbs-cmpnt-cb-content\"> <p class=\"brlbs-cmpnt-cb-description\">Du ser i \u00f8jeblikket pladsholderindhold fra <strong>YouTube<\/strong>. Klik p\u00e5 knappen nedenfor for at f\u00e5 adgang til det faktiske indhold. Bem\u00e6rk, at dette vil dele data med tredjepartsudbydere.<\/p> <a class=\"brlbs-cmpnt-cb-provider-toggle\" href=\"#\" data-borlabs-cookie-show-provider-information role=\"button\">Flere oplysninger<\/a> <\/div> <div class=\"brlbs-cmpnt-cb-buttons\"> <a class=\"brlbs-cmpnt-cb-btn\" href=\"#\" data-borlabs-cookie-unblock role=\"button\">Fjern indholdsblokering<\/a> <a class=\"brlbs-cmpnt-cb-btn\" href=\"#\" data-borlabs-cookie-accept-service role=\"button\" style=\"display: inherit\">Accept\u00e9r p\u00e5kr\u00e6vet service, og fjern blokering af indhold<\/a> <\/div> <\/div> <\/div><\/div>\n<\/div><\/figure>\n\n\n\n<h3 class=\"wp-block-heading\">About V-Label<\/h3>\n\n\n\n<p><em>Across the globe, more than 70,000 products from more than 4,800 licensees now carry V-Label. V-Label, established in Switzerland in 1996, is an internationally recognized, registered seal for labeling vegan and vegetarian products and services. It is a reliable, go-to shopping guide for consumers.<\/em><\/p>\n\n\n\n<figure class=\"wp-block-image aligncenter size-large\"><img decoding=\"async\" width=\"1024\" height=\"576\" src=\"https:\/\/www.v-label.com\/wp-content\/uploads\/2023\/02\/fashion-webinar-1024x576.jpg\" alt=\"\" class=\"wp-image-47320\" srcset=\"https:\/\/www.v-label.com\/wp-content\/uploads\/2023\/02\/fashion-webinar-1024x576.jpg 1024w, https:\/\/www.v-label.com\/wp-content\/uploads\/2023\/02\/fashion-webinar-300x169.jpg 300w, https:\/\/www.v-label.com\/wp-content\/uploads\/2023\/02\/fashion-webinar-500x281.jpg 500w, https:\/\/www.v-label.com\/wp-content\/uploads\/2023\/02\/fashion-webinar-768x432.jpg 768w, https:\/\/www.v-label.com\/wp-content\/uploads\/2023\/02\/fashion-webinar-1536x864.jpg 1536w, https:\/\/www.v-label.com\/wp-content\/uploads\/2023\/02\/fashion-webinar.jpg 1920w\" sizes=\"(max-width: 1024px) 100vw, 1024px\" \/><\/figure>\n","protected":false},"excerpt":{"rendered":"<p>In March, we are celebrating V-Label&#8217;s Vegan Fashion Week!\u00a0\u00a0<\/p>\n<p>During the webinar, we will talk about the differences between natural, vegan, sustainable and ethical fashion, the huge need for transparency in this industry, the challenges which come with it, and of course share best practices that help our brands succeed.<\/p>\n","protected":false},"author":7,"featured_media":0,"parent":35288,"menu_order":0,"comment_status":"closed","ping_status":"closed","template":"","meta":{"_acf_changed":false,"_editorskit_title_hidden":false,"_editorskit_reading_time":1,"_editorskit_is_block_options_detached":false,"_editorskit_block_options_position":"{}","inline_featured_image":false,"_uag_custom_page_level_css":"","footnotes":""},"categories":[],"tags":[424],"class_list":["post-47299","page","type-page","status-publish","hentry","tag-webinar-fashion-da"],"acf":[],"uagb_featured_image_src":{"full":false,"thumbnail":false,"medium":false,"medium_large":false,"large":false,"1536x1536":false,"2048x2048":false,"preview":false,"header":false,"gform-image-choice-sm":false,"gform-image-choice-md":false,"gform-image-choice-lg":false},"uagb_author_info":{"display_name":"Tim De Smet","author_link":"https:\/\/www.v-label.com\/da"},"uagb_comment_info":0,"uagb_excerpt":"In March, we are celebrating V-Label's Vegan Fashion Week!\u00a0\u00a0 During the webinar, we will talk about the differences between natural, vegan, sustainable and ethical fashion, the huge need for transparency in this industry, the challenges which come with it, and of course share best practices that help our brands succeed.","_links":{"self":[{"href":"https:\/\/www.v-label.com\/da\/wp-json\/wp\/v2\/pages\/47299","targetHints":{"allow":["GET"]}}],"collection":[{"href":"https:\/\/www.v-label.com\/da\/wp-json\/wp\/v2\/pages"}],"about":[{"href":"https:\/\/www.v-label.com\/da\/wp-json\/wp\/v2\/types\/page"}],"author":[{"embeddable":true,"href":"https:\/\/www.v-label.com\/da\/wp-json\/wp\/v2\/users\/7"}],"replies":[{"embeddable":true,"href":"https:\/\/www.v-label.com\/da\/wp-json\/wp\/v2\/comments?post=47299"}],"version-history":[{"count":7,"href":"https:\/\/www.v-label.com\/da\/wp-json\/wp\/v2\/pages\/47299\/revisions"}],"predecessor-version":[{"id":112597,"href":"https:\/\/www.v-label.com\/da\/wp-json\/wp\/v2\/pages\/47299\/revisions\/112597"}],"up":[{"embeddable":true,"href":"https:\/\/www.v-label.com\/da\/wp-json\/wp\/v2\/pages\/35288"}],"wp:attachment":[{"href":"https:\/\/www.v-label.com\/da\/wp-json\/wp\/v2\/media?parent=47299"}],"wp:term":[{"taxonomy":"category","embeddable":true,"href":"https:\/\/www.v-label.com\/da\/wp-json\/wp\/v2\/categories?post=47299"},{"taxonomy":"post_tag","embeddable":true,"href":"https:\/\/www.v-label.com\/da\/wp-json\/wp\/v2\/tags?post=47299"}],"curies":[{"name":"wp","href":"https:\/\/api.w.org\/{rel}","templated":true}]}}