{"id":7831,"date":"2022-05-25T18:05:39","date_gmt":"2022-05-25T16:05:39","guid":{"rendered":"https:\/\/www.v-label.com\/verdens-foerende-veganske-og-vegetariske-varemaerke\/"},"modified":"2024-07-09T14:39:55","modified_gmt":"2024-07-09T12:39:55","slug":"worlds-leading-vegan-vegetarian-trademark","status":"publish","type":"page","link":"https:\/\/www.v-label.com\/da\/","title":{"rendered":"Home Page"},"content":{"rendered":"\n<div style=\"height:1px\" aria-hidden=\"true\" class=\"wp-block-spacer\"><\/div>\n\n\n\n<h2 class=\"wp-block-heading has-text-align-center has-large-font-size\" style=\"font-style:normal;font-weight:700;text-transform:uppercase\"><strong>Verdensf\u00f8rende vegansk og vegetarisk varem\u00e6rke<\/strong><\/h2>\n\n\n\n<div class=\"wp-block-media-text alignwide has-media-on-the-right is-stacked-on-mobile is-vertically-aligned-top is-image-fill\"><div class=\"wp-block-media-text__content\">\n<div style=\"height:10px\" aria-hidden=\"true\" class=\"wp-block-spacer\"><\/div>\n\n\n\n<p>Over hele verden b\u00e6rer nu mere end 70.000 produkter fra mere end 4.800 licenshavere V-label.<\/p>\n\n\n\n<p>V-Label er et internationalt anerkendt, registreret logo til m\u00e6rkning af veganske og vegetariske produkter og tjenester etableret i Schweiz i 1996. Det er en p\u00e5lidelig guide til forbrugere.<\/p>\n\n\n\n<div class=\"wp-block-buttons is-layout-flex wp-block-buttons-is-layout-flex\">\n<div class=\"wp-block-button\"><a class=\"wp-block-button__link has-greendark-background-color has-background wp-element-button\" href=\"https:\/\/www.v-label.com\/da\/get-certified\/\">Bliv V-Label certificeret<\/a><\/div>\n<\/div>\n<\/div><figure class=\"wp-block-media-text__media\" style=\"background-image:url(https:\/\/www.v-label.com\/wp-content\/uploads\/2022\/12\/v-label-new-home-page-2-1024x732.jpg);background-position:50% 50%\"><img decoding=\"async\" width=\"1024\" height=\"732\" src=\"https:\/\/www.v-label.com\/wp-content\/uploads\/2022\/12\/v-label-new-home-page-2-1024x732.jpg\" alt=\"\" class=\"wp-image-40341 size-full\" srcset=\"https:\/\/www.v-label.com\/wp-content\/uploads\/2022\/12\/v-label-new-home-page-2-1024x732.jpg 1024w, https:\/\/www.v-label.com\/wp-content\/uploads\/2022\/12\/v-label-new-home-page-2-300x214.jpg 300w, https:\/\/www.v-label.com\/wp-content\/uploads\/2022\/12\/v-label-new-home-page-2-500x357.jpg 500w, https:\/\/www.v-label.com\/wp-content\/uploads\/2022\/12\/v-label-new-home-page-2-768x549.jpg 768w, https:\/\/www.v-label.com\/wp-content\/uploads\/2022\/12\/v-label-new-home-page-2-1536x1098.jpg 1536w, https:\/\/www.v-label.com\/wp-content\/uploads\/2022\/12\/v-label-new-home-page-2.jpg 1920w\" sizes=\"(max-width: 1024px) 100vw, 1024px\" \/><\/figure><\/div>\n\n\n\n<div style=\"height:70px\" aria-hidden=\"true\" class=\"wp-block-spacer\"><\/div>\n\n\n\n<div class=\"wp-block-media-text alignwide is-stacked-on-mobile is-image-fill\"><figure class=\"wp-block-media-text__media\" style=\"background-image:url(https:\/\/www.v-label.com\/wp-content\/uploads\/2022\/09\/home-producers-and-consumers-trust-1024x683.jpeg);background-position:50% 50%\"><img decoding=\"async\" width=\"1024\" height=\"683\" src=\"https:\/\/www.v-label.com\/wp-content\/uploads\/2022\/09\/home-producers-and-consumers-trust-1024x683.jpeg\" alt=\"\" class=\"wp-image-710 size-full\" srcset=\"https:\/\/www.v-label.com\/wp-content\/uploads\/2022\/09\/home-producers-and-consumers-trust-1024x683.jpeg 1024w, https:\/\/www.v-label.com\/wp-content\/uploads\/2022\/09\/home-producers-and-consumers-trust-300x200.jpeg 300w, https:\/\/www.v-label.com\/wp-content\/uploads\/2022\/09\/home-producers-and-consumers-trust-500x334.jpeg 500w, https:\/\/www.v-label.com\/wp-content\/uploads\/2022\/09\/home-producers-and-consumers-trust-768x512.jpeg 768w, https:\/\/www.v-label.com\/wp-content\/uploads\/2022\/09\/home-producers-and-consumers-trust-1536x1025.jpeg 1536w, https:\/\/www.v-label.com\/wp-content\/uploads\/2022\/09\/home-producers-and-consumers-trust.jpeg 1920w\" sizes=\"(max-width: 1024px) 100vw, 1024px\" \/><\/figure><div class=\"wp-block-media-text__content\">\n<h2 class=\"wp-block-heading has-text-align-left\"><strong>Producenter og forbrugere stoler p\u00e5 V-label<\/strong><\/h2>\n\n\n\n<p class=\"has-text-align-left\">Med mere end 25 \u00e5rs erfaring med m\u00e6rkning af produkter og engagerende eksperter inden for kvalitetsstyring, madteknologi, kemi, kosmetologi og markedsf\u00f8ring er vi frontl\u00f8bere for en global bev\u00e6gelse. Vi samarbejder med virksomheder, detailhandlere og forbrugere.<\/p>\n\n\n\n<div class=\"wp-block-buttons is-content-justification-left is-layout-flex wp-container-core-buttons-is-layout-fdcfc74e wp-block-buttons-is-layout-flex\">\n<div class=\"wp-block-button is-style-default\"><a class=\"wp-block-button__link has-greendark-background-color has-background wp-element-button\" href=\"https:\/\/www.v-label.com\/da\/about-us\/\">Find ud af mere om V-label<\/a><\/div>\n<\/div>\n<\/div><\/div>\n\n\n\n<div style=\"height:70px\" aria-hidden=\"true\" class=\"wp-block-spacer\"><\/div>\n\n\n\n<div class=\"wp-block-media-text alignwide has-media-on-the-right is-stacked-on-mobile is-image-fill\"><div class=\"wp-block-media-text__content\">\n<div style=\"height:30px\" aria-hidden=\"true\" class=\"wp-block-spacer\"><\/div>\n\n\n\n<h2 class=\"wp-block-heading has-text-align-left\"><strong>Globalt samarbejde, lokal support<\/strong><\/h2>\n\n\n\n<p class=\"has-text-align-left\">Vi har partnerorganisationer i mere end 50 lande, der taler mere end 30 sprog, hvilket g\u00f8r os unikke positioneret til at st\u00f8tte dine produkter b\u00e5de lokalt og internationalt.<\/p>\n\n\n\n<div class=\"wp-block-buttons is-content-justification-left is-layout-flex wp-container-core-buttons-is-layout-fdcfc74e wp-block-buttons-is-layout-flex\">\n<div class=\"wp-block-button is-style-default\"><a class=\"wp-block-button__link has-greendark-background-color has-background wp-element-button\" href=\"https:\/\/www.v-label.com\/da\/info-for-producers\/benefits\/\">Oplev flere fordele<\/a><\/div>\n<\/div>\n\n\n\n<div style=\"height:30px\" aria-hidden=\"true\" class=\"wp-block-spacer\"><\/div>\n<\/div><figure class=\"wp-block-media-text__media\" style=\"background-image:url(https:\/\/www.v-label.com\/wp-content\/uploads\/2022\/12\/v-label-global-community-local-support.jpg);background-position:50% 50%\"><img decoding=\"async\" width=\"1280\" height=\"837\" src=\"https:\/\/www.v-label.com\/wp-content\/uploads\/2022\/12\/v-label-global-community-local-support.jpg\" alt=\"\" class=\"wp-image-16861 size-full\" srcset=\"https:\/\/www.v-label.com\/wp-content\/uploads\/2022\/12\/v-label-global-community-local-support.jpg 1280w, https:\/\/www.v-label.com\/wp-content\/uploads\/2022\/12\/v-label-global-community-local-support-300x196.jpg 300w, https:\/\/www.v-label.com\/wp-content\/uploads\/2022\/12\/v-label-global-community-local-support-1024x670.jpg 1024w, https:\/\/www.v-label.com\/wp-content\/uploads\/2022\/12\/v-label-global-community-local-support-500x327.jpg 500w, https:\/\/www.v-label.com\/wp-content\/uploads\/2022\/12\/v-label-global-community-local-support-768x502.jpg 768w\" sizes=\"(max-width: 1280px) 100vw, 1280px\" \/><\/figure><\/div>\n\n\n\n<h2 class=\"wp-block-heading has-text-align-center\"><strong>Klar til at v\u00e6re med?<\/strong><\/h2>\n\n\n\n<p class=\"has-text-align-center\">Overvejer du stadig det? Hvis du er <strong>producent<\/strong>, kan du finde <a href=\"https:\/\/www.v-label.com\/wp-content\/uploads\/2023\/01\/int-v-label-criteria-v0202-en-1.pdf\" data-type=\"URL\" data-id=\"https:\/\/www.v-label.com\/wp-content\/uploads\/2023\/01\/int-v-label-criteria-v0202-en-1.pdf\">detaljerede kriterier og certificeringsprocessen her<\/a>. Er du <strong>forbruger<\/strong>? Se et udvalg af <a href=\"https:\/\/www.v-label.com\/da\/general-information\/certified-products\/\" data-type=\"URL\" data-id=\"https:\/\/www.v-label.com\/da\/general-information\/certified-products\/\">vegetariske og veganske produkter<\/a>, vi har certificeret.<\/p>\n","protected":false},"excerpt":{"rendered":"<p>Across the globe, more than 50,000 products from more than 4,300 licensees now carry the V-Label. <\/p>\n<p>V-Label is an internationally recognised, registered seal for labelling vegan and vegetarian products and services established in Switzerland in 1996. It is a reliable, go-to shopping guide for consumers.<\/p>\n","protected":false},"author":5,"featured_media":40405,"parent":0,"menu_order":0,"comment_status":"closed","ping_status":"closed","template":"","meta":{"_acf_changed":false,"_editorskit_title_hidden":false,"_editorskit_reading_time":0,"_editorskit_is_block_options_detached":false,"_editorskit_block_options_position":"{}","inline_featured_image":false,"_uag_custom_page_level_css":"","footnotes":""},"categories":[],"tags":[],"class_list":["post-7831","page","type-page","status-publish","has-post-thumbnail","hentry"],"acf":[],"uagb_featured_image_src":{"full":["https:\/\/www.v-label.com\/wp-content\/uploads\/2022\/12\/header-test.jpg",2000,1000,false],"thumbnail":["https:\/\/www.v-label.com\/wp-content\/uploads\/2022\/12\/header-test-500x250.jpg",500,250,true],"medium":["https:\/\/www.v-label.com\/wp-content\/uploads\/2022\/12\/header-test-300x150.jpg",300,150,true],"medium_large":["https:\/\/www.v-label.com\/wp-content\/uploads\/2022\/12\/header-test-768x384.jpg",768,384,true],"large":["https:\/\/www.v-label.com\/wp-content\/uploads\/2022\/12\/header-test-1024x512.jpg",1024,512,true],"1536x1536":["https:\/\/www.v-label.com\/wp-content\/uploads\/2022\/12\/header-test-1536x768.jpg",1536,768,true],"2048x2048":["https:\/\/www.v-label.com\/wp-content\/uploads\/2022\/12\/header-test.jpg",2000,1000,false],"preview":["https:\/\/www.v-label.com\/wp-content\/uploads\/2022\/12\/header-test-904x720.jpg",904,720,true],"header":["https:\/\/www.v-label.com\/wp-content\/uploads\/2022\/12\/header-test-2000x720.jpg",2000,720,true],"gform-image-choice-sm":["https:\/\/www.v-label.com\/wp-content\/uploads\/2022\/12\/header-test.jpg",300,150,false],"gform-image-choice-md":["https:\/\/www.v-label.com\/wp-content\/uploads\/2022\/12\/header-test.jpg",400,200,false],"gform-image-choice-lg":["https:\/\/www.v-label.com\/wp-content\/uploads\/2022\/12\/header-test.jpg",600,300,false]},"uagb_author_info":{"display_name":"Can Aslan","author_link":"https:\/\/www.v-label.com\/da"},"uagb_comment_info":0,"uagb_excerpt":"Across the globe, more than 50,000 products from more than 4,300 licensees now carry the V-Label. V-Label is an internationally recognised, registered seal for labelling vegan and vegetarian products and services established in Switzerland in 1996. It is a reliable, go-to shopping guide for consumers.","_links":{"self":[{"href":"https:\/\/www.v-label.com\/da\/wp-json\/wp\/v2\/pages\/7831","targetHints":{"allow":["GET"]}}],"collection":[{"href":"https:\/\/www.v-label.com\/da\/wp-json\/wp\/v2\/pages"}],"about":[{"href":"https:\/\/www.v-label.com\/da\/wp-json\/wp\/v2\/types\/page"}],"author":[{"embeddable":true,"href":"https:\/\/www.v-label.com\/da\/wp-json\/wp\/v2\/users\/5"}],"replies":[{"embeddable":true,"href":"https:\/\/www.v-label.com\/da\/wp-json\/wp\/v2\/comments?post=7831"}],"version-history":[{"count":13,"href":"https:\/\/www.v-label.com\/da\/wp-json\/wp\/v2\/pages\/7831\/revisions"}],"predecessor-version":[{"id":83844,"href":"https:\/\/www.v-label.com\/da\/wp-json\/wp\/v2\/pages\/7831\/revisions\/83844"}],"wp:featuredmedia":[{"embeddable":true,"href":"https:\/\/www.v-label.com\/da\/wp-json\/wp\/v2\/media\/40405"}],"wp:attachment":[{"href":"https:\/\/www.v-label.com\/da\/wp-json\/wp\/v2\/media?parent=7831"}],"wp:term":[{"taxonomy":"category","embeddable":true,"href":"https:\/\/www.v-label.com\/da\/wp-json\/wp\/v2\/categories?post=7831"},{"taxonomy":"post_tag","embeddable":true,"href":"https:\/\/www.v-label.com\/da\/wp-json\/wp\/v2\/tags?post=7831"}],"curies":[{"name":"wp","href":"https:\/\/api.w.org\/{rel}","templated":true}]}}