{"id":7891,"date":"2022-05-30T16:16:14","date_gmt":"2022-05-30T14:16:14","guid":{"rendered":"https:\/\/www.v-label.com\/info-for-producers\/"},"modified":"2024-07-09T14:40:16","modified_gmt":"2024-07-09T12:40:16","slug":"info-for-producers","status":"publish","type":"page","link":"https:\/\/www.v-label.com\/da\/info-for-producers\/","title":{"rendered":"Information til producenter"},"content":{"rendered":"\n<p>Rundt om i verden b\u00e6rer nu mere end <strong>70.000 produkter<\/strong> fra mere end <strong>4.800 licenstagere<\/strong> V-label, et kvalitetsstempel, der gives til veganske og vegetariske varer og tjenester. Dette internationalt anerkendte m\u00e6rke guider kunder over hele kloden til hurtigt at identificere plantebaserede valg.<\/p>\n\n\n\n<h3 class=\"wp-block-heading has-text-align-center has-greenlightultra-background-color has-background\">Hvis du er producent, her er hvorfor du skal overveje at f\u00e5 V-label-certificering:<\/h3>\n\n\n\n<p><strong>Vind nye markeder. <\/strong>Da halvdelen af befolkningen betragter sig selv som flexitarer i lande som Tyskland, Spanien eller Polen, er der en forskelligartet, hurtigt voksende kundebase, der leder efter veganske og vegetariske produkter af grunde der sp\u00e6nder fra sundhed til etik.<\/p>\n\n\n\n<p><strong>For\u00f8g din synlighed. <\/strong>F\u00e5 dine produkter set af forbrugernes \u00f8jne, og g\u00f8r deres indk\u00f8bsvalg lettere med et meget trov\u00e6rdig og anerkendt m\u00e6rke.<\/p>\n\n\n\n<p><strong>Tilf\u00f8j tillid.<\/strong> Ingen grund til at sige mere; V-Label siger det for dig. Dets omd\u00f8mme og anerkendelse som et professionelt, uafh\u00e6ngigt kvalitetsstempel og branchens trends\u00e6tter s\u00e6lger.<\/p>\n\n\n\n<div class=\"wp-block-buttons alignwide is-content-justification-center is-layout-flex wp-container-core-buttons-is-layout-16018d1d wp-block-buttons-is-layout-flex\">\n<div class=\"wp-block-button\"><a class=\"wp-block-button__link wp-element-button\" href=\"https:\/\/www.v-label.com\/da\/for-business\/get-certified\/\" rel=\"noopener\">Bliv certificeret<\/a><\/div>\n\n\n\n<div class=\"wp-block-button\"><a class=\"wp-block-button__link wp-element-button\" href=\"https:\/\/www.v-label.com\/da\/for-business\/benefits\/\">Oplev flere fordele<\/a><\/div>\n<\/div>\n\n\n\n<div class=\"wp-block-columns are-vertically-aligned-center is-layout-flex wp-container-core-columns-is-layout-9d6595d7 wp-block-columns-is-layout-flex\">\n<div class=\"wp-block-column is-vertically-aligned-center is-layout-flow wp-block-column-is-layout-flow\">\n<figure class=\"wp-block-image size-full\"><img decoding=\"async\" width=\"720\" height=\"482\" src=\"https:\/\/www.v-label.com\/wp-content\/uploads\/2022\/09\/b2b-info-page-1.webp\" alt=\"\" class=\"wp-image-876\" srcset=\"https:\/\/www.v-label.com\/wp-content\/uploads\/2022\/09\/b2b-info-page-1.webp 720w, https:\/\/www.v-label.com\/wp-content\/uploads\/2022\/09\/b2b-info-page-1-300x201.webp 300w\" sizes=\"(max-width: 720px) 100vw, 720px\" \/><\/figure>\n<\/div>\n\n\n\n<div class=\"wp-block-column is-vertically-aligned-center is-layout-flow wp-block-column-is-layout-flow\">\n<figure class=\"wp-block-image size-full\"><img decoding=\"async\" width=\"720\" height=\"497\" src=\"https:\/\/www.v-label.com\/wp-content\/uploads\/2022\/09\/b2b-info-page-2.webp\" alt=\"\" class=\"wp-image-879\" srcset=\"https:\/\/www.v-label.com\/wp-content\/uploads\/2022\/09\/b2b-info-page-2.webp 720w, https:\/\/www.v-label.com\/wp-content\/uploads\/2022\/09\/b2b-info-page-2-300x207.webp 300w\" sizes=\"(max-width: 720px) 100vw, 720px\" \/><\/figure>\n<\/div>\n\n\n\n<div class=\"wp-block-column is-vertically-aligned-center is-layout-flow wp-block-column-is-layout-flow\">\n<figure class=\"wp-block-image size-full\"><img decoding=\"async\" width=\"720\" height=\"482\" src=\"https:\/\/www.v-label.com\/wp-content\/uploads\/2022\/09\/b2b-info-page-3.webp\" alt=\"\" class=\"wp-image-860\" srcset=\"https:\/\/www.v-label.com\/wp-content\/uploads\/2022\/09\/b2b-info-page-3.webp 720w, https:\/\/www.v-label.com\/wp-content\/uploads\/2022\/09\/b2b-info-page-3-300x201.webp 300w\" sizes=\"(max-width: 720px) 100vw, 720px\" \/><\/figure>\n<\/div>\n<\/div>\n\n\n\n<h3 class=\"wp-block-heading\"><strong>Bliv certificeret<\/strong><\/h3>\n\n\n\n<p><strong>Klar til at \u00f8ge synligheden af dine veganske og vegetariske produkter? <\/strong>Med V-Label vil kunderne hurtigt kunne identificere dine produkter som vegansk eller vegetarisk &#8211; og dermed k\u00f8be dem uden t\u00f8ven eller g\u00e6tte deres veganske eller vegetariske kvalitet.<\/p>\n\n\n\n<p>Fra et forretningsm\u00e6ssigt synspunkt \u00f8ger partnerskab med en brancheleder som V-Label din p\u00e5lidelighed og gennemsigtighed i vegetarisk og vegansk m\u00e6rkning. For dine kunder er V-Label en enkel og p\u00e5lidelig guide, der hj\u00e6lper dem med at tr\u00e6ffe gode, b\u00e6redygtige og konsekvente k\u00f8bsbeslutninger.<\/p>\n\n\n\n<div class=\"wp-block-buttons alignwide is-content-justification-center is-layout-flex wp-container-core-buttons-is-layout-16018d1d wp-block-buttons-is-layout-flex\">\n<div class=\"wp-block-button\"><a class=\"wp-block-button__link wp-element-button\" href=\"https:\/\/www.v-label.com\/da\/for-business\/get-certified\/\" rel=\"noopener\">Bliv V-Label certificeret<\/a><\/div>\n<\/div>\n\n\n\n<h3 class=\"wp-block-heading\"><strong>Kriterier og ofte stillede sp\u00f8rgsm\u00e5l<\/strong><\/h3>\n\n\n\n<p>Find svar p\u00e5 nogle af de sp\u00f8rgsm\u00e5l, du m\u00e5ske undrer dig over omkring V-Label.<\/p>\n\n\n\n<div class=\"wp-block-buttons alignwide is-content-justification-center is-layout-flex wp-container-core-buttons-is-layout-16018d1d wp-block-buttons-is-layout-flex\">\n<div class=\"wp-block-button\"><a class=\"wp-block-button__link wp-element-button\" href=\"https:\/\/www.v-label.com\/da\/faqs\/\">Udforsk ofte stillede sp\u00f8rgsm\u00e5l<\/a><\/div>\n<\/div>\n","protected":false},"excerpt":{"rendered":"<p>Rundt om i verden b\u00e6rer nu mere end 70.000 produkter fra mere end 4.800 licenstagere V-label, et kvalitetsstempel, der gives til veganske og vegetariske varer og tjenester. Dette internationalt anerkendte m\u00e6rke guider kunder over hele kloden til hurtigt at identificere plantebaserede valg. Hvis du er producent, her er hvorfor du skal overveje at f\u00e5 V-label-certificering: [&hellip;]<\/p>\n","protected":false},"author":5,"featured_media":39754,"parent":0,"menu_order":0,"comment_status":"closed","ping_status":"closed","template":"","meta":{"_acf_changed":false,"_editorskit_title_hidden":false,"_editorskit_reading_time":0,"_editorskit_is_block_options_detached":false,"_editorskit_block_options_position":"{}","inline_featured_image":false,"_uag_custom_page_level_css":"","footnotes":""},"categories":[],"tags":[],"class_list":["post-7891","page","type-page","status-publish","has-post-thumbnail","hentry"],"acf":[],"uagb_featured_image_src":{"full":["https:\/\/www.v-label.com\/wp-content\/uploads\/2022\/12\/v-label-info-for-producers.jpg",1280,870,false],"thumbnail":["https:\/\/www.v-label.com\/wp-content\/uploads\/2022\/12\/v-label-info-for-producers-500x340.jpg",500,340,true],"medium":["https:\/\/www.v-label.com\/wp-content\/uploads\/2022\/12\/v-label-info-for-producers-300x204.jpg",300,204,true],"medium_large":["https:\/\/www.v-label.com\/wp-content\/uploads\/2022\/12\/v-label-info-for-producers-768x522.jpg",768,522,true],"large":["https:\/\/www.v-label.com\/wp-content\/uploads\/2022\/12\/v-label-info-for-producers-1024x696.jpg",1024,696,true],"1536x1536":["https:\/\/www.v-label.com\/wp-content\/uploads\/2022\/12\/v-label-info-for-producers.jpg",1280,870,false],"2048x2048":["https:\/\/www.v-label.com\/wp-content\/uploads\/2022\/12\/v-label-info-for-producers.jpg",1280,870,false],"preview":["https:\/\/www.v-label.com\/wp-content\/uploads\/2022\/12\/v-label-info-for-producers-904x720.jpg",904,720,true],"header":["https:\/\/www.v-label.com\/wp-content\/uploads\/2022\/12\/v-label-info-for-producers-1280x720.jpg",1280,720,true],"gform-image-choice-sm":["https:\/\/www.v-label.com\/wp-content\/uploads\/2022\/12\/v-label-info-for-producers.jpg",300,204,false],"gform-image-choice-md":["https:\/\/www.v-label.com\/wp-content\/uploads\/2022\/12\/v-label-info-for-producers.jpg",400,272,false],"gform-image-choice-lg":["https:\/\/www.v-label.com\/wp-content\/uploads\/2022\/12\/v-label-info-for-producers.jpg",600,408,false]},"uagb_author_info":{"display_name":"Can Aslan","author_link":"https:\/\/www.v-label.com\/da"},"uagb_comment_info":0,"uagb_excerpt":"Rundt om i verden b\u00e6rer nu mere end 70.000 produkter fra mere end 4.800 licenstagere V-label, et kvalitetsstempel, der gives til veganske og vegetariske varer og tjenester. Dette internationalt anerkendte m\u00e6rke guider kunder over hele kloden til hurtigt at identificere plantebaserede valg. Hvis du er producent, her er hvorfor du skal overveje at f\u00e5 V-label-certificering:&hellip;","_links":{"self":[{"href":"https:\/\/www.v-label.com\/da\/wp-json\/wp\/v2\/pages\/7891","targetHints":{"allow":["GET"]}}],"collection":[{"href":"https:\/\/www.v-label.com\/da\/wp-json\/wp\/v2\/pages"}],"about":[{"href":"https:\/\/www.v-label.com\/da\/wp-json\/wp\/v2\/types\/page"}],"author":[{"embeddable":true,"href":"https:\/\/www.v-label.com\/da\/wp-json\/wp\/v2\/users\/5"}],"replies":[{"embeddable":true,"href":"https:\/\/www.v-label.com\/da\/wp-json\/wp\/v2\/comments?post=7891"}],"version-history":[{"count":5,"href":"https:\/\/www.v-label.com\/da\/wp-json\/wp\/v2\/pages\/7891\/revisions"}],"predecessor-version":[{"id":83845,"href":"https:\/\/www.v-label.com\/da\/wp-json\/wp\/v2\/pages\/7891\/revisions\/83845"}],"wp:featuredmedia":[{"embeddable":true,"href":"https:\/\/www.v-label.com\/da\/wp-json\/wp\/v2\/media\/39754"}],"wp:attachment":[{"href":"https:\/\/www.v-label.com\/da\/wp-json\/wp\/v2\/media?parent=7891"}],"wp:term":[{"taxonomy":"category","embeddable":true,"href":"https:\/\/www.v-label.com\/da\/wp-json\/wp\/v2\/categories?post=7891"},{"taxonomy":"post_tag","embeddable":true,"href":"https:\/\/www.v-label.com\/da\/wp-json\/wp\/v2\/tags?post=7891"}],"curies":[{"name":"wp","href":"https:\/\/api.w.org\/{rel}","templated":true}]}}