{"id":7948,"date":"2022-05-30T16:16:29","date_gmt":"2022-05-30T14:16:29","guid":{"rendered":"https:\/\/www.v-label.com\/info-for-producers\/benefits\/"},"modified":"2024-07-09T15:00:14","modified_gmt":"2024-07-09T13:00:14","slug":"benefits","status":"publish","type":"page","link":"https:\/\/www.v-label.com\/da\/info-for-producers\/benefits\/","title":{"rendered":"Fordele"},"content":{"rendered":"\n<p>Kunder over hele verden v\u00e6lger i stigende grad plantebaserede produkter af grunde der sp\u00e6nder fra sundhed til intolerance, bekvemmelighed, etik, overf\u00f8lsomhed eller simpelthen, fordi deres b\u00f8rn bedre kan lide det. Da veganisme bliver mere og mere udbredt, bliver regeringer og organisationer mere opm\u00e6rksom herp\u00e5. Det bliver tydeligt, at der ikke opn\u00e5s nogen m\u00e5l for Paris-klimaaftalen, som n\u00e6sten alle regeringer har forpligtet sig til, uden at sk\u00e6re ned p\u00e5 det animalsk forbrug. Alt dette fremmer et vigtigt \u00f8kosystem for producenterne til at komme med innovative og b\u00e6redygtige alternativer. F\u00e5 et st\u00e6rkt greb om dette stadigt voksende marked i dag og i de kommende \u00e5r med V-Label.<\/p>\n\n\n\n<div class=\"wp-block-media-text is-stacked-on-mobile is-vertically-aligned-center is-image-fill\"><figure class=\"wp-block-media-text__media\" style=\"background-image:url(https:\/\/www.v-label.com\/wp-content\/uploads\/2022\/12\/v-label-consumers-favorite.jpg);background-position:62% 53%\"><img decoding=\"async\" src=\"https:\/\/www.v-label.com\/wp-content\/uploads\/2022\/12\/v-label-consumers-favorite.jpg\" alt=\"\" class=\"wp-image-39649 size-full\"\/><\/figure><div class=\"wp-block-media-text__content\">\n<h3 class=\"wp-block-heading\"><strong>Forbrugerens favorit<\/strong><\/h3>\n\n\n\n<p>I Tyskland er V-Label if\u00f8lge den ber\u00f8mte G\u00fctesiegel Monitor 2020 den 8. bedst kendte og den 3. mest p\u00e5lidelige f\u00f8devarekvalitetsforsegling. I EU er V-label nu det mest kendte m\u00e6rke til vegetariske og veganske produkter. V-Label har certificeret over 70.000 produkter over hele verden og har bred st\u00f8tte i det veganske og vegetariske milj\u00f8. Gennem den let forst\u00e5elige kategorisering af produkter, som vegansk eller vegetarisk er V-Label en hurtig og p\u00e5lidelig m\u00e5de at fort\u00e6lle folk pr\u00e6cis, hvad de k\u00f8ber.<\/p>\n<\/div><\/div>\n\n\n\n<div style=\"height:30px\" aria-hidden=\"true\" class=\"wp-block-spacer\"><\/div>\n\n\n\n<div class=\"wp-block-media-text is-stacked-on-mobile is-vertically-aligned-center is-image-fill\"><figure class=\"wp-block-media-text__media\" style=\"background-image:url(https:\/\/www.v-label.com\/wp-content\/uploads\/2022\/12\/v-label-global-recognition.jpg);background-position:50% 50%\"><img decoding=\"async\" width=\"1280\" height=\"959\" src=\"https:\/\/www.v-label.com\/wp-content\/uploads\/2022\/12\/v-label-global-recognition.jpg\" alt=\"\" class=\"wp-image-17595 size-full\" srcset=\"https:\/\/www.v-label.com\/wp-content\/uploads\/2022\/12\/v-label-global-recognition.jpg 1280w, https:\/\/www.v-label.com\/wp-content\/uploads\/2022\/12\/v-label-global-recognition-300x225.jpg 300w, https:\/\/www.v-label.com\/wp-content\/uploads\/2022\/12\/v-label-global-recognition-1024x767.jpg 1024w, https:\/\/www.v-label.com\/wp-content\/uploads\/2022\/12\/v-label-global-recognition-500x375.jpg 500w, https:\/\/www.v-label.com\/wp-content\/uploads\/2022\/12\/v-label-global-recognition-768x575.jpg 768w\" sizes=\"(max-width: 1280px) 100vw, 1280px\" \/><\/figure><div class=\"wp-block-media-text__content\">\n<h3 class=\"wp-block-heading\"><strong>Globalt anerkendt<\/strong><\/h3>\n\n\n\n<p>V-Label blev grundlagt for 25 \u00e5r siden i Schweiz og har f\u00e5et en f\u00f8rende plads i at m\u00e6rke veganske og vegetariske produkter og tjenester. Med V-Label har du en enkelt certificering, h\u00f8jt anerkendt p\u00e5 tv\u00e6rs af markeder. Fra Berlin til Buenos Aires kan \u00f8je fra en bevidst forbruger n\u00e6ppe g\u00e5 glip af V-Label.<\/p>\n<\/div><\/div>\n\n\n\n<div style=\"height:30px\" aria-hidden=\"true\" class=\"wp-block-spacer\"><\/div>\n\n\n\n<div class=\"wp-block-media-text is-stacked-on-mobile is-vertically-aligned-center is-image-fill\"><figure class=\"wp-block-media-text__media\" style=\"background-image:url(https:\/\/www.v-label.com\/wp-content\/uploads\/2022\/12\/v-label-business-partnerships.jpg);background-position:50% 50%\"><img decoding=\"async\" width=\"1280\" height=\"853\" src=\"https:\/\/www.v-label.com\/wp-content\/uploads\/2022\/12\/v-label-business-partnerships.jpg\" alt=\"\" class=\"wp-image-17615 size-full\" srcset=\"https:\/\/www.v-label.com\/wp-content\/uploads\/2022\/12\/v-label-business-partnerships.jpg 1280w, https:\/\/www.v-label.com\/wp-content\/uploads\/2022\/12\/v-label-business-partnerships-300x200.jpg 300w, https:\/\/www.v-label.com\/wp-content\/uploads\/2022\/12\/v-label-business-partnerships-1024x682.jpg 1024w, https:\/\/www.v-label.com\/wp-content\/uploads\/2022\/12\/v-label-business-partnerships-500x333.jpg 500w, https:\/\/www.v-label.com\/wp-content\/uploads\/2022\/12\/v-label-business-partnerships-768x512.jpg 768w\" sizes=\"(max-width: 1280px) 100vw, 1280px\" \/><\/figure><div class=\"wp-block-media-text__content\">\n<h3 class=\"wp-block-heading\">Forretningspartnerskab<\/h3>\n\n\n\n<p>At v\u00e6re den eneste verdensomsp\u00e6ndende certificering med lokale repr\u00e6sentanter i mere end 50 lande (og kundeservice p\u00e5 mere end 30 sprog), V-Label inviterer dig til en rejse langt ud over at blive certificeret. Hvad ville det betyde for din virksomhed, hvis du havde adgang til markedsindsigt, kvalitativ analyse, ingrediensr\u00e5dgivning og anden vejledning? Lancerer du et nyt produkt eller g\u00e5r du ind p\u00e5 det veganske marked for f\u00f8rste gang? Vi r\u00e5dgiver flere og flere producenter, kontakt os for flere oplysninger.<\/p>\n<\/div><\/div>\n\n\n\n<div style=\"height:30px\" aria-hidden=\"true\" class=\"wp-block-spacer\"><\/div>\n\n\n\n<div class=\"wp-block-media-text is-stacked-on-mobile is-vertically-aligned-center is-image-fill\"><figure class=\"wp-block-media-text__media\" style=\"background-image:url(https:\/\/www.v-label.com\/wp-content\/uploads\/2022\/12\/v-label-inclusive-approach.jpg);background-position:12% 52%\"><img decoding=\"async\" width=\"1280\" height=\"854\" src=\"https:\/\/www.v-label.com\/wp-content\/uploads\/2022\/12\/v-label-inclusive-approach.jpg\" alt=\"\" class=\"wp-image-17635 size-full\" srcset=\"https:\/\/www.v-label.com\/wp-content\/uploads\/2022\/12\/v-label-inclusive-approach.jpg 1280w, https:\/\/www.v-label.com\/wp-content\/uploads\/2022\/12\/v-label-inclusive-approach-300x200.jpg 300w, https:\/\/www.v-label.com\/wp-content\/uploads\/2022\/12\/v-label-inclusive-approach-1024x683.jpg 1024w, https:\/\/www.v-label.com\/wp-content\/uploads\/2022\/12\/v-label-inclusive-approach-500x334.jpg 500w, https:\/\/www.v-label.com\/wp-content\/uploads\/2022\/12\/v-label-inclusive-approach-768x512.jpg 768w\" sizes=\"(max-width: 1280px) 100vw, 1280px\" \/><\/figure><div class=\"wp-block-media-text__content\">\n<h3 class=\"wp-block-heading\"><strong>Inkluderende tilgang<\/strong><\/h3>\n\n\n\n<p>V-Label leverer b\u00e5de vegansk og vegetarisk certificering baseret p\u00e5 grundig kontrol og kvalitetsstyring og er til enhver form for forretning, lige fra veganske nystartede virksomheder til internationale virksomheder som Unilever, Nestl\u00e9 eller Danone. Sammen med business intelligence, er det en levedygtig mulighed for virksomheder, der ikke overvejende er orienterede i det plantebaserede segment, men som alligevel vil tjene den stigende fleksitariske befolkning. Udover mad er V-Label tilg\u00e6ngelig i brancher som mode, kosmetik, reng\u00f8ringsmidler og mere.<\/p>\n<\/div><\/div>\n","protected":false},"excerpt":{"rendered":"<p>Kunder over hele verden v\u00e6lger i stigende grad plantebaserede produkter af grunde der sp\u00e6nder fra sundhed til intolerance, bekvemmelighed, etik, overf\u00f8lsomhed eller simpelthen, fordi deres b\u00f8rn bedre kan lide det. Da veganisme bliver mere og mere udbredt, bliver regeringer og organisationer mere opm\u00e6rksom herp\u00e5. Det bliver tydeligt, at der ikke opn\u00e5s nogen m\u00e5l for Paris-klimaaftalen, [&hellip;]<\/p>\n","protected":false},"author":5,"featured_media":17550,"parent":7891,"menu_order":0,"comment_status":"closed","ping_status":"closed","template":"","meta":{"_acf_changed":false,"_editorskit_title_hidden":false,"_editorskit_reading_time":0,"_editorskit_is_block_options_detached":false,"_editorskit_block_options_position":"{}","inline_featured_image":false,"_uag_custom_page_level_css":"","footnotes":""},"categories":[],"tags":[],"class_list":["post-7948","page","type-page","status-publish","has-post-thumbnail","hentry"],"acf":[],"uagb_featured_image_src":{"full":["https:\/\/www.v-label.com\/wp-content\/uploads\/2022\/12\/v-label-benefits.jpg",1280,878,false],"thumbnail":["https:\/\/www.v-label.com\/wp-content\/uploads\/2022\/12\/v-label-benefits-500x343.jpg",500,343,true],"medium":["https:\/\/www.v-label.com\/wp-content\/uploads\/2022\/12\/v-label-benefits-300x206.jpg",300,206,true],"medium_large":["https:\/\/www.v-label.com\/wp-content\/uploads\/2022\/12\/v-label-benefits-768x527.jpg",768,527,true],"large":["https:\/\/www.v-label.com\/wp-content\/uploads\/2022\/12\/v-label-benefits-1024x702.jpg",1024,702,true],"1536x1536":["https:\/\/www.v-label.com\/wp-content\/uploads\/2022\/12\/v-label-benefits.jpg",1280,878,false],"2048x2048":["https:\/\/www.v-label.com\/wp-content\/uploads\/2022\/12\/v-label-benefits.jpg",1280,878,false],"preview":["https:\/\/www.v-label.com\/wp-content\/uploads\/2022\/12\/v-label-benefits-904x720.jpg",904,720,true],"header":["https:\/\/www.v-label.com\/wp-content\/uploads\/2022\/12\/v-label-benefits-1280x720.jpg",1280,720,true],"gform-image-choice-sm":["https:\/\/www.v-label.com\/wp-content\/uploads\/2022\/12\/v-label-benefits.jpg",300,206,false],"gform-image-choice-md":["https:\/\/www.v-label.com\/wp-content\/uploads\/2022\/12\/v-label-benefits.jpg",400,274,false],"gform-image-choice-lg":["https:\/\/www.v-label.com\/wp-content\/uploads\/2022\/12\/v-label-benefits.jpg",600,412,false]},"uagb_author_info":{"display_name":"Can Aslan","author_link":"https:\/\/www.v-label.com\/da"},"uagb_comment_info":0,"uagb_excerpt":"Kunder over hele verden v\u00e6lger i stigende grad plantebaserede produkter af grunde der sp\u00e6nder fra sundhed til intolerance, bekvemmelighed, etik, overf\u00f8lsomhed eller simpelthen, fordi deres b\u00f8rn bedre kan lide det. Da veganisme bliver mere og mere udbredt, bliver regeringer og organisationer mere opm\u00e6rksom herp\u00e5. Det bliver tydeligt, at der ikke opn\u00e5s nogen m\u00e5l for Paris-klimaaftalen,&hellip;","_links":{"self":[{"href":"https:\/\/www.v-label.com\/da\/wp-json\/wp\/v2\/pages\/7948","targetHints":{"allow":["GET"]}}],"collection":[{"href":"https:\/\/www.v-label.com\/da\/wp-json\/wp\/v2\/pages"}],"about":[{"href":"https:\/\/www.v-label.com\/da\/wp-json\/wp\/v2\/types\/page"}],"author":[{"embeddable":true,"href":"https:\/\/www.v-label.com\/da\/wp-json\/wp\/v2\/users\/5"}],"replies":[{"embeddable":true,"href":"https:\/\/www.v-label.com\/da\/wp-json\/wp\/v2\/comments?post=7948"}],"version-history":[{"count":7,"href":"https:\/\/www.v-label.com\/da\/wp-json\/wp\/v2\/pages\/7948\/revisions"}],"predecessor-version":[{"id":83864,"href":"https:\/\/www.v-label.com\/da\/wp-json\/wp\/v2\/pages\/7948\/revisions\/83864"}],"up":[{"embeddable":true,"href":"https:\/\/www.v-label.com\/da\/wp-json\/wp\/v2\/pages\/7891"}],"wp:featuredmedia":[{"embeddable":true,"href":"https:\/\/www.v-label.com\/da\/wp-json\/wp\/v2\/media\/17550"}],"wp:attachment":[{"href":"https:\/\/www.v-label.com\/da\/wp-json\/wp\/v2\/media?parent=7948"}],"wp:term":[{"taxonomy":"category","embeddable":true,"href":"https:\/\/www.v-label.com\/da\/wp-json\/wp\/v2\/categories?post=7948"},{"taxonomy":"post_tag","embeddable":true,"href":"https:\/\/www.v-label.com\/da\/wp-json\/wp\/v2\/tags?post=7948"}],"curies":[{"name":"wp","href":"https:\/\/api.w.org\/{rel}","templated":true}]}}