{"id":8012,"date":"2022-05-30T16:14:53","date_gmt":"2022-05-30T14:14:53","guid":{"rendered":"https:\/\/www.v-label.com\/branches\/"},"modified":"2022-12-10T09:33:37","modified_gmt":"2022-12-10T08:33:37","slug":"branches","status":"publish","type":"page","link":"https:\/\/www.v-label.com\/da\/branches\/","title":{"rendered":"Oplysninger Generelt"},"content":{"rendered":"\n<p>Det globale plantebaserede ingrediensmarked har haft rekordsalg i mange \u00e5r og forventes at vokse med 8,94% \u00e5rligt i perioden 2019-2025. Mens det i 2018 blev vurderet til 10,66 milliarder USD i oms\u00e6tning, forventes det at n\u00e5 27,98 milliarder i 2027.<\/p>\n\n\n\n<p>Globalt ser forbrugerne i stigende grad efter sunde, etiske og omkostningseffektive produkter med lav milj\u00f8p\u00e5virkning, hvilket driver eftersp\u00f8rgslen efter veganske og vegetariske alternativer. Flere og flere virksomheder erkender fordelene ved at im\u00f8dekomme markedets voksende behov for en r\u00e6kke forskellige dyrefrie produkter af h\u00f8j kvalitet.<\/p>\n\n\n\n<p>Forbrugerne opfordrer ogs\u00e5 i stigende grad til gennemsigtighed i m\u00e6rkning. De \u00f8nsker at v\u00e6re i stand til hurtigt at identificere veganske og vegetariske produkter. G\u00fctesiegel Monitor rangerede V-label som et af de tre mest p\u00e5lidelige f\u00f8devarem\u00e6rker i Tyskland i 2020. M\u00e6rkning foretaget af uafh\u00e6ngige organisationer giver forbrugerne st\u00f8rre tillid end m\u00e6rker produceret af producenten &#8211; alene i Tyskland mener 60%, at en milj\u00f8institution foretager mere konsekvente inspektioner end private virksomhed.<\/p>\n\n\n\r\n<ul id=\"pagelinks-block_99f799e18bae4f41453bafaed0b311f3\" class=\"wp-block-pagelinks\">\r\n\t\t\t\t\t\t<li>\r\n\t\t\t\t<article>\r\n\t\t\t\t\t\t\t\t\t\t\t<a href=\"https:\/\/www.v-label.com\/da\/branches\/cosmetics\/\" class=\"post_thumbnail\">\r\n\t\t\t\t\t\t\t<img decoding=\"async\" width=\"904\" height=\"720\" src=\"https:\/\/www.v-label.com\/wp-content\/uploads\/2022\/12\/cosmetics-1280-904x720.jpg\" class=\"attachment-preview size-preview wp-post-image\" alt=\"\" \/>\t\t\t\t\t\t<\/a>\r\n\t\t\t\t\t\t\t\t\t\t<div class=\"inner\">\r\n\t\t\t\t\t\t<div class=\"inner_top\">\r\n\t\t\t\t\t\t\t<header>\r\n\t\t\t\t\t\t\t\t<h3>\r\n\t\t\t\t\t\t\t\t\t<a href=\"https:\/\/www.v-label.com\/da\/branches\/cosmetics\/\">Kosmetik og Reng\u00f8ringsmidler<\/a>\r\n\t\t\t\t\t\t\t\t<\/h3>\r\n\t\t\t\t\t\t\t\t\t\t\t\t\t\t\t<\/header>\r\n\t\t\t\t\t\t\t\t\t\t\t\t\t\t\t<div class=\"excerpt\">\r\n\t\t\t\t\t\t\t\t\t<p>Bekvemmelighed, at tage ansvar for ens eget helbred og en h\u00f8jere opfordring til grusomhedsfri sk\u00f8nhed. Det er de tre vigtigste grunde til, at den globale st\u00f8rrelse for vegansk kosmetikmarked forventes at n\u00e5 20,8 mia. $ i 2025 og vokse med 6,3%, if\u00f8lge Vegan Cosmetics Market Size, Share &amp; Trends Analysis Report fra 2018. Europa har [&hellip;]<\/p>\r\n\t\t\t\t\t\t\t\t<\/div>\r\n\t\t\t\t\t\t\t\t\t\t\t\t\t<\/div>\r\n\t\t\t\t\t\t<a href=\"https:\/\/www.v-label.com\/da\/branches\/cosmetics\/\" class=\"read_more\">Read more<\/a>\r\n\t\t\t\t\t<\/div>\r\n\t\t\t\t<\/article>\r\n\t\t\t<\/li>\r\n\t\t\t\t\t<li>\r\n\t\t\t\t<article>\r\n\t\t\t\t\t\t\t\t\t\t\t<a href=\"https:\/\/www.v-label.com\/da\/branches\/food\/\" class=\"post_thumbnail\">\r\n\t\t\t\t\t\t\t<img decoding=\"async\" width=\"904\" height=\"720\" src=\"https:\/\/www.v-label.com\/wp-content\/uploads\/2022\/12\/v-label-food-sector-904x720.jpg\" class=\"attachment-preview size-preview wp-post-image\" alt=\"\" \/>\t\t\t\t\t\t<\/a>\r\n\t\t\t\t\t\t\t\t\t\t<div class=\"inner\">\r\n\t\t\t\t\t\t<div class=\"inner_top\">\r\n\t\t\t\t\t\t\t<header>\r\n\t\t\t\t\t\t\t\t<h3>\r\n\t\t\t\t\t\t\t\t\t<a href=\"https:\/\/www.v-label.com\/da\/branches\/food\/\">Mad<\/a>\r\n\t\t\t\t\t\t\t\t<\/h3>\r\n\t\t\t\t\t\t\t\t\t\t\t\t\t\t\t<\/header>\r\n\t\t\t\t\t\t\t\t\t\t\t\t\t\t\t<div class=\"excerpt\">\r\n\t\t\t\t\t\t\t\t\t<p>Vidste du, at if\u00f8lge Euromonitor International er det plantebaserede marked i Vesteuropa fordoblet i st\u00f8rrelse alene det sidste \u00e5rti og tegner sig for 38,5% af den samlede globale oms\u00e6tning? Mens det globale plantebaserede f\u00f8devaremarked forventes at vokse med en hastighed p\u00e5 8,94%, vil proteinsektoren i sig selv accelerere med 18% og n\u00e5 28 mia. $ [&hellip;]<\/p>\r\n\t\t\t\t\t\t\t\t<\/div>\r\n\t\t\t\t\t\t\t\t\t\t\t\t\t<\/div>\r\n\t\t\t\t\t\t<a href=\"https:\/\/www.v-label.com\/da\/branches\/food\/\" class=\"read_more\">Read more<\/a>\r\n\t\t\t\t\t<\/div>\r\n\t\t\t\t<\/article>\r\n\t\t\t<\/li>\r\n\t\t\t\t\t<li>\r\n\t\t\t\t<article>\r\n\t\t\t\t\t\t\t\t\t\t\t<a href=\"https:\/\/www.v-label.com\/da\/branches\/non-food\/\" class=\"post_thumbnail\">\r\n\t\t\t\t\t\t\t<img decoding=\"async\" width=\"904\" height=\"692\" src=\"https:\/\/www.v-label.com\/wp-content\/uploads\/2022\/12\/v-label-non-food-sectors-904x692.jpg\" class=\"attachment-preview size-preview wp-post-image\" alt=\"\" \/>\t\t\t\t\t\t<\/a>\r\n\t\t\t\t\t\t\t\t\t\t<div class=\"inner\">\r\n\t\t\t\t\t\t<div class=\"inner_top\">\r\n\t\t\t\t\t\t\t<header>\r\n\t\t\t\t\t\t\t\t<h3>\r\n\t\t\t\t\t\t\t\t\t<a href=\"https:\/\/www.v-label.com\/da\/branches\/non-food\/\">Non-Food<\/a>\r\n\t\t\t\t\t\t\t\t<\/h3>\r\n\t\t\t\t\t\t\t\t\t\t\t\t\t\t\t<\/header>\r\n\t\t\t\t\t\t\t\t\t\t\t\t\t\t\t<div class=\"excerpt\">\r\n\t\t\t\t\t\t\t\t\t<p>En blomstrende industri i de kommende \u00e5r, vegansk og grusomhedsfri mode betragtes allerede som cool og luksuri\u00f8s. Det globale veganske kvindemodemarked blev vurderet til 396,3 milliarder USD i 2019 og forventes at vokse med en 13,6% -rate inden 2027, if\u00f8lge Statista.com. Markedet for vegansk l\u00e6der er branchens drivkraft, hovedsageligt p\u00e5 grund af teknologiske fremskridt, der [&hellip;]<\/p>\r\n\t\t\t\t\t\t\t\t<\/div>\r\n\t\t\t\t\t\t\t\t\t\t\t\t\t<\/div>\r\n\t\t\t\t\t\t<a href=\"https:\/\/www.v-label.com\/da\/branches\/non-food\/\" class=\"read_more\">Read more<\/a>\r\n\t\t\t\t\t<\/div>\r\n\t\t\t\t<\/article>\r\n\t\t\t<\/li>\r\n\t\t\t<\/ul>","protected":false},"excerpt":{"rendered":"<p>Det globale plantebaserede ingrediensmarked har haft rekordsalg i mange \u00e5r og forventes at vokse med 8,94% \u00e5rligt i perioden 2019-2025. Mens det i 2018 blev vurderet til 10,66 milliarder USD i oms\u00e6tning, forventes det at n\u00e5 27,98 milliarder i 2027. Globalt ser forbrugerne i stigende grad efter sunde, etiske og omkostningseffektive produkter med lav milj\u00f8p\u00e5virkning, [&hellip;]<\/p>\n","protected":false},"author":5,"featured_media":16969,"parent":0,"menu_order":0,"comment_status":"closed","ping_status":"closed","template":"","meta":{"_acf_changed":false,"_editorskit_title_hidden":false,"_editorskit_reading_time":0,"_editorskit_is_block_options_detached":false,"_editorskit_block_options_position":"{}","inline_featured_image":false,"_uag_custom_page_level_css":"","footnotes":""},"categories":[],"tags":[],"class_list":["post-8012","page","type-page","status-publish","has-post-thumbnail","hentry"],"acf":[],"uagb_featured_image_src":{"full":["https:\/\/www.v-label.com\/wp-content\/uploads\/2022\/12\/v-label-general-info-sectors.jpg",1280,716,false],"thumbnail":["https:\/\/www.v-label.com\/wp-content\/uploads\/2022\/12\/v-label-general-info-sectors-500x280.jpg",500,280,true],"medium":["https:\/\/www.v-label.com\/wp-content\/uploads\/2022\/12\/v-label-general-info-sectors-300x168.jpg",300,168,true],"medium_large":["https:\/\/www.v-label.com\/wp-content\/uploads\/2022\/12\/v-label-general-info-sectors-768x430.jpg",768,430,true],"large":["https:\/\/www.v-label.com\/wp-content\/uploads\/2022\/12\/v-label-general-info-sectors-1024x573.jpg",1024,573,true],"1536x1536":["https:\/\/www.v-label.com\/wp-content\/uploads\/2022\/12\/v-label-general-info-sectors.jpg",1280,716,false],"2048x2048":["https:\/\/www.v-label.com\/wp-content\/uploads\/2022\/12\/v-label-general-info-sectors.jpg",1280,716,false],"preview":["https:\/\/www.v-label.com\/wp-content\/uploads\/2022\/12\/v-label-general-info-sectors-904x716.jpg",904,716,true],"header":["https:\/\/www.v-label.com\/wp-content\/uploads\/2022\/12\/v-label-general-info-sectors.jpg",1280,716,false],"gform-image-choice-sm":["https:\/\/www.v-label.com\/wp-content\/uploads\/2022\/12\/v-label-general-info-sectors.jpg",300,168,false],"gform-image-choice-md":["https:\/\/www.v-label.com\/wp-content\/uploads\/2022\/12\/v-label-general-info-sectors.jpg",400,224,false],"gform-image-choice-lg":["https:\/\/www.v-label.com\/wp-content\/uploads\/2022\/12\/v-label-general-info-sectors.jpg",600,336,false]},"uagb_author_info":{"display_name":"Can Aslan","author_link":"https:\/\/www.v-label.com\/da"},"uagb_comment_info":0,"uagb_excerpt":"Det globale plantebaserede ingrediensmarked har haft rekordsalg i mange \u00e5r og forventes at vokse med 8,94% \u00e5rligt i perioden 2019-2025. Mens det i 2018 blev vurderet til 10,66 milliarder USD i oms\u00e6tning, forventes det at n\u00e5 27,98 milliarder i 2027. Globalt ser forbrugerne i stigende grad efter sunde, etiske og omkostningseffektive produkter med lav milj\u00f8p\u00e5virkning,&hellip;","_links":{"self":[{"href":"https:\/\/www.v-label.com\/da\/wp-json\/wp\/v2\/pages\/8012","targetHints":{"allow":["GET"]}}],"collection":[{"href":"https:\/\/www.v-label.com\/da\/wp-json\/wp\/v2\/pages"}],"about":[{"href":"https:\/\/www.v-label.com\/da\/wp-json\/wp\/v2\/types\/page"}],"author":[{"embeddable":true,"href":"https:\/\/www.v-label.com\/da\/wp-json\/wp\/v2\/users\/5"}],"replies":[{"embeddable":true,"href":"https:\/\/www.v-label.com\/da\/wp-json\/wp\/v2\/comments?post=8012"}],"version-history":[{"count":7,"href":"https:\/\/www.v-label.com\/da\/wp-json\/wp\/v2\/pages\/8012\/revisions"}],"predecessor-version":[{"id":10472,"href":"https:\/\/www.v-label.com\/da\/wp-json\/wp\/v2\/pages\/8012\/revisions\/10472"}],"wp:featuredmedia":[{"embeddable":true,"href":"https:\/\/www.v-label.com\/da\/wp-json\/wp\/v2\/media\/16969"}],"wp:attachment":[{"href":"https:\/\/www.v-label.com\/da\/wp-json\/wp\/v2\/media?parent=8012"}],"wp:term":[{"taxonomy":"category","embeddable":true,"href":"https:\/\/www.v-label.com\/da\/wp-json\/wp\/v2\/categories?post=8012"},{"taxonomy":"post_tag","embeddable":true,"href":"https:\/\/www.v-label.com\/da\/wp-json\/wp\/v2\/tags?post=8012"}],"curies":[{"name":"wp","href":"https:\/\/api.w.org\/{rel}","templated":true}]}}