{"id":8051,"date":"2022-05-30T16:15:29","date_gmt":"2022-05-30T14:15:29","guid":{"rendered":"https:\/\/www.v-label.com\/branches\/cosmetics\/"},"modified":"2022-12-25T10:06:29","modified_gmt":"2022-12-25T09:06:29","slug":"cosmetics","status":"publish","type":"page","link":"https:\/\/www.v-label.com\/da\/branches\/cosmetics\/","title":{"rendered":"Kosmetik og Reng\u00f8ringsmidler"},"content":{"rendered":"\n<p>Bekvemmelighed, at tage ansvar for ens eget helbred og en h\u00f8jere opfordring til grusomhedsfri sk\u00f8nhed. Det er de tre vigtigste grunde til, at den globale st\u00f8rrelse for vegansk kosmetikmarked forventes at n\u00e5 20,8 mia. $ i 2025 og vokse med 6,3%, if\u00f8lge Vegan Cosmetics Market Size, Share &amp; Trends Analysis Report fra 2018.<\/p>\n\n\n\n<p>Europa har en stor andel p\u00e5 markedet og er vidne til en st\u00e6rkt eftersp\u00f8rgsel efter produkter, der ikke er testet p\u00e5 dyr. Fra hudpleje til deodoranter til shampoo s\u00f8ger flere og flere forbrugersegmenter efter n\u00f8gleord som f.eks. Vegansk, n\u00e5r de k\u00f8ber.<\/p>\n\n\n\n<p>Da vegansk kosmetik stadig er en nyhed, er forbrugerne meget modtagelige for m\u00e6rkning, og andre tegn, der viser, at deres valg er vegansk eller vegetarisk. Vidste du, at 19% kontrollerede, om deres toiletartikler blev testet p\u00e5 dyr, if\u00f8lge The Vegan Society? F\u00e5 denne v\u00e6rdi af dit produkt synlig med V-Label, og v\u00e6r forbrugerens naturlige go-to!<\/p>\n\n\n\n<p>Tilsyneladende er det ikke kun personlig pleje, der er vidne til stigningen i veganske og vegetariske alternativer &#8211; det er ogs\u00e5 husholdningsprodukter! Lad dine reng\u00f8ringsprodukter skille sig ud med det i\u00f8jnefaldende V-Label.<\/p>\n\n\n\n<div class=\"wp-block-buttons is-content-justification-center is-layout-flex wp-container-core-buttons-is-layout-16018d1d wp-block-buttons-is-layout-flex\">\n<div class=\"wp-block-button\"><a class=\"wp-block-button__link wp-element-button\" href=\"https:\/\/www.v-label.com\/da\/for-business\/get-certified\/\">Bliv V-label certificeret<\/a><\/div>\n<\/div>\n","protected":false},"excerpt":{"rendered":"<p>Bekvemmelighed, at tage ansvar for ens eget helbred og en h\u00f8jere opfordring til grusomhedsfri sk\u00f8nhed. Det er de tre vigtigste grunde til, at den globale st\u00f8rrelse for vegansk kosmetikmarked forventes at n\u00e5 20,8 mia. $ i 2025 og vokse med 6,3%, if\u00f8lge Vegan Cosmetics Market Size, Share &amp; Trends Analysis Report fra 2018. Europa har [&hellip;]<\/p>\n","protected":false},"author":5,"featured_media":17275,"parent":8012,"menu_order":0,"comment_status":"closed","ping_status":"closed","template":"","meta":{"_acf_changed":false,"_editorskit_title_hidden":false,"_editorskit_reading_time":0,"_editorskit_is_block_options_detached":false,"_editorskit_block_options_position":"{}","inline_featured_image":false,"_uag_custom_page_level_css":"","footnotes":""},"categories":[],"tags":[],"class_list":["post-8051","page","type-page","status-publish","has-post-thumbnail","hentry"],"acf":[],"uagb_featured_image_src":{"full":["https:\/\/www.v-label.com\/wp-content\/uploads\/2022\/12\/cosmetics-1280.jpg",1280,868,false],"thumbnail":["https:\/\/www.v-label.com\/wp-content\/uploads\/2022\/12\/cosmetics-1280-500x339.jpg",500,339,true],"medium":["https:\/\/www.v-label.com\/wp-content\/uploads\/2022\/12\/cosmetics-1280-300x203.jpg",300,203,true],"medium_large":["https:\/\/www.v-label.com\/wp-content\/uploads\/2022\/12\/cosmetics-1280-768x521.jpg",768,521,true],"large":["https:\/\/www.v-label.com\/wp-content\/uploads\/2022\/12\/cosmetics-1280-1024x694.jpg",1024,694,true],"1536x1536":["https:\/\/www.v-label.com\/wp-content\/uploads\/2022\/12\/cosmetics-1280.jpg",1280,868,false],"2048x2048":["https:\/\/www.v-label.com\/wp-content\/uploads\/2022\/12\/cosmetics-1280.jpg",1280,868,false],"preview":["https:\/\/www.v-label.com\/wp-content\/uploads\/2022\/12\/cosmetics-1280-904x720.jpg",904,720,true],"header":["https:\/\/www.v-label.com\/wp-content\/uploads\/2022\/12\/cosmetics-1280-1280x720.jpg",1280,720,true],"gform-image-choice-sm":["https:\/\/www.v-label.com\/wp-content\/uploads\/2022\/12\/cosmetics-1280.jpg",300,203,false],"gform-image-choice-md":["https:\/\/www.v-label.com\/wp-content\/uploads\/2022\/12\/cosmetics-1280.jpg",400,271,false],"gform-image-choice-lg":["https:\/\/www.v-label.com\/wp-content\/uploads\/2022\/12\/cosmetics-1280.jpg",600,407,false]},"uagb_author_info":{"display_name":"Can Aslan","author_link":"https:\/\/www.v-label.com\/da"},"uagb_comment_info":0,"uagb_excerpt":"Bekvemmelighed, at tage ansvar for ens eget helbred og en h\u00f8jere opfordring til grusomhedsfri sk\u00f8nhed. Det er de tre vigtigste grunde til, at den globale st\u00f8rrelse for vegansk kosmetikmarked forventes at n\u00e5 20,8 mia. $ i 2025 og vokse med 6,3%, if\u00f8lge Vegan Cosmetics Market Size, Share &amp; Trends Analysis Report fra 2018. Europa har&hellip;","_links":{"self":[{"href":"https:\/\/www.v-label.com\/da\/wp-json\/wp\/v2\/pages\/8051","targetHints":{"allow":["GET"]}}],"collection":[{"href":"https:\/\/www.v-label.com\/da\/wp-json\/wp\/v2\/pages"}],"about":[{"href":"https:\/\/www.v-label.com\/da\/wp-json\/wp\/v2\/types\/page"}],"author":[{"embeddable":true,"href":"https:\/\/www.v-label.com\/da\/wp-json\/wp\/v2\/users\/5"}],"replies":[{"embeddable":true,"href":"https:\/\/www.v-label.com\/da\/wp-json\/wp\/v2\/comments?post=8051"}],"version-history":[{"count":8,"href":"https:\/\/www.v-label.com\/da\/wp-json\/wp\/v2\/pages\/8051\/revisions"}],"predecessor-version":[{"id":34984,"href":"https:\/\/www.v-label.com\/da\/wp-json\/wp\/v2\/pages\/8051\/revisions\/34984"}],"up":[{"embeddable":true,"href":"https:\/\/www.v-label.com\/da\/wp-json\/wp\/v2\/pages\/8012"}],"wp:featuredmedia":[{"embeddable":true,"href":"https:\/\/www.v-label.com\/da\/wp-json\/wp\/v2\/media\/17275"}],"wp:attachment":[{"href":"https:\/\/www.v-label.com\/da\/wp-json\/wp\/v2\/media?parent=8051"}],"wp:term":[{"taxonomy":"category","embeddable":true,"href":"https:\/\/www.v-label.com\/da\/wp-json\/wp\/v2\/categories?post=8051"},{"taxonomy":"post_tag","embeddable":true,"href":"https:\/\/www.v-label.com\/da\/wp-json\/wp\/v2\/tags?post=8051"}],"curies":[{"name":"wp","href":"https:\/\/api.w.org\/{rel}","templated":true}]}}