{"id":8085,"date":"2022-05-30T16:15:11","date_gmt":"2022-05-30T14:15:11","guid":{"rendered":"https:\/\/www.v-label.com\/branches\/food\/"},"modified":"2022-12-25T09:25:59","modified_gmt":"2022-12-25T08:25:59","slug":"food","status":"publish","type":"page","link":"https:\/\/www.v-label.com\/da\/branches\/food\/","title":{"rendered":"Mad"},"content":{"rendered":"\n<p>Vidste du, at if\u00f8lge Euromonitor International er det plantebaserede marked i Vesteuropa fordoblet i st\u00f8rrelse alene det sidste \u00e5rti og tegner sig for 38,5% af den samlede globale oms\u00e6tning?<\/p>\n\n\n\n<p>Mens det globale plantebaserede f\u00f8devaremarked forventes at vokse med en hastighed p\u00e5 8,94%, vil proteinsektoren i sig selv accelerere med 18% og n\u00e5 28 mia. $ i 2025. Lancering efter lancering af veganske startups underst\u00f8tter statistikken allerede: de er fokuseret p\u00e5 at im\u00f8dekomme den voksende eftersp\u00f8rgsel efter vegansk k\u00f8d, fisk, ost, m\u00e6lk, yoghurt, \u00e6g, kager, vitaminer og kosttilskud, som hver is\u00e6r er en blomstrende niche. Desuden har produkterne fundet vej i traditionelle detailk\u00e6der, og etablerede f\u00f8devareproducenter introducerer veganske og vegetariske linjer.<\/p>\n\n\n\n<p>Interessant nok er dette kun begyndelsen. If\u00f8lge ProVeg International sikrer stigende investeringer i teknologiinnovation, at produkters smag, konsistens og mundf\u00f8lelse kun forts\u00e6tter med at forbedres med yderligere fremskridt med ingredienser og forarbejdning. Som det mest anerkendte veganske og vegetariske m\u00e6rke i f\u00f8devaresegmentet betyder det at have V-Label, at du drager fordel af denne hidtil usete markedsv\u00e6kst.<\/p>\n\n\n\n<div class=\"wp-block-buttons is-content-justification-center is-layout-flex wp-container-core-buttons-is-layout-16018d1d wp-block-buttons-is-layout-flex\">\n<div class=\"wp-block-button\"><a class=\"wp-block-button__link wp-element-button\" href=\"https:\/\/www.v-label.com\/da\/for-business\/get-certified\/\">Bliv V-Label certificeret<\/a><\/div>\n<\/div>\n","protected":false},"excerpt":{"rendered":"<p>Vidste du, at if\u00f8lge Euromonitor International er det plantebaserede marked i Vesteuropa fordoblet i st\u00f8rrelse alene det sidste \u00e5rti og tegner sig for 38,5% af den samlede globale oms\u00e6tning? Mens det globale plantebaserede f\u00f8devaremarked forventes at vokse med en hastighed p\u00e5 8,94%, vil proteinsektoren i sig selv accelerere med 18% og n\u00e5 28 mia. $ [&hellip;]<\/p>\n","protected":false},"author":5,"featured_media":16990,"parent":8012,"menu_order":0,"comment_status":"closed","ping_status":"closed","template":"","meta":{"_acf_changed":false,"_editorskit_title_hidden":false,"_editorskit_reading_time":0,"_editorskit_is_block_options_detached":false,"_editorskit_block_options_position":"{}","inline_featured_image":false,"_uag_custom_page_level_css":"","footnotes":""},"categories":[],"tags":[],"class_list":["post-8085","page","type-page","status-publish","has-post-thumbnail","hentry"],"acf":[],"uagb_featured_image_src":{"full":["https:\/\/www.v-label.com\/wp-content\/uploads\/2022\/12\/v-label-food-sector.jpg",1280,857,false],"thumbnail":["https:\/\/www.v-label.com\/wp-content\/uploads\/2022\/12\/v-label-food-sector-500x335.jpg",500,335,true],"medium":["https:\/\/www.v-label.com\/wp-content\/uploads\/2022\/12\/v-label-food-sector-300x201.jpg",300,201,true],"medium_large":["https:\/\/www.v-label.com\/wp-content\/uploads\/2022\/12\/v-label-food-sector-768x514.jpg",768,514,true],"large":["https:\/\/www.v-label.com\/wp-content\/uploads\/2022\/12\/v-label-food-sector-1024x686.jpg",1024,686,true],"1536x1536":["https:\/\/www.v-label.com\/wp-content\/uploads\/2022\/12\/v-label-food-sector.jpg",1280,857,false],"2048x2048":["https:\/\/www.v-label.com\/wp-content\/uploads\/2022\/12\/v-label-food-sector.jpg",1280,857,false],"preview":["https:\/\/www.v-label.com\/wp-content\/uploads\/2022\/12\/v-label-food-sector-904x720.jpg",904,720,true],"header":["https:\/\/www.v-label.com\/wp-content\/uploads\/2022\/12\/v-label-food-sector-1280x720.jpg",1280,720,true],"gform-image-choice-sm":["https:\/\/www.v-label.com\/wp-content\/uploads\/2022\/12\/v-label-food-sector.jpg",300,201,false],"gform-image-choice-md":["https:\/\/www.v-label.com\/wp-content\/uploads\/2022\/12\/v-label-food-sector.jpg",400,268,false],"gform-image-choice-lg":["https:\/\/www.v-label.com\/wp-content\/uploads\/2022\/12\/v-label-food-sector.jpg",600,402,false]},"uagb_author_info":{"display_name":"Can Aslan","author_link":"https:\/\/www.v-label.com\/da"},"uagb_comment_info":0,"uagb_excerpt":"Vidste du, at if\u00f8lge Euromonitor International er det plantebaserede marked i Vesteuropa fordoblet i st\u00f8rrelse alene det sidste \u00e5rti og tegner sig for 38,5% af den samlede globale oms\u00e6tning? Mens det globale plantebaserede f\u00f8devaremarked forventes at vokse med en hastighed p\u00e5 8,94%, vil proteinsektoren i sig selv accelerere med 18% og n\u00e5 28 mia. $&hellip;","_links":{"self":[{"href":"https:\/\/www.v-label.com\/da\/wp-json\/wp\/v2\/pages\/8085","targetHints":{"allow":["GET"]}}],"collection":[{"href":"https:\/\/www.v-label.com\/da\/wp-json\/wp\/v2\/pages"}],"about":[{"href":"https:\/\/www.v-label.com\/da\/wp-json\/wp\/v2\/types\/page"}],"author":[{"embeddable":true,"href":"https:\/\/www.v-label.com\/da\/wp-json\/wp\/v2\/users\/5"}],"replies":[{"embeddable":true,"href":"https:\/\/www.v-label.com\/da\/wp-json\/wp\/v2\/comments?post=8085"}],"version-history":[{"count":6,"href":"https:\/\/www.v-label.com\/da\/wp-json\/wp\/v2\/pages\/8085\/revisions"}],"predecessor-version":[{"id":34944,"href":"https:\/\/www.v-label.com\/da\/wp-json\/wp\/v2\/pages\/8085\/revisions\/34944"}],"up":[{"embeddable":true,"href":"https:\/\/www.v-label.com\/da\/wp-json\/wp\/v2\/pages\/8012"}],"wp:featuredmedia":[{"embeddable":true,"href":"https:\/\/www.v-label.com\/da\/wp-json\/wp\/v2\/media\/16990"}],"wp:attachment":[{"href":"https:\/\/www.v-label.com\/da\/wp-json\/wp\/v2\/media?parent=8085"}],"wp:term":[{"taxonomy":"category","embeddable":true,"href":"https:\/\/www.v-label.com\/da\/wp-json\/wp\/v2\/categories?post=8085"},{"taxonomy":"post_tag","embeddable":true,"href":"https:\/\/www.v-label.com\/da\/wp-json\/wp\/v2\/tags?post=8085"}],"curies":[{"name":"wp","href":"https:\/\/api.w.org\/{rel}","templated":true}]}}