{"id":8153,"date":"2022-05-30T16:15:52","date_gmt":"2022-05-30T14:15:52","guid":{"rendered":"https:\/\/www.v-label.com\/branches\/non-food\/"},"modified":"2022-12-25T10:18:13","modified_gmt":"2022-12-25T09:18:13","slug":"non-food","status":"publish","type":"page","link":"https:\/\/www.v-label.com\/da\/branches\/non-food\/","title":{"rendered":"Non-Food"},"content":{"rendered":"\n<p>En blomstrende industri i de kommende \u00e5r, vegansk og grusomhedsfri mode betragtes allerede som cool og luksuri\u00f8s. Det globale veganske kvindemodemarked blev vurderet til 396,3 milliarder USD i 2019 og forventes at vokse med en 13,6% -rate inden 2027, if\u00f8lge Statista.com. Markedet for vegansk l\u00e6der er branchens drivkraft, hovedsageligt p\u00e5 grund af teknologiske fremskridt, der perfektionerer nye materialer og \u00f8ger vegansk l\u00e6deres levetid. I stedet for plastbaseret l\u00e6der ser vi i stigende grad mere b\u00e6redygtige, naturlige stoffer fra kilder s\u00e5 forskellige som ananasblade, g\u00e6ret g\u00e6r, vinindustriens biprodukter og svampe. Alternativer til uld og silke fremstillet af cellulosefibre udvikles ogs\u00e5, ligesom forskellige opcykliske materialer opgraderes til stadig mere popul\u00e6r vegansk t\u00f8j.<\/p>\n\n\n\n<p>Sidst men ikke mindst handler det ikke kun om t\u00f8j, h\u00e5ndtasker og sko. Andre ikke-f\u00f8devareindustrier udfordres og inspireres ogs\u00e5 til at komme med veganske produkter (b\u00f8ger, smykker eller lys). At blive m\u00e6rket som vegansk og vegetarisk betragtes som et ekstra salgsargument. Det hj\u00e6lper ogs\u00e5 forbrugere med at sk\u00e6re igennem st\u00f8j og finde sikker, b\u00e6redygtig bekl\u00e6dning p\u00e5 e-handelswebsteder eller i detailbutikker.<\/p>\n\n\n\n<div class=\"wp-block-buttons is-content-justification-center is-layout-flex wp-container-core-buttons-is-layout-16018d1d wp-block-buttons-is-layout-flex\">\n<div class=\"wp-block-button\"><a class=\"wp-block-button__link wp-element-button\" href=\"https:\/\/www.v-label.com\/da\/for-business\/get-certified\/\">Bliv V-label certificeret<\/a><\/div>\n<\/div>\n","protected":false},"excerpt":{"rendered":"<p>En blomstrende industri i de kommende \u00e5r, vegansk og grusomhedsfri mode betragtes allerede som cool og luksuri\u00f8s. Det globale veganske kvindemodemarked blev vurderet til 396,3 milliarder USD i 2019 og forventes at vokse med en 13,6% -rate inden 2027, if\u00f8lge Statista.com. Markedet for vegansk l\u00e6der er branchens drivkraft, hovedsageligt p\u00e5 grund af teknologiske fremskridt, der [&hellip;]<\/p>\n","protected":false},"author":5,"featured_media":17112,"parent":8012,"menu_order":0,"comment_status":"closed","ping_status":"closed","template":"","meta":{"_acf_changed":false,"_editorskit_title_hidden":false,"_editorskit_reading_time":0,"_editorskit_is_block_options_detached":false,"_editorskit_block_options_position":"{}","inline_featured_image":false,"_uag_custom_page_level_css":"","footnotes":""},"categories":[],"tags":[],"class_list":["post-8153","page","type-page","status-publish","has-post-thumbnail","hentry"],"acf":[],"uagb_featured_image_src":{"full":["https:\/\/www.v-label.com\/wp-content\/uploads\/2022\/12\/v-label-non-food-sectors.jpg",1280,692,false],"thumbnail":["https:\/\/www.v-label.com\/wp-content\/uploads\/2022\/12\/v-label-non-food-sectors-500x270.jpg",500,270,true],"medium":["https:\/\/www.v-label.com\/wp-content\/uploads\/2022\/12\/v-label-non-food-sectors-300x162.jpg",300,162,true],"medium_large":["https:\/\/www.v-label.com\/wp-content\/uploads\/2022\/12\/v-label-non-food-sectors-768x415.jpg",768,415,true],"large":["https:\/\/www.v-label.com\/wp-content\/uploads\/2022\/12\/v-label-non-food-sectors-1024x554.jpg",1024,554,true],"1536x1536":["https:\/\/www.v-label.com\/wp-content\/uploads\/2022\/12\/v-label-non-food-sectors.jpg",1280,692,false],"2048x2048":["https:\/\/www.v-label.com\/wp-content\/uploads\/2022\/12\/v-label-non-food-sectors.jpg",1280,692,false],"preview":["https:\/\/www.v-label.com\/wp-content\/uploads\/2022\/12\/v-label-non-food-sectors-904x692.jpg",904,692,true],"header":["https:\/\/www.v-label.com\/wp-content\/uploads\/2022\/12\/v-label-non-food-sectors.jpg",1280,692,false],"gform-image-choice-sm":["https:\/\/www.v-label.com\/wp-content\/uploads\/2022\/12\/v-label-non-food-sectors.jpg",300,162,false],"gform-image-choice-md":["https:\/\/www.v-label.com\/wp-content\/uploads\/2022\/12\/v-label-non-food-sectors.jpg",400,216,false],"gform-image-choice-lg":["https:\/\/www.v-label.com\/wp-content\/uploads\/2022\/12\/v-label-non-food-sectors.jpg",600,324,false]},"uagb_author_info":{"display_name":"Can Aslan","author_link":"https:\/\/www.v-label.com\/da"},"uagb_comment_info":0,"uagb_excerpt":"En blomstrende industri i de kommende \u00e5r, vegansk og grusomhedsfri mode betragtes allerede som cool og luksuri\u00f8s. Det globale veganske kvindemodemarked blev vurderet til 396,3 milliarder USD i 2019 og forventes at vokse med en 13,6% -rate inden 2027, if\u00f8lge Statista.com. Markedet for vegansk l\u00e6der er branchens drivkraft, hovedsageligt p\u00e5 grund af teknologiske fremskridt, der&hellip;","_links":{"self":[{"href":"https:\/\/www.v-label.com\/da\/wp-json\/wp\/v2\/pages\/8153","targetHints":{"allow":["GET"]}}],"collection":[{"href":"https:\/\/www.v-label.com\/da\/wp-json\/wp\/v2\/pages"}],"about":[{"href":"https:\/\/www.v-label.com\/da\/wp-json\/wp\/v2\/types\/page"}],"author":[{"embeddable":true,"href":"https:\/\/www.v-label.com\/da\/wp-json\/wp\/v2\/users\/5"}],"replies":[{"embeddable":true,"href":"https:\/\/www.v-label.com\/da\/wp-json\/wp\/v2\/comments?post=8153"}],"version-history":[{"count":4,"href":"https:\/\/www.v-label.com\/da\/wp-json\/wp\/v2\/pages\/8153\/revisions"}],"predecessor-version":[{"id":35013,"href":"https:\/\/www.v-label.com\/da\/wp-json\/wp\/v2\/pages\/8153\/revisions\/35013"}],"up":[{"embeddable":true,"href":"https:\/\/www.v-label.com\/da\/wp-json\/wp\/v2\/pages\/8012"}],"wp:featuredmedia":[{"embeddable":true,"href":"https:\/\/www.v-label.com\/da\/wp-json\/wp\/v2\/media\/17112"}],"wp:attachment":[{"href":"https:\/\/www.v-label.com\/da\/wp-json\/wp\/v2\/media?parent=8153"}],"wp:term":[{"taxonomy":"category","embeddable":true,"href":"https:\/\/www.v-label.com\/da\/wp-json\/wp\/v2\/categories?post=8153"},{"taxonomy":"post_tag","embeddable":true,"href":"https:\/\/www.v-label.com\/da\/wp-json\/wp\/v2\/tags?post=8153"}],"curies":[{"name":"wp","href":"https:\/\/api.w.org\/{rel}","templated":true}]}}