{"id":8423,"date":"2022-05-30T16:16:01","date_gmt":"2022-05-30T14:16:01","guid":{"rendered":"https:\/\/www.v-label.com\/general-information\/"},"modified":"2022-10-28T15:06:25","modified_gmt":"2022-10-28T13:06:25","slug":"general-information","status":"publish","type":"page","link":"https:\/\/www.v-label.com\/da\/general-information\/","title":{"rendered":"Generel Information"},"content":{"rendered":"\n<h2 class=\"has-text-align-center wp-block-heading\"><strong>Information til forbrugere<\/strong><\/h2>\n\n\n\n<p>Er du veganer, vegetar, flexitar, neds\u00e6tter du dit f\u00f8deindtag fra dyr eller bare nysgerrig? Da du bes\u00f8ger dette websted, er chancerne for, at du vil have en retf\u00e6rdig, b\u00e6redygtig (og velsmagende!) verden. Vi er med dig, og vores m\u00e5de at bidrage til den fremtid er ved at g\u00f8re veganske og vegetariske produkter udbredte og let genkendelige.<\/p>\n\n\n\n<p>V-Label, et internationalt anerkendt m\u00e6rke for produkter, der er vegetariske eller veganske og har best\u00e5et grundige kontroller, er din allierede i at g\u00f8re dit liv mere plantebaseret, et informeret k\u00f8b ad gangen.<\/p>\n\n\n\n<p>En enkel og letforst\u00e5elig hverdagsguide, V-Label sparer tid og at g\u00e5 tr\u00e6t i at l\u00e6se og forst\u00e5 ingrediensliser. Se efter det i\u00f8jnefaldende gule logo n\u00e6ste gang du handler: Du ved ved f\u00f8rste \u00f8jekast, hvilke produkter der er godkendt og derfor sikre at k\u00f8be!<\/p>\n\n\n\n<p><strong>P\u00e5lidelig. <\/strong>N\u00e5r du k\u00f8ber et produkt eller en tjeneste, der er m\u00e6rket med V-Label, kan du stole p\u00e5 standardiserede kriterier for veganske og vegetariske produkter. Ingen grund til at bekymre sig om, at virksomheder fejl-m\u00e6rker produkter baseret p\u00e5 deres egne tilf\u00e6ldige kriterier. V-Label, der blev grundlagt i 1996 i Schweiz, er en af branchens grundl\u00e6ggere.<\/p>\n\n\n\n<div class=\"wp-block-buttons is-content-justification-center is-layout-flex wp-container-core-buttons-is-layout-16018d1d wp-block-buttons-is-layout-flex\">\n<div class=\"wp-block-button\"><a class=\"wp-block-button__link\" href=\"https:\/\/www.v-label.com\/da\/general-information\/certified-products\/\"><strong>Certificerede produkter<\/strong><\/a><\/div>\n\n\n\n<div class=\"wp-block-button\"><a class=\"wp-block-button__link\" href=\"https:\/\/www.v-label.com\/da\/report-a-misuse\/\">Rapporter misbrug af V-Label<\/a><\/div>\n<\/div>\n\n\n\n<h3 class=\"has-text-align-center wp-block-heading\"><strong><strong>Hvad st\u00e5r vi for?<\/strong><\/strong><\/h3>\n\n\n\n<p>N\u00e5r du k\u00f8ber et produkt eller en service leveret af V-Label, kan du v\u00e6re sikker p\u00e5 at:<\/p>\n\n\n\n<ul class=\"wp-block-list\"><li>P\u00e5 intet produktionsstadium er der anvendt ingredienser af animalsk oprindelse, hvis de er m\u00e6rket vegansk. Ogs\u00e5 tils\u00e6tningsstoffer og aromaer er blevet overvejet. Kontrollen stopper ikke p\u00e5 ingredienslisten, men d\u00e6kkede ogs\u00e5 stoffer, der ikke skal angives, s\u00e5som bioteknologiske dyrkningsmedier og proceshj\u00e6lpemidler. S\u00e5 du kan v\u00e6re sikker p\u00e5, at \u00e6blejuice eller vin ikke blev klaret med gelatine, sukker ikke blev behandlet med benmel, og br\u00f8det ikke blev behandlet med cystein fremstillet af svine brisler.<\/li><li>Kun m\u00e6lk, r\u00e5m\u00e6lk, burfrie opdr\u00e6ttede \u00e6g, honning, bivoks, propolis eller uldfedt og produkter deraf er tilladt i produktionen, hvis de er m\u00e6rket vegetarisk.<\/li><li>Alle produktionsfaser skal designes p\u00e5 en m\u00e5de, s\u00e5 utilsigtede spor af ikke-veganske eller ikke-vegetariske stoffer i slutproduktet reduceres til et minimum.<\/li><li>Test af enhver art p\u00e5 dyr m\u00e5 ikke v\u00e6re eller have v\u00e6ret udf\u00f8rt for det f\u00e6rdige produkt s\u00e5vel som for de enkelte ingredienser, hj\u00e6lpestoffer og andre stoffer, der anvendes til forarbejdning, hvis de er udviklet til det endelige produkt.<\/li><\/ul>\n\n\n\n<p>Sidst, men bestemt ikke mindst, bruges indt\u00e6gterne fra licensafgifter hovedsageligt til finansiering af forskellige veganske og dyrerettigheds-NGO&#8217;er og -projekter.<\/p>\n\n\n\n<div class=\"wp-block-columns are-vertically-aligned-center is-layout-flex wp-container-core-columns-is-layout-9d6595d7 wp-block-columns-is-layout-flex\">\n<div class=\"wp-block-column is-vertically-aligned-center is-layout-flow wp-block-column-is-layout-flow\">\n<figure class=\"wp-block-image size-full\"><img decoding=\"async\" width=\"720\" height=\"497\" src=\"https:\/\/www.v-label.com\/wp-content\/uploads\/2022\/09\/b2b-info-page-2.webp\" alt=\"\" class=\"wp-image-879\" srcset=\"https:\/\/www.v-label.com\/wp-content\/uploads\/2022\/09\/b2b-info-page-2.webp 720w, https:\/\/www.v-label.com\/wp-content\/uploads\/2022\/09\/b2b-info-page-2-300x207.webp 300w\" sizes=\"(max-width: 720px) 100vw, 720px\" \/><\/figure>\n<\/div>\n\n\n\n<div class=\"wp-block-column is-vertically-aligned-center is-layout-flow wp-block-column-is-layout-flow\">\n<figure class=\"wp-block-image size-full\"><img decoding=\"async\" width=\"720\" height=\"482\" src=\"https:\/\/www.v-label.com\/wp-content\/uploads\/2022\/09\/b2b-info-page-1.webp\" alt=\"\" class=\"wp-image-876\" srcset=\"https:\/\/www.v-label.com\/wp-content\/uploads\/2022\/09\/b2b-info-page-1.webp 720w, https:\/\/www.v-label.com\/wp-content\/uploads\/2022\/09\/b2b-info-page-1-300x201.webp 300w\" sizes=\"(max-width: 720px) 100vw, 720px\" \/><\/figure>\n<\/div>\n\n\n\n<div class=\"wp-block-column is-vertically-aligned-center is-layout-flow wp-block-column-is-layout-flow\">\n<figure class=\"wp-block-image size-full\"><img decoding=\"async\" width=\"720\" height=\"482\" src=\"https:\/\/www.v-label.com\/wp-content\/uploads\/2022\/09\/b2b-info-page-3.webp\" alt=\"\" class=\"wp-image-860\" srcset=\"https:\/\/www.v-label.com\/wp-content\/uploads\/2022\/09\/b2b-info-page-3.webp 720w, https:\/\/www.v-label.com\/wp-content\/uploads\/2022\/09\/b2b-info-page-3-300x201.webp 300w\" sizes=\"(max-width: 720px) 100vw, 720px\" \/><\/figure>\n<\/div>\n<\/div>\n","protected":false},"excerpt":{"rendered":"<p>Information til forbrugere Er du veganer, vegetar, flexitar, neds\u00e6tter du dit f\u00f8deindtag fra dyr eller bare nysgerrig? Da du bes\u00f8ger dette websted, er chancerne for, at du vil have en retf\u00e6rdig, b\u00e6redygtig (og velsmagende!) verden. Vi er med dig, og vores m\u00e5de at bidrage til den fremtid er ved at g\u00f8re veganske og vegetariske produkter [&hellip;]<\/p>\n","protected":false},"author":5,"featured_media":17174,"parent":0,"menu_order":0,"comment_status":"closed","ping_status":"closed","template":"","meta":{"_acf_changed":false,"_editorskit_title_hidden":false,"_editorskit_reading_time":0,"_editorskit_is_block_options_detached":false,"_editorskit_block_options_position":"{}","inline_featured_image":false,"_uag_custom_page_level_css":"","footnotes":""},"categories":[],"tags":[],"class_list":["post-8423","page","type-page","status-publish","has-post-thumbnail","hentry"],"acf":[],"uagb_featured_image_src":{"full":["https:\/\/www.v-label.com\/wp-content\/uploads\/2022\/12\/v-label-general-info-consumers.jpg",1280,738,false],"thumbnail":["https:\/\/www.v-label.com\/wp-content\/uploads\/2022\/12\/v-label-general-info-consumers-500x288.jpg",500,288,true],"medium":["https:\/\/www.v-label.com\/wp-content\/uploads\/2022\/12\/v-label-general-info-consumers-300x173.jpg",300,173,true],"medium_large":["https:\/\/www.v-label.com\/wp-content\/uploads\/2022\/12\/v-label-general-info-consumers-768x443.jpg",768,443,true],"large":["https:\/\/www.v-label.com\/wp-content\/uploads\/2022\/12\/v-label-general-info-consumers-1024x590.jpg",1024,590,true],"1536x1536":["https:\/\/www.v-label.com\/wp-content\/uploads\/2022\/12\/v-label-general-info-consumers.jpg",1280,738,false],"2048x2048":["https:\/\/www.v-label.com\/wp-content\/uploads\/2022\/12\/v-label-general-info-consumers.jpg",1280,738,false],"preview":["https:\/\/www.v-label.com\/wp-content\/uploads\/2022\/12\/v-label-general-info-consumers-904x720.jpg",904,720,true],"header":["https:\/\/www.v-label.com\/wp-content\/uploads\/2022\/12\/v-label-general-info-consumers-1280x720.jpg",1280,720,true],"gform-image-choice-sm":["https:\/\/www.v-label.com\/wp-content\/uploads\/2022\/12\/v-label-general-info-consumers.jpg",300,173,false],"gform-image-choice-md":["https:\/\/www.v-label.com\/wp-content\/uploads\/2022\/12\/v-label-general-info-consumers.jpg",400,231,false],"gform-image-choice-lg":["https:\/\/www.v-label.com\/wp-content\/uploads\/2022\/12\/v-label-general-info-consumers.jpg",600,346,false]},"uagb_author_info":{"display_name":"Can Aslan","author_link":"https:\/\/www.v-label.com\/da"},"uagb_comment_info":0,"uagb_excerpt":"Information til forbrugere Er du veganer, vegetar, flexitar, neds\u00e6tter du dit f\u00f8deindtag fra dyr eller bare nysgerrig? Da du bes\u00f8ger dette websted, er chancerne for, at du vil have en retf\u00e6rdig, b\u00e6redygtig (og velsmagende!) verden. Vi er med dig, og vores m\u00e5de at bidrage til den fremtid er ved at g\u00f8re veganske og vegetariske produkter&hellip;","_links":{"self":[{"href":"https:\/\/www.v-label.com\/da\/wp-json\/wp\/v2\/pages\/8423","targetHints":{"allow":["GET"]}}],"collection":[{"href":"https:\/\/www.v-label.com\/da\/wp-json\/wp\/v2\/pages"}],"about":[{"href":"https:\/\/www.v-label.com\/da\/wp-json\/wp\/v2\/types\/page"}],"author":[{"embeddable":true,"href":"https:\/\/www.v-label.com\/da\/wp-json\/wp\/v2\/users\/5"}],"replies":[{"embeddable":true,"href":"https:\/\/www.v-label.com\/da\/wp-json\/wp\/v2\/comments?post=8423"}],"version-history":[{"count":4,"href":"https:\/\/www.v-label.com\/da\/wp-json\/wp\/v2\/pages\/8423\/revisions"}],"predecessor-version":[{"id":9067,"href":"https:\/\/www.v-label.com\/da\/wp-json\/wp\/v2\/pages\/8423\/revisions\/9067"}],"wp:featuredmedia":[{"embeddable":true,"href":"https:\/\/www.v-label.com\/da\/wp-json\/wp\/v2\/media\/17174"}],"wp:attachment":[{"href":"https:\/\/www.v-label.com\/da\/wp-json\/wp\/v2\/media?parent=8423"}],"wp:term":[{"taxonomy":"category","embeddable":true,"href":"https:\/\/www.v-label.com\/da\/wp-json\/wp\/v2\/categories?post=8423"},{"taxonomy":"post_tag","embeddable":true,"href":"https:\/\/www.v-label.com\/da\/wp-json\/wp\/v2\/tags?post=8423"}],"curies":[{"name":"wp","href":"https:\/\/api.w.org\/{rel}","templated":true}]}}