{"id":8514,"date":"2022-09-09T10:47:40","date_gmt":"2022-09-09T08:47:40","guid":{"rendered":"https:\/\/www.v-label.com\/general-information\/certified-products\/"},"modified":"2024-07-09T14:40:59","modified_gmt":"2024-07-09T12:40:59","slug":"certified-products","status":"publish","type":"page","link":"https:\/\/www.v-label.com\/da\/general-information\/certified-products\/","title":{"rendered":"Certificerede Produkter"},"content":{"rendered":"\n<p>Med en f\u00f8devareproduktion der er ansvarlig for en fjerdedel af verdens udledning af drivhusgasser, og flere mennesker der er mere og mere bekymret over klima\u00e6ndringerne, viser de seneste unders\u00f8gelser, at hvis man \u00f8nsker at reducere sine personlig drivhusgasemissioner, b\u00f8r man fokusere p\u00e5, hvad man spiser, og ikke om din mad er lokal fremstillet.<a href=\"https:\/\/ourworldindata.org\/food-choice-vs-eating-local#licence\" target=\"_blank\" rel=\"noopener\"><sup>1<\/sup><\/a><\/p>\n\n\n\n<p>Du kan, men beh\u00f8ver ikke, g\u00e5 100% vegansk for at nyde det blomstrende udvalg af plantebaserede muligheder. Vegansk og vegetarisk mad er sund, m\u00e6ttende, praktisk, nem at tilberede og tiltalende.<\/p>\n\n\n\n<p>V-Label sidderi \u00f8jeblikket p\u00e5 mere end <strong>70.000<\/strong> produkter. Her er et fint udvalg af nogle af de certificerede produkter, der kan inspirerer til dit n\u00e6ste indk\u00f8b.<\/p>\n\n\n\n<h3 class=\"wp-block-heading has-text-align-center\">Dine indk\u00f8b har betydning<\/h3>\n\n\n\n<div class=\"wp-block-group alignwide is-content-justification-center is-nowrap is-layout-flex wp-container-core-group-is-layout-499140ed wp-block-group-is-layout-flex\">\n<figure class=\"wp-block-image size-thumbnail is-resized\"><img decoding=\"async\" width=\"500\" height=\"500\" src=\"https:\/\/www.v-label.com\/wp-content\/uploads\/2022\/07\/logo-vlabel-favicon-500x500.png\" alt=\"\" class=\"wp-image-331\" style=\"width:50px;height:50px\" srcset=\"https:\/\/www.v-label.com\/wp-content\/uploads\/2022\/07\/logo-vlabel-favicon-500x500.png 500w, https:\/\/www.v-label.com\/wp-content\/uploads\/2022\/07\/logo-vlabel-favicon-300x300.png 300w, https:\/\/www.v-label.com\/wp-content\/uploads\/2022\/07\/logo-vlabel-favicon-768x768.png 768w, https:\/\/www.v-label.com\/wp-content\/uploads\/2022\/07\/logo-vlabel-favicon.png 852w\" sizes=\"(max-width: 500px) 100vw, 500px\" \/><\/figure>\n<\/div>\n\n\n\n<div class=\"wp-block-columns is-layout-flex wp-container-core-columns-is-layout-9d6595d7 wp-block-columns-is-layout-flex\">\n<div class=\"wp-block-column is-layout-flow wp-block-column-is-layout-flow\">\n<figure class=\"wp-block-image size-medium\"><img decoding=\"async\" width=\"300\" height=\"200\" src=\"https:\/\/www.v-label.com\/wp-content\/uploads\/2022\/12\/meat-alternatives-1280-300x200.jpg\" alt=\"\" class=\"wp-image-17395\" srcset=\"https:\/\/www.v-label.com\/wp-content\/uploads\/2022\/12\/meat-alternatives-1280-300x200.jpg 300w, https:\/\/www.v-label.com\/wp-content\/uploads\/2022\/12\/meat-alternatives-1280-1024x682.jpg 1024w, https:\/\/www.v-label.com\/wp-content\/uploads\/2022\/12\/meat-alternatives-1280-500x333.jpg 500w, https:\/\/www.v-label.com\/wp-content\/uploads\/2022\/12\/meat-alternatives-1280-768x511.jpg 768w, https:\/\/www.v-label.com\/wp-content\/uploads\/2022\/12\/meat-alternatives-1280.jpg 1280w\" sizes=\"(max-width: 300px) 100vw, 300px\" \/><\/figure>\n\n\n\n<h2 class=\"wp-block-heading\"><a href=\"https:\/\/www.v-label.com\/da\/general-information\/certified-products\/meat-alternatives\/\" data-type=\"page\" data-id=\"1016\"><strong>K\u00f8d alternativer<\/strong><\/a><\/h2>\n\n\n\n<p>Ingrediensgennembrud, mainstream anerkendelse og uendelige skaleringsmuligheder. Tre grunde til, at k\u00f8dalternativer ikke kun vokser eksponentielt, men ogs\u00e5 bringer fremtiden for, hvordan vi spiser meget t\u00e6ttere. Gennemse og tilfredsstil dine smagsl\u00f8g!<\/p>\n<\/div>\n\n\n\n<div class=\"wp-block-column is-layout-flow wp-block-column-is-layout-flow\">\n<figure class=\"wp-block-image size-medium\"><img decoding=\"async\" width=\"300\" height=\"200\" src=\"https:\/\/www.v-label.com\/wp-content\/uploads\/2022\/12\/milk-alternatives-1280-300x200.jpg\" alt=\"\" class=\"wp-image-17878\" srcset=\"https:\/\/www.v-label.com\/wp-content\/uploads\/2022\/12\/milk-alternatives-1280-300x200.jpg 300w, https:\/\/www.v-label.com\/wp-content\/uploads\/2022\/12\/milk-alternatives-1280-1024x682.jpg 1024w, https:\/\/www.v-label.com\/wp-content\/uploads\/2022\/12\/milk-alternatives-1280-500x333.jpg 500w, https:\/\/www.v-label.com\/wp-content\/uploads\/2022\/12\/milk-alternatives-1280-768x512.jpg 768w, https:\/\/www.v-label.com\/wp-content\/uploads\/2022\/12\/milk-alternatives-1280.jpg 1280w\" sizes=\"(max-width: 300px) 100vw, 300px\" \/><\/figure>\n\n\n\n<h2 class=\"wp-block-heading\"><a href=\"https:\/\/www.v-label.com\/da\/general-information\/certified-products\/dairy-alternatives\/\" data-type=\"page\" data-id=\"1325\">Mejeri alternativer<\/a><\/h2>\n\n\n\n<p>Et skift fra soja til havre, mandel og kokosm\u00e6lk var kun begyndelsen p\u00e5 den plantebaserede mejerirevolution. V\u00e6lg som du vil: yoghurt i et utal af varianter. L\u00e6kre og planetvenlige ost, margarine og spreads til din morgenmad og is til desserten!<\/p>\n<\/div>\n\n\n\n<div class=\"wp-block-column is-layout-flow wp-block-column-is-layout-flow\">\n<figure class=\"wp-block-image size-medium\"><img decoding=\"async\" width=\"300\" height=\"200\" src=\"https:\/\/www.v-label.com\/wp-content\/uploads\/2022\/12\/ready-meals-1280-300x200.jpg\" alt=\"\" class=\"wp-image-17215\" srcset=\"https:\/\/www.v-label.com\/wp-content\/uploads\/2022\/12\/ready-meals-1280-300x200.jpg 300w, https:\/\/www.v-label.com\/wp-content\/uploads\/2022\/12\/ready-meals-1280-1024x682.jpg 1024w, https:\/\/www.v-label.com\/wp-content\/uploads\/2022\/12\/ready-meals-1280-500x333.jpg 500w, https:\/\/www.v-label.com\/wp-content\/uploads\/2022\/12\/ready-meals-1280-768x511.jpg 768w, https:\/\/www.v-label.com\/wp-content\/uploads\/2022\/12\/ready-meals-1280.jpg 1280w\" sizes=\"(max-width: 300px) 100vw, 300px\" \/><\/figure>\n\n\n\n<h2 class=\"wp-block-heading\"><a href=\"https:\/\/www.v-label.com\/da\/general-information\/certified-products\/ready-made-meals\/\" data-type=\"page\" data-id=\"1327\">F\u00e6rdigretter<\/a><\/h2>\n\n\n\n<p>Madpakker p\u00e5 farten beh\u00f8ver ikke l\u00e6ngere v\u00e6re et kompromis. Sund, velsmagende og gr\u00f8nt er mottoet for de fleste st\u00f8rre detailhandlere, der fylder frosne sektioner med plantebaserede pizzaer og tilbyder en bred vifte af kulnariske oplevelser, fra f\u00e6rdige dahl-supper til chili sin carne.<\/p>\n<\/div>\n<\/div>\n\n\n\n<div class=\"wp-block-columns is-layout-flex wp-container-core-columns-is-layout-9d6595d7 wp-block-columns-is-layout-flex\">\n<div class=\"wp-block-column is-layout-flow wp-block-column-is-layout-flow\">\n<figure class=\"wp-block-image size-medium\"><img decoding=\"async\" width=\"300\" height=\"200\" src=\"https:\/\/www.v-label.com\/wp-content\/uploads\/2022\/12\/sweets-1280-300x200.jpg\" alt=\"\" class=\"wp-image-17315\" srcset=\"https:\/\/www.v-label.com\/wp-content\/uploads\/2022\/12\/sweets-1280-300x200.jpg 300w, https:\/\/www.v-label.com\/wp-content\/uploads\/2022\/12\/sweets-1280-1024x682.jpg 1024w, https:\/\/www.v-label.com\/wp-content\/uploads\/2022\/12\/sweets-1280-500x333.jpg 500w, https:\/\/www.v-label.com\/wp-content\/uploads\/2022\/12\/sweets-1280-768x512.jpg 768w, https:\/\/www.v-label.com\/wp-content\/uploads\/2022\/12\/sweets-1280.jpg 1280w\" sizes=\"(max-width: 300px) 100vw, 300px\" \/><\/figure>\n\n\n\n<h2 class=\"wp-block-heading\"><a href=\"https:\/\/www.v-label.com\/da\/general-information\/certified-products\/sweets\/\" data-type=\"page\" data-id=\"1329\">Det s\u00f8de kategori<\/a><\/h2>\n\n\n\n<p>Kontroller, om dine yndlingssnacks virkelig er vegetariske eller veganer, og fyld dine k\u00f8kkenskabe med plantebaseret chokolade, kiks, chips og barer! Og vent, der er mere: markedet for bagv\u00e6rk er stigende med veganske kager, croissanter og fl\u00f8deboller.<\/p>\n<\/div>\n\n\n\n<div class=\"wp-block-column is-layout-flow wp-block-column-is-layout-flow\">\n<figure class=\"wp-block-image size-medium\"><img decoding=\"async\" width=\"300\" height=\"200\" src=\"https:\/\/www.v-label.com\/wp-content\/uploads\/2022\/12\/beverages-1280-300x200.jpg\" alt=\"\" class=\"wp-image-17295\" srcset=\"https:\/\/www.v-label.com\/wp-content\/uploads\/2022\/12\/beverages-1280-300x200.jpg 300w, https:\/\/www.v-label.com\/wp-content\/uploads\/2022\/12\/beverages-1280-1024x682.jpg 1024w, https:\/\/www.v-label.com\/wp-content\/uploads\/2022\/12\/beverages-1280-500x333.jpg 500w, https:\/\/www.v-label.com\/wp-content\/uploads\/2022\/12\/beverages-1280-768x512.jpg 768w, https:\/\/www.v-label.com\/wp-content\/uploads\/2022\/12\/beverages-1280.jpg 1280w\" sizes=\"(max-width: 300px) 100vw, 300px\" \/><\/figure>\n\n\n\n<h2 class=\"wp-block-heading\"><a href=\"https:\/\/www.v-label.com\/da\/general-information\/certified-products\/beverages\/\" data-type=\"page\" data-id=\"1331\">Drikkevarer<\/a><\/h2>\n\n\n\n<p>Pas p\u00e5 skjulte animalsk ingredienser i din yndlingsdrink! Find ud af, hvilke juice der er fri for ikke-vegansk D3, hvilke vine der ikke raffineres eller filtreres med animalske proteiner, og s\u00f8rg for, at din sodavand ogs\u00e5 er 100% plantebaseret.<\/p>\n<\/div>\n\n\n\n<div class=\"wp-block-column is-layout-flow wp-block-column-is-layout-flow\">\n<figure class=\"wp-block-image size-medium\"><img decoding=\"async\" width=\"300\" height=\"203\" src=\"https:\/\/www.v-label.com\/wp-content\/uploads\/2022\/12\/cosmetics-1280-300x203.jpg\" alt=\"\" class=\"wp-image-17275\" srcset=\"https:\/\/www.v-label.com\/wp-content\/uploads\/2022\/12\/cosmetics-1280-300x203.jpg 300w, https:\/\/www.v-label.com\/wp-content\/uploads\/2022\/12\/cosmetics-1280-1024x694.jpg 1024w, https:\/\/www.v-label.com\/wp-content\/uploads\/2022\/12\/cosmetics-1280-500x339.jpg 500w, https:\/\/www.v-label.com\/wp-content\/uploads\/2022\/12\/cosmetics-1280-768x521.jpg 768w, https:\/\/www.v-label.com\/wp-content\/uploads\/2022\/12\/cosmetics-1280.jpg 1280w\" sizes=\"(max-width: 300px) 100vw, 300px\" \/><\/figure>\n\n\n\n<h2 class=\"wp-block-heading\"><a href=\"https:\/\/www.v-label.com\/da\/general-information\/certified-products\/cosmetics\/\" data-type=\"page\" data-id=\"1333\">Kosmetik<\/a><\/h2>\n\n\n\n<p>Lav din sk\u00f8nhedsrutine med vores udvalg af vegansk h\u00e5r- og hudpleje. Fra fugtighedscreme til mascara, v\u00e6lg mellem m\u00e6rker, der bruger rent mineral- eller plantebaserede ingredienser.<\/p>\n<\/div>\n<\/div>\n","protected":false},"excerpt":{"rendered":"<p>Med en f\u00f8devareproduktion der er ansvarlig for en fjerdedel af verdens udledning af drivhusgasser, og flere mennesker der er mere og mere bekymret over klima\u00e6ndringerne, viser de seneste unders\u00f8gelser, at hvis man \u00f8nsker at reducere sine personlig drivhusgasemissioner, b\u00f8r man fokusere p\u00e5, hvad man spiser, og ikke om din mad er lokal fremstillet.1 Du kan, [&hellip;]<\/p>\n","protected":false},"author":5,"featured_media":17195,"parent":8423,"menu_order":0,"comment_status":"closed","ping_status":"closed","template":"","meta":{"_acf_changed":false,"_editorskit_title_hidden":false,"_editorskit_reading_time":0,"_editorskit_is_block_options_detached":false,"_editorskit_block_options_position":"{}","inline_featured_image":false,"_uag_custom_page_level_css":"","footnotes":""},"categories":[],"tags":[],"class_list":["post-8514","page","type-page","status-publish","has-post-thumbnail","hentry"],"acf":[],"uagb_featured_image_src":{"full":["https:\/\/www.v-label.com\/wp-content\/uploads\/2022\/12\/v-label-cert-products.jpg",2000,1339,false],"thumbnail":["https:\/\/www.v-label.com\/wp-content\/uploads\/2022\/12\/v-label-cert-products-500x335.jpg",500,335,true],"medium":["https:\/\/www.v-label.com\/wp-content\/uploads\/2022\/12\/v-label-cert-products-300x201.jpg",300,201,true],"medium_large":["https:\/\/www.v-label.com\/wp-content\/uploads\/2022\/12\/v-label-cert-products-768x514.jpg",768,514,true],"large":["https:\/\/www.v-label.com\/wp-content\/uploads\/2022\/12\/v-label-cert-products-1024x686.jpg",1024,686,true],"1536x1536":["https:\/\/www.v-label.com\/wp-content\/uploads\/2022\/12\/v-label-cert-products-1536x1028.jpg",1536,1028,true],"2048x2048":["https:\/\/www.v-label.com\/wp-content\/uploads\/2022\/12\/v-label-cert-products.jpg",2000,1339,false],"preview":["https:\/\/www.v-label.com\/wp-content\/uploads\/2022\/12\/v-label-cert-products-904x720.jpg",904,720,true],"header":["https:\/\/www.v-label.com\/wp-content\/uploads\/2022\/12\/v-label-cert-products-2000x720.jpg",2000,720,true],"gform-image-choice-sm":["https:\/\/www.v-label.com\/wp-content\/uploads\/2022\/12\/v-label-cert-products.jpg",300,201,false],"gform-image-choice-md":["https:\/\/www.v-label.com\/wp-content\/uploads\/2022\/12\/v-label-cert-products.jpg",400,268,false],"gform-image-choice-lg":["https:\/\/www.v-label.com\/wp-content\/uploads\/2022\/12\/v-label-cert-products.jpg",600,402,false]},"uagb_author_info":{"display_name":"Can Aslan","author_link":"https:\/\/www.v-label.com\/da"},"uagb_comment_info":0,"uagb_excerpt":"Med en f\u00f8devareproduktion der er ansvarlig for en fjerdedel af verdens udledning af drivhusgasser, og flere mennesker der er mere og mere bekymret over klima\u00e6ndringerne, viser de seneste unders\u00f8gelser, at hvis man \u00f8nsker at reducere sine personlig drivhusgasemissioner, b\u00f8r man fokusere p\u00e5, hvad man spiser, og ikke om din mad er lokal fremstillet.1 Du kan,&hellip;","_links":{"self":[{"href":"https:\/\/www.v-label.com\/da\/wp-json\/wp\/v2\/pages\/8514","targetHints":{"allow":["GET"]}}],"collection":[{"href":"https:\/\/www.v-label.com\/da\/wp-json\/wp\/v2\/pages"}],"about":[{"href":"https:\/\/www.v-label.com\/da\/wp-json\/wp\/v2\/types\/page"}],"author":[{"embeddable":true,"href":"https:\/\/www.v-label.com\/da\/wp-json\/wp\/v2\/users\/5"}],"replies":[{"embeddable":true,"href":"https:\/\/www.v-label.com\/da\/wp-json\/wp\/v2\/comments?post=8514"}],"version-history":[{"count":6,"href":"https:\/\/www.v-label.com\/da\/wp-json\/wp\/v2\/pages\/8514\/revisions"}],"predecessor-version":[{"id":83848,"href":"https:\/\/www.v-label.com\/da\/wp-json\/wp\/v2\/pages\/8514\/revisions\/83848"}],"up":[{"embeddable":true,"href":"https:\/\/www.v-label.com\/da\/wp-json\/wp\/v2\/pages\/8423"}],"wp:featuredmedia":[{"embeddable":true,"href":"https:\/\/www.v-label.com\/da\/wp-json\/wp\/v2\/media\/17195"}],"wp:attachment":[{"href":"https:\/\/www.v-label.com\/da\/wp-json\/wp\/v2\/media?parent=8514"}],"wp:term":[{"taxonomy":"category","embeddable":true,"href":"https:\/\/www.v-label.com\/da\/wp-json\/wp\/v2\/categories?post=8514"},{"taxonomy":"post_tag","embeddable":true,"href":"https:\/\/www.v-label.com\/da\/wp-json\/wp\/v2\/tags?post=8514"}],"curies":[{"name":"wp","href":"https:\/\/api.w.org\/{rel}","templated":true}]}}