{"id":8626,"date":"2022-05-30T16:16:08","date_gmt":"2022-05-30T14:16:08","guid":{"rendered":"https:\/\/www.v-label.com\/faqs\/"},"modified":"2022-12-10T16:06:24","modified_gmt":"2022-12-10T15:06:24","slug":"faqs","status":"publish","type":"page","link":"https:\/\/www.v-label.com\/da\/faqs\/","title":{"rendered":"OSS"},"content":{"rendered":"\n<h3 class=\"has-text-align-center wp-block-heading\">Find svar p\u00e5 nogle af de sp\u00f8rgsm\u00e5l, du m\u00e5ske undrer dig over omkring V-Label.<\/h3>\n\n\n\r\n<section id=\"accordion-block_2227bef0314418036a30c52e7645599b\" class=\"wp-block-accordion\">\r\n\t\t\t<button class=\"toggle_open\" id=\"button_toggle\">Expand all<\/button>\r\n\t\t<ul class=\"posts_list_accordion\">\r\n\t\t\t\t\t\t\t<li>\r\n\t\t\t\t\t\t\t\t\t\t\t\t\t\t\t\t\t<h4 id=\"\">Hvorfor V-Label frem for andre m\u00e6rkningsordninger?<i class=\"icon-angle-down\"><\/i><\/h4>\r\n\t\t\t\t\t\t\t\t\t\t\t\t\t\t\t\t<div class=\"accordion_text\"><p>Mange virksomheder og producenter bruger deres egne veggie m\u00e6rker til deres produkter. Ved oprettelsen af disse m\u00e6rker definerer virksomhederne dog deres egne kriterier for veganske og vegetariske produkter, hvilket kan resulterer i uoverensstemmelser med de officielle definitioner. Manglende baggrundskendskab blandt virksomheder vedr\u00f8rende de forskellige ingredienser og vigtige produktionskriterier kan f\u00f8re til forkert m\u00e6rkning. Disse selvfremstillede m\u00e6rker er ikke underlagt kontrol af uafh\u00e6ngige organer, hvilket betyder, at ukorrekt m\u00e6rkning undertiden kan vildlede forbrugerne. Forbrugerne s\u00f8ger i stigende grad gennemsigtighed, s\u00e5 de hurtigt og sikkert kan identificere veganske og vegetariske produkter.<\/p>\n<p>V-Label tilbyder klarhed takket v\u00e6re standardiserede kriterier i m\u00e6rkning af veganske og vegetariske produkter. V-Label betyder, at virksomheder kan outsource ansvaret for kvalitetssikringsinspektionerne af deres veganske og vegetariske produkter.<\/p>\n<\/div>\r\n\t\t\t\t\t\t\t\t\t<\/li>\r\n\t\t\t\t\t\t\t<li>\r\n\t\t\t\t\t\t\t\t\t\t\t\t\t\t\t\t\t<h4 id=\"\">Hvorfor er det ikke nok bare at l\u00e6se listen over ingredienser?<i class=\"icon-angle-down\"><\/i><\/h4>\r\n\t\t\t\t\t\t\t\t\t\t\t\t\t\t\t\t<div class=\"accordion_text\"><p>At l\u00e6se ingredienslisten giver kun lidt sikkerhed for, om et produkt er vegetarisk eller vegansk. Nogle ingredienser er angivet som E-numre, der er ukendt for mange forbrugere, mens andre ikke er opf\u00f8rt p\u00e5 listen, fordi de ikke beh\u00f8ver at blive erkl\u00e6ret. Det er ikke altid klart, om visse ingredienser er af vegetabilsk eller animalsk oprindelse &#8211; det g\u00e6lder for eksempel tils\u00e6tningsstoffer anvendt under produktionen, hvoraf mange er af animalsk oprindelse. Opskrifts\u00e6ndringer kan betyde, at en elsket vegansk eller vegetarisk produkt pludselig indeholder animalske ingredienser uden forbrugere selv bem\u00e6rker det. Ikke kun er produkter, der er licenseret med V-Label inspiceret for deres sammens\u00e6tning, men ogs\u00e5 hvert enkelt produktionstrin, der er involveret i udviklingen af et produkt unders\u00f8ges. V-Label er derfor en hurtig og p\u00e5lidelig indikator, der sparer forbrugerne for at gennemg\u00e5 listen over ingredienser.<\/p>\n<\/div>\r\n\t\t\t\t\t\t\t\t\t<\/li>\r\n\t\t\t\t\t\t\t<li>\r\n\t\t\t\t\t\t\t\t\t\t\t\t\t\t\t\t\t<h4 id=\"\">Ved hvilke kriterier er produkter m\u00e6rket med V-Label angivet som vegan eller vegetarian?<i class=\"icon-angle-down\"><\/i><\/h4>\r\n\t\t\t\t\t\t\t\t\t\t\t\t\t\t\t\t<div class=\"accordion_text\"><p>Definitionen af udtrykkene &#8220;vegan&#8221; og &#8220;vegetarian&#8221;, som V-Label bruger, overholder den anbefalede definition, der er angivet ved the 12th Minister for Consumer Protection Conference, 22. april 2016.<\/p>\n<p><strong>Vegetarian\/vegetarisk<\/strong><\/p>\n<p>Mad og andre produkter, der ikke indeholder dyr eller dele af dyr, betragtes som vegetariske. Der tages h\u00f8jde for alle produktions- og forarbejdningstrin. Mad og andre produkter, der er skabt ved hj\u00e6lp dyre som for eksempel m\u00e6lk og \u00e6g, betragtes som vegetariske.<\/p>\n<p><strong>Vegan\/vegansk<\/strong><\/p>\n<p>Mad og andre produkter, der ikke indeholder dyr eller dele af dyr, betragtes som veganske. For at v\u00e6re veganske m\u00e5 f\u00f8devarer og andre produkter ikke v\u00e6re fremstillet ved hj\u00e6lp af levende dyr eller animalske produkter. Der tages h\u00f8jde for alle produktions- og forarbejdningstrin.<\/p>\n<p><strong>Yderligere kriterier for V-Label<\/strong><\/p>\n<p>V-Label licens gives aldrig i f\u00f8lgende tilf\u00e6lde:<\/p>\n<ul>\n<li>Produkter deklareret som indeholdende GMO&#8217;er (genetisk modificerede organismer)<\/li>\n<li>Produkter indeholdende \u00e6g fra burh\u00f8ns (herunder fra berigede bursystemer og sm\u00e5-gruppe opdr\u00e6t)<\/li>\n<\/ul>\n<p><strong>Emballage<\/strong><\/p>\n<p>V-Label udelukker ikke produkter, hvis emballage indeholder animalske produkter. Virksomhederne opfordres imidlertid til frivilligt at undg\u00e5 at bruge emballage, der indeholder animalske produkter.<\/p>\n<p><strong>G\u00f8dning og dyrkning<\/strong><\/p>\n<p>Processen med V-Label-licensering for produkter og ingredienser d\u00e6kker perioden fra h\u00f8st. Den g\u00f8dning, der anvendes p\u00e5 jorden, hvor r\u00e5materialerne produkter med V-Label dyrkes, udg\u00f8r ikke et relevant kriterium. Dog, foretr\u00e6kkes r\u00e5 materialer groet i vegansk, \u00f8kologisk landbrug og virksomheder opfordres til frivilligt at undg\u00e5 at bruge g\u00f8dning, der indeholder animalske ingredienser.<\/p>\n<p><strong>\u201cSpor af\u201d og kontaminierede\u00a0 stoffer<\/strong><\/p>\n<p>Virksomheder beslutter frivilligt, hvorvidt der p\u00e5 emballagen skal angives forekomst af sporforurening med allergener eller animalske produkter, der potentielt kan forekomme i produktionsprocessen. Ved at indikere den potentielle forekomst af sporstoffer, sikrer virksomhederne sig selv mod eventuelle juridiske konsekvenser, hvis kunderne oplever allergiske reaktioner. Bare fordi disse oplysninger er angivet, betyder det ikke n\u00f8dvendigvis, at slutproduktet faktisk indeholder animalske ingredienser; Oplysningerne advarer kun forbrugerne om muligheden for den minimale forurening, der kan opst\u00e5 i produktionsprocessen.<\/p>\n<p>Produkter, der har p\u00e5f\u00f8rt disse oplysninger, opfylder kriterierne for V-Label, forudsat at det ikke er tilsigtet at tils\u00e6tte animalsk ingredienser p\u00e5 noget tidspunkt under produktionen. Alle stadier af produktion, forarbejdning og distribution b\u00f8r udformes s\u00e5ledes, at der henholdsvis ikke er utilsigtet tilstedev\u00e6relse af ikke-veganske eller ikke-vegetariske ingredienser. Den utilsigtede tilstedev\u00e6relse af ikke-veganske eller ikke-vegetariske ingredienser skal v\u00e6re mindre end 0,1% (1 g\/kg) i slutproduktet. Hvis referencev\u00e6rdien p\u00e5 0,1% overskrides, er producenten forpligtet til at forbedre alle stadier af produktion, forarbejdning og distribution. Hvis optimering ikke er mulig, skal producenten begrunde dette. Forudsat at producenten har foretaget alle forordninger for at undg\u00e5 forurening med ikke-veganske eller ikke-vegetariske ingredienser, en afvigelse fra referencen p\u00e5 0,1% resultere ikke automatisk til udelukkelse af &#8220;vegan&#8221; eller &#8220;vegetarian&#8221; V-Label.<\/p>\n<p><strong>Eksempler<\/strong><\/p>\n<p>V-Label er aldrig licenseret til f\u00f8lgende produkter eller produkter, der indeholder nogen af f\u00f8lgende ingredienser:<\/p>\n<ul>\n<li>Slagteriprodukter<\/li>\n<li>Fedt fra fisk, fiskedele eller andre havdyr<\/li>\n<li>Smagsstoffer af animalsk oprindelse (med undtagelse af m\u00e6lkebaserede aromastoffer)<\/li>\n<li>Andre \u00e6g end fjerkr\u00e6 \u00e6g (f.eks. kaviar)<\/li>\n<li>Mejeriprodukter, hvor animalsk l\u00f8be er anvendt<\/li>\n<li>Bi gel\u00e9 (Royal jelly)<\/li>\n<li>Farvestoffer baseret p\u00e5 dyr, f.eks. \u00e6gte carmin<\/li>\n<li>Sukker forarbejdet med animalsk kul<\/li>\n<li>B\u00e6restoffer og adjuvants af animalsk oprindelse<\/li>\n<li>Klaring\/filtrering med animalske stoffer (f.eks. gelatine eller fiskebl\u00e6re)<\/li>\n<\/ul>\n<p>V-Label i kategorien &#8220;Vegan&#8221; er kun licenseret for produkter, der desuden er fri for animalske ingredienser som:<\/p>\n<ul>\n<li>\u00c6g<\/li>\n<li>Honning<\/li>\n<li>M\u00e6leprodukter<\/li>\n<li>Animalsk voks<\/li>\n<li>Farvestoffer basret p\u00e5 animalsk produkter<\/li>\n<li>B\u00e6restoffer og adjuvants af animalsk oprindelse<\/li>\n<li>Klaring\/filtrering med animalske stoffer (f.eks. \u00e6ggehvide)<\/li>\n<\/ul>\n<\/div>\r\n\t\t\t\t\t\t\t\t\t<\/li>\r\n\t\t\t\t\t\t\t<li>\r\n\t\t\t\t\t\t\t\t\t\t\t\t\t\t\t\t\t<h4 id=\"\">P\u00e5 hvilket grundlag er f\u00f8devarer og andre produkter klassificeret som &quot;vegan&quot; eller &quot;vegetarian&quot;?<i class=\"icon-angle-down\"><\/i><\/h4>\r\n\t\t\t\t\t\t\t\t\t\t\t\t\t\t\t\t<div class=\"accordion_text\"><p>Virksomheder, der \u00f8nsker at bruge V-Label p\u00e5 deres produkter, skal oplyse licensgiveren om den fulde sammens\u00e6tning af disse produkter og alle tils\u00e6tningsstoffer, der anvendes under fremstilling. P\u00e5 grundlag af denne angivelse og efter V-Label-holdets inspektion kan f\u00f8devarer og andre produkter klassificeres som &#8220;vegan&#8221; eller &#8220;vegetarian&#8221;.<\/p>\n<\/div>\r\n\t\t\t\t\t\t\t\t\t<\/li>\r\n\t\t\t\t\t\t\t<li>\r\n\t\t\t\t\t\t\t\t\t\t\t\t\t\t\t\t\t<h4 id=\"\">Hvilke skridt er der taget for at sikre, at virksomhederne opfylder kravene i V-Label?<i class=\"icon-angle-down\"><\/i><\/h4>\r\n\t\t\t\t\t\t\t\t\t\t\t\t\t\t\t\t<div class=\"accordion_text\"><p>V-Label-holdet forbeholder sig ret til at gennemf\u00f8re kvalitetssikringsforanstaltninger, der sikre trov\u00e6rdigheden og de lovede fordele.<\/p>\n<p>Eventuelle opskrifts\u00e6ndringer eller \u00e6ndringer i de processer, der er involveret i produktion af f\u00f8devarer og andre produkter, der b\u00e6rer V-Label, skal rapporteres straks. N\u00e5r virksomheden har deklareret de relevante \u00e6ndringer, gennemf\u00f8res en ny inspektion.<\/p>\n<\/div>\r\n\t\t\t\t\t\t\t\t\t<\/li>\r\n\t\t\t\t\t\t\t<li>\r\n\t\t\t\t\t\t\t\t\t\t\t\t\t\t\t\t\t<h4 id=\"\">Er der tidspunkter, hvor det ikke giver meningen for et produkt at b\u00e6re V-Label?<i class=\"icon-angle-down\"><\/i><\/h4>\r\n\t\t\t\t\t\t\t\t\t\t\t\t\t\t\t\t<div class=\"accordion_text\"><p>Det giver ikke mening for alle f\u00f8devarer at b\u00e6re V-Label: Monoprodukter som te, krydderier og mineralvand og r\u00e5varer som uforarbejdede gr\u00f8ntsager er altid plantebaserede og beh\u00f8ver ikke at v\u00e6re s\u00e6rligt m\u00e6rket som s\u00e5dan. Mens der i princippet ikke er noget galt med reklame for et produkt ved at angive, hvad der er \u00e5benbart sandt, anses det ikke for at v\u00e6re tilr\u00e5deligt.<\/p>\n<\/div>\r\n\t\t\t\t\t\t\t\t\t<\/li>\r\n\t\t\t\t\t\t\t<li>\r\n\t\t\t\t\t\t\t\t\t\t\t\t\t\t\t\t\t<h4 id=\"\">Hvilke omkostninger kan virksomhederne forvente at betale, n\u00e5r de licenserer deres produkter med V-Label?<i class=\"icon-angle-down\"><\/i><\/h4>\r\n\t\t\t\t\t\t\t\t\t\t\t\t\t\t\t\t<div class=\"accordion_text\"><p>Brugen af V-Label er underlagt et \u00e5rligt licensgebyr samt et registrerings-gebyr, der kun betales \u00e9n gang pr produkt.<\/p>\n<\/div>\r\n\t\t\t\t\t\t\t\t\t<\/li>\r\n\t\t\t\t\t\t\t<li>\r\n\t\t\t\t\t\t\t\t\t\t\t\t\t\t\t\t\t<h4 id=\"\">Hvor lang tid kan det tage for virksomhederne at f\u00e5 udstedt licens?<i class=\"icon-angle-down\"><\/i><\/h4>\r\n\t\t\t\t\t\t\t\t\t\t\t\t\t\t\t\t<div class=\"accordion_text\"><p>Licensprocessen omfatter fem trin. N\u00e5r en virksomhed har indsendt en indledende anmodning, udbydes et tilbud p\u00e5 grundlag af de indleverede virksomhedsdata. N\u00e5r tilbuddet er bekr\u00e6ftet af virksomheden, indg\u00e5s en licensaftale. Herefter kontrollerer licensgiveren alle produktdetaljer. Efter en grundig kontrol, og hvis licensgiveren er tilfreds med resultatet, udstedes V-Label-licensen. Endelig kontrolleres produktemballagelayoutet og godkendes til brug.<\/p>\n<p>En standard sagsbehandlingen tager mellem 1 og 8 uger, indtil en virksomhed endelig modtager tilladelsen til at bruge V-Label. Express sagsbehandling er ogs\u00e5 mulig. Her bliver henvendelser prioriteret og de n\u00f8dvendige checks udf\u00f8res inden for ti arbejdsdage efter den f\u00f8rste foresp\u00f8rgsel.<\/p>\n<\/div>\r\n\t\t\t\t\t\t\t\t\t<\/li>\r\n\t\t\t\t\t\t\t<li>\r\n\t\t\t\t\t\t\t\t\t\t\t\t\t\t\t\t\t<h4 id=\"\">Hvad er pr\u00e6missen for kontrakten for virksomhederne?<i class=\"icon-angle-down\"><\/i><\/h4>\r\n\t\t\t\t\t\t\t\t\t\t\t\t\t\t\t\t<div class=\"accordion_text\"><p><strong>Gyldighedsperiode<\/strong><\/p>\n<p>Kontraktforholdet varer normalt et \u00e5r. Kontraktens start er angivet i kontrakten. En senere dato kan specificeres for at tage hensyn til for eksempel fremtidige produktlanceringer. Kontrakten forl\u00e6nges automatisk, hvis den ikke opsiges skriftligt tre m\u00e5neder f\u00f8r udl\u00f8b.<\/p>\n<p><strong>Licenscertifikat<\/strong><\/p>\n<p>N\u00e5r licensprocessen er afsluttet, udstedes der et licenscertifikat for produktet i den relevante kategori.<\/p>\n<\/div>\r\n\t\t\t\t\t\t\t\t\t<\/li>\r\n\t\t\t\t\t<\/ul>\r\n\t<\/section>","protected":false},"excerpt":{"rendered":"<p>Find svar p\u00e5 nogle af de sp\u00f8rgsm\u00e5l, du m\u00e5ske undrer dig over omkring V-Label.<\/p>\n","protected":false},"author":5,"featured_media":17154,"parent":0,"menu_order":0,"comment_status":"closed","ping_status":"closed","template":"","meta":{"_acf_changed":false,"_editorskit_title_hidden":false,"_editorskit_reading_time":0,"_editorskit_is_block_options_detached":false,"_editorskit_block_options_position":"{}","inline_featured_image":false,"_uag_custom_page_level_css":"","footnotes":""},"categories":[],"tags":[],"class_list":["post-8626","page","type-page","status-publish","has-post-thumbnail","hentry"],"acf":[],"uagb_featured_image_src":{"full":["https:\/\/www.v-label.com\/wp-content\/uploads\/2022\/12\/v-label-faqs.jpg",1280,743,false],"thumbnail":["https:\/\/www.v-label.com\/wp-content\/uploads\/2022\/12\/v-label-faqs-500x290.jpg",500,290,true],"medium":["https:\/\/www.v-label.com\/wp-content\/uploads\/2022\/12\/v-label-faqs-300x174.jpg",300,174,true],"medium_large":["https:\/\/www.v-label.com\/wp-content\/uploads\/2022\/12\/v-label-faqs-768x446.jpg",768,446,true],"large":["https:\/\/www.v-label.com\/wp-content\/uploads\/2022\/12\/v-label-faqs-1024x594.jpg",1024,594,true],"1536x1536":["https:\/\/www.v-label.com\/wp-content\/uploads\/2022\/12\/v-label-faqs.jpg",1280,743,false],"2048x2048":["https:\/\/www.v-label.com\/wp-content\/uploads\/2022\/12\/v-label-faqs.jpg",1280,743,false],"preview":["https:\/\/www.v-label.com\/wp-content\/uploads\/2022\/12\/v-label-faqs-904x720.jpg",904,720,true],"header":["https:\/\/www.v-label.com\/wp-content\/uploads\/2022\/12\/v-label-faqs-1280x720.jpg",1280,720,true],"gform-image-choice-sm":["https:\/\/www.v-label.com\/wp-content\/uploads\/2022\/12\/v-label-faqs.jpg",300,174,false],"gform-image-choice-md":["https:\/\/www.v-label.com\/wp-content\/uploads\/2022\/12\/v-label-faqs.jpg",400,232,false],"gform-image-choice-lg":["https:\/\/www.v-label.com\/wp-content\/uploads\/2022\/12\/v-label-faqs.jpg",600,348,false]},"uagb_author_info":{"display_name":"Can Aslan","author_link":"https:\/\/www.v-label.com\/da"},"uagb_comment_info":0,"uagb_excerpt":"Find svar p\u00e5 nogle af de sp\u00f8rgsm\u00e5l, du m\u00e5ske undrer dig over omkring V-Label.","_links":{"self":[{"href":"https:\/\/www.v-label.com\/da\/wp-json\/wp\/v2\/pages\/8626","targetHints":{"allow":["GET"]}}],"collection":[{"href":"https:\/\/www.v-label.com\/da\/wp-json\/wp\/v2\/pages"}],"about":[{"href":"https:\/\/www.v-label.com\/da\/wp-json\/wp\/v2\/types\/page"}],"author":[{"embeddable":true,"href":"https:\/\/www.v-label.com\/da\/wp-json\/wp\/v2\/users\/5"}],"replies":[{"embeddable":true,"href":"https:\/\/www.v-label.com\/da\/wp-json\/wp\/v2\/comments?post=8626"}],"version-history":[{"count":7,"href":"https:\/\/www.v-label.com\/da\/wp-json\/wp\/v2\/pages\/8626\/revisions"}],"predecessor-version":[{"id":10533,"href":"https:\/\/www.v-label.com\/da\/wp-json\/wp\/v2\/pages\/8626\/revisions\/10533"}],"wp:featuredmedia":[{"embeddable":true,"href":"https:\/\/www.v-label.com\/da\/wp-json\/wp\/v2\/media\/17154"}],"wp:attachment":[{"href":"https:\/\/www.v-label.com\/da\/wp-json\/wp\/v2\/media?parent=8626"}],"wp:term":[{"taxonomy":"category","embeddable":true,"href":"https:\/\/www.v-label.com\/da\/wp-json\/wp\/v2\/categories?post=8626"},{"taxonomy":"post_tag","embeddable":true,"href":"https:\/\/www.v-label.com\/da\/wp-json\/wp\/v2\/tags?post=8626"}],"curies":[{"name":"wp","href":"https:\/\/api.w.org\/{rel}","templated":true}]}}