{"id":109703,"date":"2025-10-20T13:27:37","date_gmt":"2025-10-20T11:27:37","guid":{"rendered":"https:\/\/www.v-label.com\/?page_id=109703"},"modified":"2025-10-20T13:27:41","modified_gmt":"2025-10-20T11:27:41","slug":"v-label-webinar-mediathek-2","status":"publish","type":"page","link":"https:\/\/www.v-label.com\/de\/v-label-webinar-mediathek-2\/","title":{"rendered":"V-Label Webinar Mediathek"},"content":{"rendered":"\n<h3 class=\"wp-block-heading\">Aufgezeichnetes Webinar: Pflanzliche Alternativen auf dem Pr\u00fcfstand<\/h3>\n\n\n\n<p>In diesem exklusiven Webinar pr\u00e4sentierte <strong>Anna-Lena Klapp<\/strong>, Ern\u00e4hrungswissenschaftlerin und Head of Research bei ProVeg International, neue wissenschaftliche Insights zu pflanzlichen Alternativprodukten.<\/p>\n\n\n\n<p>Erfahren Sie, welche g\u00e4ngigen Vorurteile standhalten \u2013 und welche durch fundierte Daten widerlegt werden.<\/p>\n\n\n\n<h3 class=\"wp-block-heading\">Das erwartet Sie im Replay<\/h3>\n\n\n\n<ul class=\"wp-block-list\">\n<li>Kompakte Vorstellung des ProVeg-Reports<\/li>\n\n\n\n<li>Faktencheck zu N\u00e4hrwerten, Verarbeitung &amp; Anreicherung<\/li>\n\n\n\n<li>Konkrete Insights f\u00fcr Marken, Hersteller und Lizenznehmer<\/li>\n\n\n\n<li>Q&amp;A mit der Autorin<\/li>\n<\/ul>\n\n\n\n<p>\u27a1\ufe0f F\u00fcllen Sie das Formular aus und erhalten Sie den Link zum Webinar-Replay per E-Mail.<\/p>\n\n\n\n<script charset=\"utf-8\" type=\"text\/javascript\" src=\"\/\/js.hsforms.net\/forms\/embed\/v2.js\"><\/script>\n<script>\n  hbspt.forms.create({\n    portalId: \"19940999\",\n    formId: \"fc394cd2-a061-49c3-a49c-b30eb7380b9d\",\n    region: \"na1\"\n  });\n<\/script>\n\n\n\n<p><\/p>\n","protected":false},"excerpt":{"rendered":"<p>Aufgezeichnetes Webinar: Pflanzliche Alternativen auf dem Pr\u00fcfstand In diesem exklusiven Webinar pr\u00e4sentierte Anna-Lena Klapp, Ern\u00e4hrungswissenschaftlerin und Head of Research bei ProVeg International, neue wissenschaftliche Insights zu pflanzlichen Alternativprodukten. Erfahren Sie, welche g\u00e4ngigen Vorurteile standhalten \u2013 und welche durch fundierte Daten widerlegt werden. Das erwartet Sie im Replay \u27a1\ufe0f F\u00fcllen Sie das Formular aus und erhalten [&hellip;]<\/p>\n","protected":false},"author":13,"featured_media":99670,"parent":0,"menu_order":0,"comment_status":"closed","ping_status":"closed","template":"","meta":{"_acf_changed":false,"_editorskit_title_hidden":false,"_editorskit_reading_time":0,"_editorskit_is_block_options_detached":false,"_editorskit_block_options_position":"{}","inline_featured_image":false,"_uag_custom_page_level_css":"","footnotes":""},"categories":[],"tags":[],"class_list":["post-109703","page","type-page","status-publish","has-post-thumbnail","hentry"],"acf":[],"uagb_featured_image_src":{"full":["https:\/\/www.v-label.com\/wp-content\/uploads\/2025\/08\/website-header-2000x650-3.jpg",2000,650,false],"thumbnail":["https:\/\/www.v-label.com\/wp-content\/uploads\/2025\/08\/website-header-2000x650-3-500x163.jpg",500,163,true],"medium":["https:\/\/www.v-label.com\/wp-content\/uploads\/2025\/08\/website-header-2000x650-3-300x98.jpg",300,98,true],"medium_large":["https:\/\/www.v-label.com\/wp-content\/uploads\/2025\/08\/website-header-2000x650-3-768x250.jpg",768,250,true],"large":["https:\/\/www.v-label.com\/wp-content\/uploads\/2025\/08\/website-header-2000x650-3-1024x333.jpg",1024,333,true],"1536x1536":["https:\/\/www.v-label.com\/wp-content\/uploads\/2025\/08\/website-header-2000x650-3-1536x499.jpg",1536,499,true],"2048x2048":["https:\/\/www.v-label.com\/wp-content\/uploads\/2025\/08\/website-header-2000x650-3.jpg",2000,650,false],"preview":["https:\/\/www.v-label.com\/wp-content\/uploads\/2025\/08\/website-header-2000x650-3-904x650.jpg",904,650,true],"header":["https:\/\/www.v-label.com\/wp-content\/uploads\/2025\/08\/website-header-2000x650-3.jpg",2000,650,false],"gform-image-choice-sm":["https:\/\/www.v-label.com\/wp-content\/uploads\/2025\/08\/website-header-2000x650-3.jpg",300,98,false],"gform-image-choice-md":["https:\/\/www.v-label.com\/wp-content\/uploads\/2025\/08\/website-header-2000x650-3.jpg",400,130,false],"gform-image-choice-lg":["https:\/\/www.v-label.com\/wp-content\/uploads\/2025\/08\/website-header-2000x650-3.jpg",600,195,false]},"uagb_author_info":{"display_name":"V-Label Germany","author_link":"https:\/\/www.v-label.com\/de"},"uagb_comment_info":0,"uagb_excerpt":"Aufgezeichnetes Webinar: Pflanzliche Alternativen auf dem Pr\u00fcfstand In diesem exklusiven Webinar pr\u00e4sentierte Anna-Lena Klapp, Ern\u00e4hrungswissenschaftlerin und Head of Research bei ProVeg International, neue wissenschaftliche Insights zu pflanzlichen Alternativprodukten. Erfahren Sie, welche g\u00e4ngigen Vorurteile standhalten \u2013 und welche durch fundierte Daten widerlegt werden. Das erwartet Sie im Replay \u27a1\ufe0f F\u00fcllen Sie das Formular aus und erhalten&hellip;","_links":{"self":[{"href":"https:\/\/www.v-label.com\/de\/wp-json\/wp\/v2\/pages\/109703","targetHints":{"allow":["GET"]}}],"collection":[{"href":"https:\/\/www.v-label.com\/de\/wp-json\/wp\/v2\/pages"}],"about":[{"href":"https:\/\/www.v-label.com\/de\/wp-json\/wp\/v2\/types\/page"}],"author":[{"embeddable":true,"href":"https:\/\/www.v-label.com\/de\/wp-json\/wp\/v2\/users\/13"}],"replies":[{"embeddable":true,"href":"https:\/\/www.v-label.com\/de\/wp-json\/wp\/v2\/comments?post=109703"}],"version-history":[{"count":7,"href":"https:\/\/www.v-label.com\/de\/wp-json\/wp\/v2\/pages\/109703\/revisions"}],"predecessor-version":[{"id":110037,"href":"https:\/\/www.v-label.com\/de\/wp-json\/wp\/v2\/pages\/109703\/revisions\/110037"}],"wp:featuredmedia":[{"embeddable":true,"href":"https:\/\/www.v-label.com\/de\/wp-json\/wp\/v2\/media\/99670"}],"wp:attachment":[{"href":"https:\/\/www.v-label.com\/de\/wp-json\/wp\/v2\/media?parent=109703"}],"wp:term":[{"taxonomy":"category","embeddable":true,"href":"https:\/\/www.v-label.com\/de\/wp-json\/wp\/v2\/categories?post=109703"},{"taxonomy":"post_tag","embeddable":true,"href":"https:\/\/www.v-label.com\/de\/wp-json\/wp\/v2\/tags?post=109703"}],"curies":[{"name":"wp","href":"https:\/\/api.w.org\/{rel}","templated":true}]}}