{"id":497,"date":"2022-05-30T16:15:52","date_gmt":"2022-05-30T14:15:52","guid":{"rendered":"https:\/\/www.v-label.com\/non-food\/"},"modified":"2024-05-13T14:57:04","modified_gmt":"2024-05-13T12:57:04","slug":"non-food","status":"publish","type":"page","link":"https:\/\/www.v-label.com\/de\/allgemeine-informationen\/non-food\/","title":{"rendered":"Non-Food"},"content":{"rendered":"\n<p>Immer mehr Menschen suchen nach tierfreien Alternativen, nicht nur bei Kleidung und Alltagsgegenst\u00e4nden. Doch oft ist nicht ersichtlich, ob Inhaltsstoffe tierischer Herkunft in einem Produkt enthalten sind. Das V-Label schafft hier seit einigen Jahren Klarheit und kennzeichnet vegane Non-Food-Produkte auf einen Blick.<\/p>\n\n\n\n<p>Die vegane und tierleidfreie Modebranche w\u00e4chst und gilt als cool und luxuri\u00f6s. Der globale Markt f\u00fcr vegane Damenmode wird bis 2027 voraussichtlich um 13,6 % wachsen und wurde 2019 auf 396,3 Milliarden USD gesch\u00e4tzt. Veganem Leder kommt dabei eine treibende Rolle zu, da durch technischen Fortschritt immer bessere Materialien entwickelt werden. Diese sind oft nat\u00fcrlicher und nachhaltiger, wie Ananasbl\u00e4tter, Nebenprodukte der Weinindustrie, Holz, Kork oder Pilze. Es werden auch Alternativen zu Wolle und Seide aus Zellulosefasern entwickelt und Upcycling-Materialien zu veganer Bekleidung verarbeitet.<\/p>\n\n\n\n<p><strong>Non-Food ist mehr als Mode &amp; Textilien. <\/strong>Nicht nur in der Modebranche, sondern auch in anderen Bereichen wie Druckprodukten, Haushaltswaren, Kosmetik- und Drogerieartikeln und vielem mehr, werden vermehrt vegane Produkte entwickelt. Eine Kennzeichnung als vegan kann dabei als Verkaufsargument und Unterscheidungsmerkmal dienen. Verbraucher:innen k\u00f6nnen auf diese Weise leichter pflanzliche Produkte finden und erkennen, sowohl online als auch im Einzelhandel.<\/p>\n\n\n\n<div class=\"wp-block-buttons is-content-justification-center is-layout-flex wp-container-core-buttons-is-layout-16018d1d wp-block-buttons-is-layout-flex\">\n<div class=\"wp-block-button\"><a class=\"wp-block-button__link wp-element-button\" href=\"https:\/\/www.v-label.com\/de\/angebot-anfordern\/\"><strong>Angebot anfordern<\/strong><\/a><\/div>\n<\/div>\n\n\n\n<h3 class=\"wp-block-heading\">Unternehmen, die uns vertrauen:<\/h3>\n\n\n\n<div class=\"wp-block-columns are-vertically-aligned-center is-layout-flex wp-container-core-columns-is-layout-9d6595d7 wp-block-columns-is-layout-flex\">\n<div class=\"wp-block-column is-vertically-aligned-center is-layout-flow wp-block-column-is-layout-flow\">\n<figure class=\"wp-block-image aligncenter size-large\"><img decoding=\"async\" width=\"1024\" height=\"558\" src=\"https:\/\/www.v-label.com\/wp-content\/uploads\/2023\/06\/justvegan-1024x558.jpg\" alt=\"\" class=\"wp-image-58589\" srcset=\"https:\/\/www.v-label.com\/wp-content\/uploads\/2023\/06\/justvegan-1024x558.jpg 1024w, https:\/\/www.v-label.com\/wp-content\/uploads\/2023\/06\/justvegan-300x163.jpg 300w, https:\/\/www.v-label.com\/wp-content\/uploads\/2023\/06\/justvegan-500x272.jpg 500w, https:\/\/www.v-label.com\/wp-content\/uploads\/2023\/06\/justvegan-768x418.jpg 768w, https:\/\/www.v-label.com\/wp-content\/uploads\/2023\/06\/justvegan-1536x836.jpg 1536w, https:\/\/www.v-label.com\/wp-content\/uploads\/2023\/06\/justvegan.jpg 2000w\" sizes=\"(max-width: 1024px) 100vw, 1024px\" \/><\/figure>\n<\/div>\n\n\n\n<div class=\"wp-block-column is-vertically-aligned-center is-layout-flow wp-block-column-is-layout-flow\">\n<figure class=\"wp-block-image aligncenter size-large\"><img decoding=\"async\" width=\"1024\" height=\"432\" src=\"https:\/\/www.v-label.com\/wp-content\/uploads\/2023\/06\/02-logoparadies-bettwaren-mit-herz-1024x432.png\" alt=\"\" class=\"wp-image-58481\" srcset=\"https:\/\/www.v-label.com\/wp-content\/uploads\/2023\/06\/02-logoparadies-bettwaren-mit-herz-1024x432.png 1024w, https:\/\/www.v-label.com\/wp-content\/uploads\/2023\/06\/02-logoparadies-bettwaren-mit-herz-300x126.png 300w, https:\/\/www.v-label.com\/wp-content\/uploads\/2023\/06\/02-logoparadies-bettwaren-mit-herz-500x211.png 500w, https:\/\/www.v-label.com\/wp-content\/uploads\/2023\/06\/02-logoparadies-bettwaren-mit-herz-768x324.png 768w, https:\/\/www.v-label.com\/wp-content\/uploads\/2023\/06\/02-logoparadies-bettwaren-mit-herz.png 1046w\" sizes=\"(max-width: 1024px) 100vw, 1024px\" \/><\/figure>\n<\/div>\n\n\n\n<div class=\"wp-block-column is-vertically-aligned-center is-layout-flow wp-block-column-is-layout-flow\">\n<figure class=\"wp-block-image aligncenter size-full\"><img decoding=\"async\" width=\"1000\" height=\"700\" src=\"https:\/\/www.v-label.com\/wp-content\/uploads\/2023\/06\/2019-puma-logo-standard-no1-with-registration-black-low-res.png\" alt=\"\" class=\"wp-image-58517\" srcset=\"https:\/\/www.v-label.com\/wp-content\/uploads\/2023\/06\/2019-puma-logo-standard-no1-with-registration-black-low-res.png 1000w, https:\/\/www.v-label.com\/wp-content\/uploads\/2023\/06\/2019-puma-logo-standard-no1-with-registration-black-low-res-300x210.png 300w, https:\/\/www.v-label.com\/wp-content\/uploads\/2023\/06\/2019-puma-logo-standard-no1-with-registration-black-low-res-500x350.png 500w, https:\/\/www.v-label.com\/wp-content\/uploads\/2023\/06\/2019-puma-logo-standard-no1-with-registration-black-low-res-768x538.png 768w\" sizes=\"(max-width: 1000px) 100vw, 1000px\" \/><\/figure>\n<\/div>\n\n\n\n<div class=\"wp-block-column is-vertically-aligned-center is-layout-flow wp-block-column-is-layout-flow\">\n<figure class=\"wp-block-image aligncenter size-full\"><img decoding=\"async\" width=\"691\" height=\"568\" src=\"https:\/\/www.v-label.com\/wp-content\/uploads\/2023\/06\/oe-print-su.png\" alt=\"\" class=\"wp-image-58697\" srcset=\"https:\/\/www.v-label.com\/wp-content\/uploads\/2023\/06\/oe-print-su.png 691w, https:\/\/www.v-label.com\/wp-content\/uploads\/2023\/06\/oe-print-su-300x247.png 300w, https:\/\/www.v-label.com\/wp-content\/uploads\/2023\/06\/oe-print-su-500x411.png 500w\" sizes=\"(max-width: 691px) 100vw, 691px\" \/><\/figure>\n<\/div>\n<\/div>\n","protected":false},"excerpt":{"rendered":"<p>Immer mehr Menschen suchen nach tierfreien Alternativen, nicht nur bei Kleidung und Alltagsgegenst\u00e4nden. Doch oft ist nicht ersichtlich, ob Inhaltsstoffe tierischer Herkunft in einem Produkt enthalten sind. Das V-Label schafft hier seit einigen Jahren Klarheit und kennzeichnet vegane Non-Food-Produkte auf einen Blick. Die vegane und tierleidfreie Modebranche w\u00e4chst und gilt als cool und luxuri\u00f6s. Der [&hellip;]<\/p>\n","protected":false},"author":5,"featured_media":64620,"parent":507,"menu_order":0,"comment_status":"closed","ping_status":"closed","template":"","meta":{"_acf_changed":false,"_editorskit_title_hidden":false,"_editorskit_reading_time":0,"_editorskit_is_block_options_detached":false,"_editorskit_block_options_position":"{}","inline_featured_image":false,"_uag_custom_page_level_css":"","footnotes":""},"categories":[],"tags":[],"class_list":["post-497","page","type-page","status-publish","has-post-thumbnail","hentry"],"acf":[],"uagb_featured_image_src":{"full":["https:\/\/www.v-label.com\/wp-content\/uploads\/2023\/06\/parker-burchfield-tvg4wvjgsey-2000x600-1.jpg",2000,600,false],"thumbnail":["https:\/\/www.v-label.com\/wp-content\/uploads\/2023\/06\/parker-burchfield-tvg4wvjgsey-2000x600-1-500x150.jpg",500,150,true],"medium":["https:\/\/www.v-label.com\/wp-content\/uploads\/2023\/06\/parker-burchfield-tvg4wvjgsey-2000x600-1-300x90.jpg",300,90,true],"medium_large":["https:\/\/www.v-label.com\/wp-content\/uploads\/2023\/06\/parker-burchfield-tvg4wvjgsey-2000x600-1-768x230.jpg",768,230,true],"large":["https:\/\/www.v-label.com\/wp-content\/uploads\/2023\/06\/parker-burchfield-tvg4wvjgsey-2000x600-1-1024x307.jpg",1024,307,true],"1536x1536":["https:\/\/www.v-label.com\/wp-content\/uploads\/2023\/06\/parker-burchfield-tvg4wvjgsey-2000x600-1-1536x461.jpg",1536,461,true],"2048x2048":["https:\/\/www.v-label.com\/wp-content\/uploads\/2023\/06\/parker-burchfield-tvg4wvjgsey-2000x600-1.jpg",2000,600,false],"preview":["https:\/\/www.v-label.com\/wp-content\/uploads\/2023\/06\/parker-burchfield-tvg4wvjgsey-2000x600-1-904x600.jpg",904,600,true],"header":["https:\/\/www.v-label.com\/wp-content\/uploads\/2023\/06\/parker-burchfield-tvg4wvjgsey-2000x600-1.jpg",2000,600,false],"gform-image-choice-sm":["https:\/\/www.v-label.com\/wp-content\/uploads\/2023\/06\/parker-burchfield-tvg4wvjgsey-2000x600-1.jpg",300,90,false],"gform-image-choice-md":["https:\/\/www.v-label.com\/wp-content\/uploads\/2023\/06\/parker-burchfield-tvg4wvjgsey-2000x600-1.jpg",400,120,false],"gform-image-choice-lg":["https:\/\/www.v-label.com\/wp-content\/uploads\/2023\/06\/parker-burchfield-tvg4wvjgsey-2000x600-1.jpg",600,180,false]},"uagb_author_info":{"display_name":"Can Aslan","author_link":"https:\/\/www.v-label.com\/de"},"uagb_comment_info":0,"uagb_excerpt":"Immer mehr Menschen suchen nach tierfreien Alternativen, nicht nur bei Kleidung und Alltagsgegenst\u00e4nden. Doch oft ist nicht ersichtlich, ob Inhaltsstoffe tierischer Herkunft in einem Produkt enthalten sind. Das V-Label schafft hier seit einigen Jahren Klarheit und kennzeichnet vegane Non-Food-Produkte auf einen Blick. Die vegane und tierleidfreie Modebranche w\u00e4chst und gilt als cool und luxuri\u00f6s. Der&hellip;","_links":{"self":[{"href":"https:\/\/www.v-label.com\/de\/wp-json\/wp\/v2\/pages\/497","targetHints":{"allow":["GET"]}}],"collection":[{"href":"https:\/\/www.v-label.com\/de\/wp-json\/wp\/v2\/pages"}],"about":[{"href":"https:\/\/www.v-label.com\/de\/wp-json\/wp\/v2\/types\/page"}],"author":[{"embeddable":true,"href":"https:\/\/www.v-label.com\/de\/wp-json\/wp\/v2\/users\/5"}],"replies":[{"embeddable":true,"href":"https:\/\/www.v-label.com\/de\/wp-json\/wp\/v2\/comments?post=497"}],"version-history":[{"count":12,"href":"https:\/\/www.v-label.com\/de\/wp-json\/wp\/v2\/pages\/497\/revisions"}],"predecessor-version":[{"id":80039,"href":"https:\/\/www.v-label.com\/de\/wp-json\/wp\/v2\/pages\/497\/revisions\/80039"}],"up":[{"embeddable":true,"href":"https:\/\/www.v-label.com\/de\/wp-json\/wp\/v2\/pages\/507"}],"wp:featuredmedia":[{"embeddable":true,"href":"https:\/\/www.v-label.com\/de\/wp-json\/wp\/v2\/media\/64620"}],"wp:attachment":[{"href":"https:\/\/www.v-label.com\/de\/wp-json\/wp\/v2\/media?parent=497"}],"wp:term":[{"taxonomy":"category","embeddable":true,"href":"https:\/\/www.v-label.com\/de\/wp-json\/wp\/v2\/categories?post=497"},{"taxonomy":"post_tag","embeddable":true,"href":"https:\/\/www.v-label.com\/de\/wp-json\/wp\/v2\/tags?post=497"}],"curies":[{"name":"wp","href":"https:\/\/api.w.org\/{rel}","templated":true}]}}