{"id":501,"date":"2022-05-30T16:15:29","date_gmt":"2022-05-30T14:15:29","guid":{"rendered":"https:\/\/www.v-label.com\/cosmetics\/"},"modified":"2026-02-02T14:39:54","modified_gmt":"2026-02-02T13:39:54","slug":"kosmetik-und-drogerie","status":"publish","type":"page","link":"https:\/\/www.v-label.com\/de\/allgemeine-informationen\/kosmetik-und-drogerie\/","title":{"rendered":"Kosmetik und Drogerie"},"content":{"rendered":"\n<p>F\u00fcr Verbraucher:innen werden die Themen Gesundheit, Sicherheit und Nachhaltigkeit immer wichtiger. Auch Essgewohnheiten haben einen deutlichen Einfluss auf das Kaufverhalten in Bezug auf Kosmetikprodukte. So steigt mit dem wachsenden Markt f\u00fcr vegane und vegetarische Lebensmittel auch das Interesse von Verbraucher:innen an pflanzlicher Kosmetik und Sch\u00f6nheitspflege.<\/p>\n\n\n\n<figure class=\"wp-block-image aligncenter size-large is-resized caption-align-right\"><img decoding=\"async\" width=\"1024\" height=\"655\" src=\"https:\/\/www.v-label.com\/wp-content\/uploads\/2023\/11\/screenshot-2023-11-17-at-151023-1024x655.jpg\" alt=\"\" class=\"wp-image-70640\" style=\"width:538px;height:auto\" srcset=\"https:\/\/www.v-label.com\/wp-content\/uploads\/2023\/11\/screenshot-2023-11-17-at-151023-1024x655.jpg 1024w, https:\/\/www.v-label.com\/wp-content\/uploads\/2023\/11\/screenshot-2023-11-17-at-151023-300x192.jpg 300w, https:\/\/www.v-label.com\/wp-content\/uploads\/2023\/11\/screenshot-2023-11-17-at-151023-500x320.jpg 500w, https:\/\/www.v-label.com\/wp-content\/uploads\/2023\/11\/screenshot-2023-11-17-at-151023-768x491.jpg 768w, https:\/\/www.v-label.com\/wp-content\/uploads\/2023\/11\/screenshot-2023-11-17-at-151023-1536x982.jpg 1536w, https:\/\/www.v-label.com\/wp-content\/uploads\/2023\/11\/screenshot-2023-11-17-at-151023.jpg 2000w\" sizes=\"(max-width: 1024px) 100vw, 1024px\" \/><\/figure>\n\n\n\n<p class=\"has-text-align-center has-greendark-color has-text-color has-link-color has-small-font-size wp-elements-bc0f74d42565c4572878fc978ef5c0f2\"><em>Vegan Cosmetics Market Size, Share &amp; Trend Analysis Report 2022<br>Global Vegan Cosmetics Industry Market Report 2022<\/em><\/p>\n\n\n\n<p>Der globale Markt f\u00fcr vegane Kosmetik wird laut dem Vegan Cosmetics Market Size, Share &amp; Trends Analysis Report von 2018 bis zum Jahr 2025 voraussichtlich 20,8 Milliarden US-Dollar erreichen. Das entspricht einer Wachstumsrate von 6,3 % pro Jahr.<\/p>\n\n\n\n<p>Auf Kosmetikprodukten ist oftmals nicht ausreichend ersichtlich, ob die Inhaltsstoffe aus tierischen Quellen stammen oder mithilfe von Tierversuchen getestet wurden. Genauso verh\u00e4lt es sich bei Drogerieartikeln &#8211; wenn die Inhaltsstoffe \u00fcberhaupt angegeben werden. Das V-Label sorgt f\u00fcr Klarheit bei veganen Produkten dieser Art.<\/p>\n\n\n\n<div class=\"wp-block-media-text is-stacked-on-mobile\" style=\"grid-template-columns:40% auto\"><figure class=\"wp-block-media-text__media\"><img decoding=\"async\" width=\"1024\" height=\"684\" src=\"https:\/\/www.v-label.com\/wp-content\/uploads\/2025\/06\/1-produktefotografie-2024-drogerieprodukte-kosmetikprodukte-1-1024x684.jpg\" alt=\"\" class=\"wp-image-97548 size-full\" srcset=\"https:\/\/www.v-label.com\/wp-content\/uploads\/2025\/06\/1-produktefotografie-2024-drogerieprodukte-kosmetikprodukte-1-1024x684.jpg 1024w, https:\/\/www.v-label.com\/wp-content\/uploads\/2025\/06\/1-produktefotografie-2024-drogerieprodukte-kosmetikprodukte-1-300x200.jpg 300w, https:\/\/www.v-label.com\/wp-content\/uploads\/2025\/06\/1-produktefotografie-2024-drogerieprodukte-kosmetikprodukte-1-500x334.jpg 500w, https:\/\/www.v-label.com\/wp-content\/uploads\/2025\/06\/1-produktefotografie-2024-drogerieprodukte-kosmetikprodukte-1-768x513.jpg 768w, https:\/\/www.v-label.com\/wp-content\/uploads\/2025\/06\/1-produktefotografie-2024-drogerieprodukte-kosmetikprodukte-1-1536x1025.jpg 1536w, https:\/\/www.v-label.com\/wp-content\/uploads\/2025\/06\/1-produktefotografie-2024-drogerieprodukte-kosmetikprodukte-1.jpg 2000w\" sizes=\"(max-width: 1024px) 100vw, 1024px\" \/><\/figure><div class=\"wp-block-media-text__content\">\n<p>Mit dem V-Label k\u00f6nnen Produkte der Sch\u00f6nheits- und K\u00f6rperpflege klar als \u201cvegan\u201d oder \u201cvegetarisch\u201d gekennzeichnet werden. Auch die V-Label-Lizenzierung von veganen Drogerieartikeln wie Wasch-, Putz- und Reinigungsmitteln ist m\u00f6glich.<\/p>\n<\/div><\/div>\n\n\n\n<h2 class=\"wp-block-heading\"><strong><strong>Entdecken Sie die Vielfalt: Das V-Label ist in mehreren Farbvarianten m\u00f6glich<\/strong><\/strong><\/h2>\n\n\n\n<p>Neben der klassisch gelb-gr\u00fcnen Farbe kann das V-Label auch in schwarz-wei\u00dfer Version verwendet werden. Die schwarze Farbe kann auch durch eine beliebige andere Farbe und die wei\u00dfe F\u00fcllung durch die Farbe des Hintergrundes ersetzt werden.&nbsp;<\/p>\n\n\n\n<p>Hier sehen Sie einige Beispiele. Bitte beachten Sie, dass das V-Label erst nach erfolgreicher Pr\u00fcfung und Lizenzierung verwendet werden darf.<\/p>\n\n\n\r\n<section id=\"carousel-block_27fb4c929aea59f336b0f80397f4ea6d\" class=\"carousel-block_27fb4c929aea59f336b0f80397f4ea6d wp-block-carousel\">\r\n    <ul class=\"posts_list_carousel\" data-slick='{\"slidesToShow\": 4, \"slidesToScroll\": 4, \"autoplay\": 1, \"autoplaySpeed\": 3000, \"infinite\": 1, \"speed\": 3000}'>\r\n                    <li><img decoding=\"async\" src=\"https:\/\/www.v-label.com\/wp-content\/uploads\/2023\/11\/v-label-vegan-color.png\" alt=\"V-Label_Vegan_Color\" \/><\/li>\r\n                    <li><img decoding=\"async\" src=\"https:\/\/www.v-label.com\/wp-content\/uploads\/2023\/11\/v-label-vegan-bw.png\" alt=\"V-Label_Vegan_BW\" \/><\/li>\r\n                    <li><img decoding=\"async\" src=\"https:\/\/www.v-label.com\/wp-content\/uploads\/2023\/11\/v-label-vegan-bw-yellow.png\" alt=\"V-Label_Vegan_BW_Yellow\" \/><\/li>\r\n                    <li><img decoding=\"async\" src=\"https:\/\/www.v-label.com\/wp-content\/uploads\/2023\/11\/v-label-vegan-bw-orange.png\" alt=\"V-Label_Vegan_BW_Orange\" \/><\/li>\r\n                    <li><img decoding=\"async\" src=\"https:\/\/www.v-label.com\/wp-content\/uploads\/2023\/11\/v-label-vegan-bw-pink.png\" alt=\"V-Label_Vegan_BW_Pink\" \/><\/li>\r\n                    <li><img decoding=\"async\" src=\"https:\/\/www.v-label.com\/wp-content\/uploads\/2023\/11\/v-label-vegan-bw-purple.png\" alt=\"V-Label_Vegan_BW_Purple\" \/><\/li>\r\n                    <li><img decoding=\"async\" src=\"https:\/\/www.v-label.com\/wp-content\/uploads\/2023\/11\/v-label-vegan-bw-green.png\" alt=\"V-Label_Vegan_BW_Green\" \/><\/li>\r\n                    <li><img decoding=\"async\" src=\"https:\/\/www.v-label.com\/wp-content\/uploads\/2023\/11\/v-label-vegan-bw-blue.png\" alt=\"V-Label_Vegan_BW_Blue\" \/><\/li>\r\n            <\/ul>\r\n<\/section>\n\n\n<p>Laut dem G\u00fctesiegel Monitor 2023 bevorzugen 50 % der Kund:innen Produkte mit einem Siegel. Vor allem solche, die von unabh\u00e4ngigen Organisationen vergeben werden, werden als vertrauensw\u00fcrdig angesehen. Laut den Ergebnissen des G\u00fctesiegel Monitors 2023 wird dem V-Label unter Kenner:innen das gr\u00f6\u00dfte Vertrauen entgegengebracht.<\/p>\n\n\n\n<h2 class=\"wp-block-heading\"><strong>Eine Auswahl von Kosmetikunternehmen, die uns vertrauen:<\/strong><\/h2>\n\n\n\r\n<section id=\"carousel-block_e7b8d9453fc198eb00a10236af7c80b7\" class=\"carousel-block_e7b8d9453fc198eb00a10236af7c80b7 wp-block-carousel\">\r\n    <ul class=\"posts_list_carousel\" data-slick='{\"slidesToShow\": 4, \"slidesToScroll\": 4, \"autoplay\": 1, \"autoplaySpeed\": 3000, \"infinite\": 1, \"speed\": 3000}'>\r\n                    <li><img decoding=\"async\" src=\"https:\/\/www.v-label.com\/wp-content\/uploads\/2023\/11\/01-prokos-logo-f-wkarte.jpg\" alt=\"01_prokos_Logo_f_WKarte\" \/><\/li>\r\n                    <li><img decoding=\"async\" src=\"https:\/\/www.v-label.com\/wp-content\/uploads\/2023\/11\/livondo-logo.png\" alt=\"Livondo Logo\" \/><\/li>\r\n                    <li><img decoding=\"async\" src=\"https:\/\/www.v-label.com\/wp-content\/uploads\/2023\/11\/happybrush-logo-mint.png\" alt=\"happybrush Logo_mint\" \/><\/li>\r\n                    <li><img decoding=\"async\" src=\"https:\/\/www.v-label.com\/wp-content\/uploads\/2023\/11\/eck-rgb-1000pix.png\" alt=\"ECK_RGB_1000Pix\" \/><\/li>\r\n            <\/ul>\r\n<\/section>\n\n\n<h2 class=\"wp-block-heading\"><strong>Ablauf der V-Label-Lizenzierung<\/strong><\/h2>\n\n\n\n<p>Der Lizenzierungsprozess ist in vier Schritte gegliedert. Nachdem alle Dokumente eingereicht wurden, erfolgt die Pr\u00fcfung aller Produktangaben und der Produktverpackung-Layouts durch den Lizenzgeber. Nach gr\u00fcndlicher und erfolgreicher Pr\u00fcfung wird die V-Label-Lizenz vergeben. Nachgelagert erfolgt eine Inspektion.<\/p>\n\n\n\n<figure class=\"wp-block-image aligncenter size-full\"><img decoding=\"async\" width=\"960\" height=\"540\" src=\"https:\/\/www.v-label.com\/wp-content\/uploads\/2024\/06\/2023-06-20-angebot-ablauf-entwurf-copy-5pptx.png\" alt=\"\" class=\"wp-image-80637\" srcset=\"https:\/\/www.v-label.com\/wp-content\/uploads\/2024\/06\/2023-06-20-angebot-ablauf-entwurf-copy-5pptx.png 960w, https:\/\/www.v-label.com\/wp-content\/uploads\/2024\/06\/2023-06-20-angebot-ablauf-entwurf-copy-5pptx-300x169.png 300w, https:\/\/www.v-label.com\/wp-content\/uploads\/2024\/06\/2023-06-20-angebot-ablauf-entwurf-copy-5pptx-500x281.png 500w, https:\/\/www.v-label.com\/wp-content\/uploads\/2024\/06\/2023-06-20-angebot-ablauf-entwurf-copy-5pptx-768x432.png 768w\" sizes=\"(max-width: 960px) 100vw, 960px\" \/><\/figure>\n\n\n\n<div class=\"wp-block-buttons is-content-justification-center is-layout-flex wp-container-core-buttons-is-layout-16018d1d wp-block-buttons-is-layout-flex\">\n<div class=\"wp-block-button\"><a class=\"wp-block-button__link wp-element-button\" href=\"https:\/\/www.v-label.com\/de\/faqs\/\" target=\"_blank\" rel=\"noreferrer noopener\">Hier geht es zu unseren FAQ<\/a><\/div>\n<\/div>\n\n\n\n<h2 class=\"wp-block-heading\">V-Label Lizenznehmer werden<\/h2>\n\n\n\n<p>Schaffen Sie sich mit dem V-Label auf Ihren veganen Kosmetik- und Drogerieprodukten einen klaren Wettbewerbsvorteil auf einem der wachstumsreichsten M\u00e4rkte.<\/p>\n\n\n\n<div class=\"wp-block-buttons is-content-justification-center is-layout-flex wp-container-core-buttons-is-layout-16018d1d wp-block-buttons-is-layout-flex\">\n<div class=\"wp-block-button\"><a class=\"wp-block-button__link wp-element-button\" href=\"https:\/\/www.v-label.com\/de\/angebot-anfordern\/\" target=\"_blank\" rel=\"noreferrer noopener\">Angebot jetzt anfordern<\/a><\/div>\n<\/div>\n\n\n\r\n<section id=\"cta-block_83b2603b6eb746ad19b27c42849c5b2d\" class=\"wp-block-cta alignfull aligncenter\" style=\"background-image: url(https:\/\/www.v-label.com\/wp-content\/uploads\/2022\/09\/cta-kontakt2.jpeg);\">\r\n\t<div class=\"row\">\r\n\t\t<div class=\"medium-8 medium-centered column\">\r\n\t\t\t\t\t\t\t<h2>Kontaktieren Sie uns!<\/h2>\r\n\t\t\t\t\t\t\t\t\t\t<p><p>Ob Sie an einem Angebot interessiert sind oder allgemeine Fragen zum V-Label haben, z\u00f6gern Sie nicht, uns zu kontaktieren! Wir freuen uns von Ihnen zu h\u00f6ren.<\/p>\n<\/p>\r\n\t\t\t\r\n\t\t\t<div class=\"wp-block-buttons\">\r\n\t\t\t\t\t\t\t\t\t\t<a href=\"&#x6d;a&#x69;&#108;&#x74;&#111;:&#x6e;o&#x6e;&#102;&#x6f;&#111;d&#x2d;&#118;&#x6c;&#97;b&#x65;l&#x40;&#112;&#x72;&#111;v&#x65;g&#x2e;&#111;&#x72;&#x67;\" class=\"wp-block-button__link\">Pers\u00f6nliches Gespr\u00e4ch vereinbaren<\/a>\r\n\t\t\t\t\t\t\t\t\t\t\t\t<\/div>\r\n\r\n\t\t<\/div>\r\n\t<\/div>\r\n<\/section>","protected":false},"excerpt":{"rendered":"<p>F\u00fcr Verbraucher:innen werden die Themen Gesundheit, Sicherheit und Nachhaltigkeit immer wichtiger. Auch Essgewohnheiten haben einen deutlichen Einfluss auf das Kaufverhalten in Bezug auf Kosmetikprodukte. So steigt mit dem wachsenden Markt f\u00fcr vegane und vegetarische Lebensmittel auch das Interesse von Verbraucher:innen an pflanzlicher Kosmetik und Sch\u00f6nheitspflege. Vegan Cosmetics Market Size, Share &amp; Trend Analysis Report 2022Global [&hellip;]<\/p>\n","protected":false},"author":5,"featured_media":97713,"parent":507,"menu_order":0,"comment_status":"closed","ping_status":"closed","template":"","meta":{"_acf_changed":false,"_editorskit_title_hidden":false,"_editorskit_reading_time":0,"_editorskit_is_block_options_detached":false,"_editorskit_block_options_position":"{}","inline_featured_image":false,"_uag_custom_page_level_css":"","footnotes":""},"categories":[],"tags":[],"class_list":["post-501","page","type-page","status-publish","has-post-thumbnail","hentry"],"acf":[],"uagb_featured_image_src":{"full":["https:\/\/www.v-label.com\/wp-content\/uploads\/2025\/06\/cosmetics-1280.jpg",1280,868,false],"thumbnail":["https:\/\/www.v-label.com\/wp-content\/uploads\/2025\/06\/cosmetics-1280-500x339.jpg",500,339,true],"medium":["https:\/\/www.v-label.com\/wp-content\/uploads\/2025\/06\/cosmetics-1280-300x203.jpg",300,203,true],"medium_large":["https:\/\/www.v-label.com\/wp-content\/uploads\/2025\/06\/cosmetics-1280-768x521.jpg",768,521,true],"large":["https:\/\/www.v-label.com\/wp-content\/uploads\/2025\/06\/cosmetics-1280-1024x694.jpg",1024,694,true],"1536x1536":["https:\/\/www.v-label.com\/wp-content\/uploads\/2025\/06\/cosmetics-1280.jpg",1280,868,false],"2048x2048":["https:\/\/www.v-label.com\/wp-content\/uploads\/2025\/06\/cosmetics-1280.jpg",1280,868,false],"preview":["https:\/\/www.v-label.com\/wp-content\/uploads\/2025\/06\/cosmetics-1280-904x720.jpg",904,720,true],"header":["https:\/\/www.v-label.com\/wp-content\/uploads\/2025\/06\/cosmetics-1280-1280x720.jpg",1280,720,true],"gform-image-choice-sm":["https:\/\/www.v-label.com\/wp-content\/uploads\/2025\/06\/cosmetics-1280.jpg",300,203,false],"gform-image-choice-md":["https:\/\/www.v-label.com\/wp-content\/uploads\/2025\/06\/cosmetics-1280.jpg",400,271,false],"gform-image-choice-lg":["https:\/\/www.v-label.com\/wp-content\/uploads\/2025\/06\/cosmetics-1280.jpg",600,407,false]},"uagb_author_info":{"display_name":"Can Aslan","author_link":"https:\/\/www.v-label.com\/de"},"uagb_comment_info":0,"uagb_excerpt":"F\u00fcr Verbraucher:innen werden die Themen Gesundheit, Sicherheit und Nachhaltigkeit immer wichtiger. Auch Essgewohnheiten haben einen deutlichen Einfluss auf das Kaufverhalten in Bezug auf Kosmetikprodukte. So steigt mit dem wachsenden Markt f\u00fcr vegane und vegetarische Lebensmittel auch das Interesse von Verbraucher:innen an pflanzlicher Kosmetik und Sch\u00f6nheitspflege. Vegan Cosmetics Market Size, Share &amp; Trend Analysis Report 2022Global&hellip;","_links":{"self":[{"href":"https:\/\/www.v-label.com\/de\/wp-json\/wp\/v2\/pages\/501","targetHints":{"allow":["GET"]}}],"collection":[{"href":"https:\/\/www.v-label.com\/de\/wp-json\/wp\/v2\/pages"}],"about":[{"href":"https:\/\/www.v-label.com\/de\/wp-json\/wp\/v2\/types\/page"}],"author":[{"embeddable":true,"href":"https:\/\/www.v-label.com\/de\/wp-json\/wp\/v2\/users\/5"}],"replies":[{"embeddable":true,"href":"https:\/\/www.v-label.com\/de\/wp-json\/wp\/v2\/comments?post=501"}],"version-history":[{"count":21,"href":"https:\/\/www.v-label.com\/de\/wp-json\/wp\/v2\/pages\/501\/revisions"}],"predecessor-version":[{"id":112046,"href":"https:\/\/www.v-label.com\/de\/wp-json\/wp\/v2\/pages\/501\/revisions\/112046"}],"up":[{"embeddable":true,"href":"https:\/\/www.v-label.com\/de\/wp-json\/wp\/v2\/pages\/507"}],"wp:featuredmedia":[{"embeddable":true,"href":"https:\/\/www.v-label.com\/de\/wp-json\/wp\/v2\/media\/97713"}],"wp:attachment":[{"href":"https:\/\/www.v-label.com\/de\/wp-json\/wp\/v2\/media?parent=501"}],"wp:term":[{"taxonomy":"category","embeddable":true,"href":"https:\/\/www.v-label.com\/de\/wp-json\/wp\/v2\/categories?post=501"},{"taxonomy":"post_tag","embeddable":true,"href":"https:\/\/www.v-label.com\/de\/wp-json\/wp\/v2\/tags?post=501"}],"curies":[{"name":"wp","href":"https:\/\/api.w.org\/{rel}","templated":true}]}}