{"id":506,"date":"2022-05-30T16:15:11","date_gmt":"2022-05-30T14:15:11","guid":{"rendered":"https:\/\/www.v-label.com\/food\/"},"modified":"2024-02-28T13:41:21","modified_gmt":"2024-02-28T12:41:21","slug":"lebensmittel","status":"publish","type":"page","link":"https:\/\/www.v-label.com\/de\/allgemeine-informationen\/lebensmittel\/","title":{"rendered":"Lebensmittel"},"content":{"rendered":"\n<p>Der globale Markt f\u00fcr pflanzliche Produkte, insbesondere Lebensmittel und Zutaten w\u00e4chst seit vielen Jahren. Laut Euromonitor International wird dieser zwischen 2019 und 2025 j\u00e4hrlich um rund 9% ansteigen. Der Umsatz betrug im Jahr 2018 etwa 10,66 Milliarden US-Dollar und wird voraussichtlich bis 2027 auf 27,98 Milliarden US-Dollar ansteigen.<\/p>\n\n\n\n<p>Immer mehr Konsument:innen entscheiden sich aus \u00f6kologischen, gesundheitlichen, religi\u00f6sen oder ethischen Gr\u00fcnden f\u00fcr eine fleischreduzierte oder vegan-vegetarische Lebensweise. In Deutschland leben laut Sch\u00e4tzung von ProVeg mittlerweile rund 7,8 Millionen Vegetarier:innen, 1,3 Millionen Veganer:innen und \u00fcber 42 Millionen Flexitarier:innen.<\/p>\n\n\n\n<p>Verbraucher:innen fordern zunehmend Transparenz bei der Kennzeichnung von veganen und vegetarischen Produkten. Das V-Label ist laut dem G\u00fctesiegel Monitor 2023 das vertrauensw\u00fcrdigste Lebensmittelsiegel in Deutschland. Eine unabh\u00e4ngige Lizenzierung schafft bei Konsument:innen mehr Vertrauen als eine Auslobung mit eigener Kennzeichnungen durch die Produzent:innen.<\/p>\n\n\n\n<div class=\"wp-block-buttons is-content-justification-center is-layout-flex wp-container-core-buttons-is-layout-16018d1d wp-block-buttons-is-layout-flex\">\n<div class=\"wp-block-button\"><a class=\"wp-block-button__link wp-element-button\" href=\"https:\/\/www.v-label.com\/de\/angebot-anfordern\/\">Angebot anfordern<\/a><\/div>\n<\/div>\n\n\n\n<h3 class=\"wp-block-heading\">Unternehmen, die uns vertrauen:<\/h3>\n\n\n\n<div class=\"wp-block-columns are-vertically-aligned-center is-layout-flex wp-container-core-columns-is-layout-9d6595d7 wp-block-columns-is-layout-flex\">\n<div class=\"wp-block-column is-vertically-aligned-center is-layout-flow wp-block-column-is-layout-flow\">\n<figure class=\"wp-block-image aligncenter size-full\"><img decoding=\"async\" width=\"562\" height=\"589\" src=\"https:\/\/www.v-label.com\/wp-content\/uploads\/2023\/06\/aldi-nord-logo.jpg\" alt=\"\" class=\"wp-image-57757\" srcset=\"https:\/\/www.v-label.com\/wp-content\/uploads\/2023\/06\/aldi-nord-logo.jpg 562w, https:\/\/www.v-label.com\/wp-content\/uploads\/2023\/06\/aldi-nord-logo-286x300.jpg 286w, https:\/\/www.v-label.com\/wp-content\/uploads\/2023\/06\/aldi-nord-logo-477x500.jpg 477w\" sizes=\"(max-width: 562px) 100vw, 562px\" \/><\/figure>\n<\/div>\n\n\n\n<div class=\"wp-block-column is-vertically-aligned-center is-layout-flow wp-block-column-is-layout-flow\">\n<figure class=\"wp-block-image aligncenter size-large\"><img decoding=\"async\" width=\"1024\" height=\"901\" src=\"https:\/\/www.v-label.com\/wp-content\/uploads\/2023\/06\/00002-0000188544-dmbio-logo-formalternative-maxi-4c-02-1024x901.png\" alt=\"\" class=\"wp-image-57649\" srcset=\"https:\/\/www.v-label.com\/wp-content\/uploads\/2023\/06\/00002-0000188544-dmbio-logo-formalternative-maxi-4c-02-1024x901.png 1024w, https:\/\/www.v-label.com\/wp-content\/uploads\/2023\/06\/00002-0000188544-dmbio-logo-formalternative-maxi-4c-02-300x264.png 300w, https:\/\/www.v-label.com\/wp-content\/uploads\/2023\/06\/00002-0000188544-dmbio-logo-formalternative-maxi-4c-02-500x440.png 500w, https:\/\/www.v-label.com\/wp-content\/uploads\/2023\/06\/00002-0000188544-dmbio-logo-formalternative-maxi-4c-02-768x676.png 768w, https:\/\/www.v-label.com\/wp-content\/uploads\/2023\/06\/00002-0000188544-dmbio-logo-formalternative-maxi-4c-02.png 1182w\" sizes=\"(max-width: 1024px) 100vw, 1024px\" \/><\/figure>\n<\/div>\n\n\n\n<div class=\"wp-block-column is-vertically-aligned-center is-layout-flow wp-block-column-is-layout-flow\">\n<figure class=\"wp-block-image aligncenter size-full\"><img decoding=\"async\" width=\"657\" height=\"781\" src=\"https:\/\/www.v-label.com\/wp-content\/uploads\/2023\/06\/wci-edeka-werbung-3d-logo-50mm.png\" alt=\"\" class=\"wp-image-58369\" srcset=\"https:\/\/www.v-label.com\/wp-content\/uploads\/2023\/06\/wci-edeka-werbung-3d-logo-50mm.png 657w, https:\/\/www.v-label.com\/wp-content\/uploads\/2023\/06\/wci-edeka-werbung-3d-logo-50mm-252x300.png 252w, https:\/\/www.v-label.com\/wp-content\/uploads\/2023\/06\/wci-edeka-werbung-3d-logo-50mm-421x500.png 421w\" sizes=\"(max-width: 657px) 100vw, 657px\" \/><\/figure>\n<\/div>\n\n\n\n<div class=\"wp-block-column is-vertically-aligned-center is-layout-flow wp-block-column-is-layout-flow\">\n<figure class=\"wp-block-image aligncenter size-large\"><img decoding=\"async\" width=\"1024\" height=\"1024\" src=\"https:\/\/www.v-label.com\/wp-content\/uploads\/2023\/06\/kl-standard-srgb2-1024x1024.png\" alt=\"\" class=\"wp-image-58406\" srcset=\"https:\/\/www.v-label.com\/wp-content\/uploads\/2023\/06\/kl-standard-srgb2-1024x1024.png 1024w, https:\/\/www.v-label.com\/wp-content\/uploads\/2023\/06\/kl-standard-srgb2-300x300.png 300w, https:\/\/www.v-label.com\/wp-content\/uploads\/2023\/06\/kl-standard-srgb2-500x500.png 500w, https:\/\/www.v-label.com\/wp-content\/uploads\/2023\/06\/kl-standard-srgb2-768x768.png 768w, https:\/\/www.v-label.com\/wp-content\/uploads\/2023\/06\/kl-standard-srgb2-1536x1536.png 1536w, https:\/\/www.v-label.com\/wp-content\/uploads\/2023\/06\/kl-standard-srgb2.png 2000w\" sizes=\"(max-width: 1024px) 100vw, 1024px\" \/><\/figure>\n<\/div>\n\n\n\n<div class=\"wp-block-column is-vertically-aligned-center is-layout-flow wp-block-column-is-layout-flow\">\n<figure class=\"wp-block-image aligncenter size-large\"><img decoding=\"async\" width=\"1024\" height=\"1024\" src=\"https:\/\/www.v-label.com\/wp-content\/uploads\/2023\/06\/lidl-logo-basis-1150x1150px-rgb-72dpi-1024x1024.png\" alt=\"\" class=\"wp-image-57937\" srcset=\"https:\/\/www.v-label.com\/wp-content\/uploads\/2023\/06\/lidl-logo-basis-1150x1150px-rgb-72dpi-1024x1024.png 1024w, https:\/\/www.v-label.com\/wp-content\/uploads\/2023\/06\/lidl-logo-basis-1150x1150px-rgb-72dpi-300x300.png 300w, https:\/\/www.v-label.com\/wp-content\/uploads\/2023\/06\/lidl-logo-basis-1150x1150px-rgb-72dpi-500x500.png 500w, https:\/\/www.v-label.com\/wp-content\/uploads\/2023\/06\/lidl-logo-basis-1150x1150px-rgb-72dpi-768x768.png 768w, https:\/\/www.v-label.com\/wp-content\/uploads\/2023\/06\/lidl-logo-basis-1150x1150px-rgb-72dpi.png 1150w\" sizes=\"(max-width: 1024px) 100vw, 1024px\" \/><\/figure>\n<\/div>\n\n\n\n<div class=\"wp-block-column is-vertically-aligned-center is-layout-flow wp-block-column-is-layout-flow\">\n<figure class=\"wp-block-image aligncenter size-large\"><img decoding=\"async\" width=\"1024\" height=\"563\" src=\"https:\/\/www.v-label.com\/wp-content\/uploads\/2023\/06\/netto-logo-auf-gelb-1024x563.png\" alt=\"\" class=\"wp-image-58153\" srcset=\"https:\/\/www.v-label.com\/wp-content\/uploads\/2023\/06\/netto-logo-auf-gelb-1024x563.png 1024w, https:\/\/www.v-label.com\/wp-content\/uploads\/2023\/06\/netto-logo-auf-gelb-300x165.png 300w, https:\/\/www.v-label.com\/wp-content\/uploads\/2023\/06\/netto-logo-auf-gelb-500x275.png 500w, https:\/\/www.v-label.com\/wp-content\/uploads\/2023\/06\/netto-logo-auf-gelb-768x422.png 768w, https:\/\/www.v-label.com\/wp-content\/uploads\/2023\/06\/netto-logo-auf-gelb-1536x844.png 1536w, https:\/\/www.v-label.com\/wp-content\/uploads\/2023\/06\/netto-logo-auf-gelb-2048x1125.png 2048w\" sizes=\"(max-width: 1024px) 100vw, 1024px\" \/><\/figure>\n<\/div>\n<\/div>\n\n\n\n<div class=\"wp-block-columns are-vertically-aligned-center is-layout-flex wp-container-core-columns-is-layout-9d6595d7 wp-block-columns-is-layout-flex\">\n<div class=\"wp-block-column is-vertically-aligned-center is-layout-flow wp-block-column-is-layout-flow\">\n<figure class=\"wp-block-image aligncenter size-full\"><img decoding=\"async\" width=\"817\" height=\"264\" src=\"https:\/\/www.v-label.com\/wp-content\/uploads\/2023\/06\/norma-logo.png\" alt=\"\" class=\"wp-image-58225\" srcset=\"https:\/\/www.v-label.com\/wp-content\/uploads\/2023\/06\/norma-logo.png 817w, https:\/\/www.v-label.com\/wp-content\/uploads\/2023\/06\/norma-logo-300x97.png 300w, https:\/\/www.v-label.com\/wp-content\/uploads\/2023\/06\/norma-logo-500x162.png 500w, https:\/\/www.v-label.com\/wp-content\/uploads\/2023\/06\/norma-logo-768x248.png 768w\" sizes=\"(max-width: 817px) 100vw, 817px\" \/><\/figure>\n<\/div>\n\n\n\n<div class=\"wp-block-column is-vertically-aligned-center is-layout-flow wp-block-column-is-layout-flow\">\n<figure class=\"wp-block-image aligncenter size-full\"><img decoding=\"async\" width=\"378\" height=\"378\" src=\"https:\/\/www.v-label.com\/wp-content\/uploads\/2023\/06\/penny-logo-p1797c-yellow.jpg\" alt=\"\" class=\"wp-image-58261\" srcset=\"https:\/\/www.v-label.com\/wp-content\/uploads\/2023\/06\/penny-logo-p1797c-yellow.jpg 378w, https:\/\/www.v-label.com\/wp-content\/uploads\/2023\/06\/penny-logo-p1797c-yellow-300x300.jpg 300w\" sizes=\"(max-width: 378px) 100vw, 378px\" \/><\/figure>\n<\/div>\n\n\n\n<div class=\"wp-block-column is-vertically-aligned-center is-layout-flow wp-block-column-is-layout-flow\">\n<figure class=\"wp-block-image aligncenter size-large\"><img decoding=\"async\" width=\"1024\" height=\"240\" src=\"https:\/\/www.v-label.com\/wp-content\/uploads\/2023\/06\/greenforce-logo-dark-green-1024x240.png\" alt=\"\" class=\"wp-image-57865\" srcset=\"https:\/\/www.v-label.com\/wp-content\/uploads\/2023\/06\/greenforce-logo-dark-green-1024x240.png 1024w, https:\/\/www.v-label.com\/wp-content\/uploads\/2023\/06\/greenforce-logo-dark-green-300x70.png 300w, https:\/\/www.v-label.com\/wp-content\/uploads\/2023\/06\/greenforce-logo-dark-green-500x117.png 500w, https:\/\/www.v-label.com\/wp-content\/uploads\/2023\/06\/greenforce-logo-dark-green-768x180.png 768w, https:\/\/www.v-label.com\/wp-content\/uploads\/2023\/06\/greenforce-logo-dark-green-1536x360.png 1536w, https:\/\/www.v-label.com\/wp-content\/uploads\/2023\/06\/greenforce-logo-dark-green-2048x481.png 2048w\" sizes=\"(max-width: 1024px) 100vw, 1024px\" \/><\/figure>\n<\/div>\n\n\n\n<div class=\"wp-block-column is-vertically-aligned-center is-layout-flow wp-block-column-is-layout-flow\">\n<figure class=\"wp-block-image aligncenter size-full\"><img decoding=\"async\" width=\"1023\" height=\"372\" src=\"https:\/\/www.v-label.com\/wp-content\/uploads\/2023\/06\/ruemue-logo-rgb.png\" alt=\"\" class=\"wp-image-58297\" srcset=\"https:\/\/www.v-label.com\/wp-content\/uploads\/2023\/06\/ruemue-logo-rgb.png 1023w, https:\/\/www.v-label.com\/wp-content\/uploads\/2023\/06\/ruemue-logo-rgb-300x109.png 300w, https:\/\/www.v-label.com\/wp-content\/uploads\/2023\/06\/ruemue-logo-rgb-500x182.png 500w, https:\/\/www.v-label.com\/wp-content\/uploads\/2023\/06\/ruemue-logo-rgb-768x279.png 768w\" sizes=\"(max-width: 1023px) 100vw, 1023px\" \/><\/figure>\n<\/div>\n\n\n\n<div class=\"wp-block-column is-vertically-aligned-center is-layout-flow wp-block-column-is-layout-flow\">\n<figure class=\"wp-block-image aligncenter size-large\"><img decoding=\"async\" width=\"1024\" height=\"675\" src=\"https:\/\/www.v-label.com\/wp-content\/uploads\/2023\/06\/logo-dr-oetker-hintergrundtransparenz-1024x675.png\" alt=\"\" class=\"wp-image-57973\" srcset=\"https:\/\/www.v-label.com\/wp-content\/uploads\/2023\/06\/logo-dr-oetker-hintergrundtransparenz-1024x675.png 1024w, https:\/\/www.v-label.com\/wp-content\/uploads\/2023\/06\/logo-dr-oetker-hintergrundtransparenz-300x198.png 300w, https:\/\/www.v-label.com\/wp-content\/uploads\/2023\/06\/logo-dr-oetker-hintergrundtransparenz-500x330.png 500w, https:\/\/www.v-label.com\/wp-content\/uploads\/2023\/06\/logo-dr-oetker-hintergrundtransparenz-768x506.png 768w, https:\/\/www.v-label.com\/wp-content\/uploads\/2023\/06\/logo-dr-oetker-hintergrundtransparenz.png 1183w\" sizes=\"(max-width: 1024px) 100vw, 1024px\" \/><\/figure>\n<\/div>\n<\/div>\n\n\n\n<div class=\"wp-block-columns are-vertically-aligned-center is-layout-flex wp-container-core-columns-is-layout-9d6595d7 wp-block-columns-is-layout-flex\">\n<div class=\"wp-block-column is-vertically-aligned-center is-layout-flow wp-block-column-is-layout-flow\">\n<figure class=\"wp-block-image aligncenter size-large\"><img decoding=\"async\" width=\"1024\" height=\"499\" src=\"https:\/\/www.v-label.com\/wp-content\/uploads\/2023\/06\/2021-11-04-logo-veganer-flammkuchen-unbearbeitet-schwarz-1024x499.png\" alt=\"\" class=\"wp-image-57721\" srcset=\"https:\/\/www.v-label.com\/wp-content\/uploads\/2023\/06\/2021-11-04-logo-veganer-flammkuchen-unbearbeitet-schwarz-1024x499.png 1024w, https:\/\/www.v-label.com\/wp-content\/uploads\/2023\/06\/2021-11-04-logo-veganer-flammkuchen-unbearbeitet-schwarz-300x146.png 300w, https:\/\/www.v-label.com\/wp-content\/uploads\/2023\/06\/2021-11-04-logo-veganer-flammkuchen-unbearbeitet-schwarz-500x244.png 500w, https:\/\/www.v-label.com\/wp-content\/uploads\/2023\/06\/2021-11-04-logo-veganer-flammkuchen-unbearbeitet-schwarz-768x374.png 768w, https:\/\/www.v-label.com\/wp-content\/uploads\/2023\/06\/2021-11-04-logo-veganer-flammkuchen-unbearbeitet-schwarz-1536x749.png 1536w, https:\/\/www.v-label.com\/wp-content\/uploads\/2023\/06\/2021-11-04-logo-veganer-flammkuchen-unbearbeitet-schwarz.png 2000w\" sizes=\"(max-width: 1024px) 100vw, 1024px\" \/><\/figure>\n<\/div>\n\n\n\n<div class=\"wp-block-column is-vertically-aligned-center is-layout-flow wp-block-column-is-layout-flow\">\n<figure class=\"wp-block-image aligncenter size-large\"><img decoding=\"async\" width=\"1024\" height=\"349\" src=\"https:\/\/www.v-label.com\/wp-content\/uploads\/2023\/06\/katjes-herzlogo-180706-auf-pink-rund-1024x349.jpg\" alt=\"\" class=\"wp-image-57901\" srcset=\"https:\/\/www.v-label.com\/wp-content\/uploads\/2023\/06\/katjes-herzlogo-180706-auf-pink-rund-1024x349.jpg 1024w, https:\/\/www.v-label.com\/wp-content\/uploads\/2023\/06\/katjes-herzlogo-180706-auf-pink-rund-300x102.jpg 300w, https:\/\/www.v-label.com\/wp-content\/uploads\/2023\/06\/katjes-herzlogo-180706-auf-pink-rund-500x170.jpg 500w, https:\/\/www.v-label.com\/wp-content\/uploads\/2023\/06\/katjes-herzlogo-180706-auf-pink-rund-768x262.jpg 768w, https:\/\/www.v-label.com\/wp-content\/uploads\/2023\/06\/katjes-herzlogo-180706-auf-pink-rund.jpg 1455w\" sizes=\"(max-width: 1024px) 100vw, 1024px\" \/><\/figure>\n<\/div>\n\n\n\n<div class=\"wp-block-column is-vertically-aligned-center is-layout-flow wp-block-column-is-layout-flow\">\n<figure class=\"wp-block-image aligncenter size-full\"><img decoding=\"async\" width=\"118\" height=\"118\" src=\"https:\/\/www.v-label.com\/wp-content\/uploads\/2023\/06\/2019-ritter-sport-logo-rgb-png-custom-proxy.png\" alt=\"\" class=\"wp-image-57685\"\/><\/figure>\n<\/div>\n\n\n\n<div class=\"wp-block-column is-vertically-aligned-center is-layout-flow wp-block-column-is-layout-flow\">\n<figure class=\"wp-block-image aligncenter size-full is-resized\"><img decoding=\"async\" width=\"595\" height=\"370\" src=\"https:\/\/www.v-label.com\/wp-content\/uploads\/2023\/06\/trolli-logo-orange.png\" alt=\"\" class=\"wp-image-58333\" style=\"aspect-ratio:1.6081081081081081;width:133px;height:auto\" srcset=\"https:\/\/www.v-label.com\/wp-content\/uploads\/2023\/06\/trolli-logo-orange.png 595w, https:\/\/www.v-label.com\/wp-content\/uploads\/2023\/06\/trolli-logo-orange-300x187.png 300w, https:\/\/www.v-label.com\/wp-content\/uploads\/2023\/06\/trolli-logo-orange-500x311.png 500w\" sizes=\"(max-width: 595px) 100vw, 595px\" \/><\/figure>\n<\/div>\n<\/div>\n\n\n\n<div class=\"wp-block-columns are-vertically-aligned-center is-layout-flex wp-container-core-columns-is-layout-9d6595d7 wp-block-columns-is-layout-flex\">\n<div class=\"wp-block-column is-vertically-aligned-center is-layout-flow wp-block-column-is-layout-flow\">\n<figure class=\"wp-block-image aligncenter size-full\"><img decoding=\"async\" width=\"973\" height=\"516\" src=\"https:\/\/www.v-label.com\/wp-content\/uploads\/2023\/06\/natsu-logo-rgb-2017-foods.png\" alt=\"\" class=\"wp-image-58081\" srcset=\"https:\/\/www.v-label.com\/wp-content\/uploads\/2023\/06\/natsu-logo-rgb-2017-foods.png 973w, https:\/\/www.v-label.com\/wp-content\/uploads\/2023\/06\/natsu-logo-rgb-2017-foods-300x159.png 300w, https:\/\/www.v-label.com\/wp-content\/uploads\/2023\/06\/natsu-logo-rgb-2017-foods-500x265.png 500w, https:\/\/www.v-label.com\/wp-content\/uploads\/2023\/06\/natsu-logo-rgb-2017-foods-768x407.png 768w\" sizes=\"(max-width: 973px) 100vw, 973px\" \/><\/figure>\n<\/div>\n\n\n\n<div class=\"wp-block-column is-vertically-aligned-center is-layout-flow wp-block-column-is-layout-flow\">\n<figure class=\"wp-block-image aligncenter size-full\"><img decoding=\"async\" width=\"640\" height=\"229\" src=\"https:\/\/www.v-label.com\/wp-content\/uploads\/2023\/06\/bettafsh-logo-rgb-navy.png\" alt=\"\" class=\"wp-image-57793\" srcset=\"https:\/\/www.v-label.com\/wp-content\/uploads\/2023\/06\/bettafsh-logo-rgb-navy.png 640w, https:\/\/www.v-label.com\/wp-content\/uploads\/2023\/06\/bettafsh-logo-rgb-navy-300x107.png 300w, https:\/\/www.v-label.com\/wp-content\/uploads\/2023\/06\/bettafsh-logo-rgb-navy-500x179.png 500w\" sizes=\"(max-width: 640px) 100vw, 640px\" \/><\/figure>\n<\/div>\n\n\n\n<div class=\"wp-block-column is-vertically-aligned-center is-layout-flow wp-block-column-is-layout-flow\">\n<figure class=\"wp-block-image aligncenter size-large\"><img decoding=\"async\" width=\"1024\" height=\"657\" src=\"https:\/\/www.v-label.com\/wp-content\/uploads\/2023\/06\/noa-logo-mitclaim-neu-1024x657.png\" alt=\"\" class=\"wp-image-58189\" srcset=\"https:\/\/www.v-label.com\/wp-content\/uploads\/2023\/06\/noa-logo-mitclaim-neu-1024x657.png 1024w, https:\/\/www.v-label.com\/wp-content\/uploads\/2023\/06\/noa-logo-mitclaim-neu-300x193.png 300w, https:\/\/www.v-label.com\/wp-content\/uploads\/2023\/06\/noa-logo-mitclaim-neu-500x321.png 500w, https:\/\/www.v-label.com\/wp-content\/uploads\/2023\/06\/noa-logo-mitclaim-neu-768x493.png 768w, https:\/\/www.v-label.com\/wp-content\/uploads\/2023\/06\/noa-logo-mitclaim-neu-1536x986.png 1536w, https:\/\/www.v-label.com\/wp-content\/uploads\/2023\/06\/noa-logo-mitclaim-neu-2048x1314.png 2048w\" sizes=\"(max-width: 1024px) 100vw, 1024px\" \/><\/figure>\n<\/div>\n<\/div>\n","protected":false},"excerpt":{"rendered":"<p>Der globale Markt f\u00fcr pflanzliche Produkte, insbesondere Lebensmittel und Zutaten w\u00e4chst seit vielen Jahren. Laut Euromonitor International wird dieser zwischen 2019 und 2025 j\u00e4hrlich um rund 9% ansteigen. Der Umsatz betrug im Jahr 2018 etwa 10,66 Milliarden US-Dollar und wird voraussichtlich bis 2027 auf 27,98 Milliarden US-Dollar ansteigen. Immer mehr Konsument:innen entscheiden sich aus \u00f6kologischen, [&hellip;]<\/p>\n","protected":false},"author":5,"featured_media":17199,"parent":507,"menu_order":0,"comment_status":"closed","ping_status":"closed","template":"","meta":{"_acf_changed":false,"_editorskit_title_hidden":false,"_editorskit_reading_time":0,"_editorskit_is_block_options_detached":false,"_editorskit_block_options_position":"{}","inline_featured_image":false,"_uag_custom_page_level_css":"","footnotes":""},"categories":[],"tags":[],"class_list":["post-506","page","type-page","status-publish","has-post-thumbnail","hentry"],"acf":[],"uagb_featured_image_src":{"full":["https:\/\/www.v-label.com\/wp-content\/uploads\/2022\/12\/v-label-cert-products.jpg",2000,1339,false],"thumbnail":["https:\/\/www.v-label.com\/wp-content\/uploads\/2022\/12\/v-label-cert-products-500x335.jpg",500,335,true],"medium":["https:\/\/www.v-label.com\/wp-content\/uploads\/2022\/12\/v-label-cert-products-300x201.jpg",300,201,true],"medium_large":["https:\/\/www.v-label.com\/wp-content\/uploads\/2022\/12\/v-label-cert-products-768x514.jpg",768,514,true],"large":["https:\/\/www.v-label.com\/wp-content\/uploads\/2022\/12\/v-label-cert-products-1024x686.jpg",1024,686,true],"1536x1536":["https:\/\/www.v-label.com\/wp-content\/uploads\/2022\/12\/v-label-cert-products-1536x1028.jpg",1536,1028,true],"2048x2048":["https:\/\/www.v-label.com\/wp-content\/uploads\/2022\/12\/v-label-cert-products.jpg",2000,1339,false],"preview":["https:\/\/www.v-label.com\/wp-content\/uploads\/2022\/12\/v-label-cert-products-904x720.jpg",904,720,true],"header":["https:\/\/www.v-label.com\/wp-content\/uploads\/2022\/12\/v-label-cert-products-2000x720.jpg",2000,720,true],"gform-image-choice-sm":["https:\/\/www.v-label.com\/wp-content\/uploads\/2022\/12\/v-label-cert-products.jpg",300,201,false],"gform-image-choice-md":["https:\/\/www.v-label.com\/wp-content\/uploads\/2022\/12\/v-label-cert-products.jpg",400,268,false],"gform-image-choice-lg":["https:\/\/www.v-label.com\/wp-content\/uploads\/2022\/12\/v-label-cert-products.jpg",600,402,false]},"uagb_author_info":{"display_name":"Can Aslan","author_link":"https:\/\/www.v-label.com\/de"},"uagb_comment_info":0,"uagb_excerpt":"Der globale Markt f\u00fcr pflanzliche Produkte, insbesondere Lebensmittel und Zutaten w\u00e4chst seit vielen Jahren. Laut Euromonitor International wird dieser zwischen 2019 und 2025 j\u00e4hrlich um rund 9% ansteigen. Der Umsatz betrug im Jahr 2018 etwa 10,66 Milliarden US-Dollar und wird voraussichtlich bis 2027 auf 27,98 Milliarden US-Dollar ansteigen. Immer mehr Konsument:innen entscheiden sich aus \u00f6kologischen,&hellip;","_links":{"self":[{"href":"https:\/\/www.v-label.com\/de\/wp-json\/wp\/v2\/pages\/506","targetHints":{"allow":["GET"]}}],"collection":[{"href":"https:\/\/www.v-label.com\/de\/wp-json\/wp\/v2\/pages"}],"about":[{"href":"https:\/\/www.v-label.com\/de\/wp-json\/wp\/v2\/types\/page"}],"author":[{"embeddable":true,"href":"https:\/\/www.v-label.com\/de\/wp-json\/wp\/v2\/users\/5"}],"replies":[{"embeddable":true,"href":"https:\/\/www.v-label.com\/de\/wp-json\/wp\/v2\/comments?post=506"}],"version-history":[{"count":15,"href":"https:\/\/www.v-label.com\/de\/wp-json\/wp\/v2\/pages\/506\/revisions"}],"predecessor-version":[{"id":74473,"href":"https:\/\/www.v-label.com\/de\/wp-json\/wp\/v2\/pages\/506\/revisions\/74473"}],"up":[{"embeddable":true,"href":"https:\/\/www.v-label.com\/de\/wp-json\/wp\/v2\/pages\/507"}],"wp:featuredmedia":[{"embeddable":true,"href":"https:\/\/www.v-label.com\/de\/wp-json\/wp\/v2\/media\/17199"}],"wp:attachment":[{"href":"https:\/\/www.v-label.com\/de\/wp-json\/wp\/v2\/media?parent=506"}],"wp:term":[{"taxonomy":"category","embeddable":true,"href":"https:\/\/www.v-label.com\/de\/wp-json\/wp\/v2\/categories?post=506"},{"taxonomy":"post_tag","embeddable":true,"href":"https:\/\/www.v-label.com\/de\/wp-json\/wp\/v2\/tags?post=506"}],"curies":[{"name":"wp","href":"https:\/\/api.w.org\/{rel}","templated":true}]}}