{"id":507,"date":"2022-05-30T16:14:53","date_gmt":"2022-05-30T14:14:53","guid":{"rendered":"https:\/\/www.v-label.com\/branches\/"},"modified":"2025-08-07T09:30:51","modified_gmt":"2025-08-07T07:30:51","slug":"allgemeine-informationen","status":"publish","type":"page","link":"https:\/\/www.v-label.com\/de\/allgemeine-informationen\/","title":{"rendered":"Allgemeine Informationen"},"content":{"rendered":"\n<p>Der globale Markt f\u00fcr pflanzliche Inhaltsstoffe verzeichnet seit Jahren Rekordums\u00e4tze und wird im Zeitraum 2019-2025 voraussichtlich j\u00e4hrlich um 8,94 % wachsen. W\u00e4hrend der Umsatz im Jahr 2018 bei 10,66 Mrd. USD lag, wird er bis 2027 voraussichtlich 27,98 Mrd. erreichen.<\/p>\n\n\n\n<p>Weltweit suchen Verbraucher:innen zunehmend nach gesunden, ethischen und kosteng\u00fcnstigen Produkten mit geringer Umweltbelastung, was die Nachfrage nach veganen und vegetarischen Alternativen antreibt. Immer mehr Unternehmen erkennen die Vorteile, die sich aus der Erf\u00fcllung der wachsenden Nachfrage nach vielf\u00e4ltigen, hochwertigen, tierfreien Produkten ergeben.<\/p>\n\n\n\n<p>Auch bei der Kennzeichnung fordern die Verbraucher:innen zunehmend Transparenz. Sie wollen vegane und vegetarische Produkte schnell und sicher identifizieren k\u00f6nnen. Der G\u00fctesiegel Monitor 2020 z\u00e4hlt das V-Label zu den drei vertrauensw\u00fcrdigsten Lebensmittel-G\u00fctesiegeln in Deutschland. Die Kennzeichnung durch unabh\u00e4ngige Organisationen gibt Verbraucher:innen ein gr\u00f6\u00dferes Vertrauen als Deklarationen, die von Hersteller selbst vergeben werden &#8211; allein in Deutschland glauben 60 %, dass Umweltschutzorganisationen konsequentere Kontrollen durchf\u00fchrt als private Siegel.<\/p>\n\n\n\r\n<ul id=\"pagelinks-block_736389295c0d05b6258d8c61e070ae25\" class=\"wp-block-pagelinks alignwide\">\r\n\t\t\t\t\t\t<li>\r\n\t\t\t\t<article>\r\n\t\t\t\t\t\t\t\t\t\t\t<a href=\"https:\/\/www.v-label.com\/de\/allgemeine-informationen\/lebensmittel\/\" class=\"post_thumbnail\">\r\n\t\t\t\t\t\t\t<img decoding=\"async\" width=\"904\" height=\"720\" src=\"https:\/\/www.v-label.com\/wp-content\/uploads\/2022\/12\/v-label-cert-products-904x720.jpg\" class=\"attachment-preview size-preview wp-post-image\" alt=\"\" \/>\t\t\t\t\t\t<\/a>\r\n\t\t\t\t\t\t\t\t\t\t<div class=\"inner\">\r\n\t\t\t\t\t\t<div class=\"inner_top\">\r\n\t\t\t\t\t\t\t<header>\r\n\t\t\t\t\t\t\t\t<h3>\r\n\t\t\t\t\t\t\t\t\t<a href=\"https:\/\/www.v-label.com\/de\/allgemeine-informationen\/lebensmittel\/\">Lebensmittel<\/a>\r\n\t\t\t\t\t\t\t\t<\/h3>\r\n\t\t\t\t\t\t\t\t\t\t\t\t\t\t\t<\/header>\r\n\t\t\t\t\t\t\t\t\t\t\t\t\t\t\t<div class=\"excerpt\">\r\n\t\t\t\t\t\t\t\t\t<p>Der globale Markt f\u00fcr pflanzliche Produkte, insbesondere Lebensmittel und Zutaten w\u00e4chst seit vielen Jahren. Laut Euromonitor International wird dieser zwischen 2019 und 2025 j\u00e4hrlich um rund 9% ansteigen. Der Umsatz betrug im Jahr 2018 etwa 10,66 Milliarden US-Dollar und wird voraussichtlich bis 2027 auf 27,98 Milliarden US-Dollar ansteigen. Immer mehr Konsument:innen entscheiden sich aus \u00f6kologischen, [&hellip;]<\/p>\r\n\t\t\t\t\t\t\t\t<\/div>\r\n\t\t\t\t\t\t\t\t\t\t\t\t\t<\/div>\r\n\t\t\t\t\t\t<a href=\"https:\/\/www.v-label.com\/de\/allgemeine-informationen\/lebensmittel\/\" class=\"read_more\">Weiterlesen<\/a>\r\n\t\t\t\t\t<\/div>\r\n\t\t\t\t<\/article>\r\n\t\t\t<\/li>\r\n\t\t\t\t\t<li>\r\n\t\t\t\t<article>\r\n\t\t\t\t\t\t\t\t\t\t\t<a href=\"https:\/\/www.v-label.com\/de\/allgemeine-informationen\/kosmetik-und-drogerie\/\" class=\"post_thumbnail\">\r\n\t\t\t\t\t\t\t<img decoding=\"async\" width=\"904\" height=\"720\" src=\"https:\/\/www.v-label.com\/wp-content\/uploads\/2025\/06\/cosmetics-1280-904x720.jpg\" class=\"attachment-preview size-preview wp-post-image\" alt=\"\" \/>\t\t\t\t\t\t<\/a>\r\n\t\t\t\t\t\t\t\t\t\t<div class=\"inner\">\r\n\t\t\t\t\t\t<div class=\"inner_top\">\r\n\t\t\t\t\t\t\t<header>\r\n\t\t\t\t\t\t\t\t<h3>\r\n\t\t\t\t\t\t\t\t\t<a href=\"https:\/\/www.v-label.com\/de\/allgemeine-informationen\/kosmetik-und-drogerie\/\">Kosmetik und Drogerie<\/a>\r\n\t\t\t\t\t\t\t\t<\/h3>\r\n\t\t\t\t\t\t\t\t\t\t\t\t\t\t\t<\/header>\r\n\t\t\t\t\t\t\t\t\t\t\t\t\t\t\t<div class=\"excerpt\">\r\n\t\t\t\t\t\t\t\t\t<p>F\u00fcr Verbraucher:innen werden die Themen Gesundheit, Sicherheit und Nachhaltigkeit immer wichtiger. Auch Essgewohnheiten haben einen deutlichen Einfluss auf das Kaufverhalten in Bezug auf Kosmetikprodukte. So steigt mit dem wachsenden Markt f\u00fcr vegane und vegetarische Lebensmittel auch das Interesse von Verbraucher:innen an pflanzlicher Kosmetik und Sch\u00f6nheitspflege. Vegan Cosmetics Market Size, Share &amp; Trend Analysis Report 2022Global [&hellip;]<\/p>\r\n\t\t\t\t\t\t\t\t<\/div>\r\n\t\t\t\t\t\t\t\t\t\t\t\t\t<\/div>\r\n\t\t\t\t\t\t<a href=\"https:\/\/www.v-label.com\/de\/allgemeine-informationen\/kosmetik-und-drogerie\/\" class=\"read_more\">Weiterlesen<\/a>\r\n\t\t\t\t\t<\/div>\r\n\t\t\t\t<\/article>\r\n\t\t\t<\/li>\r\n\t\t\t\t\t<li>\r\n\t\t\t\t<article>\r\n\t\t\t\t\t\t\t\t\t\t\t<a href=\"https:\/\/www.v-label.com\/de\/allgemeine-informationen\/non-food\/\" class=\"post_thumbnail\">\r\n\t\t\t\t\t\t\t<img decoding=\"async\" width=\"904\" height=\"600\" src=\"https:\/\/www.v-label.com\/wp-content\/uploads\/2023\/06\/parker-burchfield-tvg4wvjgsey-2000x600-1-904x600.jpg\" class=\"attachment-preview size-preview wp-post-image\" alt=\"\" \/>\t\t\t\t\t\t<\/a>\r\n\t\t\t\t\t\t\t\t\t\t<div class=\"inner\">\r\n\t\t\t\t\t\t<div class=\"inner_top\">\r\n\t\t\t\t\t\t\t<header>\r\n\t\t\t\t\t\t\t\t<h3>\r\n\t\t\t\t\t\t\t\t\t<a href=\"https:\/\/www.v-label.com\/de\/allgemeine-informationen\/non-food\/\">Non-Food<\/a>\r\n\t\t\t\t\t\t\t\t<\/h3>\r\n\t\t\t\t\t\t\t\t\t\t\t\t\t\t\t<\/header>\r\n\t\t\t\t\t\t\t\t\t\t\t\t\t\t\t<div class=\"excerpt\">\r\n\t\t\t\t\t\t\t\t\t<p>Immer mehr Menschen suchen nach tierfreien Alternativen, nicht nur bei Kleidung und Alltagsgegenst\u00e4nden. Doch oft ist nicht ersichtlich, ob Inhaltsstoffe tierischer Herkunft in einem Produkt enthalten sind. Das V-Label schafft hier seit einigen Jahren Klarheit und kennzeichnet vegane Non-Food-Produkte auf einen Blick. Die vegane und tierleidfreie Modebranche w\u00e4chst und gilt als cool und luxuri\u00f6s. Der [&hellip;]<\/p>\r\n\t\t\t\t\t\t\t\t<\/div>\r\n\t\t\t\t\t\t\t\t\t\t\t\t\t<\/div>\r\n\t\t\t\t\t\t<a href=\"https:\/\/www.v-label.com\/de\/allgemeine-informationen\/non-food\/\" class=\"read_more\">Weiterlesen<\/a>\r\n\t\t\t\t\t<\/div>\r\n\t\t\t\t<\/article>\r\n\t\t\t<\/li>\r\n\t\t\t<\/ul>","protected":false},"excerpt":{"rendered":"<p>Der globale Markt f\u00fcr pflanzliche Inhaltsstoffe verzeichnet seit Jahren Rekordums\u00e4tze und wird im Zeitraum 2019-2025 voraussichtlich j\u00e4hrlich um 8,94 % wachsen. W\u00e4hrend der Umsatz im Jahr 2018 bei 10,66 Mrd. USD lag, wird er bis 2027 voraussichtlich 27,98 Mrd. erreichen. Weltweit suchen Verbraucher:innen zunehmend nach gesunden, ethischen und kosteng\u00fcnstigen Produkten mit geringer Umweltbelastung, was die [&hellip;]<\/p>\n","protected":false},"author":5,"featured_media":16973,"parent":0,"menu_order":0,"comment_status":"closed","ping_status":"closed","template":"","meta":{"_acf_changed":false,"_editorskit_title_hidden":false,"_editorskit_reading_time":0,"_editorskit_is_block_options_detached":false,"_editorskit_block_options_position":"{}","inline_featured_image":false,"_uag_custom_page_level_css":"","footnotes":""},"categories":[],"tags":[],"class_list":["post-507","page","type-page","status-publish","has-post-thumbnail","hentry"],"acf":[],"uagb_featured_image_src":{"full":["https:\/\/www.v-label.com\/wp-content\/uploads\/2022\/12\/v-label-general-info-sectors.jpg",1280,716,false],"thumbnail":["https:\/\/www.v-label.com\/wp-content\/uploads\/2022\/12\/v-label-general-info-sectors-500x280.jpg",500,280,true],"medium":["https:\/\/www.v-label.com\/wp-content\/uploads\/2022\/12\/v-label-general-info-sectors-300x168.jpg",300,168,true],"medium_large":["https:\/\/www.v-label.com\/wp-content\/uploads\/2022\/12\/v-label-general-info-sectors-768x430.jpg",768,430,true],"large":["https:\/\/www.v-label.com\/wp-content\/uploads\/2022\/12\/v-label-general-info-sectors-1024x573.jpg",1024,573,true],"1536x1536":["https:\/\/www.v-label.com\/wp-content\/uploads\/2022\/12\/v-label-general-info-sectors.jpg",1280,716,false],"2048x2048":["https:\/\/www.v-label.com\/wp-content\/uploads\/2022\/12\/v-label-general-info-sectors.jpg",1280,716,false],"preview":["https:\/\/www.v-label.com\/wp-content\/uploads\/2022\/12\/v-label-general-info-sectors-904x716.jpg",904,716,true],"header":["https:\/\/www.v-label.com\/wp-content\/uploads\/2022\/12\/v-label-general-info-sectors.jpg",1280,716,false],"gform-image-choice-sm":["https:\/\/www.v-label.com\/wp-content\/uploads\/2022\/12\/v-label-general-info-sectors.jpg",300,168,false],"gform-image-choice-md":["https:\/\/www.v-label.com\/wp-content\/uploads\/2022\/12\/v-label-general-info-sectors.jpg",400,224,false],"gform-image-choice-lg":["https:\/\/www.v-label.com\/wp-content\/uploads\/2022\/12\/v-label-general-info-sectors.jpg",600,336,false]},"uagb_author_info":{"display_name":"Can Aslan","author_link":"https:\/\/www.v-label.com\/de"},"uagb_comment_info":0,"uagb_excerpt":"Der globale Markt f\u00fcr pflanzliche Inhaltsstoffe verzeichnet seit Jahren Rekordums\u00e4tze und wird im Zeitraum 2019-2025 voraussichtlich j\u00e4hrlich um 8,94 % wachsen. W\u00e4hrend der Umsatz im Jahr 2018 bei 10,66 Mrd. USD lag, wird er bis 2027 voraussichtlich 27,98 Mrd. erreichen. Weltweit suchen Verbraucher:innen zunehmend nach gesunden, ethischen und kosteng\u00fcnstigen Produkten mit geringer Umweltbelastung, was die&hellip;","_links":{"self":[{"href":"https:\/\/www.v-label.com\/de\/wp-json\/wp\/v2\/pages\/507","targetHints":{"allow":["GET"]}}],"collection":[{"href":"https:\/\/www.v-label.com\/de\/wp-json\/wp\/v2\/pages"}],"about":[{"href":"https:\/\/www.v-label.com\/de\/wp-json\/wp\/v2\/types\/page"}],"author":[{"embeddable":true,"href":"https:\/\/www.v-label.com\/de\/wp-json\/wp\/v2\/users\/5"}],"replies":[{"embeddable":true,"href":"https:\/\/www.v-label.com\/de\/wp-json\/wp\/v2\/comments?post=507"}],"version-history":[{"count":17,"href":"https:\/\/www.v-label.com\/de\/wp-json\/wp\/v2\/pages\/507\/revisions"}],"predecessor-version":[{"id":109600,"href":"https:\/\/www.v-label.com\/de\/wp-json\/wp\/v2\/pages\/507\/revisions\/109600"}],"wp:featuredmedia":[{"embeddable":true,"href":"https:\/\/www.v-label.com\/de\/wp-json\/wp\/v2\/media\/16973"}],"wp:attachment":[{"href":"https:\/\/www.v-label.com\/de\/wp-json\/wp\/v2\/media?parent=507"}],"wp:term":[{"taxonomy":"category","embeddable":true,"href":"https:\/\/www.v-label.com\/de\/wp-json\/wp\/v2\/categories?post=507"},{"taxonomy":"post_tag","embeddable":true,"href":"https:\/\/www.v-label.com\/de\/wp-json\/wp\/v2\/tags?post=507"}],"curies":[{"name":"wp","href":"https:\/\/api.w.org\/{rel}","templated":true}]}}