{"id":516,"date":"2022-05-24T16:39:56","date_gmt":"2022-05-24T14:39:56","guid":{"rendered":"https:\/\/www.v-label.com\/privacy-policy\/"},"modified":"2023-06-22T11:08:13","modified_gmt":"2023-06-22T09:08:13","slug":"datenschutzhinweis","status":"publish","type":"page","link":"https:\/\/www.v-label.com\/de\/datenschutzhinweis\/","title":{"rendered":"Datenschutzhinweis"},"content":{"rendered":"\n<p>Die Nutzung dieser Webseite ist regelm\u00e4\u00dfig ohne Angabe personenbezogener Daten m\u00f6glich. Sollten solche personenbezogenen Daten auf dieser Webseite dennoch erhoben werden, so erfolgt dies in Form einer freiwilligen Datenangabe durch den Nutzer. Eine Weitergabe der personenbezogenen Daten an Dritte erfolgt nicht, sofern keine ausdr\u00fcckliche Zustimmung des Nutzers abgegeben wurde.<\/p>\n\n\n\n<p>Sofern auf dieser Webseite personenbezogene Daten erhoben werden, vollzieht sich die Erhebung dieser Daten stets im Rahmen der Bestimmung des Datenschutzrechtes der Schweiz. Sofern personenbezogene Daten erhoben werden, k\u00f6nnen Sie dieser Datenschutzerkl\u00e4rung die Art, den Umfang und den Zweck der Erhebung und Verwendung personenbezogener Daten entnehmen.<\/p>\n\n\n\n<p>Bitte beachten Sie, dass trotz gr\u00f6\u00dfter Sorgfalt die Daten\u00fcbertragung im Internet stets mit Risiken, die auf Sicherheitsl\u00fccken basieren, verbunden ist. Der uneingeschr\u00e4nkte Schutz von Daten ist daher unm\u00f6glich.<\/p>\n\n\n\n<h2 class=\"wp-block-heading has-text-align-center\">Daten\u00fcbermittlung (Server Log Files)<\/h2>\n\n\n\n<p>Bei einem Zugriff Ihrerseits auf unsere Webseiten erfolgt eine automatische Daten\u00fcbermittlung von Ihrem Browser an unseren Webserver. Gegenstand dieser \u00dcbermittlung sind anonymisierte Zugriffsdaten ohne Personenbezug, wie etwa Datum und Uhrzeit, Browsertyp, Menge und Art der abgerufenen Daten sowie Ihre IP-Adresse. Die Speicherung dieser Daten geschieht getrennt von etwaigen anderen, im Rahmen der Nutzung unserer Webseiten durch Sie, erhobenen Daten. Diese Daten k\u00f6nnen nicht dazu verwendet werden, eine konkrete Person zu bestimmen. Die Erhebung dieser Daten findet lediglich zur Protokollierung des Benutzerverhaltens und zu statistischen Zwecken statt. Nach einer entsprechenden Auswertung wird eine L\u00f6schung der Daten veranlasst.<\/p>\n\n\n\n<h2 class=\"wp-block-heading has-text-align-center\">Cookies<\/h2>\n\n\n\n<p>Zu Zwecken der Qualit\u00e4tssicherung und Erweiterung des Funktionsumfangs unseres Internetangebots verwenden wir auf unseren Webseiten sogenannte Cookies. Dabei handelt es sich um Textdateien, die auf dem Rechner des Nutzers gespeichert werden. Durch Cookies kann die Anzahl der Seitenbesuche festgestellt werden. Diese Informationen verwenden wir ausschlie\u00dflich zur Verbesserung unserer Webseiten.<\/p>\n\n\n\n<h2 class=\"wp-block-heading has-text-align-center\">Bestandsdaten<\/h2>\n\n\n\n<p>Bei der Begr\u00fcndung, inhaltlichen Ausgestaltung oder \u00c4nderung eines Vertragsverh\u00e4ltnisses zwischen Ihnen und uns, erheben und verwenden wir, im Rahmen der Erforderlichkeit, personenbezogene Daten von Ihnen, sogenannte Bestandsdaten.<\/p>\n\n\n\n<p>In der Regel erfolgt keine Weitergabe oder Auskunftserteilung an Dritte. Auf Anordnung der zust\u00e4ndigen Stellen sind wir gehalten, soweit es zu Zwecken der Strafverfolgung, der Gefahrenabwehr oder zur Erf\u00fcllung weiterer gesetzlicher Aufgaben erforderlich ist, Auskunft \u00fcber personenbezogene Daten zu erteilen.<\/p>\n\n\n\n<h2 class=\"wp-block-heading has-text-align-center\">Nutzungsdaten<\/h2>\n\n\n\n<p>Soweit erforderlich, erheben und verwenden wir sogenannte Nutzungsdaten von Ihnen. Dabei handelt es sich um personenbezogene Daten, die die Inanspruchnahme unseres Internetangebots sowie die Abrechnung erm\u00f6glichen. Dabei werden Daten erfasst, die sowohl die zeitlichen Kriterien der Nutzung unseres Angebots durch Sie enthalten, als auch den Umfang der Nutzung und Ihre Identifikationsmerkmale.<\/p>\n\n\n\n<p>Wir weisen Sie darauf hin, dass es uns zu Werbezwecken, zu Zwecken der Marktforschung sowie zur Gestaltung unseres Internetangebots gestattet ist, Nutzungsprofile d.h. zusammengestellte Daten \u00fcber den Verlauf von Besuchen auf unseren Seiten zu generieren. Diese Nutzungsprofile geben keinen Aufschluss \u00fcber Ihre Person und werden auch nicht mit etwaigen anderen, von uns erhobenen Daten, zusammengef\u00fchrt, sodass auch eine Personenidentifikation durch das Zusammenf\u00fchren verschiedener Daten nicht erfolgen kann. Sie haben jederzeit das Recht, einer solchen Verwendung Ihrer Daten zu widersprechen.<\/p>\n\n\n\n<h2 class=\"wp-block-heading has-text-align-center\">Newsletterdaten<\/h2>\n\n\n\n<p>Wenn Sie den auf unserer Webseite angebotenen Newsletter bestellen, werden wir Ihre E-Mail erfragen und Ihre IP-Adresse speichern. Weitere Daten werden nicht erhoben. Diese Daten verwenden wir ausschlie\u00dflich f\u00fcr den Versand der angeforderten Informationen und geben sie nicht an Dritte weiter.<\/p>\n\n\n\n<p>Ihre Einwilligung zur Speicherung der Daten, der E-Mail-Adresse sowie deren Nutzung zum Versand des Newsletters k\u00f6nnen Sie jederzeit widerrufen, etwa \u00fcber den Link zur Abbestellung in jedem Newsletter.<\/p>\n\n\n\n<h2 class=\"wp-block-heading has-text-align-center\">Auskunftsrecht<\/h2>\n\n\n\n<p>Wir weisen Sie darauf hin, dass Sie das Recht haben, eine Auskunft von uns \u00fcber die von Ihnen gespeicherten Daten zu verlangen und im Fall der Unrichtigkeit der Daten eine Sperrung, L\u00f6schung oder Berichtigung zu veranlassen. Die Auskunftserteilung ist sowohl telefonisch als auch elektronisch m\u00f6glich.<\/p>\n\n\n\n<h2 class=\"wp-block-heading has-text-align-center\">\u00c4nderungen der Datenschutzerkl\u00e4rung<\/h2>\n\n\n\n<p>Sollten zuk\u00fcnftig \u00c4nderungen unserer Datenschutzerkl\u00e4rung vorgenommen werden, so werden die \u00c4nderungen stets auf diesen Seiten zu finden sein.<\/p>\n\n\n\n<h2 class=\"wp-block-heading has-text-align-center\">Datenschutzerkl\u00e4rung \u2013 Google Analytics<\/h2>\n\n\n\n<p>Unsere Webseite nutzt die Dienste von Google Analytics. Dabei handelt es ich um einen Webanalysedienst der Google Inc. Die Analyse der Benutzung der Webseite durch Sie wird dadurch erm\u00f6glicht, dass sogenannte \u201cCookies\u201d auf Ihrem Computer gespeichert werden und diese dann Informationen \u00fcber Ihr Benutzungsverhalten generieren und an Google Inc. weiterleiten. In der Regel wird eine gek\u00fcrzte Version Ihrer IP-Adresse an Google Server weitergeleitet. In Ausnahmef\u00e4llen kann auch die komplette IP-Adresse weitergeleitet werden. Diese Informationen nutzt Google in unserem Auftrag zur Erstellung eines Reports \u00fcber das Benutzerverhalten auf unseren Seiten. Die durch Google Analytics ermittelte IP-Adresse wird nicht mit anderen Daten von Google zusammengef\u00fchrt. Sollten Sie keine Speicherung von Cookies auf Ihrem Computer w\u00fcnschen, so k\u00f6nnen Sie entsprechende Einstellungen in Ihrem Browser vornehmen. Leider kann dies eine eingeschr\u00e4nkte Nutzung unserer Seiten zur Folge haben.<\/p>\n\n\n\n<p>Soweit nicht ohnehin eine Anonymisierung der IP-Adressen (IP-Masking) durch Einf\u00fcgung des Codes \u201cgat._anonymizeIp ( ) ;\u201d erfolgt ist, werden die erhobenen Daten nach den geltenden gesetzlichen Bestimmungen des Bundesdatenschutzgesetzes und den Nutzungsbedingungen von Google behandelt, die eine Weitergabe von personenebezogenen Daten an Google nicht gestatten.<\/p>\n","protected":false},"excerpt":{"rendered":"<p>Die Nutzung dieser Webseite ist regelm\u00e4\u00dfig ohne Angabe personenbezogener Daten m\u00f6glich. Sollten solche personenbezogenen Daten auf dieser Webseite dennoch erhoben werden, so erfolgt dies in Form einer freiwilligen Datenangabe durch den Nutzer. Eine Weitergabe der personenbezogenen Daten an Dritte erfolgt nicht, sofern keine ausdr\u00fcckliche Zustimmung des Nutzers abgegeben wurde. Sofern auf dieser Webseite personenbezogene Daten [&hellip;]<\/p>\n","protected":false},"author":5,"featured_media":17796,"parent":0,"menu_order":0,"comment_status":"closed","ping_status":"closed","template":"","meta":{"_acf_changed":false,"_editorskit_title_hidden":false,"_editorskit_reading_time":0,"_editorskit_is_block_options_detached":false,"_editorskit_block_options_position":"{}","inline_featured_image":false,"_uag_custom_page_level_css":"","footnotes":""},"categories":[],"tags":[],"class_list":["post-516","page","type-page","status-publish","has-post-thumbnail","hentry"],"acf":[],"uagb_featured_image_src":{"full":["https:\/\/www.v-label.com\/wp-content\/uploads\/2022\/12\/v-label-customer-area-1.jpg",1000,610,false],"thumbnail":["https:\/\/www.v-label.com\/wp-content\/uploads\/2022\/12\/adobestock-199227716-preview-500x305.jpeg",500,305,true],"medium":["https:\/\/www.v-label.com\/wp-content\/uploads\/2022\/12\/adobestock-199227716-preview-300x183.jpeg",300,183,true],"medium_large":["https:\/\/www.v-label.com\/wp-content\/uploads\/2022\/12\/adobestock-199227716-preview-768x468.jpeg",768,468,true],"large":["https:\/\/www.v-label.com\/wp-content\/uploads\/2022\/12\/v-label-customer-area-1.jpg",1000,610,false],"1536x1536":["https:\/\/www.v-label.com\/wp-content\/uploads\/2022\/12\/v-label-customer-area-1.jpg",1000,610,false],"2048x2048":["https:\/\/www.v-label.com\/wp-content\/uploads\/2022\/12\/v-label-customer-area-1.jpg",1000,610,false],"preview":["https:\/\/www.v-label.com\/wp-content\/uploads\/2022\/12\/adobestock-199227716-preview-904x610.jpeg",904,610,true],"header":["https:\/\/www.v-label.com\/wp-content\/uploads\/2022\/12\/v-label-customer-area-1.jpg",1000,610,false],"gform-image-choice-sm":["https:\/\/www.v-label.com\/wp-content\/uploads\/2022\/12\/v-label-customer-area-1.jpg",300,183,false],"gform-image-choice-md":["https:\/\/www.v-label.com\/wp-content\/uploads\/2022\/12\/v-label-customer-area-1.jpg",400,244,false],"gform-image-choice-lg":["https:\/\/www.v-label.com\/wp-content\/uploads\/2022\/12\/v-label-customer-area-1.jpg",600,366,false]},"uagb_author_info":{"display_name":"Can Aslan","author_link":"https:\/\/www.v-label.com\/de"},"uagb_comment_info":0,"uagb_excerpt":"Die Nutzung dieser Webseite ist regelm\u00e4\u00dfig ohne Angabe personenbezogener Daten m\u00f6glich. Sollten solche personenbezogenen Daten auf dieser Webseite dennoch erhoben werden, so erfolgt dies in Form einer freiwilligen Datenangabe durch den Nutzer. Eine Weitergabe der personenbezogenen Daten an Dritte erfolgt nicht, sofern keine ausdr\u00fcckliche Zustimmung des Nutzers abgegeben wurde. Sofern auf dieser Webseite personenbezogene Daten&hellip;","_links":{"self":[{"href":"https:\/\/www.v-label.com\/de\/wp-json\/wp\/v2\/pages\/516","targetHints":{"allow":["GET"]}}],"collection":[{"href":"https:\/\/www.v-label.com\/de\/wp-json\/wp\/v2\/pages"}],"about":[{"href":"https:\/\/www.v-label.com\/de\/wp-json\/wp\/v2\/types\/page"}],"author":[{"embeddable":true,"href":"https:\/\/www.v-label.com\/de\/wp-json\/wp\/v2\/users\/5"}],"replies":[{"embeddable":true,"href":"https:\/\/www.v-label.com\/de\/wp-json\/wp\/v2\/comments?post=516"}],"version-history":[{"count":13,"href":"https:\/\/www.v-label.com\/de\/wp-json\/wp\/v2\/pages\/516\/revisions"}],"predecessor-version":[{"id":59822,"href":"https:\/\/www.v-label.com\/de\/wp-json\/wp\/v2\/pages\/516\/revisions\/59822"}],"wp:featuredmedia":[{"embeddable":true,"href":"https:\/\/www.v-label.com\/de\/wp-json\/wp\/v2\/media\/17796"}],"wp:attachment":[{"href":"https:\/\/www.v-label.com\/de\/wp-json\/wp\/v2\/media?parent=516"}],"wp:term":[{"taxonomy":"category","embeddable":true,"href":"https:\/\/www.v-label.com\/de\/wp-json\/wp\/v2\/categories?post=516"},{"taxonomy":"post_tag","embeddable":true,"href":"https:\/\/www.v-label.com\/de\/wp-json\/wp\/v2\/tags?post=516"}],"curies":[{"name":"wp","href":"https:\/\/api.w.org\/{rel}","templated":true}]}}