{"id":59773,"date":"2022-05-30T16:16:14","date_gmt":"2022-05-30T14:16:14","guid":{"rendered":"https:\/\/www.v-label.com\/info-for-producers\/"},"modified":"2025-06-19T09:33:55","modified_gmt":"2025-06-19T07:33:55","slug":"v-label-fur-unternehmen","status":"publish","type":"page","link":"https:\/\/www.v-label.com\/de\/v-label-fur-unternehmen\/","title":{"rendered":"V-Label f\u00fcr Unternehmen"},"content":{"rendered":"\n<p>Mit mehr als <strong>25 Jahren Erfahrung<\/strong> in der Lizenzierung von Produkten sind mittlerweile weltweit \u00fcber <strong>70.000 Produkte<\/strong> von mehr als <strong>4.800 Unternehmen<\/strong> mit dem V-Label gekennzeichnet. Das V-Label ist ein Qualit\u00e4tssiegel f\u00fcr vegane und vegetarische Produkte und Dienstleistungen. Das international anerkannte V-Label hilft Menschen rund um die Welt, pflanzliche Produkte auf den ersten Blick zu erkennen.<\/p>\n\n\n\n<figure class=\"wp-block-image size-large\"><img decoding=\"async\" src=\"https:\/\/www.v-label.com\/wp-content\/uploads\/2023\/06\/newsletter-bilder-12.jpg\" alt=\"\"\/><\/figure>\n\n\n\n<h3 class=\"wp-block-heading has-text-align-center has-greenlightultra-background-color has-background\"><strong>Warum sollten Ihre Produkte das V-Label tragen?<\/strong><\/h3>\n\n\n\n<p><strong>Schaffen Sie Vertrauen. <\/strong>Das V-Label spricht durch seinen Ruf als professionelles, unabh\u00e4ngiges G\u00fctesiegel und Branchen-Trendsetter f\u00fcr sich. Laut dem G\u00fctesiegel Monitor 2023 genie\u00dft das V-Label mit 69% das gr\u00f6\u00dfte Vertrauen unter allen 40 untersuchten G\u00fctesiegeln.<\/p>\n\n\n\n<p><strong>Bieten Sie Orientierung.<\/strong> Machen Sie Ihre Produkte f\u00fcr die Zielgruppe sichtbar und vereinfachen Sie die Kaufentscheidung durch ein gut erkennbares, vertrauensw\u00fcrdiges und bekanntes Siegel. Das V-Label ist das bekannteste vegane Label in Deutschland und erh\u00f6ht die Kaufwahrscheinlichkeit eines Produktes um 10%. Zudem weist das V-Label laut G\u00fctesiegel Monitor 2023 die h\u00f6chsten K\u00e4uferanteile unter veganen Siegeln auf.<\/p>\n\n\n\n<p><strong>Erschlie\u00dfen Sie neue M\u00e4rkte.<\/strong> Immer mehr Menschen entscheiden sich aus \u00f6kologischen, gesundheitlichen, religi\u00f6sen oder ethischen Gr\u00fcnden f\u00fcr eine flexitarische, vegetarische oder vegane Lebensweise. Damit besteht eine vielf\u00e4ltige, schnell wachsende Zielgruppe f\u00fcr vegane und vegetarische Produkte.<\/p>\n\n\n\n<div class=\"wp-block-buttons alignwide is-content-justification-center is-layout-flex wp-container-core-buttons-is-layout-16018d1d wp-block-buttons-is-layout-flex\">\n<div class=\"wp-block-button\"><a class=\"wp-block-button__link wp-element-button\" href=\"https:\/\/www.v-label.com\/de\/angebot-anfordern\/\" rel=\"noopener\"><strong>Produkte lizenzieren lassen<\/strong><\/a><\/div>\n\n\n\n<div class=\"wp-block-button\"><a class=\"wp-block-button__link wp-element-button\" href=\"https:\/\/www.v-label.com\/de\/warum-das-v-label\/vorteile\/\"><strong>Weitere Vorteile<\/strong><\/a><\/div>\n<\/div>\n\n\n\n<figure class=\"wp-block-image size-large\"><img decoding=\"async\" src=\"https:\/\/www.v-label.com\/wp-content\/uploads\/2023\/06\/newsletter-bilder-1744-300-px-1-1.jpg\" alt=\"\"\/><\/figure>\n\n\n\n<h3 class=\"wp-block-heading\"><strong>Das V-Label sorgt f\u00fcr Transparenz und Klarheit<\/strong><\/h3>\n\n\n\n<p>Bislang existiert auf nationaler Ebene keine verbindliche gesetzliche Definition der Begriffe \u201cvegan\u201d und \u201cvegetarisch\u201d. Eine zuverl\u00e4ssige Kennzeichnung mit dem V-Label erh\u00f6ht bei Konsument:innen Sicherheit.<\/p>\n\n\n\n<p>Konsument:innen fordern zunehmend Transparenz, um vegane und vegetarische Produkte schnell und zuverl\u00e4ssig erkennen zu k\u00f6nnen. Hier bietet das V-Label Klarheit durch einheitliche Kriterien bei der Kennzeichnung veganer und vegetarischer Produkte. Regelm\u00e4\u00dfige Kontrollen durch unabh\u00e4ngige Kontrollstellen stellen die Einhaltung der Kriterien sicher und tragen so zur Qualit\u00e4tssicherung des V-Labels bei. Das V-Label bietet Ihren Kund:innen damit eine einfache und zuverl\u00e4ssige Orientierungshilfe, die dabei hilft, gute, nachhaltige und konsistente Kaufentscheidungen zu treffen.<\/p>\n\n\n\n<div class=\"wp-block-buttons alignwide is-content-justification-center is-layout-flex wp-container-core-buttons-is-layout-16018d1d wp-block-buttons-is-layout-flex\">\n<div class=\"wp-block-button\"><a class=\"wp-block-button__link wp-element-button\" href=\"https:\/\/www.v-label.com\/de\/angebot-anfordern\/\" rel=\"noopener\"><strong>Angebot anfordern<\/strong><\/a><\/div>\n<\/div>\n\n\n\n<div class=\"wp-block-uagb-advanced-heading uagb-block-34a0bd02\"><h2 class=\"uagb-heading-text\">Das sagen Lizenznehmende<\/h2><\/div>\n\n\n\n<div class=\"wp-block-columns is-layout-flex wp-container-core-columns-is-layout-9d6595d7 wp-block-columns-is-layout-flex\">\n<div class=\"wp-block-column is-layout-flow wp-block-column-is-layout-flow\">\n<div class=\"wp-block-uagb-slider uagb-block-d0fa735f uagb-slider-container\"><div class=\"uagb-slides uagb-swiper\"><div class=\"swiper-wrapper\">\n<div class=\"wp-block-uagb-slider-child uagb-slider-child-wrap swiper-slide uagb-block-d3f3c272\"><div class=\"swiper-content\">\n<div class=\"wp-block-uagb-info-box uagb-block-43b06a9f uagb-infobox__content-wrap  uagb-infobox-icon-above-title uagb-infobox-image-valign-top\"><div class=\"uagb-ifb-content\"><div class=\"uagb-ifb-image-content\"><img decoding=\"async\" src=\"https:\/\/www.v-label.com\/wp-content\/uploads\/2024\/04\/christian-kluge-500x333.jpg\" alt=\"\" width=\"500\" height=\"333\" loading=\"lazy\"\/><\/div><div class=\"uagb-ifb-title-wrap\"><span class=\"uagb-ifb-title-prefix\"><strong>Christian Kluge<\/strong><\/span><p class=\"uagb-ifb-title\"><em>Markenmanager dmBio<\/em><\/p><\/div><p class=\"uagb-ifb-desc\">&#8222;Es uns wichtig, dass wir unseren Kund:innen Sicherheit und Orientierung bieten. Das V-Label erm\u00f6glicht es ihnen, sich schnell am Regal zurechtzufinden und auf den ersten Blick zu erkennen, ob ein Produkt vegan ist. Zudem gew\u00e4hrleistet das Label durch entsprechende Kriterien und Pr\u00fcfverfahren, dass die Produkte und ihre Inhaltsstoffe nicht von tierischer Herkunft sind.&#8220;<\/p><\/div><\/div>\n<\/div><\/div>\n\n\n\n<div class=\"wp-block-uagb-slider-child uagb-slider-child-wrap swiper-slide uagb-block-34bfab93\"><div class=\"swiper-content\">\n<div class=\"wp-block-uagb-info-box uagb-block-f702fbf5 uagb-infobox__content-wrap  uagb-infobox-icon-above-title uagb-infobox-image-valign-top\"><div class=\"uagb-ifb-content\"><div class=\"uagb-ifb-image-content\"><img decoding=\"async\" src=\"https:\/\/www.v-label.com\/wp-content\/uploads\/2024\/04\/claudia-willvonseder-500x334.jpg\" alt=\"\" width=\"500\" height=\"334\" loading=\"lazy\"\/><\/div><div class=\"uagb-ifb-title-wrap\"><span class=\"uagb-ifb-title-prefix\"><strong>Claudia Willvonseder<\/strong><\/span><p class=\"uagb-ifb-title\"><em>Mitglied der Gesch\u00e4ftsf\u00fchrung <\/em><br><em>Dr. Oetker<\/em><\/p><\/div><p class=\"uagb-ifb-desc\">&#8222;Das einheitliche V-Label auf unseren Produkten l\u00e4sst Konsument:innen unsere veganen Produkte auf einen Blick erkennen. Es ist toll, dass wir ihnen auch hier bestm\u00f6gliche Transparenz bieten k\u00f6nnen.&#8220;<\/p><\/div><\/div>\n<\/div><\/div>\n\n\n\n<div class=\"wp-block-uagb-slider-child uagb-slider-child-wrap swiper-slide uagb-block-423cf357\"><div class=\"swiper-content\">\n<div class=\"wp-block-uagb-info-box uagb-block-a9868931 uagb-infobox__content-wrap  uagb-infobox-icon-above-title uagb-infobox-image-valign-top\"><div class=\"uagb-ifb-content\"><div class=\"uagb-ifb-image-content\"><img decoding=\"async\" src=\"https:\/\/www.v-label.com\/wp-content\/uploads\/2025\/06\/kniel-daniel-2023-kl-500x333.jpg\" alt=\"\" width=\"500\" height=\"333\" loading=\"lazy\"\/><\/div><div class=\"uagb-ifb-title-wrap\"><span class=\"uagb-ifb-title-prefix\"><strong>Daniel Kniel<\/strong><\/span><p class=\"uagb-ifb-title\"><em>Gesch\u00e4ftsf\u00fchrer Rewe Group Buying Ware Vollsortiment<\/em><\/p><\/div><p class=\"uagb-ifb-desc\">&#8222;Um den dynamisch wachsenden Trend veganer Ern\u00e4hrung konsequent zu begleiten und unseren Kund:innen bei REWE eine gro\u00dfe Auswahl in allen Sortimentsbereichen zu bieten, braucht es auch einen Lizenzierungspartner, der die Bed\u00fcrfnisse des Handels versteht. Mit ProVeg haben wir diesen gefunden.&#8220;<\/p><\/div><\/div>\n<\/div><\/div>\n<\/div><\/div><div class=\"swiper-pagination\"><\/div><\/div>\n<\/div>\n\n\n\n<div class=\"wp-block-column is-layout-flow wp-block-column-is-layout-flow\">\n<div class=\"wp-block-uagb-slider uagb-block-3526bb8a uagb-slider-container\"><div class=\"uagb-slides uagb-swiper\"><div class=\"swiper-wrapper\">\n<div class=\"wp-block-uagb-slider-child uagb-slider-child-wrap swiper-slide uagb-block-c99ef124\"><div class=\"swiper-content\">\n<div class=\"wp-block-uagb-info-box uagb-block-746bab91 uagb-infobox__content-wrap  uagb-infobox-icon-above-title uagb-infobox-image-valign-top\"><div class=\"uagb-ifb-content\"><div class=\"uagb-ifb-image-content\"><img decoding=\"async\" src=\"https:\/\/www.v-label.com\/wp-content\/uploads\/2024\/04\/claudia-hauschild-500x333.jpg\" alt=\"\" width=\"500\" height=\"333\" loading=\"lazy\"\/><\/div><div class=\"uagb-ifb-title-wrap\"><span class=\"uagb-ifb-title-prefix\"><strong>Claudia Hauschild<\/strong><\/span><p class=\"uagb-ifb-title\"><em>Leiterin Unternehmenskommunikation und Nachhaltigkeitsmanagement R\u00fcgenwalder M\u00fchle<\/em><\/p><\/div><p class=\"uagb-ifb-desc\">&#8222;Das V-Label erleichtert es auf der einen Seite uns, als Lebensmittelhersteller unsere Produkte zu kennzeichnen und auf der anderen Seite bekommen Konsument:innen so beim Einkaufen eine bessere Orientierung. Unserer Erfahrung nach machen Label den Einkauf und die jeweilige Ern\u00e4hrung deutlich leichter.&#8220;<\/p><\/div><\/div>\n<\/div><\/div>\n\n\n\n<div class=\"wp-block-uagb-slider-child uagb-slider-child-wrap swiper-slide uagb-block-17999f0c\"><div class=\"swiper-content\">\n<div class=\"wp-block-uagb-info-box uagb-block-fb22cc53 uagb-infobox__content-wrap  uagb-infobox-icon-above-title uagb-infobox-image-valign-top\"><div class=\"uagb-ifb-content\"><div class=\"uagb-ifb-image-content\"><img decoding=\"async\" src=\"https:\/\/www.v-label.com\/wp-content\/uploads\/2024\/04\/thao-trinh-500x333.jpg\" alt=\"\" width=\"500\" height=\"333\" loading=\"lazy\"\/><\/div><div class=\"uagb-ifb-title-wrap\"><span class=\"uagb-ifb-title-prefix\"><strong>Thao Trinh<\/strong><\/span><p class=\"uagb-ifb-title\"><em>Marketing Managerin BettaF!sh<\/em><\/p><\/div><p class=\"uagb-ifb-desc\">&#8222;Die klare Kennzeichnung unserer Produkte als &#8222;vegan&#8220; schafft nicht nur Transparenz, sondern hilft unseren Kund:innen auch bei ihrer Kaufentscheidung. Daher sch\u00e4tzen wir die Zusammenarbeit mit dem V-Label sehr.&#8220;<\/p><\/div><\/div>\n<\/div><\/div>\n\n\n\n<div class=\"wp-block-uagb-slider-child uagb-slider-child-wrap swiper-slide uagb-block-9e9ad8b6\"><div class=\"swiper-content\">\n<div class=\"wp-block-uagb-info-box uagb-block-33855f45 uagb-infobox__content-wrap  uagb-infobox-icon-above-title uagb-infobox-image-valign-top\"><div class=\"uagb-ifb-content\"><div class=\"uagb-ifb-image-content\"><img decoding=\"async\" src=\"https:\/\/www.v-label.com\/wp-content\/uploads\/2025\/06\/stiehler-philipp-bild-aktuell-2023-2-500x333.jpg\" alt=\"\" width=\"500\" height=\"333\" loading=\"lazy\"\/><\/div><div class=\"uagb-ifb-title-wrap\"><span class=\"uagb-ifb-title-prefix\"><strong>Philipp Stiehler<\/strong><\/span><p class=\"uagb-ifb-title\"><em>Gesch\u00e4ftsf\u00fchrer Rewe Group Buying Ware Discount<\/em><\/p><\/div><p class=\"uagb-ifb-desc\">&#8222;PENNY hat im Oktober 2020 als erster Discounter im deutschen Lebensmittelhandel mit Food For Future eine vegane Dachmarke ins Leben gerufen. Seitdem verzeichnen wir eine kontinuierliche steigende Nachfrage nach der veganen Eigenmarke, die mittlerweile \u2013 einschlie\u00dflich Aktionsartikeln \u2013 rund 140 Artikel umfasst. Wir sehen zeitgleich, dass sich die vegane Branche sehr schnell vom Pionierstatus weiterentwickelt hat und wir sehr leistungsf\u00e4hige Lieferanten haben.&#8220;<\/p><\/div><\/div>\n<\/div><\/div>\n<\/div><\/div><div class=\"swiper-pagination\"><\/div><\/div>\n<\/div>\n\n\n\n<div class=\"wp-block-column is-layout-flow wp-block-column-is-layout-flow\">\n<div class=\"wp-block-uagb-slider uagb-block-958032f2 uagb-slider-container\"><div class=\"uagb-slides uagb-swiper\"><div class=\"swiper-wrapper\">\n<div class=\"wp-block-uagb-slider-child uagb-slider-child-wrap swiper-slide uagb-block-77f8bb1e\"><div class=\"swiper-content\">\n<div class=\"wp-block-uagb-info-box uagb-block-ea5a2740 uagb-infobox__content-wrap  uagb-infobox-icon-above-title uagb-infobox-image-valign-top\"><div class=\"uagb-ifb-content\"><div class=\"uagb-ifb-image-content\"><img decoding=\"async\" src=\"https:\/\/www.v-label.com\/wp-content\/uploads\/2024\/04\/frank-riedel-500x333.jpg\" alt=\"\" width=\"500\" height=\"333\" loading=\"lazy\"\/><\/div><div class=\"uagb-ifb-title-wrap\"><span class=\"uagb-ifb-title-prefix\"><strong>Frank Riedel<\/strong><\/span><p class=\"uagb-ifb-title\"><em>CEO Mondarella GmbH<\/em><\/p><\/div><p class=\"uagb-ifb-desc\">&#8222;Unsere Produkte waren von Beginn an mit dem V-Label zertifiziert, da wir garantiert 100 % pflanzliche Produkte herstellen. Gerade f\u00fcr Veganer:innen ist die deutliche Kennzeichnung des Produktes hilfreich und wichtig. Deshalb setzen wir das V-Label auch aktuell weiter auf unserem Packaging ein.&#8220;<\/p><\/div><\/div>\n<\/div><\/div>\n\n\n\n<div class=\"wp-block-uagb-slider-child uagb-slider-child-wrap swiper-slide uagb-block-63554565\"><div class=\"swiper-content\">\n<div class=\"wp-block-uagb-info-box uagb-block-70f953f1 uagb-infobox__content-wrap  uagb-infobox-icon-above-title uagb-infobox-image-valign-top\"><div class=\"uagb-ifb-content\"><div class=\"uagb-ifb-image-content\"><img decoding=\"async\" src=\"https:\/\/www.v-label.com\/wp-content\/uploads\/2024\/04\/tress-bruder-500x333.jpg\" alt=\"\" width=\"\" height=\"0\" loading=\"lazy\"\/><\/div><div class=\"uagb-ifb-title-wrap\"><span class=\"uagb-ifb-title-prefix\"><strong>Annika Traub<\/strong><\/span><p class=\"uagb-ifb-title\"><em>Produktinnovationsmanagement bei den TressBr\u00fcder<\/em><\/p><\/div><p class=\"uagb-ifb-desc\">&#8222;Die Verbraucher:innen erkennen auf den ersten Blick, dass das Produkt vegan ist und nach den entsprechenden Vorgaben hergestellt und gepr\u00fcft wird.&#8220;<\/p><\/div><\/div>\n<\/div><\/div>\n<\/div><\/div><div class=\"swiper-pagination\"><\/div><\/div>\n<\/div>\n<\/div>\n\n\n\n<h3 class=\"wp-block-heading\">H<strong>\u00e4ufig gestellte Fragen (FAQ)<\/strong><\/h3>\n\n\n\n<p>Finden Sie Antworten zu Ihren Fragen zum V-Label.<\/p>\n\n\n\n<div class=\"wp-block-buttons alignwide is-content-justification-center is-layout-flex wp-container-core-buttons-is-layout-16018d1d wp-block-buttons-is-layout-flex\">\n<div class=\"wp-block-button\"><a class=\"wp-block-button__link wp-element-button\" href=\"https:\/\/www.v-label.com\/de\/faqs\/\"><strong>Zu den FAQ<\/strong><\/a><\/div>\n<\/div>\n","protected":false},"excerpt":{"rendered":"<p>Mit mehr als 25 Jahren Erfahrung in der Lizenzierung von Produkten sind mittlerweile weltweit \u00fcber 70.000 Produkte von mehr als 4.800 Unternehmen mit dem V-Label gekennzeichnet. Das V-Label ist ein Qualit\u00e4tssiegel f\u00fcr vegane und vegetarische Produkte und Dienstleistungen. Das international anerkannte V-Label hilft Menschen rund um die Welt, pflanzliche Produkte auf den ersten Blick zu [&hellip;]<\/p>\n","protected":false},"author":5,"featured_media":64546,"parent":0,"menu_order":0,"comment_status":"closed","ping_status":"closed","template":"","meta":{"_acf_changed":false,"_editorskit_title_hidden":false,"_editorskit_reading_time":0,"_editorskit_is_block_options_detached":false,"_editorskit_block_options_position":"{}","inline_featured_image":false,"_uag_custom_page_level_css":"","footnotes":""},"categories":[],"tags":[],"class_list":["post-59773","page","type-page","status-publish","has-post-thumbnail","hentry"],"acf":[],"uagb_featured_image_src":{"full":["https:\/\/www.v-label.com\/wp-content\/uploads\/2023\/06\/v-label-fur-unternehmen.jpeg",2000,1333,false],"thumbnail":["https:\/\/www.v-label.com\/wp-content\/uploads\/2023\/06\/v-label-fur-unternehmen-500x333.jpeg",500,333,true],"medium":["https:\/\/www.v-label.com\/wp-content\/uploads\/2023\/06\/v-label-fur-unternehmen-300x200.jpeg",300,200,true],"medium_large":["https:\/\/www.v-label.com\/wp-content\/uploads\/2023\/06\/v-label-fur-unternehmen-768x512.jpeg",768,512,true],"large":["https:\/\/www.v-label.com\/wp-content\/uploads\/2023\/06\/v-label-fur-unternehmen-1024x682.jpeg",1024,682,true],"1536x1536":["https:\/\/www.v-label.com\/wp-content\/uploads\/2023\/06\/v-label-fur-unternehmen-1536x1024.jpeg",1536,1024,true],"2048x2048":["https:\/\/www.v-label.com\/wp-content\/uploads\/2023\/06\/v-label-fur-unternehmen.jpeg",2000,1333,false],"preview":["https:\/\/www.v-label.com\/wp-content\/uploads\/2023\/06\/v-label-fur-unternehmen-904x720.jpeg",904,720,true],"header":["https:\/\/www.v-label.com\/wp-content\/uploads\/2023\/06\/v-label-fur-unternehmen-2000x720.jpeg",2000,720,true],"gform-image-choice-sm":["https:\/\/www.v-label.com\/wp-content\/uploads\/2023\/06\/v-label-fur-unternehmen.jpeg",300,200,false],"gform-image-choice-md":["https:\/\/www.v-label.com\/wp-content\/uploads\/2023\/06\/v-label-fur-unternehmen.jpeg",400,267,false],"gform-image-choice-lg":["https:\/\/www.v-label.com\/wp-content\/uploads\/2023\/06\/v-label-fur-unternehmen.jpeg",600,400,false]},"uagb_author_info":{"display_name":"Can Aslan","author_link":"https:\/\/www.v-label.com\/de"},"uagb_comment_info":0,"uagb_excerpt":"Mit mehr als 25 Jahren Erfahrung in der Lizenzierung von Produkten sind mittlerweile weltweit \u00fcber 70.000 Produkte von mehr als 4.800 Unternehmen mit dem V-Label gekennzeichnet. Das V-Label ist ein Qualit\u00e4tssiegel f\u00fcr vegane und vegetarische Produkte und Dienstleistungen. Das international anerkannte V-Label hilft Menschen rund um die Welt, pflanzliche Produkte auf den ersten Blick zu&hellip;","_links":{"self":[{"href":"https:\/\/www.v-label.com\/de\/wp-json\/wp\/v2\/pages\/59773","targetHints":{"allow":["GET"]}}],"collection":[{"href":"https:\/\/www.v-label.com\/de\/wp-json\/wp\/v2\/pages"}],"about":[{"href":"https:\/\/www.v-label.com\/de\/wp-json\/wp\/v2\/types\/page"}],"author":[{"embeddable":true,"href":"https:\/\/www.v-label.com\/de\/wp-json\/wp\/v2\/users\/5"}],"replies":[{"embeddable":true,"href":"https:\/\/www.v-label.com\/de\/wp-json\/wp\/v2\/comments?post=59773"}],"version-history":[{"count":53,"href":"https:\/\/www.v-label.com\/de\/wp-json\/wp\/v2\/pages\/59773\/revisions"}],"predecessor-version":[{"id":98168,"href":"https:\/\/www.v-label.com\/de\/wp-json\/wp\/v2\/pages\/59773\/revisions\/98168"}],"wp:featuredmedia":[{"embeddable":true,"href":"https:\/\/www.v-label.com\/de\/wp-json\/wp\/v2\/media\/64546"}],"wp:attachment":[{"href":"https:\/\/www.v-label.com\/de\/wp-json\/wp\/v2\/media?parent=59773"}],"wp:term":[{"taxonomy":"category","embeddable":true,"href":"https:\/\/www.v-label.com\/de\/wp-json\/wp\/v2\/categories?post=59773"},{"taxonomy":"post_tag","embeddable":true,"href":"https:\/\/www.v-label.com\/de\/wp-json\/wp\/v2\/tags?post=59773"}],"curies":[{"name":"wp","href":"https:\/\/api.w.org\/{rel}","templated":true}]}}