{"id":59786,"date":"2022-05-30T16:16:29","date_gmt":"2022-05-30T14:16:29","guid":{"rendered":"https:\/\/www.v-label.com\/v-label-fur-unternehmen\/vorteile\/"},"modified":"2024-07-09T15:09:25","modified_gmt":"2024-07-09T13:09:25","slug":"vorteile","status":"publish","type":"page","link":"https:\/\/www.v-label.com\/de\/v-label-fur-unternehmen\/vorteile\/","title":{"rendered":"Vorteile"},"content":{"rendered":"\n<p><em>Sie wollen, dass Ihre Kundschaft Ihre veganen und vegetarischen Produkte schneller erkennen kann?<\/em> Als Unternehmen profitieren Sie mit dem V-Label von einem Wettbewerbsvorteil und schaffen Transparenz. F\u00fcr Ihre Kundschaft stellt das V-Label eine einfache und sichere Entscheidungshilfe dar. Sichern Sie sich heute und f\u00fcr die kommenden Jahre mit dem V-Label einen starken Anteil auf einem der wachstumsreichsten M\u00e4rkte.<\/p>\n\n\n\n<h3 class=\"wp-block-heading\">Zahlreiche Unternehmen vertrauen bereits dem V-Label<\/h3>\n\n\n\r\n<section id=\"carousel-block_1c37d4da02658a868c1ea5f7fc5b3c7b\" class=\"carousel-block_1c37d4da02658a868c1ea5f7fc5b3c7b wp-block-carousel\">\r\n    <ul class=\"posts_list_carousel\" data-slick='{\"slidesToShow\": 5, \"slidesToScroll\": 5, \"autoplay\": 1, \"autoplaySpeed\": 3500, \"infinite\": 1, \"speed\": 800}'>\r\n                    <li><img decoding=\"async\" src=\"https:\/\/www.v-label.com\/wp-content\/uploads\/2023\/06\/aldi-nord-logo.jpg\" alt=\"ALDI Nord_Logo\" \/><\/li>\r\n                    <li><img decoding=\"async\" src=\"https:\/\/www.v-label.com\/wp-content\/uploads\/2023\/06\/wci-edeka-werbung-3d-logo-50mm.png\" alt=\"WCI_EDEKA-Werbung_3D-Logo_50mm\" \/><\/li>\r\n                    <li><img decoding=\"async\" src=\"https:\/\/www.v-label.com\/wp-content\/uploads\/2023\/06\/lidl-logo-basis-1150x1150px-rgb-72dpi.png\" alt=\"Lidl_Logo_Basis_1150x1150px_RGB_72dpi\" \/><\/li>\r\n                    <li><img decoding=\"async\" src=\"https:\/\/www.v-label.com\/wp-content\/uploads\/2023\/06\/kl-standard-srgb2.png\" alt=\"KL_standard_sRGB2\" \/><\/li>\r\n                    <li><img decoding=\"async\" src=\"https:\/\/www.v-label.com\/wp-content\/uploads\/2023\/06\/penny-logo-p1797c-yellow.jpg\" alt=\"Druck\" \/><\/li>\r\n                    <li><img decoding=\"async\" src=\"https:\/\/www.v-label.com\/wp-content\/uploads\/2023\/06\/netto-logo-auf-gelb.png\" alt=\"Netto_Logo_auf_Gelb\" \/><\/li>\r\n                    <li><img decoding=\"async\" src=\"https:\/\/www.v-label.com\/wp-content\/uploads\/2023\/06\/norma-logo.png\" alt=\"Norma-Logo\" \/><\/li>\r\n                    <li><img decoding=\"async\" src=\"https:\/\/www.v-label.com\/wp-content\/uploads\/2023\/06\/00002-0000188544-dmbio-logo-formalternative-maxi-4c-02.png\" alt=\"00002_0000188544_dmBio_Logo_Formalternative_Maxi_4c-02\" \/><\/li>\r\n                    <li><img decoding=\"async\" src=\"https:\/\/www.v-label.com\/wp-content\/uploads\/2023\/06\/2019-ritter-sport-logo-rgb-png-custom-proxy.png\" alt=\"2019_Ritter Sport_Logo RGB_PNG_custom-proxy\" \/><\/li>\r\n                    <li><img decoding=\"async\" src=\"https:\/\/www.v-label.com\/wp-content\/uploads\/2023\/06\/logo-dr-oetker-hintergrundtransparenz.png\" alt=\"Logo Dr Oetker_Hintergrundtransparenz\" \/><\/li>\r\n                    <li><img decoding=\"async\" src=\"https:\/\/www.v-label.com\/wp-content\/uploads\/2023\/06\/trolli-logo-orange.png\" alt=\"TROLLI_LOGO_ORANGE\" \/><\/li>\r\n                    <li><img decoding=\"async\" src=\"https:\/\/www.v-label.com\/wp-content\/uploads\/2023\/06\/katjes-herzlogo-180706-auf-pink-rund.jpg\" alt=\"Katjes_Herzlogo_180706_auf_pink_rund\" \/><\/li>\r\n                    <li><img decoding=\"async\" src=\"https:\/\/www.v-label.com\/wp-content\/uploads\/2023\/06\/ruemue-logo-rgb.png\" alt=\"Ru\u2560e\u0302Mu\u2560e\u0302_Logo_RGB\" \/><\/li>\r\n                    <li><img decoding=\"async\" src=\"https:\/\/www.v-label.com\/wp-content\/uploads\/2023\/06\/greenforce-logo-dark-green.png\" alt=\"GREENFORCE Logo - Dark Green\" \/><\/li>\r\n                    <li><img decoding=\"async\" src=\"https:\/\/www.v-label.com\/wp-content\/uploads\/2023\/06\/ecovin-logo-cmyk.png\" alt=\"ECOVIN_logo_cmyk\" \/><\/li>\r\n                    <li><img decoding=\"async\" src=\"https:\/\/www.v-label.com\/wp-content\/uploads\/2023\/06\/noa-logo-mitclaim-neu.png\" alt=\"NOA_Logo_mitClaim_neu\" \/><\/li>\r\n                    <li><img decoding=\"async\" src=\"https:\/\/www.v-label.com\/wp-content\/uploads\/2023\/06\/natsu-logo-rgb-2017-foods.png\" alt=\"natsu_Logo_RGB_2017_Foods\" \/><\/li>\r\n                    <li><img decoding=\"async\" src=\"https:\/\/www.v-label.com\/wp-content\/uploads\/2023\/06\/bettafsh-logo-rgb-navy.png\" alt=\"BettaF!sh_logo_RGB_Navy\" \/><\/li>\r\n                    <li><img decoding=\"async\" src=\"https:\/\/www.v-label.com\/wp-content\/uploads\/2023\/06\/justvegan.jpg\" alt=\"justvegan\" \/><\/li>\r\n                    <li><img decoding=\"async\" src=\"https:\/\/www.v-label.com\/wp-content\/uploads\/2023\/06\/livondo-logo.png\" alt=\"Livondo Logo\" \/><\/li>\r\n                    <li><img decoding=\"async\" src=\"https:\/\/www.v-label.com\/wp-content\/uploads\/2023\/06\/2019-puma-logo-standard-no1-with-registration-black-low-res.png\" alt=\"2019_PUMA_Logo_Standard-No1_with-Registration_Black_LOW-RES\" \/><\/li>\r\n                    <li><img decoding=\"async\" src=\"https:\/\/www.v-label.com\/wp-content\/uploads\/2023\/06\/oe-print-su.png\" alt=\"oe_print_su\" \/><\/li>\r\n                    <li><img decoding=\"async\" src=\"https:\/\/www.v-label.com\/wp-content\/uploads\/2023\/06\/02-logoparadies-bettwaren-mit-herz.png\" alt=\"02_LogoParadies_Bettwaren mit Herz\" \/><\/li>\r\n            <\/ul>\r\n<\/section>\n\n\n<div class=\"wp-block-media-text is-stacked-on-mobile is-vertically-aligned-center is-image-fill\"><figure class=\"wp-block-media-text__media\" style=\"background-image:url(https:\/\/www.v-label.com\/wp-content\/uploads\/2022\/12\/v-label-consumers-favorite.jpg);background-position:62% 53%\"><img decoding=\"async\" src=\"https:\/\/www.v-label.com\/wp-content\/uploads\/2022\/12\/v-label-consumers-favorite.jpg\" alt=\"\" class=\"wp-image-39649 size-full\"\/><\/figure><div class=\"wp-block-media-text__content\">\n<h3 class=\"wp-block-heading\">Bekanntheit und Vertrauen<\/h3>\n\n\n\n<p>In Deutschland ist das V-Label laut dem renommierten G\u00fctesiegel Monitor 2023 eines der bekanntesten und vertrauensw\u00fcrdigsten aller untersuchten Lebensmittelg\u00fctesiegel. In der Europ\u00e4ischen Union ist das V-Label mittlerweile das meistgenutzte Qualit\u00e4tssiegel f\u00fcr vegane und vegetarische Produkte. Mittlerweile sind mehr als 70.000 Produkte mit dem V-Label zertifiziert. Durch die Kategorisierung von Produkten als vegan oder vegetarisch ist das V-Label eine schnelle und zuverl\u00e4ssige M\u00f6glichkeit, den Menschen auf den ersten Blick eine einfache und sichere Orientierungshilfe zu bieten.<\/p>\n<\/div><\/div>\n\n\n\n<div style=\"height:30px\" aria-hidden=\"true\" class=\"wp-block-spacer\"><\/div>\n\n\n\n<div class=\"wp-block-media-text is-stacked-on-mobile is-vertically-aligned-center is-image-fill\"><figure class=\"wp-block-media-text__media\" style=\"background-image:url(https:\/\/www.v-label.com\/wp-content\/uploads\/2022\/12\/v-label-global-recognition.jpg);background-position:50% 50%\"><img decoding=\"async\" width=\"1280\" height=\"959\" src=\"https:\/\/www.v-label.com\/wp-content\/uploads\/2022\/12\/v-label-global-recognition.jpg\" alt=\"\" class=\"wp-image-17595 size-full\" srcset=\"https:\/\/www.v-label.com\/wp-content\/uploads\/2022\/12\/v-label-global-recognition.jpg 1280w, https:\/\/www.v-label.com\/wp-content\/uploads\/2022\/12\/v-label-global-recognition-300x225.jpg 300w, https:\/\/www.v-label.com\/wp-content\/uploads\/2022\/12\/v-label-global-recognition-1024x767.jpg 1024w, https:\/\/www.v-label.com\/wp-content\/uploads\/2022\/12\/v-label-global-recognition-500x375.jpg 500w, https:\/\/www.v-label.com\/wp-content\/uploads\/2022\/12\/v-label-global-recognition-768x575.jpg 768w\" sizes=\"(max-width: 1280px) 100vw, 1280px\" \/><\/figure><div class=\"wp-block-media-text__content\">\n<h3 class=\"wp-block-heading\"><strong><strong>Internationale Pr\u00e4senz<\/strong><\/strong><\/h3>\n\n\n\n<p>Vor \u00fcber 25 Jahren in der Schweiz entwickelt, hat sich das V-Label einen f\u00fchrenden Platz als G\u00fctesiegel von veganen und vegetarischen Produkten und Dienstleistungen erarbeitet. Mit dem V-Label haben Sie eine einzige Zertifizierung, die auf allen M\u00e4rkten eine hohe Anerkennung genie\u00dft. Von Berlin bis Buenos Aires ist die charakteristisch gelbe Farbgebung, welche sich gut von gr\u00fcnen und erdigen Farben hervorhebt, die oft bei nachhaltigen Produkten verwendet werden, kaum zu \u00fcbersehen.<\/p>\n<\/div><\/div>\n\n\n\n<div style=\"height:30px\" aria-hidden=\"true\" class=\"wp-block-spacer\"><\/div>\n\n\n\n<div class=\"wp-block-media-text is-stacked-on-mobile is-vertically-aligned-center is-image-fill\"><figure class=\"wp-block-media-text__media\" style=\"background-image:url(https:\/\/www.v-label.com\/wp-content\/uploads\/2022\/12\/v-label-business-partnerships.jpg);background-position:50% 50%\"><img decoding=\"async\" width=\"1280\" height=\"853\" src=\"https:\/\/www.v-label.com\/wp-content\/uploads\/2022\/12\/v-label-business-partnerships.jpg\" alt=\"\" class=\"wp-image-17615 size-full\" srcset=\"https:\/\/www.v-label.com\/wp-content\/uploads\/2022\/12\/v-label-business-partnerships.jpg 1280w, https:\/\/www.v-label.com\/wp-content\/uploads\/2022\/12\/v-label-business-partnerships-300x200.jpg 300w, https:\/\/www.v-label.com\/wp-content\/uploads\/2022\/12\/v-label-business-partnerships-1024x682.jpg 1024w, https:\/\/www.v-label.com\/wp-content\/uploads\/2022\/12\/v-label-business-partnerships-500x333.jpg 500w, https:\/\/www.v-label.com\/wp-content\/uploads\/2022\/12\/v-label-business-partnerships-768x512.jpg 768w\" sizes=\"(max-width: 1280px) 100vw, 1280px\" \/><\/figure><div class=\"wp-block-media-text__content\">\n<h3 class=\"wp-block-heading\">Globales <strong><strong>Expertennetzwerk<\/strong><\/strong><\/h3>\n\n\n\n<p>Mit mehr als 25 Jahren Erfahrung als Servicepartner in der Lizenzvergabe und standardisierten Prozessen ist das V-Label ein professioneller Ansprechpartner. Als weltweite Zertifizierung mit lokalen Vertretungen in mehr als 50 L\u00e4ndern, und Service in mehr als 30 Sprachen, l\u00e4dt das V-Label Sie auf eine Zusammenarbeit ein, die weit \u00fcber die Zertifizierung hinausgeht. Was w\u00fcrde es f\u00fcr Ihr Unternehmen bedeuten, wenn Sie Dienstleistungen wie Markteinblicke, Analysen, Beratung zu Inhaltsstoffen, Kontakt zu Werbepartner:innen und andere Unterst\u00fctzung erhalten w\u00fcrden?<\/p>\n<\/div><\/div>\n\n\n\n<div style=\"height:30px\" aria-hidden=\"true\" class=\"wp-block-spacer\"><\/div>\n\n\n\n<div class=\"wp-block-media-text is-stacked-on-mobile is-vertically-aligned-center is-image-fill\"><figure class=\"wp-block-media-text__media\" style=\"background-image:url(https:\/\/www.v-label.com\/wp-content\/uploads\/2022\/12\/v-label-inclusive-approach.jpg);background-position:12% 52%\"><img decoding=\"async\" width=\"1280\" height=\"854\" src=\"https:\/\/www.v-label.com\/wp-content\/uploads\/2022\/12\/v-label-inclusive-approach.jpg\" alt=\"\" class=\"wp-image-17635 size-full\" srcset=\"https:\/\/www.v-label.com\/wp-content\/uploads\/2022\/12\/v-label-inclusive-approach.jpg 1280w, https:\/\/www.v-label.com\/wp-content\/uploads\/2022\/12\/v-label-inclusive-approach-300x200.jpg 300w, https:\/\/www.v-label.com\/wp-content\/uploads\/2022\/12\/v-label-inclusive-approach-1024x683.jpg 1024w, https:\/\/www.v-label.com\/wp-content\/uploads\/2022\/12\/v-label-inclusive-approach-500x334.jpg 500w, https:\/\/www.v-label.com\/wp-content\/uploads\/2022\/12\/v-label-inclusive-approach-768x512.jpg 768w\" sizes=\"(max-width: 1280px) 100vw, 1280px\" \/><\/figure><div class=\"wp-block-media-text__content\">\n<h3 class=\"wp-block-heading\">Qualit\u00e4t und Service<\/h3>\n\n\n\n<p>Das V-Label bietet Unternehmen sowohl eine vegane als auch eine vegetarische Zertifizierung, die auf gr\u00fcndlichem Qualit\u00e4tsmanagement und Kontrollen basiert. Es ist f\u00fcr jede Art von Unternehmen geeignet, von veganen Start-ups bis hin zu internationalen t\u00e4tigen Konzernen. Zusammen mit unseren Markteinblicken ist es auch eine praktikable Option f\u00fcr Unternehmen, die nicht \u00fcberwiegend im pflanzlichen Bereich t\u00e4tig sind, aber die steigende flexitarische Bev\u00f6lkerung bedienen wollen. Abgesehen von Lebensmitteln ist es auch f\u00fcr Druckprodukte, Kosmetik- und Drogerieartikel, Systemgastronomie und viele weitere verf\u00fcgbar.<\/p>\n<\/div><\/div>\n\n\n\n<div style=\"height:35px\" aria-hidden=\"true\" class=\"wp-block-spacer\"><\/div>\n\n\n\r\n<section id=\"cta-block_07b95d1aab2f5c518b6e44374c31079d\" class=\"wp-block-cta alignfull aligncenter\" style=\"background-image: url(https:\/\/www.v-label.com\/wp-content\/uploads\/2022\/09\/cta-kontakt2.jpeg);\">\r\n\t<div class=\"row\">\r\n\t\t<div class=\"medium-8 medium-centered column\">\r\n\t\t\t\t\t\t\t<h2>Kontaktieren Sie uns!<\/h2>\r\n\t\t\t\t\t\t\t\t\t\t<p><p>Ob Sie an einem Angebot interessiert sind oder allgemeine Fragen zum V-Label haben, z\u00f6gern Sie nicht, uns zu kontaktieren! Wir freuen uns von Ihnen zu h\u00f6ren.<\/p>\n<\/p>\r\n\t\t\t\r\n\t\t\t<div class=\"wp-block-buttons\">\r\n\t\t\t\t\t\t\t\t\t\t<a href=\"https:\/\/www.v-label.com\/de\/kontakt\/\" class=\"wp-block-button__link\">Kontaktformular<\/a>\r\n\t\t\t\t\t\t\t\t\t\t\t\t<\/div>\r\n\r\n\t\t<\/div>\r\n\t<\/div>\r\n<\/section>","protected":false},"excerpt":{"rendered":"<p>Sie wollen, dass Ihre Kundschaft Ihre veganen und vegetarischen Produkte schneller erkennen kann? Als Unternehmen profitieren Sie mit dem V-Label von einem Wettbewerbsvorteil und schaffen Transparenz. F\u00fcr Ihre Kundschaft stellt das V-Label eine einfache und sichere Entscheidungshilfe dar. Sichern Sie sich heute und f\u00fcr die kommenden Jahre mit dem V-Label einen starken Anteil auf einem [&hellip;]<\/p>\n","protected":false},"author":5,"featured_media":17554,"parent":59773,"menu_order":0,"comment_status":"closed","ping_status":"closed","template":"","meta":{"_acf_changed":false,"_editorskit_title_hidden":false,"_editorskit_reading_time":0,"_editorskit_is_block_options_detached":false,"_editorskit_block_options_position":"{}","inline_featured_image":false,"_uag_custom_page_level_css":"","footnotes":""},"categories":[],"tags":[],"class_list":["post-59786","page","type-page","status-publish","has-post-thumbnail","hentry"],"acf":[],"uagb_featured_image_src":{"full":["https:\/\/www.v-label.com\/wp-content\/uploads\/2022\/12\/v-label-benefits.jpg",1280,878,false],"thumbnail":["https:\/\/www.v-label.com\/wp-content\/uploads\/2022\/12\/v-label-benefits-500x343.jpg",500,343,true],"medium":["https:\/\/www.v-label.com\/wp-content\/uploads\/2022\/12\/v-label-benefits-300x206.jpg",300,206,true],"medium_large":["https:\/\/www.v-label.com\/wp-content\/uploads\/2022\/12\/v-label-benefits-768x527.jpg",768,527,true],"large":["https:\/\/www.v-label.com\/wp-content\/uploads\/2022\/12\/v-label-benefits-1024x702.jpg",1024,702,true],"1536x1536":["https:\/\/www.v-label.com\/wp-content\/uploads\/2022\/12\/v-label-benefits.jpg",1280,878,false],"2048x2048":["https:\/\/www.v-label.com\/wp-content\/uploads\/2022\/12\/v-label-benefits.jpg",1280,878,false],"preview":["https:\/\/www.v-label.com\/wp-content\/uploads\/2022\/12\/v-label-benefits-904x720.jpg",904,720,true],"header":["https:\/\/www.v-label.com\/wp-content\/uploads\/2022\/12\/v-label-benefits-1280x720.jpg",1280,720,true],"gform-image-choice-sm":["https:\/\/www.v-label.com\/wp-content\/uploads\/2022\/12\/v-label-benefits.jpg",300,206,false],"gform-image-choice-md":["https:\/\/www.v-label.com\/wp-content\/uploads\/2022\/12\/v-label-benefits.jpg",400,274,false],"gform-image-choice-lg":["https:\/\/www.v-label.com\/wp-content\/uploads\/2022\/12\/v-label-benefits.jpg",600,412,false]},"uagb_author_info":{"display_name":"Can Aslan","author_link":"https:\/\/www.v-label.com\/de"},"uagb_comment_info":0,"uagb_excerpt":"Sie wollen, dass Ihre Kundschaft Ihre veganen und vegetarischen Produkte schneller erkennen kann? Als Unternehmen profitieren Sie mit dem V-Label von einem Wettbewerbsvorteil und schaffen Transparenz. F\u00fcr Ihre Kundschaft stellt das V-Label eine einfache und sichere Entscheidungshilfe dar. Sichern Sie sich heute und f\u00fcr die kommenden Jahre mit dem V-Label einen starken Anteil auf einem&hellip;","_links":{"self":[{"href":"https:\/\/www.v-label.com\/de\/wp-json\/wp\/v2\/pages\/59786","targetHints":{"allow":["GET"]}}],"collection":[{"href":"https:\/\/www.v-label.com\/de\/wp-json\/wp\/v2\/pages"}],"about":[{"href":"https:\/\/www.v-label.com\/de\/wp-json\/wp\/v2\/types\/page"}],"author":[{"embeddable":true,"href":"https:\/\/www.v-label.com\/de\/wp-json\/wp\/v2\/users\/5"}],"replies":[{"embeddable":true,"href":"https:\/\/www.v-label.com\/de\/wp-json\/wp\/v2\/comments?post=59786"}],"version-history":[{"count":25,"href":"https:\/\/www.v-label.com\/de\/wp-json\/wp\/v2\/pages\/59786\/revisions"}],"predecessor-version":[{"id":85014,"href":"https:\/\/www.v-label.com\/de\/wp-json\/wp\/v2\/pages\/59786\/revisions\/85014"}],"up":[{"embeddable":true,"href":"https:\/\/www.v-label.com\/de\/wp-json\/wp\/v2\/pages\/59773"}],"wp:featuredmedia":[{"embeddable":true,"href":"https:\/\/www.v-label.com\/de\/wp-json\/wp\/v2\/media\/17554"}],"wp:attachment":[{"href":"https:\/\/www.v-label.com\/de\/wp-json\/wp\/v2\/media?parent=59786"}],"wp:term":[{"taxonomy":"category","embeddable":true,"href":"https:\/\/www.v-label.com\/de\/wp-json\/wp\/v2\/categories?post=59786"},{"taxonomy":"post_tag","embeddable":true,"href":"https:\/\/www.v-label.com\/de\/wp-json\/wp\/v2\/tags?post=59786"}],"curies":[{"name":"wp","href":"https:\/\/api.w.org\/{rel}","templated":true}]}}