{"id":62070,"date":"2023-06-28T14:46:59","date_gmt":"2023-06-28T12:46:59","guid":{"rendered":"https:\/\/www.v-label.com\/?page_id=62070"},"modified":"2026-03-25T10:51:25","modified_gmt":"2026-03-25T09:51:25","slug":"audits","status":"publish","type":"page","link":"https:\/\/www.v-label.com\/de\/v-label-fur-unternehmen\/audits\/","title":{"rendered":"Audits"},"content":{"rendered":"\n<p>V-Label Audits werden regelm\u00e4\u00dfig von externen Kontrollstellen in den Produktionsst\u00e4tten der mit dem V-Label lizenzierten Produkte durchgef\u00fchrt. Damit wird sichergestellt, dass lizenzierte Produkte in Zusammensetzung und Herstellung den V-Label&nbsp; Kriterien entsprechen sowie Kreuzkontaminationen mit nicht-veganen bzw. nicht-vegetarischen Inhaltsstoffen vermieden werden. Die Audits sind vertraglicher Bestandteil und daher f\u00fcr alle Lizenznehmenden verpflichtend. Das Audit erfolgt nach einer ersten erfolgreichen Produktlizenzierung innerhalb von 12 Monaten ab Lizenzierungsdatum und muss somit nicht bereits vorher stattfinden.<\/p>\n\n\n\n<h2 class=\"wp-block-heading has-text-align-center\">Terminierung des Audits<\/h2>\n\n\n\n<p>Das Audit findet nach Terminvereinbarung zwischen Kontrollstelle, Lizenznehmendem und gegebenenfalls Subunternehmern statt. Kombinationsaudits mit anderen Standards (z.B. Bio oder IFS) sind m\u00f6glich. V-Label Audits sind grunds\u00e4tzlich angek\u00fcndigt &#8211; somit bleibt genug Zeit f\u00fcr eine entsprechende Vorbereitung.<\/p>\n\n\n\n<h2 class=\"wp-block-heading has-text-align-center\"><strong>Inhalte eines V-Label Audits<\/strong><\/h2>\n\n\n\n<p>Das eigentliche Audit setzt sich aus einer Dokumentenpr\u00fcfung sowie einer Betriebsbegehung zusammen.<\/p>\n\n\n\n<div class=\"wp-block-columns is-layout-flex wp-container-core-columns-is-layout-9d6595d7 wp-block-columns-is-layout-flex\">\n<div class=\"wp-block-column is-layout-flow wp-block-column-is-layout-flow\">\n<figure class=\"wp-block-image aligncenter size-full is-resized\"><img decoding=\"async\" width=\"300\" height=\"300\" src=\"https:\/\/www.v-label.com\/wp-content\/uploads\/2023\/06\/1.png\" alt=\"\" class=\"wp-image-62071\" style=\"width:150px;height:150px\"\/><\/figure>\n\n\n\n<h3 class=\"wp-block-heading has-text-align-center\"><strong>Dokumentenpr\u00fcfung<\/strong><\/h3>\n\n\n\n<p class=\"has-text-align-center\">Im Rahmen der Dokumentenpr\u00fcfung werden die f\u00fcr die Lizenzierung notwendigen Dokumente \u00fcberpr\u00fcft. Es wird beispielsweise kontrolliert, ob alle f\u00fcr das V-Label relevanten Unterlagen bzw. Nachweise und Belege vollst\u00e4ndig sowie korrekt vorliegen und die Verwendung des V-Labels wie vorgesehen erfolgt.<\/p>\n<\/div>\n\n\n\n<div class=\"wp-block-column is-layout-flow wp-block-column-is-layout-flow\">\n<figure class=\"wp-block-image aligncenter size-full is-resized\"><img decoding=\"async\" width=\"300\" height=\"300\" src=\"https:\/\/www.v-label.com\/wp-content\/uploads\/2023\/06\/2.png\" alt=\"\" class=\"wp-image-62143\" style=\"width:150px;height:150px\"\/><\/figure>\n\n\n\n<h3 class=\"wp-block-heading has-text-align-center\"><strong>Betriebsbegehung<\/strong><\/h3>\n\n\n\n<p class=\"has-text-align-center\">W\u00e4hrend der Betriebsbegehung werden die Produktionswege der einzelnen Kategorien (vegan, vegetarisch) \u00fcberpr\u00fcft. Es wird au\u00dferdem kontrolliert, ob eine ausreichende Trennung von nicht-veganen bzw. nicht-vegetarischen Prozessen vorliegt. Potentielle Kontaminationsrisiken werden identifiziert und Ma\u00dfnahmen zur Vermeidung \u00fcberpr\u00fcft. Gegebenenfalls werden zus\u00e4tzlich Proben entnommen und analysiert.<\/p>\n<\/div>\n<\/div>\n\n\n\n<h2 class=\"wp-block-heading has-text-align-center\">Hinweise f\u00fcr Unternehmen<\/h2>\n\n\n\n<p>Am Tag des Audits sollten s\u00e4mtliche Unterlagen, wie z.B. Pr\u00fcfformulare und Lieferantenbest\u00e4tigungen f\u00fcr kritische Zutaten, vorliegen und alle R\u00e4ume f\u00fcr die Auditor:innen zug\u00e4nglich sein. Auch sollte eine kompetente Ansprechperson wie etwa die\/der zust\u00e4ndige Qualit\u00e4tsmanager:in anwesend sein.<\/p>\n\n\n\n<p>Das Infoblatt zu den Audits (\u201cAudit Quick List\u201d) zur Kontrolle der Einhaltung der V-Label Richtlinien enth\u00e4lt alle relevanten Informationen zur Vorbereitung f\u00fcr Unternehmen.<\/p>\n\n\n\n<div class=\"wp-block-columns is-layout-flex wp-container-core-columns-is-layout-9d6595d7 wp-block-columns-is-layout-flex\">\n<div class=\"wp-block-column is-layout-flow wp-block-column-is-layout-flow\"><\/div>\n\n\n\n<div class=\"wp-block-column is-layout-flow wp-block-column-is-layout-flow\">\n<section id=\"download-block_a549137c9dc372904a71f8fbd04ee2af\" class=\"wp-block-download\">\n\t\t\t<div class=\"inner\">\n\t\t\t\t\t\t<a href=\"https:\/\/www.v-label.com\/wp-content\/uploads\/2024\/02\/int-v-label-audits-quick-facts-v0201-de.pdf\" class=\"post_thumbnail\" download>\n\t\t\t\t<img decoding=\"async\" src=\"https:\/\/www.v-label.com\/wp-content\/uploads\/2024\/02\/audit-quick-list-de-353x500.png\" alt=\"Audit Quick List (DE)\">\n\t\t\t<\/a>\n\t\t\t<h4>Audit Quick List (DE)<\/h4>\n\t\t\t<p class=\"meta\">\n\t\t\t\tPDF, 105,85 KB\t\t\t<\/p>\n\t\t<\/div>\n\t\t<a href=\"https:\/\/www.v-label.com\/wp-content\/uploads\/2024\/02\/int-v-label-audits-quick-facts-v0201-de.pdf\" download>\n\t\t\t<button class=\"wp-block-button__link\">Download<\/button>\n\t\t<\/a>\n\t<\/section><\/div>\n\n\n\n<div class=\"wp-block-column is-layout-flow wp-block-column-is-layout-flow\">\n<section id=\"download-block_ac622a1b2a49e5dbf1a48ed6179c986c\" class=\"wp-block-download\">\n\t\t\t<div class=\"inner\">\n\t\t\t\t\t\t<a href=\"https:\/\/www.v-label.com\/wp-content\/uploads\/2024\/02\/int-v-label-audits-quick-facts-v0201-en.pdf\" class=\"post_thumbnail\" download>\n\t\t\t\t<img decoding=\"async\" src=\"https:\/\/www.v-label.com\/wp-content\/uploads\/2024\/02\/audit-quick-list-en-350x500.png\" alt=\"Audit Quick List (EN)\">\n\t\t\t<\/a>\n\t\t\t<h4>Audit Quick List (EN)<\/h4>\n\t\t\t<p class=\"meta\">\n\t\t\t\tPDF, 95,00 KB\t\t\t<\/p>\n\t\t<\/div>\n\t\t<a href=\"https:\/\/www.v-label.com\/wp-content\/uploads\/2024\/02\/int-v-label-audits-quick-facts-v0201-en.pdf\" download>\n\t\t\t<button class=\"wp-block-button__link\">Download<\/button>\n\t\t<\/a>\n\t<\/section><\/div>\n\n\n\n<div class=\"wp-block-column is-layout-flow wp-block-column-is-layout-flow\"><\/div>\n<\/div>\n\n\n\n<h2 class=\"wp-block-heading has-text-align-center\"><strong>Kriterien f\u00fcr ein erfolgreiches Audit<\/strong><\/h2>\n\n\n\n<p>Sollten im Rahmen des Audits M\u00e4ngel festgestellt werden, wird die V-Label Lizenz nicht automatisch entzogen. Zun\u00e4chst werden Korrekturnachweise verlangt und umgesetzt. Das V-Label verliert nur, wer nachweisbar und wissentlich betr\u00fcgt, also die Richtlinien des V-Labels nicht einh\u00e4lt und beispielsweise nicht-vegane bzw. nicht-vegetarische Inhaltsstoffe und Verarbeitungshilfsstoffe verwendet. Sobald das Audit erfolgreich durchgef\u00fchrt, bei Bedarf Korrekturma\u00dfnahmen implementiert und der Auditbericht final freigegeben wurde, erhalten Lizenznehmende eine automatische V-Label Auditbest\u00e4tigung. Es handelt sich nicht um ein Zertifikat, da das V-Label eine Lizenzierung und keine Zertifizierung von Produkten darstellt.<\/p>\n\n\n\n<h2 class=\"wp-block-heading has-text-align-center\"><strong>Unsere Partner-Kontrollstellen<\/strong><\/h2>\n\n\n\n<p>Im Rahmen der Auditplanung k\u00f6nnen sich Lizenznehmende mit Produktionsst\u00e4tten in Deutschland eigenst\u00e4ndig f\u00fcr eine unserer aktuell neun Partner-Kontrollstellen entscheiden. Audits in ausl\u00e4ndischen Produktionsst\u00e4tten werden grunds\u00e4tzlich von SGS durchgef\u00fchrt. Aktuell arbeiten wir mit den folgenden Partner-Kontrollstellen zusammen:<\/p>\n\n\n\r\n<section id=\"carousel-block_6742c7e1bf2370706fa66f82248203f4\" class=\"carousel-block_6742c7e1bf2370706fa66f82248203f4 wp-block-carousel\">\r\n    <ul class=\"posts_list_carousel\" data-slick='{\"slidesToShow\": 5, \"slidesToScroll\": 5, \"autoplay\": 1, \"autoplaySpeed\": 5000, \"infinite\": 1, \"speed\": 750}'>\r\n                    <li><img decoding=\"async\" src=\"https:\/\/www.v-label.com\/wp-content\/uploads\/2026\/03\/logo-abcert-2016-4c-zum-einfugen-13prozent.jpg\" alt=\"logo abcert 2016 4c_zum einf\u00fcgen_13prozent\" \/><\/li>\r\n                    <li><img decoding=\"async\" src=\"https:\/\/www.v-label.com\/wp-content\/uploads\/2026\/02\/control-union-cu-logo-1-fullcolour.png\" alt=\"Control_Union_CU_Logo_1_FullColour\" \/><\/li>\r\n                    <li><img decoding=\"async\" src=\"https:\/\/www.v-label.com\/wp-content\/uploads\/2025\/11\/eurofins-ars-probata-01-1-1-1-2.jpg\" alt=\"Eurofins ARS PROBATA_01 (1) (1) (1) (2)\" \/><\/li>\r\n                    <li><img decoding=\"async\" src=\"https:\/\/www.v-label.com\/wp-content\/uploads\/2026\/01\/gfrs-logo.png\" alt=\"gfrs-logo\" \/><\/li>\r\n                    <li><img decoding=\"async\" src=\"https:\/\/www.v-label.com\/wp-content\/uploads\/2026\/01\/intertek-2.png\" alt=\"Intertek (2)\" \/><\/li>\r\n                    <li><img decoding=\"async\" src=\"https:\/\/www.v-label.com\/wp-content\/uploads\/2026\/01\/kiwa-2024-rgb.png\" alt=\"Kiwa_2024_RGB\" \/><\/li>\r\n                    <li><img decoding=\"async\" src=\"https:\/\/www.v-label.com\/wp-content\/uploads\/2026\/01\/logo-kontrollgesellschaft.png\" alt=\"Logo_Kontrollgesellschaft\" \/><\/li>\r\n                    <li><img decoding=\"async\" src=\"https:\/\/www.v-label.com\/wp-content\/uploads\/2026\/01\/lacon-1.png\" alt=\"Lacon (1)\" \/><\/li>\r\n                    <li><img decoding=\"async\" src=\"https:\/\/www.v-label.com\/wp-content\/uploads\/2026\/01\/sgs-1.jpg\" alt=\"SGS (1)\" \/><\/li>\r\n            <\/ul>\r\n<\/section>\n\n\r\n<section id=\"accordion-block_7bb817a8ab3e5bfb870bd29bc4628d51\" class=\"wp-block-accordion\">\r\n\t\t\t<button class=\"toggle_open\" id=\"button_toggle\">Alle ausklappen<\/button>\r\n\t\t<ul class=\"posts_list_accordion\">\r\n\t\t\t\t\t\t\t<li>\r\n\t\t\t\t\t\t\t\t\t\t\t\t\t\t\t\t\t<h4 id=\"\">Warum sind Audits notwendig und was wird gepr\u00fcft?<i class=\"icon-angle-down\"><\/i><\/h4>\r\n\t\t\t\t\t\t\t\t\t\t\t\t\t\t\t\t<div class=\"accordion_text\"><p><span style=\"font-weight: 400;\">Audits in den Produktionsst\u00e4tten sind entscheidend, um sicherzustellen, dass die V-Label-Kriterien eingehalten werden. Dies gibt Konsument:innen Vertrauen und Unternehmen demonstrieren dadurch Transparenz<\/span><b>.<\/b><span style=\"font-weight: 400;\"> W\u00e4hrend des Audits werden die uns zuvor eingereichten Lizenzdokumente auf Konformit\u00e4t mit der Praxis sowie produktionsspezifische Aspekte (z.B. Kreuzkontaminationen) gepr\u00fcft.<\/span><\/p>\n<\/div>\r\n\t\t\t\t\t\t\t\t\t<\/li>\r\n\t\t\t\t\t\t\t<li>\r\n\t\t\t\t\t\t\t\t\t\t\t\t\t\t\t\t\t<h4 id=\"\">Mit welchen Kosten muss f\u00fcr ein Audit gerechnet werden?<i class=\"icon-angle-down\"><\/i><\/h4>\r\n\t\t\t\t\t\t\t\t\t\t\t\t\t\t\t\t<div class=\"accordion_text\"><p><span style=\"font-weight: 400;\">Die Auditkosten sind abh\u00e4ngig von der Betriebsgr\u00f6\u00dfe und dem Aufwand. Unsere Partner-Kontrollstellen sind beauftragt, Kombi-Audits zu erm\u00f6glichen und Kosten im Rahmen von etwa 750-1.200 Euro (exklusive Reisekosten) einzuhalten. Die Kosten f\u00fcr Audits im Ausland und f\u00fcr Audits au\u00dferhalb des Bereichs Lebensmittel k\u00f6nnten h\u00f6her ausfallen.<\/span><\/p>\n<\/div>\r\n\t\t\t\t\t\t\t\t\t<\/li>\r\n\t\t\t\t\t\t\t<li>\r\n\t\t\t\t\t\t\t\t\t\t\t\t\t\t\t\t\t<h4 id=\"\">Wie lange dauert ein V-Label Audit?<i class=\"icon-angle-down\"><\/i><\/h4>\r\n\t\t\t\t\t\t\t\t\t\t\t\t\t\t\t\t<div class=\"accordion_text\"><p><span style=\"font-weight: 400;\">Die Auditdauer ist abh\u00e4ngig von der Betriebsgr\u00f6\u00dfe sowie der Anzahl der dort hergestellten V-Label Artikel und betr\u00e4gt in der Regel 2-4 Stunden.<\/span><\/p>\n<\/div>\r\n\t\t\t\t\t\t\t\t\t<\/li>\r\n\t\t\t\t\t\t\t<li>\r\n\t\t\t\t\t\t\t\t\t\t\t\t\t\t\t\t\t<h4 id=\"\">Wer f\u00fchrt die Audits durch?<i class=\"icon-angle-down\"><\/i><\/h4>\r\n\t\t\t\t\t\t\t\t\t\t\t\t\t\t\t\t<div class=\"accordion_text\"><p><span style=\"font-weight: 400;\">Die Audits werden von unabh\u00e4ngigen Partner-Kontrollstellen durchgef\u00fchrt. Die Auswahl der Partner-Kontrollstelle obliegt Lizenznehmenden mit Produktionsst\u00e4tten in Deutschland. Audits im Ausland werden grunds\u00e4tzlich von SGS durchgef\u00fchrt.<\/span><\/p>\n<\/div>\r\n\t\t\t\t\t\t\t\t\t<\/li>\r\n\t\t\t\t\t\t\t<li>\r\n\t\t\t\t\t\t\t\t\t\t\t\t\t\t\t\t\t<h4 id=\"\">Sind die Audits angek\u00fcndigt oder unangek\u00fcndigt?<i class=\"icon-angle-down\"><\/i><\/h4>\r\n\t\t\t\t\t\t\t\t\t\t\t\t\t\t\t\t<div class=\"accordion_text\"><p><span style=\"font-weight: 400;\">Grunds\u00e4tzlich werden die Audittermine mit den Kontrollstellen abgestimmt und sind somit angek\u00fcndigt. Bei Kombinationen mit anderen unangek\u00fcndigten Standards erfolgt das V-Label Audit ebenfalls unangek\u00fcndigt.<\/span><\/p>\n<\/div>\r\n\t\t\t\t\t\t\t\t\t<\/li>\r\n\t\t\t\t\t\t\t<li>\r\n\t\t\t\t\t\t\t\t\t\t\t\t\t\t\t\t\t<h4 id=\"\">Muss das Audit erfolgen, bevor das V-Label verwendet werden darf?<i class=\"icon-angle-down\"><\/i><\/h4>\r\n\t\t\t\t\t\t\t\t\t\t\t\t\t\t\t\t<div class=\"accordion_text\"><p><span style=\"font-weight: 400;\">Nein, das Audit erfolgt <\/span><span style=\"font-weight: 400;\">nach<\/span><span style=\"font-weight: 400;\"> einer ersten erfolgreichen Produktlizenzierung innerhalb von 12 Monaten ab Lizenzierungsdatum. Das Label darf bereits nach einer erfolgreichen Produktpr\u00fcfung sowie Freigabe durch uns verwendet werden. Sobald das erste Produkt erfolgreich lizenziert wurde, erhalten Unternehmen eine automatische Auditaufforderung via Mail an die hinterlegte Ansprechperson mit allen relevanten Informationen.<\/span><\/p>\n<\/div>\r\n\t\t\t\t\t\t\t\t\t<\/li>\r\n\t\t\t\t\t\t\t<li>\r\n\t\t\t\t\t\t\t\t\t\t\t\t\t\t\t\t\t<h4 id=\"\">Wie oft m\u00fcssen V-Label Audits erfolgen?<i class=\"icon-angle-down\"><\/i><\/h4>\r\n\t\t\t\t\t\t\t\t\t\t\t\t\t\t\t\t<div class=\"accordion_text\"><p><span style=\"font-weight: 400;\">Die Auditfrequenz wird risikobasiert unter Ber\u00fccksichtigung des letzten Auditergebnisses sowie weiterer kleinerer Faktoren ermittelt und betr\u00e4gt 1-4 Jahre. <\/span><\/p>\n<\/div>\r\n\t\t\t\t\t\t\t\t\t<\/li>\r\n\t\t\t\t\t\t\t<li>\r\n\t\t\t\t\t\t\t\t\t\t\t\t\t\t\t\t\t<h4 id=\"\">Sind Kombi-Audits m\u00f6glich?<i class=\"icon-angle-down\"><\/i><\/h4>\r\n\t\t\t\t\t\t\t\t\t\t\t\t\t\t\t\t<div class=\"accordion_text\"><p><span style=\"font-weight: 400;\">Ja! Wir begr\u00fc\u00dfen es, wenn das V-Label Audit mit anderen Audits kombiniert werden kann. Au\u00dferdem k\u00f6nnen sich zur Kostenteilung mehrere Lizenznehmende zusammenschlie\u00dfen und ein V-Label Kombiaudit an einem gemeinsamen Produktionsstandort (Lohnhersteller) durchf\u00fchren. Es erfolgt hierbei nur ein Audit, w\u00e4hrend f\u00fcr jeden Lizenznehmenden ein separater Auditbericht ausgef\u00fcllt wird. Lizenznehmende selber m\u00fcssen <\/span><span style=\"font-weight: 400;\">nicht<\/span><span style=\"font-weight: 400;\"> anwesend sein, wenn ein Lohnhersteller auditiert wird.<\/span><\/p>\n<\/div>\r\n\t\t\t\t\t\t\t\t\t<\/li>\r\n\t\t\t\t\t\t\t<li>\r\n\t\t\t\t\t\t\t\t\t\t\t\t\t\t\t\t\t<h4 id=\"\">Ich bin H\u00e4ndler und lasse V-Label Produkte bei einem Lohnhersteller oder bei mehreren Lohnherstellern produzieren. Werde ich als H\u00e4ndler auditiert?<i class=\"icon-angle-down\"><\/i><\/h4>\r\n\t\t\t\t\t\t\t\t\t\t\t\t\t\t\t\t<div class=\"accordion_text\"><p><span style=\"font-weight: 400;\">Nein, V-Label Audits erfolgen nur in Produktionsst\u00e4tten. Zudem wird je Auditzyklus nur eine Produktionsst\u00e4tte besucht.<\/span><\/p>\n<\/div>\r\n\t\t\t\t\t\t\t\t\t<\/li>\r\n\t\t\t\t\t\t\t<li>\r\n\t\t\t\t\t\t\t\t\t\t\t\t\t\t\t\t\t<h4 id=\"\">Wenn meine Produktionsst\u00e4tte auditiert wird und ich nur als H\u00e4ndler t\u00e4tig bin, muss ich als H\u00e4ndler beim Audit anwesend sein?<i class=\"icon-angle-down\"><\/i><\/h4>\r\n\t\t\t\t\t\t\t\t\t\t\t\t\t\t\t\t<div class=\"accordion_text\"><p><span style=\"font-weight: 400;\">Nein, H\u00e4ndler m\u00fcssen w\u00e4hrend des Audits nicht anwesend sein. Es sollte jedoch eine qualifizierte Ansprechperson in der Produktionsst\u00e4tte anwesend sein.<\/span><\/p>\n<\/div>\r\n\t\t\t\t\t\t\t\t\t<\/li>\r\n\t\t\t\t\t\t\t<li>\r\n\t\t\t\t\t\t\t\t\t\t\t\t\t\t\t\t\t<h4 id=\"\">Ein Unternehmen hat mehrere Standorte in Deutschland und\/oder im Ausland. Muss jeder Standort je Auditzyklus auditiert werden?<i class=\"icon-angle-down\"><\/i><\/h4>\r\n\t\t\t\t\t\t\t\t\t\t\t\t\t\t\t\t<div class=\"accordion_text\"><p><span style=\"font-weight: 400;\">Nein, es wird je Auditzyklus nur eine Produktionsst\u00e4tte besucht. Die Festlegung \u00fcber die zu auditierende Produktionsst\u00e4tte erfolgt risikobasiert durch das V-Label Quality Management (QM) Team. Hierf\u00fcr wird eine \u00dcbersicht der Produktionsst\u00e4tten und der dort hergestellten V-Label Produkte als Grundlage herangezogen.<\/span><\/p>\n<\/div>\r\n\t\t\t\t\t\t\t\t\t<\/li>\r\n\t\t\t\t\t\t\t<li>\r\n\t\t\t\t\t\t\t\t\t\t\t\t\t\t\t\t\t<h4 id=\"\">Muss eine Produktionsst\u00e4tte w\u00e4hrend eines Audits V-Label Produkte herstellen?<i class=\"icon-angle-down\"><\/i><\/h4>\r\n\t\t\t\t\t\t\t\t\t\t\t\t\t\t\t\t<div class=\"accordion_text\"><p><span style=\"font-weight: 400;\">F\u00fcr eine bestm\u00f6gliche Beurteilung wird eine V-Label-Produktion zum Zeitpunkt des Audits ausdr\u00fccklich begr\u00fc\u00dft, ist jedoch nicht verpflichtend.<\/span><\/p>\n<\/div>\r\n\t\t\t\t\t\t\t\t\t<\/li>\r\n\t\t\t\t\t\t\t<li>\r\n\t\t\t\t\t\t\t\t\t\t\t\t\t\t\t\t\t<h4 id=\"\">Ich kann meine Kontrollstelle f\u00fcr andere Audits (z.B. Bio, IFS) unter den Partner-Kontrollstellen nicht wiederfinden. Welche Optionen habe ich?<i class=\"icon-angle-down\"><\/i><\/h4>\r\n\t\t\t\t\t\t\t\t\t\t\t\t\t\t\t\t<div class=\"accordion_text\"><p><span style=\"font-weight: 400;\">Audits sind grunds\u00e4tzlich nur durch unsere Partner-Kontrollstellen m\u00f6glich. Wir arbeiten stetig daran, unsere Anzahl an Partner-Kontrollstellen auszuweiten. Bitte nennen Sie uns Ihre bevorzugte Kontrollstelle, sodass wir diese eventuell zuk\u00fcnftig ber\u00fccksichtigen k\u00f6nnen.<\/span><\/p>\n<\/div>\r\n\t\t\t\t\t\t\t\t\t<\/li>\r\n\t\t\t\t\t<\/ul>\r\n\t<\/section>\n\n\n<p><strong>Haben Sie weitere Fragen zu Audits oder sind Sie an einer Zusammenarbeit als Partner-Kontrollstelle interessiert? Dann melden Sie sich gerne beim V-Label QM Team unter <a href=\"&#x6d;&#x61;&#x69;&#x6c;&#x74;&#111;&#58;&#97;&#117;dit&#x2d;&#x76;&#x6c;&#x61;&#x62;&#x65;&#108;&#64;&#112;rov&#x65;&#x67;&#x2e;&#x6f;&#x72;&#x67;\">&#x61;&#x75;&#x64;&#x69;&#x74;&#x2d;&#x76;&#x6c;&#x61;&#x62;&#x65;&#108;&#64;&#112;&#114;&#111;&#118;&#101;g&#46;org<\/a>.<\/strong><\/p>\n\n\n\n<p><\/p>\n\n\n\n<p><em>Die hier ver\u00f6ffentlichten Informationen dienen der Transparenz. Die auf dieser Seite aufgef\u00fchrten Kontrollstellen sind unabh\u00e4ngige Partnerorganisationen des V-Label Lizenzpartners ProVeg e.V.. Die Nennung erfolgt ausschlie\u00dflich zur Information \u00fcber die Durchf\u00fchrung der obligatorischen Audits im Rahmen des Lizenzierungsprozesses von V-Label Deutschland. Eine Auswahl oder Empfehlung bestimmter Anbieter ist damit nicht verbunden. F\u00fcr die obigen Informationen, Inhalte externer Webseiten sowie f\u00fcr die Kommunikation \u00fcber die angegebenen E-Mail-Adressen sind ausschlie\u00dflich die jeweiligen Kontrollstellen verantwortlich.<\/em><\/p>\n\n\n\n<p><\/p>\n","protected":false},"excerpt":{"rendered":"<p>V-Label Audits werden regelm\u00e4\u00dfig von externen Kontrollstellen in den Produktionsst\u00e4tten der mit dem V-Label lizenzierten Produkte durchgef\u00fchrt. Damit wird sichergestellt, dass lizenzierte Produkte in Zusammensetzung und Herstellung den V-Label&nbsp; Kriterien entsprechen sowie Kreuzkontaminationen mit nicht-veganen bzw. nicht-vegetarischen Inhaltsstoffen vermieden werden. Die Audits sind vertraglicher Bestandteil und daher f\u00fcr alle Lizenznehmenden verpflichtend. Das Audit erfolgt nach [&hellip;]<\/p>\n","protected":false},"author":5,"featured_media":63119,"parent":59773,"menu_order":0,"comment_status":"closed","ping_status":"closed","template":"","meta":{"_acf_changed":false,"_editorskit_title_hidden":false,"_editorskit_reading_time":0,"_editorskit_is_block_options_detached":false,"_editorskit_block_options_position":"{}","inline_featured_image":false,"_uag_custom_page_level_css":"","footnotes":""},"categories":[],"tags":[],"class_list":["post-62070","page","type-page","status-publish","has-post-thumbnail","hentry"],"acf":[],"uagb_featured_image_src":{"full":["https:\/\/www.v-label.com\/wp-content\/uploads\/2023\/06\/header-inspektion.jpg",2000,600,false],"thumbnail":["https:\/\/www.v-label.com\/wp-content\/uploads\/2023\/06\/header-inspektion-500x150.jpg",500,150,true],"medium":["https:\/\/www.v-label.com\/wp-content\/uploads\/2023\/06\/header-inspektion-300x90.jpg",300,90,true],"medium_large":["https:\/\/www.v-label.com\/wp-content\/uploads\/2023\/06\/header-inspektion-768x230.jpg",768,230,true],"large":["https:\/\/www.v-label.com\/wp-content\/uploads\/2023\/06\/header-inspektion-1024x307.jpg",1024,307,true],"1536x1536":["https:\/\/www.v-label.com\/wp-content\/uploads\/2023\/06\/header-inspektion-1536x461.jpg",1536,461,true],"2048x2048":["https:\/\/www.v-label.com\/wp-content\/uploads\/2023\/06\/header-inspektion.jpg",2000,600,false],"preview":["https:\/\/www.v-label.com\/wp-content\/uploads\/2023\/06\/header-inspektion-904x600.jpg",904,600,true],"header":["https:\/\/www.v-label.com\/wp-content\/uploads\/2023\/06\/header-inspektion.jpg",2000,600,false],"gform-image-choice-sm":["https:\/\/www.v-label.com\/wp-content\/uploads\/2023\/06\/header-inspektion.jpg",300,90,false],"gform-image-choice-md":["https:\/\/www.v-label.com\/wp-content\/uploads\/2023\/06\/header-inspektion.jpg",400,120,false],"gform-image-choice-lg":["https:\/\/www.v-label.com\/wp-content\/uploads\/2023\/06\/header-inspektion.jpg",600,180,false]},"uagb_author_info":{"display_name":"Can Aslan","author_link":"https:\/\/www.v-label.com\/de"},"uagb_comment_info":0,"uagb_excerpt":"V-Label Audits werden regelm\u00e4\u00dfig von externen Kontrollstellen in den Produktionsst\u00e4tten der mit dem V-Label lizenzierten Produkte durchgef\u00fchrt. Damit wird sichergestellt, dass lizenzierte Produkte in Zusammensetzung und Herstellung den V-Label&nbsp; Kriterien entsprechen sowie Kreuzkontaminationen mit nicht-veganen bzw. nicht-vegetarischen Inhaltsstoffen vermieden werden. Die Audits sind vertraglicher Bestandteil und daher f\u00fcr alle Lizenznehmenden verpflichtend. Das Audit erfolgt nach&hellip;","_links":{"self":[{"href":"https:\/\/www.v-label.com\/de\/wp-json\/wp\/v2\/pages\/62070","targetHints":{"allow":["GET"]}}],"collection":[{"href":"https:\/\/www.v-label.com\/de\/wp-json\/wp\/v2\/pages"}],"about":[{"href":"https:\/\/www.v-label.com\/de\/wp-json\/wp\/v2\/types\/page"}],"author":[{"embeddable":true,"href":"https:\/\/www.v-label.com\/de\/wp-json\/wp\/v2\/users\/5"}],"replies":[{"embeddable":true,"href":"https:\/\/www.v-label.com\/de\/wp-json\/wp\/v2\/comments?post=62070"}],"version-history":[{"count":25,"href":"https:\/\/www.v-label.com\/de\/wp-json\/wp\/v2\/pages\/62070\/revisions"}],"predecessor-version":[{"id":113320,"href":"https:\/\/www.v-label.com\/de\/wp-json\/wp\/v2\/pages\/62070\/revisions\/113320"}],"up":[{"embeddable":true,"href":"https:\/\/www.v-label.com\/de\/wp-json\/wp\/v2\/pages\/59773"}],"wp:featuredmedia":[{"embeddable":true,"href":"https:\/\/www.v-label.com\/de\/wp-json\/wp\/v2\/media\/63119"}],"wp:attachment":[{"href":"https:\/\/www.v-label.com\/de\/wp-json\/wp\/v2\/media?parent=62070"}],"wp:term":[{"taxonomy":"category","embeddable":true,"href":"https:\/\/www.v-label.com\/de\/wp-json\/wp\/v2\/categories?post=62070"},{"taxonomy":"post_tag","embeddable":true,"href":"https:\/\/www.v-label.com\/de\/wp-json\/wp\/v2\/tags?post=62070"}],"curies":[{"name":"wp","href":"https:\/\/api.w.org\/{rel}","templated":true}]}}