{"id":63198,"date":"2023-06-28T15:00:47","date_gmt":"2023-06-28T13:00:47","guid":{"rendered":"https:\/\/www.v-label.com\/?page_id=63198"},"modified":"2026-01-06T09:38:50","modified_gmt":"2026-01-06T08:38:50","slug":"kriterien-des-v-labels","status":"publish","type":"page","link":"https:\/\/www.v-label.com\/de\/kriterien-des-v-labels\/","title":{"rendered":"Kriterien"},"content":{"rendered":"\n<h3 class=\"wp-block-heading\">Definition &#8222;vegan&#8220;<\/h3>\n\n\n\n<p>(1) Vegan sind Produkte, die keine Erzeugnisse tierischen Ursprungs sind und bei denen auf allen Produktions- und Verarbeitungsstufen keine<br>&#8211; Zutaten, Inhaltsstoffe oder Komponenten (wie z.B. Zusatzstoffe, Tr\u00e4gerstoffe, Aromen, Duftstoffe und Enzyme) oder<br>&#8211; Verarbeitungshilfsstoffe oder Nicht-Zusatzstoffe, die auf dieselbe Weise und zu demselben Zweck wie Verarbeitungshilfsstoffe verwendet werden, die tierischen Ursprungs sind, oder<br>&#8211; Zutaten oder Komponenten, die von Natur aus tierischen Ursprungs w\u00e4ren, selbst wenn sie ohne Tiere hergestellt werden (z.B. mittels Pr\u00e4zisionsfermentation)<br>in verarbeiteter oder unverarbeiteter Form zugesetzt oder verwendet worden sind.<\/p>\n\n\n\n<p><span style=\"text-decoration: underline\" class=\"ek-underline\">Dies bedeutet insbesondere, aber nicht ausschlie\u00dflich:<\/span><\/p>\n\n\n\n<ul class=\"wp-block-list\">\n<li>kein Fleisch oder andere Schlachtprodukte, wie z.B. Innereien, Kollagen oder Gelatine<\/li>\n\n\n\n<li>kein Fisch oder andere Meerestiere<\/li>\n\n\n\n<li>keine Eier<\/li>\n\n\n\n<li>kein Honig<\/li>\n\n\n\n<li>keine Milch (einschlie\u00dflich Casein)<\/li>\n\n\n\n<li>kein tierisches Wachs wie z.B. Wollfett\/Lanolin, Bienenwachs oder Schellack<\/li>\n\n\n\n<li>kein Fell, kein Leder, keine Seide, keine Wolle, keine Federn, kein Perlmutt, kein Horn<\/li>\n\n\n\n<li>kein Gel\u00e9e Royale<\/li>\n\n\n\n<li>keine Farbstoffe tierischen Ursprungs<\/li>\n\n\n\n<li>keine Stoffe, die mit Tierkohle behandelt wurden<\/li>\n\n\n\n<li>keine Stoffe, die mit tierischen Stoffen, wie z. B. Gelatine oder Fischblase, gekl\u00e4rt wurden<\/li>\n\n\n\n<li>keine Stoffe, die aus oben genannten Stoffen hergestellt, gewonnen oder erzeugt wurden<\/li>\n<\/ul>\n\n\n\n<h3 class=\"wp-block-heading\">Definition &#8222;vegetarisch&#8220;<\/h3>\n\n\n\n<p>(2) Vegetarisch sind Produkte, welche die Anforderungen des Absatzes 1 erf\u00fcllen, bei deren Produktion jedoch abweichend davon Milch, Kolostrum, Eier, Bienenhonig, Bienenwachs, Propolis, Wolle oder Wollfett\/Lanolin aus von lebenden Schafen gewonnener Wolle, oder deren Bestandteile oder daraus gewonnene Erzeugnisse zugesetzt oder verwendet worden sein k\u00f6nnen.<\/p>\n\n\n\n<p><span style=\"text-decoration: underline\" class=\"ek-underline\">Dies bedeutet insbesondere, aber nicht ausschlie\u00dflich:<\/span><\/p>\n\n\n\n<ul class=\"wp-block-list\">\n<li>kein Fleisch oder andere Schlachtprodukte, wie z.B. Innereien<\/li>\n\n\n\n<li>kein Fisch oder andere Meerestiere<\/li>\n\n\n\n<li>keine Eier aus K\u00e4fighaltung (wie z.B. \u201eausgestaltete K\u00e4fighaltung\u201d und Kleingruppenhaltung)<\/li>\n\n\n\n<li>keine Eier, die durch T\u00f6ten von Tieren gewonnen werden (z.B. kein Kaviar)<\/li>\n\n\n\n<li>keine Milcherzeugnisse, bei denen tierisches Lab verwendet wurde<\/li>\n\n\n\n<li>kein Gel\u00e9e Royale<\/li>\n\n\n\n<li>keine Farbstoffe, die durch T\u00f6ten von Tieren gewonnen werden (z.B. echtes Karmin)<\/li>\n\n\n\n<li>keine Aromen oder Duftstoffe tierischen Ursprungs, au\u00dfer sie entsprechen den in Absatz 2 genannten Anforderungen<\/li>\n\n\n\n<li>keine Stoffe, die mit Tierkohle behandelt wurden<\/li>\n\n\n\n<li>keine tierischen Tr\u00e4gerstoffe, au\u00dfer sie entsprechen den in Absatz 2 genannten Anforderungen<\/li>\n\n\n\n<li>keine Stoffe, die mit tierischen Stoffen, wie z.B. Gelatine oder Fischblase, gekl\u00e4rt wurden, au\u00dfer sie entsprechen den in Absatz 2 genannten Anforderungen<\/li>\n\n\n\n<li>keine Stoffe, die aus oben genannten Stoffen hergestellt, gewonnen oder erzeugt wurden<\/li>\n<\/ul>\n\n\n\n<h3 class=\"wp-block-heading\">N\u00e4hrmedien<\/h3>\n\n\n\n<p>Die vorgenannten vegan- bzw. vegetarisch-Definitionen bezieht sich auf alle Produktions- und Verarbeitungsstufen und schlie\u00dfen damit auch die Prozesse der biotechnologischen Gewinnung von Zutaten oder Inhaltsstoffen ein. Biotechnologische Methoden sind Methoden, bei denen Bakterien, Pilze, Algen, eukaryotische Einzeller und\/oder Zellkulturen zur Produktion und\/oder Ver\u00e4nderung der Inhaltsstoffe absichtlich hinzugef\u00fcgt werden. So m\u00fcssen beispielsweise auch die zuletzt eingesetzten N\u00e4hrmedien, Fermentersubstrate und\/oder Tr\u00e4germaterialien bei der Produktion von Zutaten oder Inhaltsstoffen, welche Bestandteil des Endproduktes sind, die vorgenannten Kriterien f\u00fcr vegane Zutaten oder Inhaltsstoffe bzw. vegetarische Zutaten oder Inhaltsstoffe erf\u00fcllen.<\/p>\n\n\n\n<h3 class=\"wp-block-heading\">Richtlinien f\u00fcr unbeabsichtigte Eintr\u00e4ge<\/h3>\n\n\n\n<p>Alle Produktions-, Verarbeitungs- und Vertriebsstufen m\u00fcssen so gestaltet sein, dass m\u00f6glichst keine unbeabsichtigten Eintr\u00e4ge von nicht-veganen bzw. nicht-vegetarischen Stoffe erfolgen. Die Kontamination mit nicht-veganen bzw. nicht-vegetarischen Stoffen soll im Endprodukt unter 0,1 % (1 g\/kg) liegen. Wird der Orientierungswert von 0,1% \u00fcberschritten, sind Produzenten zu Nachbesserungen auf allen Produktions-, Verarbeitungs- und Vertriebsstufen angehalten. Ist keine weitere Optimierung m\u00f6glich, muss der Produzent begr\u00fcnden, warum. Eine \u00dcberschreitung des Wertes von 0,1% f\u00fchrt nicht zum Ausschluss einer Auslobung als \u201evegan\u201c bzw. \u201cvegetarisch\u201d, wenn hinreichende Vorkehrungen getroffen wurden, Kontaminationen mit nicht-veganen bzw. nicht- vegetarischen Stoffen zu vermeiden.<\/p>\n\n\n\n<h3 class=\"wp-block-heading\">Gentechnisch ver\u00e4nderte Organismen (GVO)<\/h3>\n\n\n\n<p>Zu lizenzierende Produkte d\u00fcrfen keine gesetzlich vorgeschriebene GVO-Kennzeichnung tragen.<\/p>\n\n\n\n<h3 class=\"wp-block-heading\">Tierversuche<\/h3>\n\n\n\n<p>Versuche jedweder Art an Tieren d\u00fcrfen nicht f\u00fcr das Endprodukt sowie einzelne Inhaltsstoffe, Hilfsstoffe und sonstige zur Verarbeitung eingesetzte Stoffe durchgef\u00fchrt werden oder worden sein in Bezug auf das Produkt. Dies gilt f\u00fcr den Lizenznehmer bzw. den Produzenten (wenn nicht identisch mit Lizenznehmer) direkt und im Auftrag derselben; z.B. zum Zwecke der Forschung, Entwicklung und\/oder Produktion, einschlie\u00dflich Tierversuchen unter der Vorgabe von Regierungsbeh\u00f6rden im In- und Ausland. Ausnahmen sind nur erlaubt, wenn der Hauptnutzen des zu testenden Produktes auch effektiv f\u00fcr die Tierart, an denen das Produkt getestet wird, bestimmt ist, und die Versuche, \u00e4hnlich wie bei klinischen Tests an Menschen, die Gesundheit und das Wohlbefinden des Tieres soweit wie m\u00f6glich nicht gef\u00e4hrden. So ist es zum Beispiel m\u00f6glich, vegetarisches Hundefutter \u00fcber einen l\u00e4ngeren Zeitraum an Haushunden (von Hundehaltern, welche sich freiwillig bereit erkl\u00e4ren, an der Studie teilzunehmen) zu verf\u00fcttern und w\u00e4hrend dieses Zeitraums den Gesundheitszustand des Hundes regelm\u00e4\u00dfig von einem Tierarzt \u00fcberpr\u00fcfen zu lassen.<\/p>\n\n\n\n<h3 class=\"wp-block-heading\">Definition Tier<\/h3>\n\n\n\n<p>Das V-Label definiert Tiere als mehrzellige Lebewesen mit Zellkern (Eukaryoten), die ihre Stoffwechselenergie nicht wie Pflanzen aus Sonnenlicht beziehen, Sauerstoff zur Atmung ben\u00f6tigen, aber keine Pilze sind. Dies umfasst alle Wirbeltiere und Wirbellose.<\/p>\n\n\n\n<h3 class=\"wp-block-heading\">Audits<\/h3>\n\n\n\n<p>Der Lizenznehmer akzeptiert wiederkehrende Inspektionen im Auftrag der Lizenzgeber.<\/p>\n\n\n\n<div class=\"wp-block-columns is-layout-flex wp-container-core-columns-is-layout-9d6595d7 wp-block-columns-is-layout-flex\">\n<div class=\"wp-block-column is-layout-flow wp-block-column-is-layout-flow\"><\/div>\n\n\n\n<div class=\"wp-block-column is-layout-flow wp-block-column-is-layout-flow\">\n<section id=\"download-block_b158d14cb8de8ab5e78ccdd21dd05222\" class=\"wp-block-download\">\n\t\t\t<div class=\"inner\">\n\t\t\t\t\t\t<a href=\"https:\/\/www.v-label.com\/wp-content\/uploads\/2023\/07\/int-v-label-criteria-v0202-de.pdf\" class=\"post_thumbnail\" download>\n\t\t\t\t<img decoding=\"async\" src=\"https:\/\/www.v-label.com\/wp-content\/uploads\/2024\/02\/unbenannt-1-351x500.png\" alt=\"Kriterien\">\n\t\t\t<\/a>\n\t\t\t<h4>Kriterien<\/h4>\n\t\t\t<p class=\"meta\">\n\t\t\t\tPDF, 96,88 KB\t\t\t<\/p>\n\t\t<\/div>\n\t\t<a href=\"https:\/\/www.v-label.com\/wp-content\/uploads\/2023\/07\/int-v-label-criteria-v0202-de.pdf\" download>\n\t\t\t<button class=\"wp-block-button__link\">Download<\/button>\n\t\t<\/a>\n\t<\/section><\/div>\n\n\n\n<div class=\"wp-block-column is-layout-flow wp-block-column-is-layout-flow\">\n<section id=\"download-block_1e61c2ee80d7ed9acac5b765ab1d18f3\" class=\"wp-block-download\">\n\t\t\t<div class=\"inner\">\n\t\t\t\t\t\t<a href=\"https:\/\/www.v-label.com\/wp-content\/uploads\/2023\/01\/int-v-label-criteria-v0202-en-1.pdf\" class=\"post_thumbnail\" download>\n\t\t\t\t<img decoding=\"async\" src=\"https:\/\/www.v-label.com\/wp-content\/uploads\/2024\/02\/v-label-criteria-page1-353x500.jpg\" alt=\"Criteria\">\n\t\t\t<\/a>\n\t\t\t<h4>Criteria<\/h4>\n\t\t\t<p class=\"meta\">\n\t\t\t\tPDF, 94,16 KB\t\t\t<\/p>\n\t\t<\/div>\n\t\t<a href=\"https:\/\/www.v-label.com\/wp-content\/uploads\/2023\/01\/int-v-label-criteria-v0202-en-1.pdf\" download>\n\t\t\t<button class=\"wp-block-button__link\">Download<\/button>\n\t\t<\/a>\n\t<\/section><\/div>\n\n\n\n<div class=\"wp-block-column is-layout-flow wp-block-column-is-layout-flow\"><\/div>\n<\/div>\n","protected":false},"excerpt":{"rendered":"<p>Definition &#8222;vegan&#8220; (1) Vegan sind Produkte, die keine Erzeugnisse tierischen Ursprungs sind und bei denen auf allen Produktions- und Verarbeitungsstufen keine&#8211; Zutaten, Inhaltsstoffe oder Komponenten (wie z.B. Zusatzstoffe, Tr\u00e4gerstoffe, Aromen, Duftstoffe und Enzyme) oder&#8211; Verarbeitungshilfsstoffe oder Nicht-Zusatzstoffe, die auf dieselbe Weise und zu demselben Zweck wie Verarbeitungshilfsstoffe verwendet werden, die tierischen Ursprungs sind, oder&#8211; Zutaten [&hellip;]<\/p>\n","protected":false},"author":5,"featured_media":64583,"parent":0,"menu_order":0,"comment_status":"closed","ping_status":"closed","template":"","meta":{"_acf_changed":false,"_editorskit_title_hidden":false,"_editorskit_reading_time":0,"_editorskit_is_block_options_detached":false,"_editorskit_block_options_position":"{}","inline_featured_image":false,"_uag_custom_page_level_css":"","footnotes":""},"categories":[],"tags":[],"class_list":["post-63198","page","type-page","status-publish","has-post-thumbnail","hentry"],"acf":[],"uagb_featured_image_src":{"full":["https:\/\/www.v-label.com\/wp-content\/uploads\/2023\/06\/kriterien.jpeg",2000,1333,false],"thumbnail":["https:\/\/www.v-label.com\/wp-content\/uploads\/2023\/06\/kriterien-500x333.jpeg",500,333,true],"medium":["https:\/\/www.v-label.com\/wp-content\/uploads\/2023\/06\/kriterien-300x200.jpeg",300,200,true],"medium_large":["https:\/\/www.v-label.com\/wp-content\/uploads\/2023\/06\/kriterien-768x512.jpeg",768,512,true],"large":["https:\/\/www.v-label.com\/wp-content\/uploads\/2023\/06\/kriterien-1024x682.jpeg",1024,682,true],"1536x1536":["https:\/\/www.v-label.com\/wp-content\/uploads\/2023\/06\/kriterien-1536x1024.jpeg",1536,1024,true],"2048x2048":["https:\/\/www.v-label.com\/wp-content\/uploads\/2023\/06\/kriterien.jpeg",2000,1333,false],"preview":["https:\/\/www.v-label.com\/wp-content\/uploads\/2023\/06\/kriterien-904x720.jpeg",904,720,true],"header":["https:\/\/www.v-label.com\/wp-content\/uploads\/2023\/06\/kriterien-2000x720.jpeg",2000,720,true],"gform-image-choice-sm":["https:\/\/www.v-label.com\/wp-content\/uploads\/2023\/06\/kriterien.jpeg",300,200,false],"gform-image-choice-md":["https:\/\/www.v-label.com\/wp-content\/uploads\/2023\/06\/kriterien.jpeg",400,267,false],"gform-image-choice-lg":["https:\/\/www.v-label.com\/wp-content\/uploads\/2023\/06\/kriterien.jpeg",600,400,false]},"uagb_author_info":{"display_name":"Can Aslan","author_link":"https:\/\/www.v-label.com\/de"},"uagb_comment_info":0,"uagb_excerpt":"Definition &#8222;vegan&#8220; (1) Vegan sind Produkte, die keine Erzeugnisse tierischen Ursprungs sind und bei denen auf allen Produktions- und Verarbeitungsstufen keine&#8211; Zutaten, Inhaltsstoffe oder Komponenten (wie z.B. Zusatzstoffe, Tr\u00e4gerstoffe, Aromen, Duftstoffe und Enzyme) oder&#8211; Verarbeitungshilfsstoffe oder Nicht-Zusatzstoffe, die auf dieselbe Weise und zu demselben Zweck wie Verarbeitungshilfsstoffe verwendet werden, die tierischen Ursprungs sind, oder&#8211; Zutaten&hellip;","_links":{"self":[{"href":"https:\/\/www.v-label.com\/de\/wp-json\/wp\/v2\/pages\/63198","targetHints":{"allow":["GET"]}}],"collection":[{"href":"https:\/\/www.v-label.com\/de\/wp-json\/wp\/v2\/pages"}],"about":[{"href":"https:\/\/www.v-label.com\/de\/wp-json\/wp\/v2\/types\/page"}],"author":[{"embeddable":true,"href":"https:\/\/www.v-label.com\/de\/wp-json\/wp\/v2\/users\/5"}],"replies":[{"embeddable":true,"href":"https:\/\/www.v-label.com\/de\/wp-json\/wp\/v2\/comments?post=63198"}],"version-history":[{"count":8,"href":"https:\/\/www.v-label.com\/de\/wp-json\/wp\/v2\/pages\/63198\/revisions"}],"predecessor-version":[{"id":111084,"href":"https:\/\/www.v-label.com\/de\/wp-json\/wp\/v2\/pages\/63198\/revisions\/111084"}],"wp:featuredmedia":[{"embeddable":true,"href":"https:\/\/www.v-label.com\/de\/wp-json\/wp\/v2\/media\/64583"}],"wp:attachment":[{"href":"https:\/\/www.v-label.com\/de\/wp-json\/wp\/v2\/media?parent=63198"}],"wp:term":[{"taxonomy":"category","embeddable":true,"href":"https:\/\/www.v-label.com\/de\/wp-json\/wp\/v2\/categories?post=63198"},{"taxonomy":"post_tag","embeddable":true,"href":"https:\/\/www.v-label.com\/de\/wp-json\/wp\/v2\/tags?post=63198"}],"curies":[{"name":"wp","href":"https:\/\/api.w.org\/{rel}","templated":true}]}}