{"id":64431,"date":"2022-05-30T16:16:01","date_gmt":"2022-05-30T14:16:01","guid":{"rendered":"https:\/\/www.v-label.com\/general-information\/"},"modified":"2023-06-29T17:41:17","modified_gmt":"2023-06-29T15:41:17","slug":"das-v-label-fur-konsumenten","status":"publish","type":"page","link":"https:\/\/www.v-label.com\/de\/das-v-label-fur-konsumenten\/","title":{"rendered":"V-Label f\u00fcr Konsumenten"},"content":{"rendered":"\n<p>Der Blick auf die Zutatenliste allein bietet wenig Sicherheit bei der Wahl vegetarischer oder veganer Produkte. Einige Zutaten werden als E-Nummern angegeben, die vielen Verbraucher:innen unbekannt sind. Andere Inhaltsstoffe werden gar nicht aufgef\u00fchrt, da sie nicht deklarierungspflichtig sind. Bei vielen Zutaten ist auch nicht immer klar, ob es sich um eine pflanzliche oder tierische Variante handelt.<\/p>\n\n\n\n<p><strong>Das V-Label, ein international anerkanntes Siegel<\/strong> f\u00fcr Produkte, erleichtert Ihnen den Einkauf veganer oder vegetarischer Produkte. Als einfacher und leicht verst\u00e4ndlicher Alltagsratgeber (er)spart Ihnen das V-Label Zeit und Entscheidungsm\u00fcdigkeit. Achten Sie beim n\u00e4chsten Einkauf auf das auff\u00e4llige gelbe Logo: So wissen Sie auf den ersten Blick, welche Produkte zugelassen sind und somit sicher gekauft werden k\u00f6nnen.<\/p>\n\n\n\n<p><strong>Zuverl\u00e4ssig und vertrauensw\u00fcrdig.<\/strong> Wenn Sie ein Produkt oder eine Dienstleistung mit dem V-Label kaufen, k\u00f6nnen Sie sich auf standardisierte Kriterien f\u00fcr vegane und vegetarische Produkte verlassen. Sie m\u00fcssen sich keine Gedanken dar\u00fcber machen, ob die selbst gesetzten Kriterien der Hersteller Ihren Erwartungen entsprechen. Die Marke V-Label wurde 1996 in der Schweiz begr\u00fcndet und ist einer der Vorreiter der Branche.<\/p>\n\n\n\n<div class=\"wp-block-buttons is-content-justification-center is-layout-flex wp-container-core-buttons-is-layout-16018d1d wp-block-buttons-is-layout-flex\">\n<div class=\"wp-block-button\"><a class=\"wp-block-button__link wp-element-button\" href=\"https:\/\/www.v-label.com\/de\/general-information\/certified-products\/\"><strong>Lizenzierte Produkte<\/strong><\/a><\/div>\n\n\n\n<div class=\"wp-block-button\"><a class=\"wp-block-button__link wp-element-button\" href=\"https:\/\/www.v-label.com\/de\/report-a-misuse\/\"><strong><strong>Falschverwendung melden<\/strong><\/strong><\/a><\/div>\n<\/div>\n\n\n\n<h3 class=\"wp-block-heading has-text-align-center\"><strong><strong>Daf\u00fcr stehen wir!<\/strong><\/strong><\/h3>\n\n\n\n<p>Wenn Sie ein Produkt mit dem V-Label kaufen, k\u00f6nnen Sie sicher sein, dass:<\/p>\n\n\n\n<ul class=\"wp-block-list\">\n<li><strong><em>auf keiner Stufe der Produktion Inhaltsstoffe tierischen Ursprungs verwendet wurden<\/em><\/strong>, wenn die Produkte als <strong><em>vegan <\/em><\/strong>gekennzeichnet sind. Dabei werden auch Zusatzstoffe und Aromen ber\u00fccksichtigt. Die Kontrollen h\u00f6ren dabei nicht bei der Zutatenliste auf, sondern erstrecken sich auf nicht kennzeichnungspflichtige Stoffe wie biotechnologische N\u00e4hrmedien und Verarbeitungshilfsstoffe. So k\u00f6nnen Sie sicher sein, dass der Apfelsaft oder Wein nicht mit Gelatine gekl\u00e4rt, der Zucker nicht mit Knochenmehl und das Brot nicht mit Cystein aus Schweineborsten behandelt wurde.<\/li>\n\n\n\n<li>wenn ein Produkt als <strong><em>vegetarisch <\/em><\/strong>gekennzeichnet ist, nur Milch, Kolostrum, Eier aus k\u00e4figfreier Haltung, Honig, Bienenwachs, Propolis oder Wollfett und deren Folgeprodukte bei der Herstellung erlaubt sind.<\/li>\n\n\n\n<li>alle Produktionsschritte so gestaltet sein m\u00fcssen, dass <strong><em>unbeabsichtigte Spuren<\/em><\/strong> von nicht-veganen oder nicht-vegetarischen Stoffen im Endprodukt auf ein Minimum <strong><em>reduziert werden.<\/em><\/strong><\/li>\n\n\n\n<li>f\u00fcr das Endprodukt sowie f\u00fcr einzelne Inhalts-, Hilfs- und sonstige Stoffe, die zur Verarbeitung verwendet werden, wenn sie f\u00fcr das Endprodukt entwickelt wurden, <strong><em>keine Tierversuche <\/em><\/strong>durchgef\u00fchrt werden oder wurden.<\/li>\n\n\n\n<li>nicht zuletzt die Einnahmen aus den Lizenzgeb\u00fchren haupts\u00e4chlich zur<strong><em> Finanzierung verschiedener veganer und tierrechtlicher NGOs und Projekte verwendet werden<\/em><\/strong>.<\/li>\n<\/ul>\n\n\n\n<p><\/p>\n\n\n\n<div class=\"wp-block-columns are-vertically-aligned-center is-layout-flex wp-container-core-columns-is-layout-9d6595d7 wp-block-columns-is-layout-flex\">\n<div class=\"wp-block-column is-vertically-aligned-center is-layout-flow wp-block-column-is-layout-flow\">\n<figure class=\"wp-block-image size-full\"><img decoding=\"async\" width=\"720\" height=\"497\" src=\"https:\/\/www.v-label.com\/wp-content\/uploads\/2022\/09\/b2b-info-page-2.webp\" alt=\"\" class=\"wp-image-879\" srcset=\"https:\/\/www.v-label.com\/wp-content\/uploads\/2022\/09\/b2b-info-page-2.webp 720w, https:\/\/www.v-label.com\/wp-content\/uploads\/2022\/09\/b2b-info-page-2-300x207.webp 300w\" sizes=\"(max-width: 720px) 100vw, 720px\" \/><\/figure>\n<\/div>\n\n\n\n<div class=\"wp-block-column is-vertically-aligned-center is-layout-flow wp-block-column-is-layout-flow\">\n<figure class=\"wp-block-image size-full\"><img decoding=\"async\" width=\"720\" height=\"482\" src=\"https:\/\/www.v-label.com\/wp-content\/uploads\/2022\/09\/b2b-info-page-1.webp\" alt=\"\" class=\"wp-image-876\" srcset=\"https:\/\/www.v-label.com\/wp-content\/uploads\/2022\/09\/b2b-info-page-1.webp 720w, https:\/\/www.v-label.com\/wp-content\/uploads\/2022\/09\/b2b-info-page-1-300x201.webp 300w\" sizes=\"(max-width: 720px) 100vw, 720px\" \/><\/figure>\n<\/div>\n\n\n\n<div class=\"wp-block-column is-vertically-aligned-center is-layout-flow wp-block-column-is-layout-flow\">\n<figure class=\"wp-block-image size-full\"><img decoding=\"async\" width=\"720\" height=\"482\" src=\"https:\/\/www.v-label.com\/wp-content\/uploads\/2022\/09\/b2b-info-page-3.webp\" alt=\"\" class=\"wp-image-860\" srcset=\"https:\/\/www.v-label.com\/wp-content\/uploads\/2022\/09\/b2b-info-page-3.webp 720w, https:\/\/www.v-label.com\/wp-content\/uploads\/2022\/09\/b2b-info-page-3-300x201.webp 300w\" sizes=\"(max-width: 720px) 100vw, 720px\" \/><\/figure>\n<\/div>\n<\/div>\n","protected":false},"excerpt":{"rendered":"<p>Der Blick auf die Zutatenliste allein bietet wenig Sicherheit bei der Wahl vegetarischer oder veganer Produkte. Einige Zutaten werden als E-Nummern angegeben, die vielen Verbraucher:innen unbekannt sind. Andere Inhaltsstoffe werden gar nicht aufgef\u00fchrt, da sie nicht deklarierungspflichtig sind. Bei vielen Zutaten ist auch nicht immer klar, ob es sich um eine pflanzliche oder tierische Variante [&hellip;]<\/p>\n","protected":false},"author":5,"featured_media":17178,"parent":0,"menu_order":0,"comment_status":"closed","ping_status":"closed","template":"","meta":{"_acf_changed":false,"_editorskit_title_hidden":false,"_editorskit_reading_time":0,"_editorskit_is_block_options_detached":false,"_editorskit_block_options_position":"{}","inline_featured_image":false,"_uag_custom_page_level_css":"","footnotes":""},"categories":[],"tags":[],"class_list":["post-64431","page","type-page","status-publish","has-post-thumbnail","hentry"],"acf":[],"uagb_featured_image_src":{"full":["https:\/\/www.v-label.com\/wp-content\/uploads\/2022\/12\/v-label-general-info-consumers.jpg",1280,738,false],"thumbnail":["https:\/\/www.v-label.com\/wp-content\/uploads\/2022\/12\/v-label-general-info-consumers-500x288.jpg",500,288,true],"medium":["https:\/\/www.v-label.com\/wp-content\/uploads\/2022\/12\/v-label-general-info-consumers-300x173.jpg",300,173,true],"medium_large":["https:\/\/www.v-label.com\/wp-content\/uploads\/2022\/12\/v-label-general-info-consumers-768x443.jpg",768,443,true],"large":["https:\/\/www.v-label.com\/wp-content\/uploads\/2022\/12\/v-label-general-info-consumers-1024x590.jpg",1024,590,true],"1536x1536":["https:\/\/www.v-label.com\/wp-content\/uploads\/2022\/12\/v-label-general-info-consumers.jpg",1280,738,false],"2048x2048":["https:\/\/www.v-label.com\/wp-content\/uploads\/2022\/12\/v-label-general-info-consumers.jpg",1280,738,false],"preview":["https:\/\/www.v-label.com\/wp-content\/uploads\/2022\/12\/v-label-general-info-consumers-904x720.jpg",904,720,true],"header":["https:\/\/www.v-label.com\/wp-content\/uploads\/2022\/12\/v-label-general-info-consumers-1280x720.jpg",1280,720,true],"gform-image-choice-sm":["https:\/\/www.v-label.com\/wp-content\/uploads\/2022\/12\/v-label-general-info-consumers.jpg",300,173,false],"gform-image-choice-md":["https:\/\/www.v-label.com\/wp-content\/uploads\/2022\/12\/v-label-general-info-consumers.jpg",400,231,false],"gform-image-choice-lg":["https:\/\/www.v-label.com\/wp-content\/uploads\/2022\/12\/v-label-general-info-consumers.jpg",600,346,false]},"uagb_author_info":{"display_name":"Can Aslan","author_link":"https:\/\/www.v-label.com\/de"},"uagb_comment_info":0,"uagb_excerpt":"Der Blick auf die Zutatenliste allein bietet wenig Sicherheit bei der Wahl vegetarischer oder veganer Produkte. Einige Zutaten werden als E-Nummern angegeben, die vielen Verbraucher:innen unbekannt sind. Andere Inhaltsstoffe werden gar nicht aufgef\u00fchrt, da sie nicht deklarierungspflichtig sind. Bei vielen Zutaten ist auch nicht immer klar, ob es sich um eine pflanzliche oder tierische Variante&hellip;","_links":{"self":[{"href":"https:\/\/www.v-label.com\/de\/wp-json\/wp\/v2\/pages\/64431","targetHints":{"allow":["GET"]}}],"collection":[{"href":"https:\/\/www.v-label.com\/de\/wp-json\/wp\/v2\/pages"}],"about":[{"href":"https:\/\/www.v-label.com\/de\/wp-json\/wp\/v2\/types\/page"}],"author":[{"embeddable":true,"href":"https:\/\/www.v-label.com\/de\/wp-json\/wp\/v2\/users\/5"}],"replies":[{"embeddable":true,"href":"https:\/\/www.v-label.com\/de\/wp-json\/wp\/v2\/comments?post=64431"}],"version-history":[{"count":2,"href":"https:\/\/www.v-label.com\/de\/wp-json\/wp\/v2\/pages\/64431\/revisions"}],"predecessor-version":[{"id":64786,"href":"https:\/\/www.v-label.com\/de\/wp-json\/wp\/v2\/pages\/64431\/revisions\/64786"}],"wp:featuredmedia":[{"embeddable":true,"href":"https:\/\/www.v-label.com\/de\/wp-json\/wp\/v2\/media\/17178"}],"wp:attachment":[{"href":"https:\/\/www.v-label.com\/de\/wp-json\/wp\/v2\/media?parent=64431"}],"wp:term":[{"taxonomy":"category","embeddable":true,"href":"https:\/\/www.v-label.com\/de\/wp-json\/wp\/v2\/categories?post=64431"},{"taxonomy":"post_tag","embeddable":true,"href":"https:\/\/www.v-label.com\/de\/wp-json\/wp\/v2\/tags?post=64431"}],"curies":[{"name":"wp","href":"https:\/\/api.w.org\/{rel}","templated":true}]}}