{"id":76260,"date":"2024-03-12T13:16:15","date_gmt":"2024-03-12T12:16:15","guid":{"rendered":"https:\/\/www.v-label.com\/?page_id=76260"},"modified":"2026-01-16T17:21:14","modified_gmt":"2026-01-16T16:21:14","slug":"druckprodukte","status":"publish","type":"page","link":"https:\/\/www.v-label.com\/de\/allgemeine-informationen\/druckprodukte\/","title":{"rendered":"Druckprodukte"},"content":{"rendered":"\n<p>Mit dem wachsenden Markt f\u00fcr vegane und vegetarische Lebensmittel steigt auch das Interesse an veganen Druckprodukten. Immer mehr Menschen suchen nach tierfreien Alternativen. Aufgrund der fehlenden Inhalts\u00fcbersicht ist es bei Druckprodukten nicht ersichtlich, ob Inhaltsstoffe tierischer Herkunft im Produkt enthalten sind. Das V-Label kann hier Klarheit schaffen und macht vegane Druckprodukte auf einen Blick erkennbar.<\/p>\n\n\n\n<div class=\"wp-block-uagb-advanced-heading uagb-block-0e9df0d2\"><h2 class=\"uagb-heading-text\">Was kann an Druckprodukten nicht vegan sein? <\/h2><\/div>\n\n\n\n<p><br>Auf den ersten Blick bestehen Druckerzeugnisse wie B\u00fccher, Plakate oder Flyer haupts\u00e4chlich aus pflanzlichem Zellstoff. Beispiele m\u00f6glicher tierischer Bestandteile in B\u00fcchern sind:<br><br><br><\/p>\n\n\n\n<p><\/p>\n\n\n\n<figure class=\"wp-block-image aligncenter size-large is-resized\"><img decoding=\"async\" width=\"1024\" height=\"576\" src=\"https:\/\/www.v-label.com\/wp-content\/uploads\/2024\/03\/2024-03-druckprodukte-landingpage-grafik-copy-3-1024x576.jpg\" alt=\"\" class=\"wp-image-77014\" style=\"width:756px;height:auto\" srcset=\"https:\/\/www.v-label.com\/wp-content\/uploads\/2024\/03\/2024-03-druckprodukte-landingpage-grafik-copy-3-1024x576.jpg 1024w, https:\/\/www.v-label.com\/wp-content\/uploads\/2024\/03\/2024-03-druckprodukte-landingpage-grafik-copy-3-300x169.jpg 300w, https:\/\/www.v-label.com\/wp-content\/uploads\/2024\/03\/2024-03-druckprodukte-landingpage-grafik-copy-3-500x281.jpg 500w, https:\/\/www.v-label.com\/wp-content\/uploads\/2024\/03\/2024-03-druckprodukte-landingpage-grafik-copy-3-768x432.jpg 768w, https:\/\/www.v-label.com\/wp-content\/uploads\/2024\/03\/2024-03-druckprodukte-landingpage-grafik-copy-3-1536x864.jpg 1536w, https:\/\/www.v-label.com\/wp-content\/uploads\/2024\/03\/2024-03-druckprodukte-landingpage-grafik-copy-3.jpg 1920w\" sizes=\"(max-width: 1024px) 100vw, 1024px\" \/><\/figure>\n\n\n\n<p><br><br>Eine Lizenzierung nach <a href=\"https:\/\/www.v-label.com\/de\/kriterien-des-v-labels\/\">V-Label-Kriterien<\/a> gew\u00e4hrleistet, dass die Herstellung und die Verarbeitung von Druckerzeugnissen frei von tierischen Inhalts- und Hilfsstoffen erfolgt sind.<\/p>\n\n\n\n<div class=\"wp-block-uagb-advanced-heading uagb-block-2b62ab0c\"><h2 class=\"uagb-heading-text\">Spezielles Logo f\u00fcr Druckprodukte<\/h2><\/div>\n\n\n\n<p><br>Was ist vegan? Das Buch oder der Inhalt? Um eine klare Orientierung und Kennzeichnung zu sichern, gibt es eine spezielle Version des V-Labels f\u00fcr vegane Druckprodukte. So ist klar erkennbar, dass das Druckprodukt selbst vegan produziert wurde.<\/p>\n\n\n\n<div class=\"wp-block-columns is-style-default is-layout-flex wp-container-core-columns-is-layout-9d6595d7 wp-block-columns-is-layout-flex\" style=\"font-size:0px\">\n<div class=\"wp-block-column is-layout-flow wp-block-column-is-layout-flow\">\n<figure class=\"wp-block-image alignright size-large is-resized\"><img decoding=\"async\" width=\"1024\" height=\"1024\" src=\"https:\/\/www.v-label.com\/wp-content\/uploads\/2024\/03\/v-label-vegan-veganesdruckprodukt-color-1-1024x1024.png\" alt=\"\" class=\"wp-image-76425\" style=\"width:210px;height:auto\" srcset=\"https:\/\/www.v-label.com\/wp-content\/uploads\/2024\/03\/v-label-vegan-veganesdruckprodukt-color-1-1024x1024.png 1024w, https:\/\/www.v-label.com\/wp-content\/uploads\/2024\/03\/v-label-vegan-veganesdruckprodukt-color-1-300x300.png 300w, https:\/\/www.v-label.com\/wp-content\/uploads\/2024\/03\/v-label-vegan-veganesdruckprodukt-color-1-500x500.png 500w, https:\/\/www.v-label.com\/wp-content\/uploads\/2024\/03\/v-label-vegan-veganesdruckprodukt-color-1-768x768.png 768w, https:\/\/www.v-label.com\/wp-content\/uploads\/2024\/03\/v-label-vegan-veganesdruckprodukt-color-1.png 1182w\" sizes=\"(max-width: 1024px) 100vw, 1024px\" \/><\/figure>\n<\/div>\n\n\n\n<div class=\"wp-block-column is-layout-flow wp-block-column-is-layout-flow\">\n<figure class=\"wp-block-image aligncenter size-large is-resized\"><img decoding=\"async\" width=\"1024\" height=\"1024\" src=\"https:\/\/www.v-label.com\/wp-content\/uploads\/2024\/03\/v-label-vegan-veganesdruckprodukt-color-border-1-1024x1024.png\" alt=\"\" class=\"wp-image-76464\" style=\"width:209px;height:auto\" srcset=\"https:\/\/www.v-label.com\/wp-content\/uploads\/2024\/03\/v-label-vegan-veganesdruckprodukt-color-border-1-1024x1024.png 1024w, https:\/\/www.v-label.com\/wp-content\/uploads\/2024\/03\/v-label-vegan-veganesdruckprodukt-color-border-1-300x300.png 300w, https:\/\/www.v-label.com\/wp-content\/uploads\/2024\/03\/v-label-vegan-veganesdruckprodukt-color-border-1-500x500.png 500w, https:\/\/www.v-label.com\/wp-content\/uploads\/2024\/03\/v-label-vegan-veganesdruckprodukt-color-border-1-768x768.png 768w, https:\/\/www.v-label.com\/wp-content\/uploads\/2024\/03\/v-label-vegan-veganesdruckprodukt-color-border-1.png 1182w\" sizes=\"(max-width: 1024px) 100vw, 1024px\" \/><\/figure>\n<\/div>\n\n\n\n<div class=\"wp-block-column is-layout-flow wp-block-column-is-layout-flow\">\n<figure class=\"wp-block-image alignleft size-large is-resized\"><img decoding=\"async\" width=\"1024\" height=\"1024\" src=\"https:\/\/www.v-label.com\/wp-content\/uploads\/2024\/03\/v-label-vegan-veganesdruckprodukt-bw-1024x1024.png\" alt=\"\" class=\"wp-image-76503\" style=\"width:209px;height:auto\" srcset=\"https:\/\/www.v-label.com\/wp-content\/uploads\/2024\/03\/v-label-vegan-veganesdruckprodukt-bw-1024x1024.png 1024w, https:\/\/www.v-label.com\/wp-content\/uploads\/2024\/03\/v-label-vegan-veganesdruckprodukt-bw-300x300.png 300w, https:\/\/www.v-label.com\/wp-content\/uploads\/2024\/03\/v-label-vegan-veganesdruckprodukt-bw-500x500.png 500w, https:\/\/www.v-label.com\/wp-content\/uploads\/2024\/03\/v-label-vegan-veganesdruckprodukt-bw-768x768.png 768w, https:\/\/www.v-label.com\/wp-content\/uploads\/2024\/03\/v-label-vegan-veganesdruckprodukt-bw.png 1182w\" sizes=\"(max-width: 1024px) 100vw, 1024px\" \/><\/figure>\n<\/div>\n<\/div>\n\n\n\n<div class=\"wp-block-uagb-advanced-heading uagb-block-f2f6bd82\"><h2 class=\"uagb-heading-text\">Das sagen Lizenznehmende aus der Druckbranche<\/h2><\/div>\n\n\n\n<div class=\"wp-block-columns are-vertically-aligned-top is-layout-flex wp-container-core-columns-is-layout-9d6595d7 wp-block-columns-is-layout-flex\">\n<div class=\"wp-block-column is-vertically-aligned-top is-layout-flow wp-block-column-is-layout-flow\">\n<figure class=\"wp-block-image aligncenter size-large is-resized is-style-editorskit-circular\"><img decoding=\"async\" width=\"1024\" height=\"916\" src=\"https:\/\/www.v-label.com\/wp-content\/uploads\/2024\/03\/roland-makulla-2-1-e1710504940325-1024x916.jpg\" alt=\"\" class=\"wp-image-76266\" style=\"object-fit:cover;width:200px;height:200px\" srcset=\"https:\/\/www.v-label.com\/wp-content\/uploads\/2024\/03\/roland-makulla-2-1-e1710504940325-1024x916.jpg 1024w, https:\/\/www.v-label.com\/wp-content\/uploads\/2024\/03\/roland-makulla-2-1-e1710504940325-300x268.jpg 300w, https:\/\/www.v-label.com\/wp-content\/uploads\/2024\/03\/roland-makulla-2-1-e1710504940325-500x447.jpg 500w, https:\/\/www.v-label.com\/wp-content\/uploads\/2024\/03\/roland-makulla-2-1-e1710504940325-768x687.jpg 768w, https:\/\/www.v-label.com\/wp-content\/uploads\/2024\/03\/roland-makulla-2-1-e1710504940325.jpg 1333w\" sizes=\"(max-width: 1024px) 100vw, 1024px\" \/><\/figure>\n\n\n\n<h3 class=\"wp-block-heading has-text-align-center\">Roland  Makulla<\/h3>\n\n\n\n<p class=\"has-text-align-center\"><em>Head of Sustainability &amp; Certifications<\/em>,<br><strong>oeding print GmbH<\/strong><\/p>\n\n\n\n<p class=\"has-text-align-center\" style=\"font-size:16px\">&#8222;Das V-Label steht f\u00fcr Transparenz und Glaubw\u00fcrdigkeit und verf\u00fcgt \u00fcber das erforderliche Know-how, komplexe Themen wie die Lizenzierung von veganen Druckprodukten zielf\u00fchrend umzusetzen und dabei auch Lieferanten und Dienstleister mitzunehmen. Die Zusammenarbeit war und ist professionell und l\u00f6sungsorientiert.&#8220;<\/p>\n\n\n\n<div class=\"wp-block-uagb-modal uagb-block-e0360b10 uagb-modal-wrapper\" data-escpress=\"enable\" data-overlayclick=\"disable\"><div class=\"uagb-spectra-button-wrapper wp-block-button\"><a class=\"uagb-modal-button-link wp-block-button__link uagb-modal-trigger\" href=\"#\" onclick=\"return false;\" target=\"_self\" rel=\"noopener noreferrer\"><span class=\"uagb-modal-content-wrapper\"><span class=\"uagb-inline-editing\">Weiterlesen<\/span><\/span><\/a><\/div><div class=\"uagb-effect-default uagb-modal-popup uagb-block-e0360b10 uagb-modal-type-undefined\"><div class=\"uagb-modal-popup-wrap\"><div class=\"uagb-modal-popup-content\">\n<div class=\"wp-block-uagb-info-box uagb-block-4533c6e5 uagb-infobox__content-wrap  uagb-infobox-icon-above-title uagb-infobox-image-valign-top\"><div class=\"uagb-ifb-content\"><div class=\"uagb-ifb-title-wrap\"><\/div><p class=\"uagb-ifb-desc\">&#8222;Das V-Label ist ein etabliertes Markenzeichen mit anerkannten Standards. Es steht f\u00fcr Transparenz und Glaubw\u00fcrdigkeit und verf\u00fcgt \u00fcber das erforderliche Know-how, komplexe Themen wie die Lizenzierung von veganen Druckprodukten zielf\u00fchrend umzusetzen und dabei auch Lieferanten und Dienstleister mitzunehmen. Die Zusammenarbeit war und ist professionell und l\u00f6sungsorientiert. Das es heute einen neuen Branchenstandard f\u00fcr vegane Druckprodukte gibt, w\u00e4re ohne das Engagement der Expert:innen vom V-Label nicht m\u00f6glich gewesen.&#8220;<br><br>&#8211; Roland Makulla<br><em><strong>oeding Print<\/strong><\/em><\/p><\/div><\/div>\n\n\n\n<figure class=\"wp-block-image alignleft size-full is-resized\"><img decoding=\"async\" width=\"827\" height=\"354\" src=\"https:\/\/www.v-label.com\/wp-content\/uploads\/2024\/03\/oe-print-copy-1.png\" alt=\"\" class=\"wp-image-76837\" style=\"width:126px;height:auto\" srcset=\"https:\/\/www.v-label.com\/wp-content\/uploads\/2024\/03\/oe-print-copy-1.png 827w, https:\/\/www.v-label.com\/wp-content\/uploads\/2024\/03\/oe-print-copy-1-300x128.png 300w, https:\/\/www.v-label.com\/wp-content\/uploads\/2024\/03\/oe-print-copy-1-500x214.png 500w, https:\/\/www.v-label.com\/wp-content\/uploads\/2024\/03\/oe-print-copy-1-768x329.png 768w\" sizes=\"(max-width: 827px) 100vw, 827px\" \/><\/figure>\n<\/div><button class=\"uagb-modal-popup-close\" aria-label=\"Close Modal\"><svg xmlns=\"https:\/\/www.w3.org\/2000\/svg\" viewBox=\"0 0 320 512\"><path d=\"M310.6 361.4c12.5 12.5 12.5 32.75 0 45.25C304.4 412.9 296.2 416 288 416s-16.38-3.125-22.62-9.375L160 301.3L54.63 406.6C48.38 412.9 40.19 416 32 416S15.63 412.9 9.375 406.6c-12.5-12.5-12.5-32.75 0-45.25l105.4-105.4L9.375 150.6c-12.5-12.5-12.5-32.75 0-45.25s32.75-12.5 45.25 0L160 210.8l105.4-105.4c12.5-12.5 32.75-12.5 45.25 0s12.5 32.75 0 45.25l-105.4 105.4L310.6 361.4z\"><\/path><\/svg><\/button><\/div><\/div><\/div>\n<\/div>\n\n\n\n<div class=\"wp-block-column is-vertically-aligned-top is-layout-flow wp-block-column-is-layout-flow\">\n<figure class=\"wp-block-image aligncenter size-large is-resized is-style-editorskit-circular\"><img decoding=\"async\" width=\"1024\" height=\"896\" src=\"https:\/\/www.v-label.com\/wp-content\/uploads\/2024\/03\/moira-himmelsbach-portrait-der-vegane-kinderbuchverlag-next-level-copy-e1710347881257-1024x896.jpg\" alt=\"\" class=\"wp-image-76546\" style=\"object-fit:cover;width:200px;height:200px\" srcset=\"https:\/\/www.v-label.com\/wp-content\/uploads\/2024\/03\/moira-himmelsbach-portrait-der-vegane-kinderbuchverlag-next-level-copy-e1710347881257-1024x896.jpg 1024w, https:\/\/www.v-label.com\/wp-content\/uploads\/2024\/03\/moira-himmelsbach-portrait-der-vegane-kinderbuchverlag-next-level-copy-e1710347881257-300x263.jpg 300w, https:\/\/www.v-label.com\/wp-content\/uploads\/2024\/03\/moira-himmelsbach-portrait-der-vegane-kinderbuchverlag-next-level-copy-e1710347881257-500x438.jpg 500w, https:\/\/www.v-label.com\/wp-content\/uploads\/2024\/03\/moira-himmelsbach-portrait-der-vegane-kinderbuchverlag-next-level-copy-e1710347881257-768x672.jpg 768w, https:\/\/www.v-label.com\/wp-content\/uploads\/2024\/03\/moira-himmelsbach-portrait-der-vegane-kinderbuchverlag-next-level-copy-e1710347881257.jpg 1523w\" sizes=\"(max-width: 1024px) 100vw, 1024px\" \/><\/figure>\n\n\n\n<h3 class=\"wp-block-heading has-text-align-center\">Mo\u00efra Himmelsbach<\/h3>\n\n\n\n<p class=\"has-text-align-center\"><em>Verlagsinhaberin<\/em>,<br><strong>Der vegane Kinderbuchverlag Next Level<\/strong><\/p>\n\n\n\n<p class=\"has-text-align-center\" style=\"font-size:16px\">\u201cDas V-Label f\u00fcr Druckprodukte erm\u00f6glicht es unserem Verlag, unsere vegane Philosophie und unser Engagement f\u00fcr tierethische Inhalte zu betonen. Es garantiert, dass unsere B\u00fccher nicht nur inhaltlich tierethische Werte vermitteln, sondern auch ohne tierische Bestandteile hergestellt werden.\u201d<\/p>\n\n\n\n<div class=\"wp-block-uagb-modal uagb-block-2bfd1724 uagb-modal-wrapper\" data-escpress=\"enable\" data-overlayclick=\"disable\"><div class=\"uagb-spectra-button-wrapper wp-block-button\"><a class=\"uagb-modal-button-link wp-block-button__link uagb-modal-trigger\" href=\"#\" onclick=\"return false;\" target=\"_self\" rel=\"noopener noreferrer\"><span class=\"uagb-modal-content-wrapper\"><span class=\"uagb-inline-editing\">Weiterlesen<\/span><\/span><\/a><\/div><div class=\"uagb-effect-default uagb-modal-popup uagb-block-2bfd1724 uagb-modal-type-undefined\"><div class=\"uagb-modal-popup-wrap\"><div class=\"uagb-modal-popup-content\">\n<div class=\"wp-block-uagb-info-box uagb-block-f5cddd1a uagb-infobox__content-wrap  uagb-infobox-icon-above-title uagb-infobox-image-valign-top\"><div class=\"uagb-ifb-content\"><div class=\"uagb-ifb-title-wrap\"><\/div><p class=\"uagb-ifb-desc\">\u201cDas V-Label f\u00fcr Druckprodukte erm\u00f6glicht es unserem Verlag, unsere vegane Philosophie und unser Engagement f\u00fcr tierethische Inhalte zu betonen. Es garantiert, dass unsere B\u00fccher nicht nur inhaltlich tierethische Werte vermitteln, sondern auch ohne tierische Bestandteile hergestellt werden.\u201d<br><br>&#8211; Mo\u00efra Himmelsbach,<br><em><strong>Der vegane Kinderbuchverlag Next Level<\/strong><\/em><\/p><\/div><\/div>\n<\/div><button class=\"uagb-modal-popup-close\" aria-label=\"Close Modal\"><svg xmlns=\"https:\/\/www.w3.org\/2000\/svg\" viewBox=\"0 0 320 512\"><path d=\"M310.6 361.4c12.5 12.5 12.5 32.75 0 45.25C304.4 412.9 296.2 416 288 416s-16.38-3.125-22.62-9.375L160 301.3L54.63 406.6C48.38 412.9 40.19 416 32 416S15.63 412.9 9.375 406.6c-12.5-12.5-12.5-32.75 0-45.25l105.4-105.4L9.375 150.6c-12.5-12.5-12.5-32.75 0-45.25s32.75-12.5 45.25 0L160 210.8l105.4-105.4c12.5-12.5 32.75-12.5 45.25 0s12.5 32.75 0 45.25l-105.4 105.4L310.6 361.4z\"><\/path><\/svg><\/button><\/div><\/div><\/div>\n<\/div>\n\n\n\n<div class=\"wp-block-column is-vertically-aligned-top is-layout-flow wp-block-column-is-layout-flow\">\n<figure class=\"wp-block-image aligncenter size-full is-resized is-style-editorskit-circular\"><img decoding=\"async\" width=\"1024\" height=\"1024\" src=\"https:\/\/www.v-label.com\/wp-content\/uploads\/2024\/03\/bs-ansprechpartner-v01-gf-tobi-spinner-copy.jpg\" alt=\"\" class=\"wp-image-76610\" style=\"object-fit:cover;width:200px;height:200px\" srcset=\"https:\/\/www.v-label.com\/wp-content\/uploads\/2024\/03\/bs-ansprechpartner-v01-gf-tobi-spinner-copy.jpg 1024w, https:\/\/www.v-label.com\/wp-content\/uploads\/2024\/03\/bs-ansprechpartner-v01-gf-tobi-spinner-copy-300x300.jpg 300w, https:\/\/www.v-label.com\/wp-content\/uploads\/2024\/03\/bs-ansprechpartner-v01-gf-tobi-spinner-copy-500x500.jpg 500w, https:\/\/www.v-label.com\/wp-content\/uploads\/2024\/03\/bs-ansprechpartner-v01-gf-tobi-spinner-copy-768x768.jpg 768w\" sizes=\"(max-width: 1024px) 100vw, 1024px\" \/><\/figure>\n\n\n\n<h3 class=\"wp-block-heading has-text-align-center\">Tobias Spinner<\/h3>\n\n\n\n<p class=\"has-text-align-center\"><em>Teil der Gesch\u00e4ftsf\u00fchrung<\/em>,<br><strong>Josef Spinner Gro\u00dfbuchbinderei GmbH<\/strong><\/p>\n\n\n\n<p class=\"has-text-align-center\" style=\"font-size:16px\">&#8222;Die Erarbeitung der Themen eines Buchbinders, um das V Label zu erhalten, hat super funktioniert. In einem guten Austausch mit vielen Fragen und Antworten, konnten wir den Weg einfach halten und neben der Herausforderung vegane Produkte zu fertigen, den administrativen Prozess f\u00fcr einen Start super bew\u00e4ltigen.&#8220;<\/p>\n\n\n\n<div class=\"wp-block-uagb-modal uagb-block-605afc55 uagb-modal-wrapper\" data-escpress=\"enable\" data-overlayclick=\"disable\"><div class=\"uagb-spectra-button-wrapper wp-block-button\"><a class=\"uagb-modal-button-link wp-block-button__link uagb-modal-trigger\" href=\"#\" onclick=\"return false;\" target=\"_self\" rel=\"noopener noreferrer\"><span class=\"uagb-modal-content-wrapper\"><span class=\"uagb-inline-editing\">Weiterlesen<\/span><\/span><\/a><\/div><div class=\"uagb-effect-default uagb-modal-popup uagb-block-605afc55 uagb-modal-type-undefined\"><div class=\"uagb-modal-popup-wrap\"><div class=\"uagb-modal-popup-content\">\n<div class=\"wp-block-uagb-info-box uagb-block-60360446 uagb-infobox__content-wrap  uagb-infobox-icon-above-title uagb-infobox-image-valign-top\"><div class=\"uagb-ifb-content\"><div class=\"uagb-ifb-title-wrap\"><\/div><p class=\"uagb-ifb-desc\">&#8222;Ethischere und nachhaltigere B\u00fccher und Brosch\u00fcren ohne Nachteile zur konventionellen Produktion mit dem V-Label anzubieten, liegt in unserem Interesse f\u00fcr eine bessere Zukunft!<br><br>Die Erarbeitung der Themen eines Buchbinders, um das V Label zu erhalten, hat super funktioniert. In einem guten Austausch mit vielen Fragen und Antworten, konnten wir den Weg einfach halten und neben der Herausforderung vegane Produkte zu fertigen, den administrativen Prozess f\u00fcr einen Start super bew\u00e4ltigen.\u201d<br><br>&#8211; Tobias Spinner,<br><strong><em>Josef Spinner Gro\u00dfbuchbinderei GmbH<\/em><\/strong><\/p><\/div><\/div>\n<\/div><button class=\"uagb-modal-popup-close\" aria-label=\"Close Modal\"><svg xmlns=\"https:\/\/www.w3.org\/2000\/svg\" viewBox=\"0 0 320 512\"><path d=\"M310.6 361.4c12.5 12.5 12.5 32.75 0 45.25C304.4 412.9 296.2 416 288 416s-16.38-3.125-22.62-9.375L160 301.3L54.63 406.6C48.38 412.9 40.19 416 32 416S15.63 412.9 9.375 406.6c-12.5-12.5-12.5-32.75 0-45.25l105.4-105.4L9.375 150.6c-12.5-12.5-12.5-32.75 0-45.25s32.75-12.5 45.25 0L160 210.8l105.4-105.4c12.5-12.5 32.75-12.5 45.25 0s12.5 32.75 0 45.25l-105.4 105.4L310.6 361.4z\"><\/path><\/svg><\/button><\/div><\/div><\/div>\n<\/div>\n<\/div>\n\n\n\n<div class=\"wp-block-uagb-advanced-heading uagb-block-64c959fa\"><h2 class=\"uagb-heading-text\">Eine Auswahl an Lizenznehmenden aus der Druckbranche<\/h2><\/div>\n\n\n\r\n<section id=\"carousel-block_f439fe6e83b215b69a2cdb12f01f5841\" class=\"carousel-block_f439fe6e83b215b69a2cdb12f01f5841 wp-block-carousel\">\r\n    <ul class=\"posts_list_carousel\" data-slick='{\"slidesToShow\": 3, \"slidesToScroll\": 3, \"autoplay\": 1, \"autoplaySpeed\": 5000, \"infinite\": 1, \"speed\": 750}'>\r\n                    <li><img decoding=\"async\" src=\"https:\/\/www.v-label.com\/wp-content\/uploads\/2026\/01\/oeding-print-signatur-gross.png\" alt=\"oeding_print_signatur_gross\" \/><\/li>\r\n                    <li><img decoding=\"async\" src=\"https:\/\/www.v-label.com\/wp-content\/uploads\/2026\/01\/koenigsdruck-wortbildmarke-hoch-farbig-rgb.png\" alt=\"koenigsdruck_wortbildmarke_hoch_farbig_rgb\" \/><\/li>\r\n                    <li><img decoding=\"async\" src=\"https:\/\/www.v-label.com\/wp-content\/uploads\/2026\/01\/sdp-logo-blau.png\" alt=\"SDP-Logo-Blau\" \/><\/li>\r\n                    <li><img decoding=\"async\" src=\"https:\/\/www.v-label.com\/wp-content\/uploads\/2026\/01\/vegabook-ohne-hintergrund.png\" alt=\"Vegabook ohne Hintergrund\" \/><\/li>\r\n                    <li><img decoding=\"async\" src=\"https:\/\/www.v-label.com\/wp-content\/uploads\/2026\/01\/logo-kpm-4c.png\" alt=\"Logo_KPM_4c\" \/><\/li>\r\n            <\/ul>\r\n<\/section>\n\n\n<div class=\"wp-block-uagb-advanced-heading uagb-block-3da3862d\"><h2 class=\"uagb-heading-text\">V-Label Lizenznehmer werden<\/h2><\/div>\n\n\n\n<p><br>Schaffen Sie sich mit dem V-Label auf Ihren Druckprodukten einen klaren Wettbewerbsvorteil.<\/p>\n\n\n\n<div class=\"wp-block-uagb-buttons uagb-buttons__outer-wrap uagb-btn__default-btn uagb-btn-tablet__default-btn uagb-btn-mobile__default-btn uagb-block-5dc2e84c\"><div class=\"uagb-buttons__wrap uagb-buttons-layout-wrap \">\n<div class=\"wp-block-uagb-buttons-child uagb-buttons__outer-wrap uagb-block-a52911cd wp-block-button\"><div class=\"uagb-button__wrapper\"><a class=\"uagb-buttons-repeater wp-block-button__link\" aria-label=\"\" href=\"#https:\/\/www.v-label.com\/de\/angebot-anfordern\/\" rel=\"follow noopener\" target=\"_blank\" role=\"button\"><div class=\"uagb-button__link\">Angebot anfordern<\/div><\/a><\/div><\/div>\n<\/div><\/div>\n\n\n\r\n<section id=\"cta-block_845187bc3efe4ec081a3c4ecec834d30\" class=\"wp-block-cta alignfull aligncenter\" style=\"background-image: url(https:\/\/www.v-label.com\/wp-content\/uploads\/2022\/09\/cta-kontakt2.jpeg);\">\r\n\t<div class=\"row\">\r\n\t\t<div class=\"medium-8 medium-centered column\">\r\n\t\t\t\t\t\t\t<h2>Kontaktieren Sie uns!<\/h2>\r\n\t\t\t\t\t\t\t\t\t\t<p><p>Ob Sie an einem Angebot interessiert sind oder allgemeine Fragen zum V-Label haben, z\u00f6gern Sie nicht, uns zu kontaktieren! Wir freuen uns von Ihnen zu h\u00f6ren.<\/p>\n<\/p>\r\n\t\t\t\r\n\t\t\t<div class=\"wp-block-buttons\">\r\n\t\t\t\t\t\t\t\t\t\t<a href=\"&#109;&#x61;i&#108;&#x74;&#111;&#x3a;n&#111;&#x6e;f&#x6f;&#x6f;&#100;&#x2d;v&#108;&#x61;b&#x65;&#x6c;&#64;&#x70;r&#111;&#x76;&#101;&#x67;&#46;&#99;&#x6f;m\" class=\"wp-block-button__link\">Pers\u00f6nliches Gespr\u00e4ch vereinbaren<\/a>\r\n\t\t\t\t\t\t\t\t\t\t\t\t<\/div>\r\n\r\n\t\t<\/div>\r\n\t<\/div>\r\n<\/section>","protected":false},"excerpt":{"rendered":"<p>Mit dem wachsenden Markt f\u00fcr vegane und vegetarische Lebensmittel steigt auch das Interesse an veganen Druckprodukten. Immer mehr Menschen suchen nach tierfreien Alternativen. Aufgrund der fehlenden Inhalts\u00fcbersicht ist es bei Druckprodukten nicht ersichtlich, ob Inhaltsstoffe tierischer Herkunft im Produkt enthalten sind. Das V-Label kann hier Klarheit schaffen und macht vegane Druckprodukte auf einen Blick erkennbar. [&hellip;]<\/p>\n","protected":false},"author":5,"featured_media":76705,"parent":507,"menu_order":0,"comment_status":"closed","ping_status":"closed","template":"","meta":{"_acf_changed":false,"_editorskit_title_hidden":false,"_editorskit_reading_time":0,"_editorskit_is_block_options_detached":false,"_editorskit_block_options_position":"{}","inline_featured_image":false,"_uag_custom_page_level_css":"","footnotes":""},"categories":[],"tags":[],"class_list":["post-76260","page","type-page","status-publish","has-post-thumbnail","hentry"],"acf":[],"uagb_featured_image_src":{"full":["https:\/\/www.v-label.com\/wp-content\/uploads\/2024\/03\/v-label-2024-druckprudckte-05-12.jpg",2000,1335,false],"thumbnail":["https:\/\/www.v-label.com\/wp-content\/uploads\/2024\/03\/v-label-2024-druckprudckte-05-12-500x334.jpg",500,334,true],"medium":["https:\/\/www.v-label.com\/wp-content\/uploads\/2024\/03\/v-label-2024-druckprudckte-05-12-300x200.jpg",300,200,true],"medium_large":["https:\/\/www.v-label.com\/wp-content\/uploads\/2024\/03\/v-label-2024-druckprudckte-05-12-768x513.jpg",768,513,true],"large":["https:\/\/www.v-label.com\/wp-content\/uploads\/2024\/03\/v-label-2024-druckprudckte-05-12-1024x684.jpg",1024,684,true],"1536x1536":["https:\/\/www.v-label.com\/wp-content\/uploads\/2024\/03\/v-label-2024-druckprudckte-05-12-1536x1025.jpg",1536,1025,true],"2048x2048":["https:\/\/www.v-label.com\/wp-content\/uploads\/2024\/03\/v-label-2024-druckprudckte-05-12.jpg",2000,1335,false],"preview":["https:\/\/www.v-label.com\/wp-content\/uploads\/2024\/03\/v-label-2024-druckprudckte-05-12-904x720.jpg",904,720,true],"header":["https:\/\/www.v-label.com\/wp-content\/uploads\/2024\/03\/v-label-2024-druckprudckte-05-12-2000x720.jpg",2000,720,true],"gform-image-choice-sm":["https:\/\/www.v-label.com\/wp-content\/uploads\/2024\/03\/v-label-2024-druckprudckte-05-12.jpg",300,200,false],"gform-image-choice-md":["https:\/\/www.v-label.com\/wp-content\/uploads\/2024\/03\/v-label-2024-druckprudckte-05-12.jpg",400,267,false],"gform-image-choice-lg":["https:\/\/www.v-label.com\/wp-content\/uploads\/2024\/03\/v-label-2024-druckprudckte-05-12.jpg",600,401,false]},"uagb_author_info":{"display_name":"Can Aslan","author_link":"https:\/\/www.v-label.com\/de"},"uagb_comment_info":0,"uagb_excerpt":"Mit dem wachsenden Markt f\u00fcr vegane und vegetarische Lebensmittel steigt auch das Interesse an veganen Druckprodukten. Immer mehr Menschen suchen nach tierfreien Alternativen. Aufgrund der fehlenden Inhalts\u00fcbersicht ist es bei Druckprodukten nicht ersichtlich, ob Inhaltsstoffe tierischer Herkunft im Produkt enthalten sind. Das V-Label kann hier Klarheit schaffen und macht vegane Druckprodukte auf einen Blick erkennbar.&hellip;","_links":{"self":[{"href":"https:\/\/www.v-label.com\/de\/wp-json\/wp\/v2\/pages\/76260","targetHints":{"allow":["GET"]}}],"collection":[{"href":"https:\/\/www.v-label.com\/de\/wp-json\/wp\/v2\/pages"}],"about":[{"href":"https:\/\/www.v-label.com\/de\/wp-json\/wp\/v2\/types\/page"}],"author":[{"embeddable":true,"href":"https:\/\/www.v-label.com\/de\/wp-json\/wp\/v2\/users\/5"}],"replies":[{"embeddable":true,"href":"https:\/\/www.v-label.com\/de\/wp-json\/wp\/v2\/comments?post=76260"}],"version-history":[{"count":62,"href":"https:\/\/www.v-label.com\/de\/wp-json\/wp\/v2\/pages\/76260\/revisions"}],"predecessor-version":[{"id":111431,"href":"https:\/\/www.v-label.com\/de\/wp-json\/wp\/v2\/pages\/76260\/revisions\/111431"}],"up":[{"embeddable":true,"href":"https:\/\/www.v-label.com\/de\/wp-json\/wp\/v2\/pages\/507"}],"wp:featuredmedia":[{"embeddable":true,"href":"https:\/\/www.v-label.com\/de\/wp-json\/wp\/v2\/media\/76705"}],"wp:attachment":[{"href":"https:\/\/www.v-label.com\/de\/wp-json\/wp\/v2\/media?parent=76260"}],"wp:term":[{"taxonomy":"category","embeddable":true,"href":"https:\/\/www.v-label.com\/de\/wp-json\/wp\/v2\/categories?post=76260"},{"taxonomy":"post_tag","embeddable":true,"href":"https:\/\/www.v-label.com\/de\/wp-json\/wp\/v2\/tags?post=76260"}],"curies":[{"name":"wp","href":"https:\/\/api.w.org\/{rel}","templated":true}]}}