{"id":8518,"date":"2022-09-09T10:47:40","date_gmt":"2022-09-09T08:47:40","guid":{"rendered":"https:\/\/www.v-label.com\/general-information\/certified-products\/"},"modified":"2024-07-09T15:09:41","modified_gmt":"2024-07-09T13:09:41","slug":"lizenzierte-produkte","status":"publish","type":"page","link":"https:\/\/www.v-label.com\/de\/das-v-label-fur-konsumenten\/lizenzierte-produkte\/","title":{"rendered":"Lizenzierte Produkte"},"content":{"rendered":"\n<p>Das V-Label wird derzeit weltweit auf mehr als 70.000 Produkten gef\u00fchrt. Hier finden Sie eine Auswahl an lizenzierten Produkten.<\/p>\n\n\n\n<h3 class=\"wp-block-heading has-text-align-center\">Lassen Sie sich f\u00fcr Ihren n\u00e4chsten Einkauf inspirieren!<\/h3>\n\n\n\n<div class=\"wp-block-group alignwide is-content-justification-center is-nowrap is-layout-flex wp-container-core-group-is-layout-499140ed wp-block-group-is-layout-flex\">\n<figure class=\"wp-block-image size-thumbnail is-resized\"><img decoding=\"async\" width=\"500\" height=\"500\" src=\"https:\/\/www.v-label.com\/wp-content\/uploads\/2022\/07\/logo-vlabel-favicon-500x500.png\" alt=\"\" class=\"wp-image-331\" style=\"width:50px;height:50px\" srcset=\"https:\/\/www.v-label.com\/wp-content\/uploads\/2022\/07\/logo-vlabel-favicon-500x500.png 500w, https:\/\/www.v-label.com\/wp-content\/uploads\/2022\/07\/logo-vlabel-favicon-300x300.png 300w, https:\/\/www.v-label.com\/wp-content\/uploads\/2022\/07\/logo-vlabel-favicon-768x768.png 768w, https:\/\/www.v-label.com\/wp-content\/uploads\/2022\/07\/logo-vlabel-favicon.png 852w\" sizes=\"(max-width: 500px) 100vw, 500px\" \/><\/figure>\n<\/div>\n\n\n\n<div style=\"height:50px\" aria-hidden=\"true\" class=\"wp-block-spacer\"><\/div>\n\n\n\n\t\t\t<div class=\"wp-block-uagb-post-grid uagb-post-grid  uagb-post__image-position-top uagb-post__image-enabled uagb-block-022b06ae     uagb-post__items uagb-post__columns-3 is-grid uagb-post__columns-tablet-2 uagb-post__columns-mobile-1 uagb-post__equal-height\" data-total=\"3\" style=\"\">\n\n\t\t\t\t\t\t\t\t\t\t\t\t<article class=\"uagb-post__inner-wrap\">\t\t\t\t\t\t\t\t<div class='uagb-post__image'>\n\t\t\t\t\t\t\t\t\t<a href=\"https:\/\/www.v-label.com\/de\/products\/vegane-grillvielfalt-von-billie-green\/\" target=\"_self\" rel=\"bookmark noopener noreferrer\" class='uagb-image-ratio-inherit'><img decoding=\"async\" width=\"2000\" height=\"650\" src=\"https:\/\/www.v-label.com\/wp-content\/uploads\/2024\/04\/2000x650-5.jpg\" class=\"attachment-2048x2048 size-2048x2048\" alt=\"\" srcset=\"https:\/\/www.v-label.com\/wp-content\/uploads\/2024\/04\/2000x650-5.jpg 2000w, https:\/\/www.v-label.com\/wp-content\/uploads\/2024\/04\/2000x650-5-300x98.jpg 300w, https:\/\/www.v-label.com\/wp-content\/uploads\/2024\/04\/2000x650-5-1024x333.jpg 1024w, https:\/\/www.v-label.com\/wp-content\/uploads\/2024\/04\/2000x650-5-500x163.jpg 500w, https:\/\/www.v-label.com\/wp-content\/uploads\/2024\/04\/2000x650-5-768x250.jpg 768w, https:\/\/www.v-label.com\/wp-content\/uploads\/2024\/04\/2000x650-5-1536x499.jpg 1536w\" sizes=\"(max-width: 2000px) 100vw, 2000px\" \/>\t\t\t\t\t<\/a>\n\t\t\t\t\t\t\t<\/div>\n\t\t\t\t\t\t<h4 class=\"uagb-post__title uagb-post__text\">\n\t\t\t\t<a href=\"https:\/\/www.v-label.com\/de\/products\/vegane-grillvielfalt-von-billie-green\/\" target=\"_self\" rel=\"bookmark noopener noreferrer\">Vegane Grillvielfalt von Billie Green<\/a>\n\t\t\t<\/h4>\n\t\t\t\t\t\t<div class='uagb-post__text uagb-post-grid-byline'>\n\t\t\t\t\t\t\t<\/div>\n\t\t\t\t\t\t\t<div class='uagb-post__text uagb-post__excerpt'>\n\t\t\t\t\t<p>Die drei neuen Grillprodukte von The Plantly Butchers unter der Marke Billie Green bringen Abwechslung&#8230;\t\t\t\t<\/div>\n\t\t\t\t\t\t<div class=\"uagb-post__text uagb-post__cta wp-block-button\">\n\t\t\t\t<a class=\"wp-block-button__link uagb-text-link\" style=\"\" href=\"https:\/\/www.v-label.com\/de\/products\/vegane-grillvielfalt-von-billie-green\/\" target=\"_self\" rel=\"bookmark noopener noreferrer\">Weiterlesen<\/a>\n\t\t\t<\/div>\n\t\t\t\n\t\t\t\t\t\t\t\t\t<\/article>\n\t\t\t\t\t\t\t\t\t\t\t\t\t\t\t\t<article class=\"uagb-post__inner-wrap\">\t\t\t\t\t\t\t\t<div class='uagb-post__image'>\n\t\t\t\t\t\t\t\t\t<a href=\"https:\/\/www.v-label.com\/de\/products\/butter-alternative-von-eleplant\/\" target=\"_self\" rel=\"bookmark noopener noreferrer\" class='uagb-image-ratio-inherit'><img decoding=\"async\" width=\"2000\" height=\"650\" src=\"https:\/\/www.v-label.com\/wp-content\/uploads\/2024\/04\/2000x650-4.jpg\" class=\"attachment-2048x2048 size-2048x2048\" alt=\"\" srcset=\"https:\/\/www.v-label.com\/wp-content\/uploads\/2024\/04\/2000x650-4.jpg 2000w, https:\/\/www.v-label.com\/wp-content\/uploads\/2024\/04\/2000x650-4-300x98.jpg 300w, https:\/\/www.v-label.com\/wp-content\/uploads\/2024\/04\/2000x650-4-1024x333.jpg 1024w, https:\/\/www.v-label.com\/wp-content\/uploads\/2024\/04\/2000x650-4-500x163.jpg 500w, https:\/\/www.v-label.com\/wp-content\/uploads\/2024\/04\/2000x650-4-768x250.jpg 768w, https:\/\/www.v-label.com\/wp-content\/uploads\/2024\/04\/2000x650-4-1536x499.jpg 1536w\" sizes=\"(max-width: 2000px) 100vw, 2000px\" \/>\t\t\t\t\t<\/a>\n\t\t\t\t\t\t\t<\/div>\n\t\t\t\t\t\t<h4 class=\"uagb-post__title uagb-post__text\">\n\t\t\t\t<a href=\"https:\/\/www.v-label.com\/de\/products\/butter-alternative-von-eleplant\/\" target=\"_self\" rel=\"bookmark noopener noreferrer\">Butter-Alternative von Eleplant<\/a>\n\t\t\t<\/h4>\n\t\t\t\t\t\t<div class='uagb-post__text uagb-post-grid-byline'>\n\t\t\t\t\t\t\t<\/div>\n\t\t\t\t\t\t\t<div class='uagb-post__text uagb-post__excerpt'>\n\t\t\t\t\tDas erste Produkt von Eleplant ist eine pflanzliche Butter-Alternative, die analog zu tierischer Butter zum&#8230;\t\t\t\t<\/div>\n\t\t\t\t\t\t<div class=\"uagb-post__text uagb-post__cta wp-block-button\">\n\t\t\t\t<a class=\"wp-block-button__link uagb-text-link\" style=\"\" href=\"https:\/\/www.v-label.com\/de\/products\/butter-alternative-von-eleplant\/\" target=\"_self\" rel=\"bookmark noopener noreferrer\">Weiterlesen<\/a>\n\t\t\t<\/div>\n\t\t\t\n\t\t\t\t\t\t\t\t\t<\/article>\n\t\t\t\t\t\t\t\t\t\t\t\t\t\t\t\t<article class=\"uagb-post__inner-wrap\">\t\t\t\t\t\t\t\t<div class='uagb-post__image'>\n\t\t\t\t\t\t\t\t\t<a href=\"https:\/\/www.v-label.com\/de\/products\/vegane-kaesevielfalt-von-mondarella\/\" target=\"_self\" rel=\"bookmark noopener noreferrer\" class='uagb-image-ratio-inherit'><img decoding=\"async\" width=\"2000\" height=\"650\" src=\"https:\/\/www.v-label.com\/wp-content\/uploads\/2024\/03\/website-header-2000x650-copy.jpg\" class=\"attachment-2048x2048 size-2048x2048\" alt=\"\" srcset=\"https:\/\/www.v-label.com\/wp-content\/uploads\/2024\/03\/website-header-2000x650-copy.jpg 2000w, https:\/\/www.v-label.com\/wp-content\/uploads\/2024\/03\/website-header-2000x650-copy-300x98.jpg 300w, https:\/\/www.v-label.com\/wp-content\/uploads\/2024\/03\/website-header-2000x650-copy-1024x333.jpg 1024w, https:\/\/www.v-label.com\/wp-content\/uploads\/2024\/03\/website-header-2000x650-copy-500x163.jpg 500w, https:\/\/www.v-label.com\/wp-content\/uploads\/2024\/03\/website-header-2000x650-copy-768x250.jpg 768w, https:\/\/www.v-label.com\/wp-content\/uploads\/2024\/03\/website-header-2000x650-copy-1536x499.jpg 1536w\" sizes=\"(max-width: 2000px) 100vw, 2000px\" \/>\t\t\t\t\t<\/a>\n\t\t\t\t\t\t\t<\/div>\n\t\t\t\t\t\t<h4 class=\"uagb-post__title uagb-post__text\">\n\t\t\t\t<a href=\"https:\/\/www.v-label.com\/de\/products\/vegane-kaesevielfalt-von-mondarella\/\" target=\"_self\" rel=\"bookmark noopener noreferrer\">Vegane K\u00e4sevielfalt von Mondarella<\/a>\n\t\t\t<\/h4>\n\t\t\t\t\t\t<div class='uagb-post__text uagb-post-grid-byline'>\n\t\t\t\t\t\t\t<\/div>\n\t\t\t\t\t\t\t<div class='uagb-post__text uagb-post__excerpt'>\n\t\t\t\t\tVom klassischen Mondarella Classic, \u00fcber den Pastasan, bis hin zum Camembert-Pendant Soft Blanc \u2013 Die&#8230;\t\t\t\t<\/div>\n\t\t\t\t\t\t<div class=\"uagb-post__text uagb-post__cta wp-block-button\">\n\t\t\t\t<a class=\"wp-block-button__link uagb-text-link\" style=\"\" href=\"https:\/\/www.v-label.com\/de\/products\/vegane-kaesevielfalt-von-mondarella\/\" target=\"_self\" rel=\"bookmark noopener noreferrer\">Weiterlesen<\/a>\n\t\t\t<\/div>\n\t\t\t\n\t\t\t\t\t\t\t\t\t<\/article>\n\t\t\t\t\t\t\t\t\t\t\t\t\t\t\t\t<article class=\"uagb-post__inner-wrap\">\t\t\t\t\t\t\t\t<div class='uagb-post__image'>\n\t\t\t\t\t\t\t\t\t<a href=\"https:\/\/www.v-label.com\/de\/products\/grosse-vegane-auswahl-bei-lindt-hello\/\" target=\"_self\" rel=\"bookmark noopener noreferrer\" class='uagb-image-ratio-inherit'><img decoding=\"async\" width=\"1920\" height=\"576\" src=\"https:\/\/www.v-label.com\/wp-content\/uploads\/2024\/01\/v-label-website-header-produktvorstellungen.jpg\" class=\"attachment-2048x2048 size-2048x2048\" alt=\"Lindt Produktrange\" srcset=\"https:\/\/www.v-label.com\/wp-content\/uploads\/2024\/01\/v-label-website-header-produktvorstellungen.jpg 1920w, https:\/\/www.v-label.com\/wp-content\/uploads\/2024\/01\/v-label-website-header-produktvorstellungen-300x90.jpg 300w, https:\/\/www.v-label.com\/wp-content\/uploads\/2024\/01\/v-label-website-header-produktvorstellungen-1024x307.jpg 1024w, https:\/\/www.v-label.com\/wp-content\/uploads\/2024\/01\/v-label-website-header-produktvorstellungen-500x150.jpg 500w, https:\/\/www.v-label.com\/wp-content\/uploads\/2024\/01\/v-label-website-header-produktvorstellungen-768x230.jpg 768w, https:\/\/www.v-label.com\/wp-content\/uploads\/2024\/01\/v-label-website-header-produktvorstellungen-1536x461.jpg 1536w\" sizes=\"(max-width: 1920px) 100vw, 1920px\" \/>\t\t\t\t\t<\/a>\n\t\t\t\t\t\t\t<\/div>\n\t\t\t\t\t\t<h4 class=\"uagb-post__title uagb-post__text\">\n\t\t\t\t<a href=\"https:\/\/www.v-label.com\/de\/products\/grosse-vegane-auswahl-bei-lindt-hello\/\" target=\"_self\" rel=\"bookmark noopener noreferrer\">Gro\u00dfe vegane Auswahl bei Lindt\u00a0HELLO<\/a>\n\t\t\t<\/h4>\n\t\t\t\t\t\t<div class='uagb-post__text uagb-post-grid-byline'>\n\t\t\t\t\t\t\t<\/div>\n\t\t\t\t\t\t\t<div class='uagb-post__text uagb-post__excerpt'>\n\t\t\t\t\t<p>Bereits seit einigen Jahren verf\u00fcgt Lindt \u00fcber vegane Tafeln der Linie HELLO. Nach und nach&#8230;\t\t\t\t<\/div>\n\t\t\t\t\t\t<div class=\"uagb-post__text uagb-post__cta wp-block-button\">\n\t\t\t\t<a class=\"wp-block-button__link uagb-text-link\" style=\"\" href=\"https:\/\/www.v-label.com\/de\/products\/grosse-vegane-auswahl-bei-lindt-hello\/\" target=\"_self\" rel=\"bookmark noopener noreferrer\">Weiterlesen<\/a>\n\t\t\t<\/div>\n\t\t\t\n\t\t\t\t\t\t\t\t\t<\/article>\n\t\t\t\t\t\t\t\t\t\t\t\t\t\t\t\t<article class=\"uagb-post__inner-wrap\">\t\t\t\t\t\t\t\t<div class='uagb-post__image'>\n\t\t\t\t\t\t\t\t\t<a href=\"https:\/\/www.v-label.com\/de\/products\/vegane-jahresplaner-von-matabooks-blaettern-in-der-sommerwiese\/\" target=\"_self\" rel=\"bookmark noopener noreferrer\" class='uagb-image-ratio-inherit'><img decoding=\"async\" width=\"1920\" height=\"576\" src=\"https:\/\/www.v-label.com\/wp-content\/uploads\/2022\/10\/v-label-website-produktvorstellungen.jpg\" class=\"attachment-2048x2048 size-2048x2048\" alt=\"\" srcset=\"https:\/\/www.v-label.com\/wp-content\/uploads\/2022\/10\/v-label-website-produktvorstellungen.jpg 1920w, https:\/\/www.v-label.com\/wp-content\/uploads\/2022\/10\/v-label-website-produktvorstellungen-300x90.jpg 300w, https:\/\/www.v-label.com\/wp-content\/uploads\/2022\/10\/v-label-website-produktvorstellungen-1024x307.jpg 1024w, https:\/\/www.v-label.com\/wp-content\/uploads\/2022\/10\/v-label-website-produktvorstellungen-500x150.jpg 500w, https:\/\/www.v-label.com\/wp-content\/uploads\/2022\/10\/v-label-website-produktvorstellungen-768x230.jpg 768w, https:\/\/www.v-label.com\/wp-content\/uploads\/2022\/10\/v-label-website-produktvorstellungen-1536x461.jpg 1536w\" sizes=\"(max-width: 1920px) 100vw, 1920px\" \/>\t\t\t\t\t<\/a>\n\t\t\t\t\t\t\t<\/div>\n\t\t\t\t\t\t<h4 class=\"uagb-post__title uagb-post__text\">\n\t\t\t\t<a href=\"https:\/\/www.v-label.com\/de\/products\/vegane-jahresplaner-von-matabooks-blaettern-in-der-sommerwiese\/\" target=\"_self\" rel=\"bookmark noopener noreferrer\">Vegane Jahresplaner von matabooks &#8211; Bl\u00e4ttern in der Sommerwiese<\/a>\n\t\t\t<\/h4>\n\t\t\t\t\t\t<div class='uagb-post__text uagb-post-grid-byline'>\n\t\t\t\t\t\t\t<\/div>\n\t\t\t\t\t\t\t<div class='uagb-post__text uagb-post__excerpt'>\n\t\t\t\t\tDie ersten V-Label zertifizierten Jahresplaner Deutschlands bieten eine tolle M\u00f6glichkeit, pers\u00f6nliche Termine, Pl\u00e4ne und Tr\u00e4ume&#8230;\t\t\t\t<\/div>\n\t\t\t\t\t\t<div class=\"uagb-post__text uagb-post__cta wp-block-button\">\n\t\t\t\t<a class=\"wp-block-button__link uagb-text-link\" style=\"\" href=\"https:\/\/www.v-label.com\/de\/products\/vegane-jahresplaner-von-matabooks-blaettern-in-der-sommerwiese\/\" target=\"_self\" rel=\"bookmark noopener noreferrer\">Weiterlesen<\/a>\n\t\t\t<\/div>\n\t\t\t\n\t\t\t\t\t\t\t\t\t<\/article>\n\t\t\t\t\t\t\t\t\t\t\t\t\t\t\t\t<article class=\"uagb-post__inner-wrap\">\t\t\t\t\t\t\t\t<div class='uagb-post__image'>\n\t\t\t\t\t\t\t\t\t<a href=\"https:\/\/www.v-label.com\/de\/products\/die-neue-creme-vega-von-dr-oetker\/\" target=\"_self\" rel=\"bookmark noopener noreferrer\" class='uagb-image-ratio-inherit'><img decoding=\"async\" width=\"1920\" height=\"576\" src=\"https:\/\/www.v-label.com\/wp-content\/uploads\/2022\/08\/3.jpg\" class=\"attachment-2048x2048 size-2048x2048\" alt=\"\" srcset=\"https:\/\/www.v-label.com\/wp-content\/uploads\/2022\/08\/3.jpg 1920w, https:\/\/www.v-label.com\/wp-content\/uploads\/2022\/08\/3-300x90.jpg 300w, https:\/\/www.v-label.com\/wp-content\/uploads\/2022\/08\/3-1024x307.jpg 1024w, https:\/\/www.v-label.com\/wp-content\/uploads\/2022\/08\/3-500x150.jpg 500w, https:\/\/www.v-label.com\/wp-content\/uploads\/2022\/08\/3-768x230.jpg 768w, https:\/\/www.v-label.com\/wp-content\/uploads\/2022\/08\/3-1536x461.jpg 1536w\" sizes=\"(max-width: 1920px) 100vw, 1920px\" \/>\t\t\t\t\t<\/a>\n\t\t\t\t\t\t\t<\/div>\n\t\t\t\t\t\t<h4 class=\"uagb-post__title uagb-post__text\">\n\t\t\t\t<a href=\"https:\/\/www.v-label.com\/de\/products\/die-neue-creme-vega-von-dr-oetker\/\" target=\"_self\" rel=\"bookmark noopener noreferrer\">Die neue Creme Vega von Dr. Oetker<\/a>\n\t\t\t<\/h4>\n\t\t\t\t\t\t<div class='uagb-post__text uagb-post-grid-byline'>\n\t\t\t\t\t\t\t<\/div>\n\t\t\t\t\t\t\t<div class='uagb-post__text uagb-post__excerpt'>\n\t\t\t\t\tWer seinen Gerichten eine cremige Note verleihen und dabei auf tierische Inhaltsstoffe verzichten m\u00f6chte, findet&#8230;\t\t\t\t<\/div>\n\t\t\t\t\t\t<div class=\"uagb-post__text uagb-post__cta wp-block-button\">\n\t\t\t\t<a class=\"wp-block-button__link uagb-text-link\" style=\"\" href=\"https:\/\/www.v-label.com\/de\/products\/die-neue-creme-vega-von-dr-oetker\/\" target=\"_self\" rel=\"bookmark noopener noreferrer\">Weiterlesen<\/a>\n\t\t\t<\/div>\n\t\t\t\n\t\t\t\t\t\t\t\t\t<\/article>\n\t\t\t\t\t\t\t\t\t\t\t\t\t\t\t\t<article class=\"uagb-post__inner-wrap\">\t\t\t\t\t\t\t\t<div class='uagb-post__image'>\n\t\t\t\t\t\t\t\t\t<a href=\"https:\/\/www.v-label.com\/de\/products\/meistersalate-von-walter-popp\/\" target=\"_self\" rel=\"bookmark noopener noreferrer\" class='uagb-image-ratio-inherit'><img decoding=\"async\" width=\"1920\" height=\"576\" src=\"https:\/\/www.v-label.com\/wp-content\/uploads\/2022\/08\/design-ohne-titel-6.png\" class=\"attachment-2048x2048 size-2048x2048\" alt=\"\" srcset=\"https:\/\/www.v-label.com\/wp-content\/uploads\/2022\/08\/design-ohne-titel-6.png 1920w, https:\/\/www.v-label.com\/wp-content\/uploads\/2022\/08\/design-ohne-titel-6-300x90.png 300w, https:\/\/www.v-label.com\/wp-content\/uploads\/2022\/08\/design-ohne-titel-6-1024x307.png 1024w, https:\/\/www.v-label.com\/wp-content\/uploads\/2022\/08\/design-ohne-titel-6-500x150.png 500w, https:\/\/www.v-label.com\/wp-content\/uploads\/2022\/08\/design-ohne-titel-6-768x230.png 768w, https:\/\/www.v-label.com\/wp-content\/uploads\/2022\/08\/design-ohne-titel-6-1536x461.png 1536w\" sizes=\"(max-width: 1920px) 100vw, 1920px\" \/>\t\t\t\t\t<\/a>\n\t\t\t\t\t\t\t<\/div>\n\t\t\t\t\t\t<h4 class=\"uagb-post__title uagb-post__text\">\n\t\t\t\t<a href=\"https:\/\/www.v-label.com\/de\/products\/meistersalate-von-walter-popp\/\" target=\"_self\" rel=\"bookmark noopener noreferrer\">Meistersalate von Walter Popp<\/a>\n\t\t\t<\/h4>\n\t\t\t\t\t\t<div class='uagb-post__text uagb-post-grid-byline'>\n\t\t\t\t\t\t\t<\/div>\n\t\t\t\t\t\t\t<div class='uagb-post__text uagb-post__excerpt'>\n\t\t\t\t\tPopp pr\u00e4sentiert nun auch drei seiner beliebtesten Feinkostsalate ganz ohne tierische Zutaten, aber mit dem&#8230;\t\t\t\t<\/div>\n\t\t\t\t\t\t<div class=\"uagb-post__text uagb-post__cta wp-block-button\">\n\t\t\t\t<a class=\"wp-block-button__link uagb-text-link\" style=\"\" href=\"https:\/\/www.v-label.com\/de\/products\/meistersalate-von-walter-popp\/\" target=\"_self\" rel=\"bookmark noopener noreferrer\">Weiterlesen<\/a>\n\t\t\t<\/div>\n\t\t\t\n\t\t\t\t\t\t\t\t\t<\/article>\n\t\t\t\t\t\t\t\t\t\t\t\t\t\t\t\t<article class=\"uagb-post__inner-wrap\">\t\t\t\t\t\t\t\t<div class='uagb-post__image'>\n\t\t\t\t\t\t\t\t\t<a href=\"https:\/\/www.v-label.com\/de\/products\/vegane-grillbegleiter-von-meggle\/\" target=\"_self\" rel=\"bookmark noopener noreferrer\" class='uagb-image-ratio-inherit'><img decoding=\"async\" width=\"1920\" height=\"576\" src=\"https:\/\/www.v-label.com\/wp-content\/uploads\/2021\/06\/design-ohne-titel-7.jpg\" class=\"attachment-2048x2048 size-2048x2048\" alt=\"\" srcset=\"https:\/\/www.v-label.com\/wp-content\/uploads\/2021\/06\/design-ohne-titel-7.jpg 1920w, https:\/\/www.v-label.com\/wp-content\/uploads\/2021\/06\/design-ohne-titel-7-300x90.jpg 300w, https:\/\/www.v-label.com\/wp-content\/uploads\/2021\/06\/design-ohne-titel-7-1024x307.jpg 1024w, https:\/\/www.v-label.com\/wp-content\/uploads\/2021\/06\/design-ohne-titel-7-500x150.jpg 500w, https:\/\/www.v-label.com\/wp-content\/uploads\/2021\/06\/design-ohne-titel-7-768x230.jpg 768w, https:\/\/www.v-label.com\/wp-content\/uploads\/2021\/06\/design-ohne-titel-7-1536x461.jpg 1536w\" sizes=\"(max-width: 1920px) 100vw, 1920px\" \/>\t\t\t\t\t<\/a>\n\t\t\t\t\t\t\t<\/div>\n\t\t\t\t\t\t<h4 class=\"uagb-post__title uagb-post__text\">\n\t\t\t\t<a href=\"https:\/\/www.v-label.com\/de\/products\/vegane-grillbegleiter-von-meggle\/\" target=\"_self\" rel=\"bookmark noopener noreferrer\">Vegane Grillbegleiter von MEGGLE<\/a>\n\t\t\t<\/h4>\n\t\t\t\t\t\t<div class='uagb-post__text uagb-post-grid-byline'>\n\t\t\t\t\t\t\t<\/div>\n\t\t\t\t\t\t\t<div class='uagb-post__text uagb-post__excerpt'>\n\t\t\t\t\t<p>MEGGLE bereichert den Grilltisch seit April um 4 schmackhafte, vegane Grillbegleiter. Die neue MEGGLE Aioli&#8230;\t\t\t\t<\/div>\n\t\t\t\t\t\t<div class=\"uagb-post__text uagb-post__cta wp-block-button\">\n\t\t\t\t<a class=\"wp-block-button__link uagb-text-link\" style=\"\" href=\"https:\/\/www.v-label.com\/de\/products\/vegane-grillbegleiter-von-meggle\/\" target=\"_self\" rel=\"bookmark noopener noreferrer\">Weiterlesen<\/a>\n\t\t\t<\/div>\n\t\t\t\n\t\t\t\t\t\t\t\t\t<\/article>\n\t\t\t\t\t\t\t\t\t\t\t\t\t\t\t\t<article class=\"uagb-post__inner-wrap\">\t\t\t\t\t\t\t\t<div class='uagb-post__image'>\n\t\t\t\t\t\t\t\t\t<a href=\"https:\/\/www.v-label.com\/de\/products\/die-neuen-produkte-der-ruegenwalder-muehle\/\" target=\"_self\" rel=\"bookmark noopener noreferrer\" class='uagb-image-ratio-inherit'><img decoding=\"async\" width=\"1920\" height=\"576\" src=\"https:\/\/www.v-label.com\/wp-content\/uploads\/2020\/05\/rugenwalder-new-products-blue.jpg\" class=\"attachment-2048x2048 size-2048x2048\" alt=\"\" srcset=\"https:\/\/www.v-label.com\/wp-content\/uploads\/2020\/05\/rugenwalder-new-products-blue.jpg 1920w, https:\/\/www.v-label.com\/wp-content\/uploads\/2020\/05\/rugenwalder-new-products-blue-300x90.jpg 300w, https:\/\/www.v-label.com\/wp-content\/uploads\/2020\/05\/rugenwalder-new-products-blue-1024x307.jpg 1024w, https:\/\/www.v-label.com\/wp-content\/uploads\/2020\/05\/rugenwalder-new-products-blue-500x150.jpg 500w, https:\/\/www.v-label.com\/wp-content\/uploads\/2020\/05\/rugenwalder-new-products-blue-768x230.jpg 768w, https:\/\/www.v-label.com\/wp-content\/uploads\/2020\/05\/rugenwalder-new-products-blue-1536x461.jpg 1536w\" sizes=\"(max-width: 1920px) 100vw, 1920px\" \/>\t\t\t\t\t<\/a>\n\t\t\t\t\t\t\t<\/div>\n\t\t\t\t\t\t<h4 class=\"uagb-post__title uagb-post__text\">\n\t\t\t\t<a href=\"https:\/\/www.v-label.com\/de\/products\/die-neuen-produkte-der-ruegenwalder-muehle\/\" target=\"_self\" rel=\"bookmark noopener noreferrer\">Die neuen Produkte der R\u00fcgenwalder M\u00fchle<\/a>\n\t\t\t<\/h4>\n\t\t\t\t\t\t<div class='uagb-post__text uagb-post-grid-byline'>\n\t\t\t\t\t\t\t<\/div>\n\t\t\t\t\t\t\t<div class='uagb-post__text uagb-post__excerpt'>\n\t\t\t\t\t<p>Die R\u00fcgenwalder M\u00fchle hat sich inzwischen einen Namen mit vegetarischen und veganen Alternativen gemacht. Das&#8230;\t\t\t\t<\/div>\n\t\t\t\t\t\t<div class=\"uagb-post__text uagb-post__cta wp-block-button\">\n\t\t\t\t<a class=\"wp-block-button__link uagb-text-link\" style=\"\" href=\"https:\/\/www.v-label.com\/de\/products\/die-neuen-produkte-der-ruegenwalder-muehle\/\" target=\"_self\" rel=\"bookmark noopener noreferrer\">Weiterlesen<\/a>\n\t\t\t<\/div>\n\t\t\t\n\t\t\t\t\t\t\t\t\t<\/article>\n\t\t\t\t\t\t\t\t\t\t\t\t\t<div class=\"uagb-post-pagination-wrap\">\n\t\t\t\t\t\t<span aria-current=\"page\" class=\"page-numbers current\">1<\/span>\n<a class=\"page-numbers\" href=\"https:\/\/www.v-label.com\/de\/wp-json\/wp\/v2\/pages\/8518\/page\/2\/\">2<\/a>\n<a class=\"page-numbers\" href=\"https:\/\/www.v-label.com\/de\/wp-json\/wp\/v2\/pages\/8518\/page\/3\/\">3<\/a>\n<a class=\"next page-numbers\" href=\"https:\/\/www.v-label.com\/de\/wp-json\/wp\/v2\/pages\/8518\/page\/2\/\">N\u00e4chste \u00bb<\/a>\t\t\t\t\t<\/div>\n\t\t\t\t\t\t\t\t<\/div>\n\t\t\t","protected":false},"excerpt":{"rendered":"<p>Das V-Label wird derzeit weltweit auf mehr als 70.000 Produkten gef\u00fchrt. Hier finden Sie eine Auswahl an lizenzierten Produkten. Lassen Sie sich f\u00fcr Ihren n\u00e4chsten Einkauf inspirieren!<\/p>\n","protected":false},"author":5,"featured_media":17199,"parent":64431,"menu_order":0,"comment_status":"closed","ping_status":"closed","template":"","meta":{"_acf_changed":false,"_editorskit_title_hidden":false,"_editorskit_reading_time":0,"_editorskit_is_block_options_detached":false,"_editorskit_block_options_position":"{}","inline_featured_image":false,"_uag_custom_page_level_css":"","footnotes":""},"categories":[],"tags":[],"class_list":["post-8518","page","type-page","status-publish","has-post-thumbnail","hentry"],"acf":[],"uagb_featured_image_src":{"full":["https:\/\/www.v-label.com\/wp-content\/uploads\/2022\/12\/v-label-cert-products.jpg",2000,1339,false],"thumbnail":["https:\/\/www.v-label.com\/wp-content\/uploads\/2022\/12\/v-label-cert-products-500x335.jpg",500,335,true],"medium":["https:\/\/www.v-label.com\/wp-content\/uploads\/2022\/12\/v-label-cert-products-300x201.jpg",300,201,true],"medium_large":["https:\/\/www.v-label.com\/wp-content\/uploads\/2022\/12\/v-label-cert-products-768x514.jpg",768,514,true],"large":["https:\/\/www.v-label.com\/wp-content\/uploads\/2022\/12\/v-label-cert-products-1024x686.jpg",1024,686,true],"1536x1536":["https:\/\/www.v-label.com\/wp-content\/uploads\/2022\/12\/v-label-cert-products-1536x1028.jpg",1536,1028,true],"2048x2048":["https:\/\/www.v-label.com\/wp-content\/uploads\/2022\/12\/v-label-cert-products.jpg",2000,1339,false],"preview":["https:\/\/www.v-label.com\/wp-content\/uploads\/2022\/12\/v-label-cert-products-904x720.jpg",904,720,true],"header":["https:\/\/www.v-label.com\/wp-content\/uploads\/2022\/12\/v-label-cert-products-2000x720.jpg",2000,720,true],"gform-image-choice-sm":["https:\/\/www.v-label.com\/wp-content\/uploads\/2022\/12\/v-label-cert-products.jpg",300,201,false],"gform-image-choice-md":["https:\/\/www.v-label.com\/wp-content\/uploads\/2022\/12\/v-label-cert-products.jpg",400,268,false],"gform-image-choice-lg":["https:\/\/www.v-label.com\/wp-content\/uploads\/2022\/12\/v-label-cert-products.jpg",600,402,false]},"uagb_author_info":{"display_name":"Can Aslan","author_link":"https:\/\/www.v-label.com\/de"},"uagb_comment_info":0,"uagb_excerpt":"Das V-Label wird derzeit weltweit auf mehr als 70.000 Produkten gef\u00fchrt. Hier finden Sie eine Auswahl an lizenzierten Produkten. Lassen Sie sich f\u00fcr Ihren n\u00e4chsten Einkauf inspirieren!","_links":{"self":[{"href":"https:\/\/www.v-label.com\/de\/wp-json\/wp\/v2\/pages\/8518","targetHints":{"allow":["GET"]}}],"collection":[{"href":"https:\/\/www.v-label.com\/de\/wp-json\/wp\/v2\/pages"}],"about":[{"href":"https:\/\/www.v-label.com\/de\/wp-json\/wp\/v2\/types\/page"}],"author":[{"embeddable":true,"href":"https:\/\/www.v-label.com\/de\/wp-json\/wp\/v2\/users\/5"}],"replies":[{"embeddable":true,"href":"https:\/\/www.v-label.com\/de\/wp-json\/wp\/v2\/comments?post=8518"}],"version-history":[{"count":34,"href":"https:\/\/www.v-label.com\/de\/wp-json\/wp\/v2\/pages\/8518\/revisions"}],"predecessor-version":[{"id":83879,"href":"https:\/\/www.v-label.com\/de\/wp-json\/wp\/v2\/pages\/8518\/revisions\/83879"}],"up":[{"embeddable":true,"href":"https:\/\/www.v-label.com\/de\/wp-json\/wp\/v2\/pages\/64431"}],"wp:featuredmedia":[{"embeddable":true,"href":"https:\/\/www.v-label.com\/de\/wp-json\/wp\/v2\/media\/17199"}],"wp:attachment":[{"href":"https:\/\/www.v-label.com\/de\/wp-json\/wp\/v2\/media?parent=8518"}],"wp:term":[{"taxonomy":"category","embeddable":true,"href":"https:\/\/www.v-label.com\/de\/wp-json\/wp\/v2\/categories?post=8518"},{"taxonomy":"post_tag","embeddable":true,"href":"https:\/\/www.v-label.com\/de\/wp-json\/wp\/v2\/tags?post=8518"}],"curies":[{"name":"wp","href":"https:\/\/api.w.org\/{rel}","templated":true}]}}