{"id":10980,"date":"2022-09-09T11:07:38","date_gmt":"2022-09-09T09:07:38","guid":{"rendered":"https:\/\/www.v-label.com\/general-information\/certified-products\/meat-alternatives\/"},"modified":"2026-01-09T11:20:08","modified_gmt":"2026-01-09T10:20:08","slug":"alternativas-de-la-carne","status":"publish","type":"page","link":"https:\/\/www.v-label.com\/es\/informacion-general-para-consumidores\/productos-certificados\/alternativas-de-la-carne\/","title":{"rendered":"Alternativas de la Carne"},"content":{"rendered":"\n<p>Grandes avances en los ingredientes, reconocimiento popular e infinitas posibilidades de crecimiento. Tres razones por las que las alternativas a la carne no solo est\u00e1n creciendo exponencialmente, sino que tambi\u00e9n acercan mucho m\u00e1s el futuro de c\u00f3mo consumiremos los alimentos. \u00a1Navegue y satisface tu paladar!<\/p>\n\n\n\n<div class=\"wp-block-columns are-vertically-aligned-center is-layout-flex wp-container-core-columns-is-layout-9d6595d7 wp-block-columns-is-layout-flex\">\n<div class=\"wp-block-column is-vertically-aligned-center is-layout-flow wp-block-column-is-layout-flow\">\n<figure class=\"wp-block-image size-medium\"><a href=\"https:\/\/heurafoods.com\/\" target=\"_blank\" rel=\"noreferrer noopener\"><img decoding=\"async\" width=\"300\" height=\"69\" src=\"https:\/\/www.v-label.com\/wp-content\/uploads\/2026\/01\/heura-300x69.png\" alt=\"\" class=\"wp-image-111248\" srcset=\"https:\/\/www.v-label.com\/wp-content\/uploads\/2026\/01\/heura-300x69.png 300w, https:\/\/www.v-label.com\/wp-content\/uploads\/2026\/01\/heura.png 467w\" sizes=\"(max-width: 300px) 100vw, 300px\" \/><\/a><\/figure>\n<\/div>\n\n\n\n<div class=\"wp-block-column is-vertically-aligned-center is-layout-flow wp-block-column-is-layout-flow\">\n<figure class=\"wp-block-image size-medium\"><a href=\"https:\/\/www.sorianatural.com\/\" target=\"_blank\" rel=\"noreferrer noopener\"><img decoding=\"async\" width=\"300\" height=\"83\" src=\"https:\/\/www.v-label.com\/wp-content\/uploads\/2026\/01\/logo-sn-sp-300x83.png\" alt=\"\" class=\"wp-image-111245\" srcset=\"https:\/\/www.v-label.com\/wp-content\/uploads\/2026\/01\/logo-sn-sp-300x83.png 300w, https:\/\/www.v-label.com\/wp-content\/uploads\/2026\/01\/logo-sn-sp-500x139.png 500w, https:\/\/www.v-label.com\/wp-content\/uploads\/2026\/01\/logo-sn-sp-768x213.png 768w, https:\/\/www.v-label.com\/wp-content\/uploads\/2026\/01\/logo-sn-sp.png 981w\" sizes=\"(max-width: 300px) 100vw, 300px\" \/><\/a><\/figure>\n<\/div>\n\n\n\n<div class=\"wp-block-column is-vertically-aligned-center is-layout-flow wp-block-column-is-layout-flow\">\n<figure class=\"wp-block-image size-medium\"><a href=\"https:\/\/calabizo.com\/\" target=\"_blank\" rel=\"noreferrer noopener\"><img decoding=\"async\" width=\"300\" height=\"300\" src=\"https:\/\/www.v-label.com\/wp-content\/uploads\/2022\/12\/calabizo-300x300.jpg\" alt=\"\" class=\"wp-image-37633\" srcset=\"https:\/\/www.v-label.com\/wp-content\/uploads\/2022\/12\/calabizo-300x300.jpg 300w, https:\/\/www.v-label.com\/wp-content\/uploads\/2022\/12\/calabizo-500x500.jpg 500w, https:\/\/www.v-label.com\/wp-content\/uploads\/2022\/12\/calabizo.jpg 600w\" sizes=\"(max-width: 300px) 100vw, 300px\" \/><\/a><\/figure>\n<\/div>\n<\/div>\n","protected":false},"excerpt":{"rendered":"<p>Grandes avances en los ingredientes, reconocimiento popular e infinitas posibilidades de crecimiento. Tres razones por las que las alternativas a la carne no solo est\u00e1n creciendo exponencialmente, sino que tambi\u00e9n acercan mucho m\u00e1s el futuro de c\u00f3mo consumiremos los alimentos. \u00a1Navegue y satisface tu paladar!<\/p>\n","protected":false},"author":5,"featured_media":17408,"parent":8527,"menu_order":0,"comment_status":"closed","ping_status":"closed","template":"","meta":{"_acf_changed":false,"_editorskit_title_hidden":false,"_editorskit_reading_time":0,"_editorskit_is_block_options_detached":false,"_editorskit_block_options_position":"{}","inline_featured_image":false,"_uag_custom_page_level_css":"","footnotes":""},"categories":[],"tags":[],"class_list":["post-10980","page","type-page","status-publish","has-post-thumbnail","hentry"],"acf":[],"uagb_featured_image_src":{"full":["https:\/\/www.v-label.com\/wp-content\/uploads\/2022\/12\/meat-alternatives-1280.jpg",1280,852,false],"thumbnail":["https:\/\/www.v-label.com\/wp-content\/uploads\/2022\/12\/meat-alternatives-1280-500x333.jpg",500,333,true],"medium":["https:\/\/www.v-label.com\/wp-content\/uploads\/2022\/12\/meat-alternatives-1280-300x200.jpg",300,200,true],"medium_large":["https:\/\/www.v-label.com\/wp-content\/uploads\/2022\/12\/meat-alternatives-1280-768x511.jpg",768,511,true],"large":["https:\/\/www.v-label.com\/wp-content\/uploads\/2022\/12\/meat-alternatives-1280-1024x682.jpg",1024,682,true],"1536x1536":["https:\/\/www.v-label.com\/wp-content\/uploads\/2022\/12\/meat-alternatives-1280.jpg",1280,852,false],"2048x2048":["https:\/\/www.v-label.com\/wp-content\/uploads\/2022\/12\/meat-alternatives-1280.jpg",1280,852,false],"preview":["https:\/\/www.v-label.com\/wp-content\/uploads\/2022\/12\/meat-alternatives-1280-904x720.jpg",904,720,true],"header":["https:\/\/www.v-label.com\/wp-content\/uploads\/2022\/12\/meat-alternatives-1280-1280x720.jpg",1280,720,true],"gform-image-choice-sm":["https:\/\/www.v-label.com\/wp-content\/uploads\/2022\/12\/meat-alternatives-1280.jpg",300,200,false],"gform-image-choice-md":["https:\/\/www.v-label.com\/wp-content\/uploads\/2022\/12\/meat-alternatives-1280.jpg",400,266,false],"gform-image-choice-lg":["https:\/\/www.v-label.com\/wp-content\/uploads\/2022\/12\/meat-alternatives-1280.jpg",600,399,false]},"uagb_author_info":{"display_name":"Can Aslan","author_link":"https:\/\/www.v-label.com\/es"},"uagb_comment_info":0,"uagb_excerpt":"Grandes avances en los ingredientes, reconocimiento popular e infinitas posibilidades de crecimiento. Tres razones por las que las alternativas a la carne no solo est\u00e1n creciendo exponencialmente, sino que tambi\u00e9n acercan mucho m\u00e1s el futuro de c\u00f3mo consumiremos los alimentos. \u00a1Navegue y satisface tu paladar!","_links":{"self":[{"href":"https:\/\/www.v-label.com\/es\/wp-json\/wp\/v2\/pages\/10980","targetHints":{"allow":["GET"]}}],"collection":[{"href":"https:\/\/www.v-label.com\/es\/wp-json\/wp\/v2\/pages"}],"about":[{"href":"https:\/\/www.v-label.com\/es\/wp-json\/wp\/v2\/types\/page"}],"author":[{"embeddable":true,"href":"https:\/\/www.v-label.com\/es\/wp-json\/wp\/v2\/users\/5"}],"replies":[{"embeddable":true,"href":"https:\/\/www.v-label.com\/es\/wp-json\/wp\/v2\/comments?post=10980"}],"version-history":[{"count":6,"href":"https:\/\/www.v-label.com\/es\/wp-json\/wp\/v2\/pages\/10980\/revisions"}],"predecessor-version":[{"id":111250,"href":"https:\/\/www.v-label.com\/es\/wp-json\/wp\/v2\/pages\/10980\/revisions\/111250"}],"up":[{"embeddable":true,"href":"https:\/\/www.v-label.com\/es\/wp-json\/wp\/v2\/pages\/8527"}],"wp:featuredmedia":[{"embeddable":true,"href":"https:\/\/www.v-label.com\/es\/wp-json\/wp\/v2\/media\/17408"}],"wp:attachment":[{"href":"https:\/\/www.v-label.com\/es\/wp-json\/wp\/v2\/media?parent=10980"}],"wp:term":[{"taxonomy":"category","embeddable":true,"href":"https:\/\/www.v-label.com\/es\/wp-json\/wp\/v2\/categories?post=10980"},{"taxonomy":"post_tag","embeddable":true,"href":"https:\/\/www.v-label.com\/es\/wp-json\/wp\/v2\/tags?post=10980"}],"curies":[{"name":"wp","href":"https:\/\/api.w.org\/{rel}","templated":true}]}}