{"id":11161,"date":"2022-09-13T11:07:37","date_gmt":"2022-09-13T09:07:37","guid":{"rendered":"https:\/\/www.v-label.com\/general-information\/certified-products\/cosmetics\/"},"modified":"2023-01-14T21:01:52","modified_gmt":"2023-01-14T20:01:52","slug":"productos-cosmeticos","status":"publish","type":"page","link":"https:\/\/www.v-label.com\/es\/informacion-general-para-consumidores\/productos-certificados\/productos-cosmeticos\/","title":{"rendered":"Productos Cosm\u00e9ticos"},"content":{"rendered":"\n<p>Haga su rutina de belleza con nuestra selecci\u00f3n de productos veganos para el cuidado del cabello y la piel. Desde cremas hidratantes hasta m\u00e1scara de pesta\u00f1as, elija marcas que utilicen ingredientes puramente minerales o vegetales.<\/p>\n\n\n\n<div class=\"wp-block-columns are-vertically-aligned-center is-layout-flex wp-container-core-columns-is-layout-9d6595d7 wp-block-columns-is-layout-flex\">\n<div class=\"wp-block-column is-vertically-aligned-center is-layout-flow wp-block-column-is-layout-flow\">\n<figure class=\"wp-block-image aligncenter size-medium\"><a href=\"https:\/\/deliseaparfum.com\/\" target=\"_blank\" rel=\"noreferrer noopener\"><img decoding=\"async\" width=\"300\" height=\"68\" src=\"https:\/\/www.v-label.com\/wp-content\/uploads\/2022\/12\/delisea-300x68.png\" alt=\"\" class=\"wp-image-38070\" srcset=\"https:\/\/www.v-label.com\/wp-content\/uploads\/2022\/12\/delisea-300x68.png 300w, https:\/\/www.v-label.com\/wp-content\/uploads\/2022\/12\/delisea-500x113.png 500w, https:\/\/www.v-label.com\/wp-content\/uploads\/2022\/12\/delisea.png 600w\" sizes=\"(max-width: 300px) 100vw, 300px\" \/><\/a><\/figure>\n<\/div>\n\n\n\n<div class=\"wp-block-column is-vertically-aligned-center is-layout-flow wp-block-column-is-layout-flow\">\n<figure class=\"wp-block-image aligncenter size-medium\"><a href=\"https:\/\/www.byphasse.com\/\" target=\"_blank\" rel=\"noreferrer noopener\"><img decoding=\"async\" width=\"300\" height=\"88\" src=\"https:\/\/www.v-label.com\/wp-content\/uploads\/2022\/12\/byphasse-300x88.png\" alt=\"\" class=\"wp-image-38040\" srcset=\"https:\/\/www.v-label.com\/wp-content\/uploads\/2022\/12\/byphasse-300x88.png 300w, https:\/\/www.v-label.com\/wp-content\/uploads\/2022\/12\/byphasse-500x146.png 500w, https:\/\/www.v-label.com\/wp-content\/uploads\/2022\/12\/byphasse.png 600w\" sizes=\"(max-width: 300px) 100vw, 300px\" \/><\/a><\/figure>\n<\/div>\n<\/div>\n","protected":false},"excerpt":{"rendered":"<p>Haga su rutina de belleza con nuestra selecci\u00f3n de productos veganos para el cuidado del cabello y la piel. Desde cremas hidratantes hasta m\u00e1scara de pesta\u00f1as, elija marcas que utilicen ingredientes puramente minerales o vegetales.<\/p>\n","protected":false},"author":5,"featured_media":17981,"parent":8527,"menu_order":0,"comment_status":"closed","ping_status":"closed","template":"","meta":{"_acf_changed":false,"_editorskit_title_hidden":false,"_editorskit_reading_time":0,"_editorskit_is_block_options_detached":false,"_editorskit_block_options_position":"{}","inline_featured_image":false,"_uag_custom_page_level_css":"","footnotes":""},"categories":[],"tags":[],"class_list":["post-11161","page","type-page","status-publish","has-post-thumbnail","hentry"],"acf":[],"uagb_featured_image_src":{"full":["https:\/\/www.v-label.com\/wp-content\/uploads\/2022\/12\/cosmetics-1280-1.jpg",1280,868,false],"thumbnail":["https:\/\/www.v-label.com\/wp-content\/uploads\/2022\/12\/cosmetics-1280-1-500x339.jpg",500,339,true],"medium":["https:\/\/www.v-label.com\/wp-content\/uploads\/2022\/12\/cosmetics-1280-1-300x203.jpg",300,203,true],"medium_large":["https:\/\/www.v-label.com\/wp-content\/uploads\/2022\/12\/cosmetics-1280-1-768x521.jpg",768,521,true],"large":["https:\/\/www.v-label.com\/wp-content\/uploads\/2022\/12\/cosmetics-1280-1-1024x694.jpg",1024,694,true],"1536x1536":["https:\/\/www.v-label.com\/wp-content\/uploads\/2022\/12\/cosmetics-1280-1.jpg",1280,868,false],"2048x2048":["https:\/\/www.v-label.com\/wp-content\/uploads\/2022\/12\/cosmetics-1280-1.jpg",1280,868,false],"preview":["https:\/\/www.v-label.com\/wp-content\/uploads\/2022\/12\/cosmetics-1280-1-904x720.jpg",904,720,true],"header":["https:\/\/www.v-label.com\/wp-content\/uploads\/2022\/12\/cosmetics-1280-1-1280x720.jpg",1280,720,true],"gform-image-choice-sm":["https:\/\/www.v-label.com\/wp-content\/uploads\/2022\/12\/cosmetics-1280-1.jpg",300,203,false],"gform-image-choice-md":["https:\/\/www.v-label.com\/wp-content\/uploads\/2022\/12\/cosmetics-1280-1.jpg",400,271,false],"gform-image-choice-lg":["https:\/\/www.v-label.com\/wp-content\/uploads\/2022\/12\/cosmetics-1280-1.jpg",600,407,false]},"uagb_author_info":{"display_name":"Can Aslan","author_link":"https:\/\/www.v-label.com\/es"},"uagb_comment_info":0,"uagb_excerpt":"Haga su rutina de belleza con nuestra selecci\u00f3n de productos veganos para el cuidado del cabello y la piel. Desde cremas hidratantes hasta m\u00e1scara de pesta\u00f1as, elija marcas que utilicen ingredientes puramente minerales o vegetales.","_links":{"self":[{"href":"https:\/\/www.v-label.com\/es\/wp-json\/wp\/v2\/pages\/11161","targetHints":{"allow":["GET"]}}],"collection":[{"href":"https:\/\/www.v-label.com\/es\/wp-json\/wp\/v2\/pages"}],"about":[{"href":"https:\/\/www.v-label.com\/es\/wp-json\/wp\/v2\/types\/page"}],"author":[{"embeddable":true,"href":"https:\/\/www.v-label.com\/es\/wp-json\/wp\/v2\/users\/5"}],"replies":[{"embeddable":true,"href":"https:\/\/www.v-label.com\/es\/wp-json\/wp\/v2\/comments?post=11161"}],"version-history":[{"count":3,"href":"https:\/\/www.v-label.com\/es\/wp-json\/wp\/v2\/pages\/11161\/revisions"}],"predecessor-version":[{"id":42369,"href":"https:\/\/www.v-label.com\/es\/wp-json\/wp\/v2\/pages\/11161\/revisions\/42369"}],"up":[{"embeddable":true,"href":"https:\/\/www.v-label.com\/es\/wp-json\/wp\/v2\/pages\/8527"}],"wp:featuredmedia":[{"embeddable":true,"href":"https:\/\/www.v-label.com\/es\/wp-json\/wp\/v2\/media\/17981"}],"wp:attachment":[{"href":"https:\/\/www.v-label.com\/es\/wp-json\/wp\/v2\/media?parent=11161"}],"wp:term":[{"taxonomy":"category","embeddable":true,"href":"https:\/\/www.v-label.com\/es\/wp-json\/wp\/v2\/categories?post=11161"},{"taxonomy":"post_tag","embeddable":true,"href":"https:\/\/www.v-label.com\/es\/wp-json\/wp\/v2\/tags?post=11161"}],"curies":[{"name":"wp","href":"https:\/\/api.w.org\/{rel}","templated":true}]}}